{"id":2925,"date":"2013-11-02T14:11:16","date_gmt":"2013-11-02T12:11:16","guid":{"rendered":"https:\/\/www.keturist.sk\/info\/?page_id=2925"},"modified":"2026-02-02T18:51:02","modified_gmt":"2026-02-02T17:51:02","slug":"kastiel-v-krompachoch","status":"publish","type":"page","link":"https:\/\/www.keturist.sk\/info\/kastiel-v-krompachoch\/","title":{"rendered":"Ka\u0161tie\u013e v Krompachoch &#8211; Gundelfingerovsko-Pillerovsk\u00fd ka\u0161tie\u013e"},"content":{"rendered":"<a href=\"https:\/\/www.keturist.sk\/info\/\" class=\"su-button su-button-style-default\" style=\"color:#000000;background-color:#FFCF2F;border-color:#cca626;border-radius:5px\" target=\"_self\"><span style=\"color:#000000;padding:6px 16px;font-size:13px;line-height:20px;border-color:#ffde6e;border-radius:5px;text-shadow:none\"><i class=\"sui sui-arrow-right\" style=\"font-size:13px;color:#000000\"><\/i>  Spravodaj <\/span><\/a>\n<a href=\"https:\/\/www.keturist.sk\/info\/tipy-na-vylety\/\" class=\"su-button su-button-style-default\" style=\"color:#000000;background-color:#FFCF2F;border-color:#cca626;border-radius:5px\" target=\"_self\"><span style=\"color:#000000;padding:6px 16px;font-size:13px;line-height:20px;border-color:#ffde6e;border-radius:5px;text-shadow:none\"><i class=\"sui sui-arrow-right\" style=\"font-size:13px;color:#000000\"><\/i>  TIPY NA V\u00ddLETY <\/span><\/a>\n<a href=\"https:\/\/www.keturist.sk\/info\/kam-za-pamiatkami\/\" class=\"su-button su-button-style-default\" style=\"color:#000000;background-color:#FFCF2F;border-color:#cca626;border-radius:5px\" target=\"_self\"><span style=\"color:#000000;padding:6px 16px;font-size:13px;line-height:20px;border-color:#ffde6e;border-radius:5px;text-shadow:none\"><i class=\"sui sui-arrow-right\" style=\"font-size:13px;color:#000000\"><\/i>  Kam za pamiatkami <\/span><\/a>\n<a href=\"https:\/\/www.keturist.sk\/info\/kam-za-pamiatkami\/kam-za-pamiatkami-smer-volovske-vrchy\/\" class=\"su-button su-button-style-default\" style=\"color:#000000;background-color:#FFCF2F;border-color:#cca626;border-radius:5px\" target=\"_self\"><span style=\"color:#000000;padding:6px 16px;font-size:13px;line-height:20px;border-color:#ffde6e;border-radius:5px;text-shadow:none\"><i class=\"sui sui-arrow-right\" style=\"font-size:13px;color:#000000\"><\/i>  smer Volovsk\u00e9 vrchy <\/span><\/a>\n<div class=\"su-divider su-divider-style-default\" style=\"margin:15px 0;border-width:0px;border-color:#000000\"><\/div>\n<p><strong>Podkateg\u00f3ria: <\/strong> <a href=\"https:\/\/www.keturist.sk\/info\/kam-za-pamiatkami\/kam-za-pamiatkami-smer-volovske-vrchy\/hrady-a-kastiele\/\" class=\"su-button su-button-style-default\" style=\"color:#000000;background-color:#afd144;border-color:#8ca837;border-radius:5px\" target=\"_self\"><span style=\"color:#000000;padding:6px 16px;font-size:13px;line-height:20px;border-color:#c7df7d;border-radius:5px;text-shadow:none\"><i class=\"sui sui-arrow-right\" style=\"font-size:13px;color:#000000\"><\/i>  Hrady a ka\u0161tiele <\/span><\/a>\n<p><strong>Lokaliz\u00e1cia: <\/strong><a href=\"https:\/\/www.keturist.sk\/info\/okolite-hory\/volovske-vrchy\/\">Volovsk\u00e9 vrchy<\/a><\/p>\n<div class=\"su-divider su-divider-style-default\" style=\"margin:15px 0;border-width:2px;border-color:#000000\"><\/div>\n<figure id=\"attachment_72447\" aria-describedby=\"caption-attachment-72447\" style=\"width: 900px\" class=\"wp-caption aligncenter\"><a href=\"https:\/\/www.keturist.sk\/info\/wp-content\/uploads\/2025\/12\/kastiel-krompachy-jesen.png\"><img loading=\"lazy\" decoding=\"async\" class=\"wp-image-72447\" src=\"https:\/\/www.keturist.sk\/info\/wp-content\/uploads\/2025\/12\/kastiel-krompachy-jesen-800x457.png\" alt=\"Ka\u0161tie\u013e v Krompachoch \u2013 Gundelfingerovsko-Pillerovsk\u00fd ka\u0161tie\u013e\" width=\"900\" height=\"514\" srcset=\"https:\/\/www.keturist.sk\/info\/wp-content\/uploads\/2025\/12\/kastiel-krompachy-jesen-800x457.png 800w, https:\/\/www.keturist.sk\/info\/wp-content\/uploads\/2025\/12\/kastiel-krompachy-jesen-270x154.png 270w, https:\/\/www.keturist.sk\/info\/wp-content\/uploads\/2025\/12\/kastiel-krompachy-jesen-768x439.png 768w, https:\/\/www.keturist.sk\/info\/wp-content\/uploads\/2025\/12\/kastiel-krompachy-jesen.png 1344w\" sizes=\"auto, (max-width: 900px) 100vw, 900px\" \/><\/a><figcaption id=\"caption-attachment-72447\" class=\"wp-caption-text\">Ka\u0161tie\u013e v Krompachoch \u2013 Gundelfingerovsko-Pillerovsk\u00fd ka\u0161tie\u013e<\/figcaption><\/figure>\n<div class=\"su-divider su-divider-style-default\" style=\"margin:15px 0;border-width:2px;border-color:#000000\"><\/div>\n<h2 data-start=\"157\" data-end=\"220\"><span style=\"color: #800000;\">Pr\u00edbeh Ka\u0161tie\u013ea v Krompachoch \u2013 ticho a spomienky storo\u010d\u00ed<\/span><\/h2>\n<p data-start=\"222\" data-end=\"514\">V meste Krompachy, pod vrchmi Volovsk\u00fdch h\u00f4r, stoj\u00ed <strong data-start=\"274\" data-end=\"308\">barokovo-klasicistick\u00fd ka\u0161tie\u013e<\/strong>, ktor\u00fd kedysi patril rodine Gundelfingerovcov. Ich hist\u00f3ria tu pretrv\u00e1vala cel\u00e9 st\u00e1ro\u010dia \u2013 spravovali bane, h\u00e1mre a huty a starali sa o \u017eivot komunity, ktor\u00e1 sa to\u010dila okolo s\u00eddla a jeho p\u00e1nskej z\u00e1hrady.<\/p>\n<p data-start=\"516\" data-end=\"920\">Ka\u0161tie\u013e, postaven\u00fd na mieste jednej zo star\u0161\u00edch k\u00fari\u00ed v roku 1727 a upraven\u00fd koncom 18. storo\u010dia, <strong data-start=\"614\" data-end=\"639\">nesie stopy minulosti<\/strong> vo svojich troch vystupuj\u00facich rizalitoch, emp\u00edrovom port\u00e1li a kaplnke sv. J\u00e1na Nepom\u00fackeho vo vstavanom m\u00fare. Ka\u017ed\u00fd kame\u0148 a ka\u017ed\u00e1 dla\u017eba pripom\u00edna \u010das, ke\u010f sa tu \u0161\u013eachta stret\u00e1vala, diskutovala a prech\u00e1dzala sa z\u00e1hradou, kde sa ticho a pokoj mie\u0161ali s ruchom dn\u00ed a sv\u00e4t\u00fdch osl\u00e1v.<\/p>\n<p data-start=\"922\" data-end=\"1247\">Po smrti poslednej s\u00fakromnej majite\u013eky, J\u00falie Gundelfingerovej-Pillerovej, pre\u0161iel ka\u0161tie\u013e v roku 1919 do r\u00fak mesta, no <strong data-start=\"1042\" data-end=\"1081\">duch minulosti a pokoj parku zostal<\/strong>. Sta\u010d\u00ed sa tu zastavi\u0165, nad\u00fdchnu\u0165 sa vzduchu a necha\u0165 sa unies\u0165 <strong data-start=\"1145\" data-end=\"1172\">\u0161epotom d\u00e1vnych storo\u010d\u00ed<\/strong>, ktor\u00e9 st\u00e1le pretrv\u00e1vaj\u00fa medzi m\u00farmi a star\u00fdmi stromami p\u00e1nskej z\u00e1hrady.<\/p>\n<h2 dir=\"auto\"><span style=\"color: #800000;\">Kde sa nach\u00e1dza Ka\u0161tie\u013e v Krompachoch a ak\u00fa m\u00e1 hist\u00f3riu?<\/span><\/h2>\n<p dir=\"auto\"><strong>Ka\u0161tie\u013e v Krompachoch<\/strong> sa nach\u00e1dza na ulici Zemansk\u00e1 \u010d. 1 v meste Krompachy, v regi\u00f3ne <strong>Volovsk\u00e9 vrchy<\/strong>. Tento pr\u00edzemn\u00fd <strong>barokovo-klasicistick\u00fd ka\u0161tie\u013e<\/strong> bol postaven\u00fd v polovici 18. storo\u010dia.<\/p>\n<h2 dir=\"auto\"><span style=\"color: #800000;\">Kto boli dlhoro\u010dn\u00ed majitelia Ka\u0161tie\u013ea v Krompachoch?<\/span><\/h2>\n<p dir=\"auto\"><strong>Ka\u0161tie\u013e<\/strong> patril dlh\u00e9 roky rodine Gundelfingerovcov (ma\u010f. Gundelfingen \/ Gundelfinger Csal\u00e1d), ktor\u00e1 od 16. storo\u010dia spravovala bane, h\u00e1mre a huty richnavsk\u00e9ho zemep\u00e1na.<\/p>\n<h2 dir=\"auto\"><span style=\"color: #800000;\">Ako z\u00edskali Gundelfingerovci majetok v Krompachoch?<\/span><\/h2>\n<p dir=\"auto\">V roku 1592 dostal od Thurzovcov do daru Jeremi\u00e1\u0161 Gundelfinger z N\u0151rdlingenu (Jeremi\u00e1s Gundelfinger de Krompach (*1551 \u2013 +?)) dve zemianske k\u00farie v Krompachoch.<\/p>\n<p dir=\"auto\">Darovate\u013eom bol konkr\u00e9tne gr\u00f3f J\u00falius zo Salmu (nem. Graf Julius von Salm-Neuburg (<em>1531 +1593)), ktor\u00fd bol man\u017eelom Al\u017ebety Thurzovej (ma\u010f. Erzs\u00e9bet Thurz\u00f3 (<\/em>? \u2013 +1573)) a vlastn\u00edkom spom\u00ednan\u00e9ho Richnavsk\u00e9ho hradu.<\/p>\n<h2 dir=\"auto\"><span style=\"color: #800000;\">Kedy a ako vznikol s\u00fa\u010dasn\u00fd Ka\u0161tie\u013e v Krompachoch?<\/span><\/h2>\n<p dir=\"auto\">Na mieste jednej z k\u00fari\u00ed si v roku 1727 postavili Gundelfingerovci nov\u00fd <strong>ka\u0161tie\u013e<\/strong>. Koncom 18. storo\u010dia bol prestavan\u00fd a upravovan\u00fd.<\/p>\n<h2 dir=\"auto\"><span style=\"color: #800000;\">Ak\u00e9 architektonick\u00e9 prvky charakterizuj\u00fa Ka\u0161tie\u013e v Krompachoch?<\/span><\/h2>\n<p dir=\"auto\">Na budove s\u00fa tri vystupuj\u00face rizality, prostredn\u00fd z nich je emp\u00edrov\u00fd. Na tympan\u00f3ne nad port\u00e1lom je umiestnen\u00fd letopo\u010det prestavby a \u00fapravy <strong>ka\u0161tie\u013ea<\/strong> \u2013 rok 1797.<\/p>\n<h2 dir=\"auto\"><span style=\"color: #800000;\">\u010co sa nach\u00e1dza v obvodovom m\u00fare Ka\u0161tie\u013ea v Krompachoch?<\/span><\/h2>\n<p dir=\"auto\">V roku 1776 bola vstavan\u00e1 do obvodov\u00e9ho m\u00fara <strong>ka\u0161tie\u013ea<\/strong> kaplnka sv. J\u00e1na Nepom\u00fackeho.<\/p>\n<h2 dir=\"auto\"><span style=\"color: #800000;\">Kto bola posledn\u00e1 s\u00fakromn\u00e1 majite\u013eka Ka\u0161tie\u013ea v Krompachoch?<\/span><\/h2>\n<p dir=\"auto\">Poslednou majite\u013ekou <strong>ka\u0161tie\u013ea<\/strong> bola vdova po J\u00faliusovi Gundelfingerovi, J\u00falia Gundelfingerov\u00e1, ktor\u00e1 sa druh\u00fdkr\u00e1t vydala za Alexandra Pillera z Jakloviec.<\/p>\n<h2 dir=\"auto\"><span style=\"color: #800000;\">Kedy a komu predali Gundelfingerovci-Pillerovci ka\u0161tie\u013e?<\/span><\/h2>\n<p dir=\"auto\">V roku 1919 J\u00falia Pillerov\u00e1 Gundelfingerov\u00e1 predala <strong>ka\u0161tie\u013e<\/strong>, mal\u00fa k\u00fariu, hospod\u00e1rsky dvor a p\u00e1nsku z\u00e1hradu mestu Krompachy.<\/p>\n<h2 dir=\"auto\"><span style=\"color: #800000;\">Kedy prebehli rekon\u0161trukcie Ka\u0161tie\u013ea v Krompachoch?<\/span><\/h2>\n<p dir=\"auto\">Prv\u00e1 rekon\u0161trukcia v 20. storo\u010d\u00ed Gundelfingerovsko-Pillerovsk\u00e9ho <strong>ka\u0161tie\u013ea<\/strong> prebehla v rokoch 1956 \u2013 1959. \u010eal\u0161ia rekon\u0161trukcia prebehla v rokoch 1993 \u2013 1998.<\/p>\n<h2 dir=\"auto\"><span style=\"color: #800000;\">Ako sa vol\u00e1 park okolo Ka\u0161tie\u013ea v Krompachoch?<\/span><\/h2>\n<p dir=\"auto\">Park okolo <strong>ka\u0161tie\u013ea<\/strong> sa dodnes vol\u00e1 ako Piller park.<\/p>\n<h2 dir=\"auto\"><span style=\"color: #800000;\">\u010co sa nach\u00e1dza v Ka\u0161tieli v Krompachoch dnes a ak\u00e9 ubytovanie pon\u00faka?<\/span><\/h2>\n<p dir=\"auto\">V s\u00fa\u010dasnosti sa v <strong>ka\u0161tieli<\/strong> nach\u00e1dza penzi\u00f3n Piller. Pre n\u00e1ro\u010dn\u00fdch klientov pon\u00faka ubytovanie v historick\u00fdch izb\u00e1ch zariaden\u00fdch v rustik\u00e1lnom \u0161t\u00fdle. Kapacita penzi\u00f3nu je 25 l\u00f4\u017eok a 12 pr\u00edstelok.<\/p>\n<h2><span style=\"color: #800000;\">Fotogal\u00e9ria<\/span><\/h2>\n<style type=\"text\/css\">\n#foogallery-gallery-72446 .fg-image { width: 200px; }<\/style>\n\t\t\t<div class=\"foogallery foogallery-container foogallery-carousel foogallery-lightbox-foogallery fg-carousel fg-ready fg-light fg-border-medium fg-round-small fg-shadow-medium fg-loading-default fg-loaded-fade-in fg-hover-semi-zoomed fg-hover-fade fg-hover-circle-plus2\" id=\"foogallery-gallery-72446\" data-foogallery=\"{&quot;item&quot;:{&quot;showCaptionTitle&quot;:true,&quot;showCaptionDescription&quot;:true},&quot;lazy&quot;:true,&quot;template&quot;:{&quot;maxItems&quot;:5,&quot;scale&quot;:0.11999999999999999555910790149937383830547332763671875,&quot;gutter&quot;:{&quot;min&quot;:-40,&quot;max&quot;:-20,&quot;unit&quot;:&quot;%&quot;},&quot;autoplay&quot;:{&quot;time&quot;:0,&quot;interaction&quot;:&quot;pause&quot;},&quot;centerOnClick&quot;:true,&quot;align&quot;:&quot;center&quot;,&quot;activePosition&quot;:&quot;center&quot;}}\" data-foogallery-lightbox=\"{&quot;thumbs&quot;:&quot;bottom&quot;,&quot;thumbsCaptions&quot;:false,&quot;thumbsBestFit&quot;:false,&quot;thumbsSmall&quot;:false,&quot;thumbsCaptionsAlign&quot;:&quot;default&quot;,&quot;info&quot;:&quot;bottom&quot;,&quot;infoVisible&quot;:true,&quot;infoOverlay&quot;:true,&quot;infoAlign&quot;:&quot;default&quot;,&quot;transition&quot;:&quot;fade&quot;,&quot;hoverButtons&quot;:false,&quot;fitMedia&quot;:false,&quot;noScrollbars&quot;:true,&quot;preserveButtonSpace&quot;:true,&quot;buttons&quot;:{&quot;fullscreen&quot;:true,&quot;info&quot;:true,&quot;thumbs&quot;:false},&quot;video&quot;:{&quot;autoPlay&quot;:true}}\" style=\"--fg-title-line-clamp: 1; --fg-description-line-clamp: 2;\" >\n\t<button type=\"button\" class=\"fg-carousel-prev\" title=\"Previous\"><\/button>\n\t<div class=\"fg-carousel-inner\">\n\t\t<div class=\"fg-carousel-center\"><\/div>\n\t\t<div class=\"fg-item fg-type-image fg-idle\"><figure class=\"fg-item-inner\"><a href=\"https:\/\/www.keturist.sk\/info\/wp-content\/uploads\/2020\/12\/krompachy-in.jpg\" data-caption-title=\"Ka\u0161tie\u013e v Krompachoch \u2013 Gundelfingerovsko-Pillerovsk\u00fd ka\u0161tie\u013e\" data-caption-desc=\"interi\u00e9r ka\u0161tie\u013ea\" data-attachment-id=\"36898\" data-type=\"image\" class=\"fg-thumb\"><span class=\"fg-image-wrap\"><img decoding=\"async\" alt=\"Ka\u0161tie\u013e v Krompachoch \u2013 Gundelfingerovsko-Pillerovsk\u00fd ka\u0161tie\u013e\" title=\"Ka\u0161tie\u013e v Krompachoch \u2013 Gundelfingerovsko-Pillerovsk\u00fd ka\u0161tie\u013e\" width=\"200\" height=\"200\" class=\"skip-lazy fg-image\" data-src-fg=\"https:\/\/www.keturist.sk\/info\/wp-content\/uploads\/cache\/2020\/12\/krompachy-in\/3695955663.jpg\" src=\"data:image\/svg+xml,%3Csvg%20xmlns%3D%22http%3A%2F%2Fwww.w3.org%2F2000%2Fsvg%22%20width%3D%22200%22%20height%3D%22200%22%20viewBox%3D%220%200%20200%20200%22%3E%3C%2Fsvg%3E\" loading=\"eager\"><\/span><span class=\"fg-image-overlay\"><\/span><\/a><figcaption class=\"fg-caption\"><div class=\"fg-caption-inner\"><div class=\"fg-caption-title\">Ka\u0161tie\u013e v Krompachoch \u2013 Gundelfingerovsko-Pillerovsk\u00fd ka\u0161tie\u013e<\/div><div class=\"fg-caption-desc\">interi\u00e9r ka\u0161tie\u013ea<\/div><\/div><\/figcaption><\/figure><div class=\"fg-loader\"><\/div><\/div><div class=\"fg-item fg-type-image fg-idle\"><figure class=\"fg-item-inner\"><a href=\"https:\/\/www.keturist.sk\/info\/wp-content\/uploads\/2020\/12\/krompachy.jpg\" data-caption-title=\"Ka\u0161tie\u013e v Krompachoch \u2013 Gundelfingerovsko-Pillerovsk\u00fd ka\u0161tie\u013e\" data-caption-desc=\"Ka\u0161tie\u013e v Krompachoch \u2013 Penzi\u00f3n Piller Ka\u0161tie\u013e\" data-attachment-id=\"36894\" data-type=\"image\" class=\"fg-thumb\"><span class=\"fg-image-wrap\"><img decoding=\"async\" alt=\"Ka\u0161tie\u013e v Krompachoch \u2013 Gundelfingerovsko-Pillerovsk\u00fd ka\u0161tie\u013e\" title=\"Ka\u0161tie\u013e v Krompachoch \u2013 Gundelfingerovsko-Pillerovsk\u00fd ka\u0161tie\u013e\" width=\"200\" height=\"200\" class=\"skip-lazy fg-image\" data-src-fg=\"https:\/\/www.keturist.sk\/info\/wp-content\/uploads\/cache\/2020\/12\/krompachy\/2051986240.jpg\" src=\"data:image\/svg+xml,%3Csvg%20xmlns%3D%22http%3A%2F%2Fwww.w3.org%2F2000%2Fsvg%22%20width%3D%22200%22%20height%3D%22200%22%20viewBox%3D%220%200%20200%20200%22%3E%3C%2Fsvg%3E\" loading=\"eager\"><\/span><span class=\"fg-image-overlay\"><\/span><\/a><figcaption class=\"fg-caption\"><div class=\"fg-caption-inner\"><div class=\"fg-caption-title\">Ka\u0161tie\u013e v Krompachoch \u2013 Gundelfingerovsko-Pillerovsk\u00fd ka\u0161tie\u013e<\/div><div class=\"fg-caption-desc\">Ka\u0161tie\u013e v Krompachoch \u2013 Penzi\u00f3n Piller Ka\u0161tie\u013e<\/div><\/div><\/figcaption><\/figure><div class=\"fg-loader\"><\/div><\/div><div class=\"fg-item fg-type-image fg-idle\"><figure class=\"fg-item-inner\"><a href=\"https:\/\/www.keturist.sk\/info\/wp-content\/uploads\/2025\/12\/kastiel-krompachy-jesen.png\" data-caption-title=\"Ka\u0161tie\u013e v Krompachoch \u2013 Gundelfingerovsko-Pillerovsk\u00fd ka\u0161tie\u013e\" data-caption-desc=\"Ka\u0161tie\u013e v Krompachoch \u2013 Gundelfingerovsko-Pillerovsk\u00fd ka\u0161tie\u013e v jeseni\" data-attachment-id=\"72447\" data-type=\"image\" class=\"fg-thumb\"><span class=\"fg-image-wrap\"><img decoding=\"async\" alt=\"Ka\u0161tie\u013e v Krompachoch \u2013 Gundelfingerovsko-Pillerovsk\u00fd ka\u0161tie\u013e\" title=\"Ka\u0161tie\u013e v Krompachoch \u2013 Gundelfingerovsko-Pillerovsk\u00fd ka\u0161tie\u013e\" width=\"200\" height=\"200\" class=\"skip-lazy fg-image\" data-src-fg=\"https:\/\/www.keturist.sk\/info\/wp-content\/uploads\/cache\/2025\/12\/kastiel-krompachy-jesen\/1331867233.png\" src=\"data:image\/svg+xml,%3Csvg%20xmlns%3D%22http%3A%2F%2Fwww.w3.org%2F2000%2Fsvg%22%20width%3D%22200%22%20height%3D%22200%22%20viewBox%3D%220%200%20200%20200%22%3E%3C%2Fsvg%3E\" loading=\"eager\"><\/span><span class=\"fg-image-overlay\"><\/span><\/a><figcaption class=\"fg-caption\"><div class=\"fg-caption-inner\"><div class=\"fg-caption-title\">Ka\u0161tie\u013e v Krompachoch \u2013 Gundelfingerovsko-Pillerovsk\u00fd ka\u0161tie\u013e<\/div><div class=\"fg-caption-desc\">Ka\u0161tie\u013e v Krompachoch \u2013 Gundelfingerovsko-Pillerovsk\u00fd ka\u0161tie\u013e v jeseni<\/div><\/div><\/figcaption><\/figure><div class=\"fg-loader\"><\/div><\/div><div class=\"fg-item fg-type-image fg-idle\"><figure class=\"fg-item-inner\"><a href=\"https:\/\/www.keturist.sk\/info\/wp-content\/uploads\/2025\/12\/kastiel-krompachy-leto.png\" data-caption-title=\"Ka\u0161tie\u013e v Krompachoch \u2013 Gundelfingerovsko-Pillerovsk\u00fd ka\u0161tie\u013e\" data-caption-desc=\"Ka\u0161tie\u013e v Krompachoch \u2013 Gundelfingerovsko-Pillerovsk\u00fd ka\u0161tie\u013e v lete\" data-attachment-id=\"72448\" data-type=\"image\" class=\"fg-thumb\"><span class=\"fg-image-wrap\"><img decoding=\"async\" alt=\"Ka\u0161tie\u013e v Krompachoch \u2013 Gundelfingerovsko-Pillerovsk\u00fd ka\u0161tie\u013e\" title=\"Ka\u0161tie\u013e v Krompachoch \u2013 Gundelfingerovsko-Pillerovsk\u00fd ka\u0161tie\u013e\" width=\"200\" height=\"200\" class=\"skip-lazy fg-image\" data-src-fg=\"https:\/\/www.keturist.sk\/info\/wp-content\/uploads\/cache\/2025\/12\/kastiel-krompachy-leto\/3239118680.png\" src=\"data:image\/svg+xml,%3Csvg%20xmlns%3D%22http%3A%2F%2Fwww.w3.org%2F2000%2Fsvg%22%20width%3D%22200%22%20height%3D%22200%22%20viewBox%3D%220%200%20200%20200%22%3E%3C%2Fsvg%3E\" loading=\"eager\"><\/span><span class=\"fg-image-overlay\"><\/span><\/a><figcaption class=\"fg-caption\"><div class=\"fg-caption-inner\"><div class=\"fg-caption-title\">Ka\u0161tie\u013e v Krompachoch \u2013 Gundelfingerovsko-Pillerovsk\u00fd ka\u0161tie\u013e<\/div><div class=\"fg-caption-desc\">Ka\u0161tie\u013e v Krompachoch \u2013 Gundelfingerovsko-Pillerovsk\u00fd ka\u0161tie\u013e v lete<\/div><\/div><\/figcaption><\/figure><div class=\"fg-loader\"><\/div><\/div>\t<\/div>\n\t<div class=\"fg-carousel-bottom\"><\/div>\n\t<div class=\"fg-carousel-progress\"><\/div>\n\t<button type=\"button\" class=\"fg-carousel-next\" title=\"Next\"><\/button>\n<\/div>\n<h2><span style=\"color: #800000;\">Zauj\u00edmav\u00e9 odkazy<\/span><\/h2>\n<h3><span style=\"color: #808000;\">Okolit\u00e9 stredisk\u00e1 a centr\u00e1:<\/span><\/h3>\n<ul>\n<li><a href=\"https:\/\/www.keturist.sk\/info\/smer-volovske-vrchy\/mesto-krompachy-stredisko-plejsy\/\">Mesto Krompachy (\u010d\u00edtaj viac&#8230;)<\/a><\/li>\n<\/ul>\n<h2><span style=\"color: #800000;\">Mapy<\/span><\/h2>\n<p><strong>Vrstvy: <\/strong>Turistick\u00e1 mapa, Automapa, Cyklomapa, Ly\u017eiarska mapa, Satelitn\u00e1 mapa a OpenStreetMap.<\/p>\n<p><strong>Kliknut\u00edm na logo &#8222;Freemap.sk&#8220; sa V\u00e1m mapa zobraz\u00ed na celej ploche obrazovky.<\/strong><\/p>\n<p><iframe style=\"width: 900px; height: 500px; border: 0;\" src=\"https:\/\/www.freemap.sk\/?map=15\/48.912220\/20.873744&amp;info-point=48.912220\/20.873744,Gundelfingerovsko-Pillerovsk\u00fd ka\u0161tie\u013e&amp;layers=X&amp;embed=search\" allowfullscreen=\"allowfullscreen\"><span data-mce-type=\"bookmark\" style=\"display: inline-block; width: 0px; overflow: hidden; line-height: 0;\" class=\"mce_SELRES_start\">\ufeff<\/span><\/iframe><\/p>\n<h2><span style=\"color: #800000;\">Po\u010dasie<\/span><\/h2>\n<p><iframe style=\"width: 900px; height: 605px;\" src=\"https:\/\/www.meteoblue.com\/sk\/po%C4%8Dasie\/widget\/three\/krompachy_slovensk%c3%a1-republika_724377?geoloc=fixed&amp;nocurrent=0&amp;noforecast=0&amp;days=5&amp;tempunit=CELSIUS&amp;windunit=KILOMETER_PER_HOUR&amp;layout=image\" frameborder=\"0\" scrolling=\"NO\" sandbox=\"allow-same-origin allow-scripts allow-popups allow-popups-to-escape-sandbox\"><\/iframe><\/p>\n<div><!-- DO NOT REMOVE THIS LINK --><a href=\"https:\/\/www.meteoblue.com\/sk\/po%C4%8Dasie\/predpove%C4%8F\/t%C3%BD%C5%BEde%C5%88\/krompachy_slovensk%c3%a1-republika_724377?utm_source=weather_widget&amp;utm_medium=linkus&amp;utm_content=three&amp;utm_campaign=Weather%2BWidget\" target=\"_blank\" rel=\"noopener noreferrer\">meteoblue<\/a><\/div>\n","protected":false},"excerpt":{"rendered":"<p>Podkateg\u00f3ria: Lokaliz\u00e1cia: Volovsk\u00e9 vrchy Pr\u00edbeh Ka\u0161tie\u013ea v Krompachoch \u2013 ticho a spomienky storo\u010d\u00ed V meste Krompachy, pod vrchmi Volovsk\u00fdch h\u00f4r, stoj\u00ed barokovo-klasicistick\u00fd ka\u0161tie\u013e, ktor\u00fd kedysi patril rodine Gundelfingerovcov. Ich hist\u00f3ria [&hellip;]<\/p>\n","protected":false},"author":1,"featured_media":72447,"parent":0,"menu_order":0,"comment_status":"closed","ping_status":"closed","template":"","meta":{"_uag_custom_page_level_css":"","_monsterinsights_skip_tracking":false,"_monsterinsights_sitenote_active":false,"_monsterinsights_sitenote_note":"","_monsterinsights_sitenote_category":0,"footnotes":""},"class_list":["post-2925","page","type-page","status-publish","has-post-thumbnail","hentry"],"featured_image_src":"https:\/\/www.keturist.sk\/info\/wp-content\/uploads\/2025\/12\/kastiel-krompachy-jesen.png","featured_image_src_square":"https:\/\/www.keturist.sk\/info\/wp-content\/uploads\/2025\/12\/kastiel-krompachy-jesen.png","rbea_author_info":{"display_name":"admin","author_link":"https:\/\/www.keturist.sk\/info\/author\/admin\/"},"rbea_excerpt_info":"Podkateg\u00f3ria: Lokaliz\u00e1cia: Volovsk\u00e9 vrchy Pr\u00edbeh Ka\u0161tie\u013ea v Krompachoch \u2013 ticho a spomienky storo\u010d\u00ed V meste Krompachy, pod vrchmi Volovsk\u00fdch h\u00f4r, stoj\u00ed barokovo-klasicistick\u00fd ka\u0161tie\u013e, ktor\u00fd kedysi patril rodine Gundelfingerovcov. Ich hist\u00f3ria [&hellip;]","uagb_featured_image_src":{"full":["https:\/\/www.keturist.sk\/info\/wp-content\/uploads\/2025\/12\/kastiel-krompachy-jesen.png",1344,768,false],"thumbnail":["https:\/\/www.keturist.sk\/info\/wp-content\/uploads\/2025\/12\/kastiel-krompachy-jesen-270x154.png",270,154,true],"medium":["https:\/\/www.keturist.sk\/info\/wp-content\/uploads\/2025\/12\/kastiel-krompachy-jesen-800x457.png",800,457,true],"medium_large":["https:\/\/www.keturist.sk\/info\/wp-content\/uploads\/2025\/12\/kastiel-krompachy-jesen-768x439.png",768,439,true],"large":["https:\/\/www.keturist.sk\/info\/wp-content\/uploads\/2025\/12\/kastiel-krompachy-jesen.png",1344,768,false],"1536x1536":["https:\/\/www.keturist.sk\/info\/wp-content\/uploads\/2025\/12\/kastiel-krompachy-jesen.png",1344,768,false],"2048x2048":["https:\/\/www.keturist.sk\/info\/wp-content\/uploads\/2025\/12\/kastiel-krompachy-jesen.png",1344,768,false]},"uagb_author_info":{"display_name":"admin","author_link":"https:\/\/www.keturist.sk\/info\/author\/admin\/"},"uagb_comment_info":0,"uagb_excerpt":"Podkateg\u00f3ria: Lokaliz\u00e1cia: Volovsk\u00e9 vrchy Pr\u00edbeh Ka\u0161tie\u013ea v Krompachoch \u2013 ticho a spomienky storo\u010d\u00ed V meste Krompachy, pod vrchmi Volovsk\u00fdch h\u00f4r, stoj\u00ed barokovo-klasicistick\u00fd ka\u0161tie\u013e, ktor\u00fd kedysi patril rodine Gundelfingerovcov. Ich hist\u00f3ria [&hellip;]","_links":{"self":[{"href":"https:\/\/www.keturist.sk\/info\/wp-json\/wp\/v2\/pages\/2925","targetHints":{"allow":["GET"]}}],"collection":[{"href":"https:\/\/www.keturist.sk\/info\/wp-json\/wp\/v2\/pages"}],"about":[{"href":"https:\/\/www.keturist.sk\/info\/wp-json\/wp\/v2\/types\/page"}],"author":[{"embeddable":true,"href":"https:\/\/www.keturist.sk\/info\/wp-json\/wp\/v2\/users\/1"}],"replies":[{"embeddable":true,"href":"https:\/\/www.keturist.sk\/info\/wp-json\/wp\/v2\/comments?post=2925"}],"version-history":[{"count":9,"href":"https:\/\/www.keturist.sk\/info\/wp-json\/wp\/v2\/pages\/2925\/revisions"}],"predecessor-version":[{"id":73765,"href":"https:\/\/www.keturist.sk\/info\/wp-json\/wp\/v2\/pages\/2925\/revisions\/73765"}],"wp:featuredmedia":[{"embeddable":true,"href":"https:\/\/www.keturist.sk\/info\/wp-json\/wp\/v2\/media\/72447"}],"wp:attachment":[{"href":"https:\/\/www.keturist.sk\/info\/wp-json\/wp\/v2\/media?parent=2925"}],"curies":[{"name":"wp","href":"https:\/\/api.w.org\/{rel}","templated":true}]}}