{"id":2656,"date":"2013-11-01T11:03:02","date_gmt":"2013-11-01T09:03:02","guid":{"rendered":"https:\/\/www.keturist.sk\/info\/?page_id=2656"},"modified":"2025-12-25T07:57:03","modified_gmt":"2025-12-25T06:57:03","slug":"slansky-priesmyk","status":"publish","type":"page","link":"https:\/\/www.keturist.sk\/info\/slansky-priesmyk\/","title":{"rendered":"Slansk\u00fd priesmyk (405 m n. m.)"},"content":{"rendered":"<a href=\"https:\/\/www.keturist.sk\/info\/\" class=\"su-button su-button-style-default\" style=\"color:#000000;background-color:#FFCF2F;border-color:#cca626;border-radius:5px\" target=\"_self\"><span style=\"color:#000000;padding:6px 16px;font-size:13px;line-height:20px;border-color:#ffde6e;border-radius:5px;text-shadow:none\"><i class=\"sui sui-arrow-right\" style=\"font-size:13px;color:#000000\"><\/i>  Spravodaj <\/span><\/a>\n<a href=\"https:\/\/www.keturist.sk\/info\/tipy-na-vylety\/\" class=\"su-button su-button-style-default\" style=\"color:#000000;background-color:#FFCF2F;border-color:#cca626;border-radius:5px\" target=\"_self\"><span style=\"color:#000000;padding:6px 16px;font-size:13px;line-height:20px;border-color:#ffde6e;border-radius:5px;text-shadow:none\"><i class=\"sui sui-arrow-right\" style=\"font-size:13px;color:#000000\"><\/i>  TIPY NA V\u00ddLETY <\/span><\/a>\n<a href=\"https:\/\/www.keturist.sk\/info\/kam-do-prirody\/\" class=\"su-button su-button-style-default\" style=\"color:#000000;background-color:#FFCF2F;border-color:#cca626;border-radius:5px\" target=\"_self\"><span style=\"color:#000000;padding:6px 16px;font-size:13px;line-height:20px;border-color:#ffde6e;border-radius:5px;text-shadow:none\"><i class=\"sui sui-arrow-right\" style=\"font-size:13px;color:#000000\"><\/i>  Kam do pr\u00edrody <\/span><\/a>\n<a href=\"https:\/\/www.keturist.sk\/info\/kam-do-prirody\/kam-do-prirody-smer-slanske-vrchy\/\" class=\"su-button su-button-style-default\" style=\"color:#000000;background-color:#FFCF2F;border-color:#cca626;border-radius:5px\" target=\"_self\"><span style=\"color:#000000;padding:6px 16px;font-size:13px;line-height:20px;border-color:#ffde6e;border-radius:5px;text-shadow:none\"><i class=\"sui sui-arrow-right\" style=\"font-size:13px;color:#000000\"><\/i>  Smer Slansk\u00e9 vrchy <\/span><\/a>\n<div class=\"su-divider su-divider-style-default\" style=\"margin:15px 0;border-width:0px;border-color:#000000\"><\/div>\n<p><strong>Podkateg\u00f3ria: <\/strong> <a href=\"https:\/\/www.keturist.sk\/info\/kam-do-prirody\/kam-do-prirody-smer-slanske-vrchy\/vrchy-skaly-a-sedla\/\" class=\"su-button su-button-style-default\" style=\"color:#000000;background-color:#afd144;border-color:#8ca837;border-radius:5px\" target=\"_self\"><span style=\"color:#000000;padding:6px 16px;font-size:13px;line-height:20px;border-color:#c7df7d;border-radius:5px;text-shadow:none\"><i class=\"sui sui-arrow-right\" style=\"font-size:13px;color:#000000\"><\/i>  Vrchy, skaly a sedl\u00e1 <\/span><\/a>\n<p><strong>Lokaliz\u00e1cia: <\/strong><a href=\"https:\/\/www.keturist.sk\/info\/okolite-hory\/slanske-vrchy\/\">Slansk\u00e9 vrchy<\/a><\/p>\n<div class=\"su-divider su-divider-style-default\" style=\"margin:15px 0;border-width:2px;border-color:#000000\"><\/div>\n<figure id=\"attachment_37152\" aria-describedby=\"caption-attachment-37152\" style=\"width: 900px\" class=\"wp-caption aligncenter\"><a href=\"https:\/\/www.keturist.sk\/info\/wp-content\/uploads\/2020\/12\/slanske2.jpg\"><img loading=\"lazy\" decoding=\"async\" class=\"wp-image-37152\" src=\"https:\/\/www.keturist.sk\/info\/wp-content\/uploads\/2020\/12\/slanske2.jpg\" alt=\"Slansk\u00fd priesmyk\" width=\"900\" height=\"600\" srcset=\"https:\/\/www.keturist.sk\/info\/wp-content\/uploads\/2020\/12\/slanske2.jpg 800w, https:\/\/www.keturist.sk\/info\/wp-content\/uploads\/2020\/12\/slanske2-270x180.jpg 270w, https:\/\/www.keturist.sk\/info\/wp-content\/uploads\/2020\/12\/slanske2-768x512.jpg 768w\" sizes=\"auto, (max-width: 900px) 100vw, 900px\" \/><\/a><figcaption id=\"caption-attachment-37152\" class=\"wp-caption-text\">Slansk\u00fd priesmyk<\/figcaption><\/figure>\n<div class=\"su-divider su-divider-style-default\" style=\"margin:15px 0;border-width:2px;border-color:#000000\"><\/div>\n<h2 class=\"ds-markdown-paragraph\"><span style=\"color: #800000;\">\u010co je to Slansk\u00fd priesmyk a kde ho n\u00e1jdete?<\/span><\/h2>\n<p class=\"ds-markdown-paragraph\"><strong>Slansk\u00fd priesmyk<\/strong>\u00a0je v\u00fdznamn\u00e9\u00a0<strong>horsk\u00e9 sedlo<\/strong>\u00a0nach\u00e1dzaj\u00face sa v ju\u017enej \u010dasti\u00a0<strong>Slansk\u00fdch vrchov<\/strong>. Geograficky odde\u013euje podcelky Bogota a Mili\u010d. Prech\u00e1dza n\u00edm cesta II\/552 sp\u00e1jaj\u00faca okresy Ko\u0161ice-okolie, Trebi\u0161ov a Michalovce, \u010do z neho rob\u00ed d\u00f4le\u017eit\u00fa dopravn\u00fa spojnicu regi\u00f3nu.<\/p>\n<h2 class=\"ds-markdown-paragraph\"><span style=\"color: #800000;\">Ak\u00e1 je historick\u00e1 d\u00f4le\u017eitos\u0165 Slansk\u00e9ho priesmyku?<\/span><\/h2>\n<p class=\"ds-markdown-paragraph\"><strong>Historick\u00fd v\u00fdznam<\/strong>\u00a0tohto miesta je obrovsk\u00fd. U\u017e v minulosti\u00a0<strong>Slansk\u00fdm priesmykom<\/strong>\u00a0prech\u00e1dzala starobyl\u00e1\u00a0<strong>obchodn\u00e1 cesta<\/strong>\u00a0zo Zempl\u00edna k rieke Torysa. V 11. a\u017e 12. storo\u010d\u00ed sa t\u00e1to trasa stala hlavn\u00fdm spojen\u00edm medzi Zempl\u00ednom a Abovom. Ve\u013emi zauj\u00edmavou etapou hist\u00f3rie je obdobie rokov 1938\u20131945, kedy tadia\u013eto prebiehala \u0161t\u00e1tna\u00a0<strong>hranica medzi Slovenskom a Ma\u010farskom<\/strong>.<\/p>\n<h2 class=\"ds-markdown-paragraph\"><span style=\"color: #800000;\">Ako mo\u017eno Slansk\u00fd priesmyk vyu\u017ei\u0165 pre turistiku a akt\u00edvny oddych?<\/span><\/h2>\n<p class=\"ds-markdown-paragraph\">Toto miesto je dnes skvelou destin\u00e1ciou pre akt\u00edvny pohyb. <strong>Slansk\u00fd priesmyk<\/strong>\u00a0funguje ako kri\u017eovatka viacer\u00fdch\u00a0<strong>cyklotr\u00e1s<\/strong>. Priamo cez sedlo tie\u017e vedie <img loading=\"lazy\" decoding=\"async\" class=\"alignnone size-full wp-image-21433\" src=\"https:\/\/www.keturist.sk\/info\/wp-content\/uploads\/2013\/11\/cervena-1.png\" alt=\"\" width=\"20\" height=\"21\" \/> <strong>\u010derven\u00e1 turistick\u00e1 zna\u010dka<\/strong>, ktor\u00e1 prem\u00e1va cel\u00fdm pohran\u00edm\u00a0<strong>Slansk\u00fdch vrchov<\/strong>\u00a0a pon\u00faka n\u00e1dhern\u00e9 v\u00fdh\u013eady. Sedlo je z\u00e1rove\u0148 v\u00fdborn\u00fdm a logisticky v\u00fdhodn\u00fdm\u00a0<strong>v\u00fdchodiskom<\/strong>\u00a0k n\u00e1v\u0161teve impozantnej\u00a0<strong>zr\u00facaniny Slansk\u00e9ho hradu<\/strong>.<\/p>\n<h2><span style=\"color: #800000;\">Zauj\u00edmav\u00e9 odkazy<\/span><\/h2>\n<h3><span style=\"color: #808000;\">Okolit\u00e9 stredisk\u00e1 a centr\u00e1:<\/span><\/h3>\n<ul>\n<li><a href=\"https:\/\/www.keturist.sk\/info\/smer-slanske-vrchy\/obec-slanec\/\">Obec Slanec (\u010d\u00edtaj viac&#8230;)<\/a><\/li>\n<\/ul>\n<h2><span style=\"color: #800000;\">Mapy<\/span><\/h2>\n<p><strong>Vrstvy: <\/strong>Turistick\u00e1 mapa, Automapa, Cyklomapa, Ly\u017eiarska mapa, Satelitn\u00e1 mapa a OpenStreetMap.<\/p>\n<p><strong>Kliknut\u00edm na logo &#8222;Freemap.sk&#8220; sa V\u00e1m mapa zobraz\u00ed na celej ploche obrazovky.<\/strong><\/p>\n<p><iframe style=\"width: 900px; height: 500px; border: 0;\" src=\"https:\/\/www.freemap.sk\/?map=13\/48.632852\/21.454153&amp;info-point=48.632852\/21.454153,Slansk\u00fd priesmyk (405 m n. m.)&amp;layers=X&amp;embed=search\" allowfullscreen=\"allowfullscreen\"><span data-mce-type=\"bookmark\" style=\"display: inline-block; width: 0px; overflow: hidden; line-height: 0;\" class=\"mce_SELRES_start\">\ufeff<\/span><\/iframe><\/p>\n<h2><span style=\"color: #800000;\">Po\u010dasie<\/span><\/h2>\n<p><iframe style=\"width: 900px; height: 611px;\" src=\"https:\/\/www.meteoblue.com\/sk\/po%C4%8Dasie\/widget\/three\/48.646N21.451E519_Europe%2FBratislava?geoloc=fixed&amp;nocurrent=0&amp;noforecast=0&amp;days=5&amp;tempunit=CELSIUS&amp;windunit=KILOMETER_PER_HOUR&amp;layout=image\" frameborder=\"0\" scrolling=\"NO\" sandbox=\"allow-same-origin allow-scripts allow-popups allow-popups-to-escape-sandbox\"><span data-mce-type=\"bookmark\" style=\"display: inline-block; width: 0px; overflow: hidden; line-height: 0;\" class=\"mce_SELRES_start\">\ufeff<\/span><\/iframe><\/p>\n<div><!-- DO NOT REMOVE THIS LINK --><a href=\"https:\/\/www.meteoblue.com\/sk\/po%C4%8Dasie\/predpove%C4%8F\/t%C3%BD%C5%BEde%C5%88\/48.646N21.451E519_Europe%2FBratislava?utm_source=weather_widget&amp;utm_medium=linkus&amp;utm_content=three&amp;utm_campaign=Weather%2BWidget\" target=\"_blank\" rel=\"noopener noreferrer\">meteoblue<\/a><\/div>\n","protected":false},"excerpt":{"rendered":"<p>Podkateg\u00f3ria: Lokaliz\u00e1cia: Slansk\u00e9 vrchy \u010co je to Slansk\u00fd priesmyk a kde ho n\u00e1jdete? Slansk\u00fd priesmyk\u00a0je v\u00fdznamn\u00e9\u00a0horsk\u00e9 sedlo\u00a0nach\u00e1dzaj\u00face sa v ju\u017enej \u010dasti\u00a0Slansk\u00fdch vrchov. Geograficky odde\u013euje podcelky Bogota a Mili\u010d. Prech\u00e1dza n\u00edm [&hellip;]<\/p>\n","protected":false},"author":1,"featured_media":37152,"parent":0,"menu_order":0,"comment_status":"closed","ping_status":"closed","template":"","meta":{"_uag_custom_page_level_css":"","_monsterinsights_skip_tracking":false,"_monsterinsights_sitenote_active":false,"_monsterinsights_sitenote_note":"","_monsterinsights_sitenote_category":0,"footnotes":""},"class_list":["post-2656","page","type-page","status-publish","has-post-thumbnail","hentry"],"featured_image_src":"https:\/\/www.keturist.sk\/info\/wp-content\/uploads\/2020\/12\/slanske2.jpg","featured_image_src_square":"https:\/\/www.keturist.sk\/info\/wp-content\/uploads\/2020\/12\/slanske2.jpg","rbea_author_info":{"display_name":"admin","author_link":"https:\/\/www.keturist.sk\/info\/author\/admin\/"},"rbea_excerpt_info":"Podkateg\u00f3ria: Lokaliz\u00e1cia: Slansk\u00e9 vrchy \u010co je to Slansk\u00fd priesmyk a kde ho n\u00e1jdete? Slansk\u00fd priesmyk\u00a0je v\u00fdznamn\u00e9\u00a0horsk\u00e9 sedlo\u00a0nach\u00e1dzaj\u00face sa v ju\u017enej \u010dasti\u00a0Slansk\u00fdch vrchov. Geograficky odde\u013euje podcelky Bogota a Mili\u010d. Prech\u00e1dza n\u00edm [&hellip;]","uagb_featured_image_src":{"full":["https:\/\/www.keturist.sk\/info\/wp-content\/uploads\/2020\/12\/slanske2.jpg",800,533,false],"thumbnail":["https:\/\/www.keturist.sk\/info\/wp-content\/uploads\/2020\/12\/slanske2-270x180.jpg",270,180,true],"medium":["https:\/\/www.keturist.sk\/info\/wp-content\/uploads\/2020\/12\/slanske2.jpg",800,533,false],"medium_large":["https:\/\/www.keturist.sk\/info\/wp-content\/uploads\/2020\/12\/slanske2-768x512.jpg",768,512,true],"large":["https:\/\/www.keturist.sk\/info\/wp-content\/uploads\/2020\/12\/slanske2.jpg",800,533,false],"1536x1536":["https:\/\/www.keturist.sk\/info\/wp-content\/uploads\/2020\/12\/slanske2.jpg",800,533,false],"2048x2048":["https:\/\/www.keturist.sk\/info\/wp-content\/uploads\/2020\/12\/slanske2.jpg",800,533,false]},"uagb_author_info":{"display_name":"admin","author_link":"https:\/\/www.keturist.sk\/info\/author\/admin\/"},"uagb_comment_info":0,"uagb_excerpt":"Podkateg\u00f3ria: Lokaliz\u00e1cia: Slansk\u00e9 vrchy \u010co je to Slansk\u00fd priesmyk a kde ho n\u00e1jdete? Slansk\u00fd priesmyk\u00a0je v\u00fdznamn\u00e9\u00a0horsk\u00e9 sedlo\u00a0nach\u00e1dzaj\u00face sa v ju\u017enej \u010dasti\u00a0Slansk\u00fdch vrchov. Geograficky odde\u013euje podcelky Bogota a Mili\u010d. Prech\u00e1dza n\u00edm [&hellip;]","_links":{"self":[{"href":"https:\/\/www.keturist.sk\/info\/wp-json\/wp\/v2\/pages\/2656","targetHints":{"allow":["GET"]}}],"collection":[{"href":"https:\/\/www.keturist.sk\/info\/wp-json\/wp\/v2\/pages"}],"about":[{"href":"https:\/\/www.keturist.sk\/info\/wp-json\/wp\/v2\/types\/page"}],"author":[{"embeddable":true,"href":"https:\/\/www.keturist.sk\/info\/wp-json\/wp\/v2\/users\/1"}],"replies":[{"embeddable":true,"href":"https:\/\/www.keturist.sk\/info\/wp-json\/wp\/v2\/comments?post=2656"}],"version-history":[{"count":7,"href":"https:\/\/www.keturist.sk\/info\/wp-json\/wp\/v2\/pages\/2656\/revisions"}],"predecessor-version":[{"id":72525,"href":"https:\/\/www.keturist.sk\/info\/wp-json\/wp\/v2\/pages\/2656\/revisions\/72525"}],"wp:featuredmedia":[{"embeddable":true,"href":"https:\/\/www.keturist.sk\/info\/wp-json\/wp\/v2\/media\/37152"}],"wp:attachment":[{"href":"https:\/\/www.keturist.sk\/info\/wp-json\/wp\/v2\/media?parent=2656"}],"curies":[{"name":"wp","href":"https:\/\/api.w.org\/{rel}","templated":true}]}}