{"id":2636,"date":"2013-11-01T09:20:05","date_gmt":"2013-11-01T07:20:05","guid":{"rendered":"https:\/\/www.keturist.sk\/info\/?page_id=2636"},"modified":"2025-12-24T09:22:32","modified_gmt":"2025-12-24T08:22:32","slug":"simonka-1092-m-n-m","status":"publish","type":"page","link":"https:\/\/www.keturist.sk\/info\/simonka-1092-m-n-m\/","title":{"rendered":"\u0160imonka (1092 m n.m.)"},"content":{"rendered":"<a href=\"https:\/\/www.keturist.sk\/info\/\" class=\"su-button su-button-style-default\" style=\"color:#000000;background-color:#FFCF2F;border-color:#cca626;border-radius:5px\" target=\"_self\"><span style=\"color:#000000;padding:6px 16px;font-size:13px;line-height:20px;border-color:#ffde6e;border-radius:5px;text-shadow:none\"><i class=\"sui sui-arrow-right\" style=\"font-size:13px;color:#000000\"><\/i>  Spravodaj <\/span><\/a>\n<a href=\"https:\/\/www.keturist.sk\/info\/tipy-na-vylety\/\" class=\"su-button su-button-style-default\" style=\"color:#000000;background-color:#FFCF2F;border-color:#cca626;border-radius:5px\" target=\"_self\"><span style=\"color:#000000;padding:6px 16px;font-size:13px;line-height:20px;border-color:#ffde6e;border-radius:5px;text-shadow:none\"><i class=\"sui sui-arrow-right\" style=\"font-size:13px;color:#000000\"><\/i>  TIPY NA V\u00ddLETY <\/span><\/a>\n<a href=\"https:\/\/www.keturist.sk\/info\/kam-do-prirody\/\" class=\"su-button su-button-style-default\" style=\"color:#000000;background-color:#FFCF2F;border-color:#cca626;border-radius:5px\" target=\"_self\"><span style=\"color:#000000;padding:6px 16px;font-size:13px;line-height:20px;border-color:#ffde6e;border-radius:5px;text-shadow:none\"><i class=\"sui sui-arrow-right\" style=\"font-size:13px;color:#000000\"><\/i>  Kam do pr\u00edrody <\/span><\/a>\n<a href=\"https:\/\/www.keturist.sk\/info\/kam-do-prirody\/kam-do-prirody-smer-slanske-vrchy\/\" class=\"su-button su-button-style-default\" style=\"color:#000000;background-color:#FFCF2F;border-color:#cca626;border-radius:5px\" target=\"_self\"><span style=\"color:#000000;padding:6px 16px;font-size:13px;line-height:20px;border-color:#ffde6e;border-radius:5px;text-shadow:none\"><i class=\"sui sui-arrow-right\" style=\"font-size:13px;color:#000000\"><\/i>  Smer Slansk\u00e9 vrchy <\/span><\/a>\n<div class=\"su-divider su-divider-style-default\" style=\"margin:15px 0;border-width:0px;border-color:#000000\"><\/div>\n<p><strong>Podkateg\u00f3ria: <\/strong> <a href=\"https:\/\/www.keturist.sk\/info\/kam-do-prirody\/kam-do-prirody-smer-slanske-vrchy\/vrchy-skaly-a-sedla\/\" class=\"su-button su-button-style-default\" style=\"color:#000000;background-color:#afd144;border-color:#8ca837;border-radius:5px\" target=\"_self\"><span style=\"color:#000000;padding:6px 16px;font-size:13px;line-height:20px;border-color:#c7df7d;border-radius:5px;text-shadow:none\"><i class=\"sui sui-arrow-right\" style=\"font-size:13px;color:#000000\"><\/i>  Vrchy, skaly a sedl\u00e1 <\/span><\/a>\n<p><strong>Lokaliz\u00e1cia: <\/strong><a href=\"https:\/\/www.keturist.sk\/info\/okolite-hory\/slanske-vrchy\/\">Slansk\u00e9 vrchy<\/a><\/p>\n<div class=\"su-divider su-divider-style-default\" style=\"margin:15px 0;border-width:2px;border-color:#000000\"><\/div>\n<figure id=\"attachment_37127\" aria-describedby=\"caption-attachment-37127\" style=\"width: 900px\" class=\"wp-caption aligncenter\"><a href=\"https:\/\/www.keturist.sk\/info\/wp-content\/uploads\/2020\/12\/simonka.jpg\"><img loading=\"lazy\" decoding=\"async\" class=\"wp-image-37127\" src=\"https:\/\/www.keturist.sk\/info\/wp-content\/uploads\/2020\/12\/simonka.jpg\" alt=\"\u0160imonka (1092 m n.m.)\" width=\"900\" height=\"596\" srcset=\"https:\/\/www.keturist.sk\/info\/wp-content\/uploads\/2020\/12\/simonka.jpg 800w, https:\/\/www.keturist.sk\/info\/wp-content\/uploads\/2020\/12\/simonka-270x180.jpg 270w, https:\/\/www.keturist.sk\/info\/wp-content\/uploads\/2020\/12\/simonka-768x509.jpg 768w\" sizes=\"auto, (max-width: 900px) 100vw, 900px\" \/><\/a><figcaption id=\"caption-attachment-37127\" class=\"wp-caption-text\">\u0160imonka (1092 m n.m.)<\/figcaption><\/figure>\n<div class=\"su-divider su-divider-style-default\" style=\"margin:15px 0;border-width:2px;border-color:#000000\"><\/div>\n<h2 dir=\"auto\"><span style=\"color: #800000;\">Kde presne sa nach\u00e1dza <strong>\u0160imonka<\/strong> a ak\u00e1 je jej poloha?<\/span><\/h2>\n<p dir=\"auto\"><strong>\u0160imonka<\/strong> je najvy\u0161\u0161\u00ed vrch <strong>Slansk\u00fdch vrchov<\/strong> s nadmorskou v\u00fd\u0161kou 1092 m n. m.<\/p>\n<p dir=\"auto\">Nach\u00e1dza sa v severov\u00fdchodnej \u010dasti pohoria, juhov\u00fdchodne od obce Zlat\u00e1 Ba\u0148a. Patr\u00ed medzi skryt\u00e9 poklady v\u00fdchodn\u00e9ho Slovenska, ktor\u00e9 l\u00e1kaj\u00fa turistov na \u00fachvatn\u00e9 v\u00fdh\u013eady, chr\u00e1nen\u00fd prales a autentick\u00fd kontakt s pr\u00edrodou.<\/p>\n<p dir=\"auto\">Z geomorfologick\u00e9ho h\u013eadiska patr\u00ed <strong>\u0160imonka<\/strong> do Matransko-slanskej oblasti a jej horsk\u00e9ho celku <strong>Slansk\u00e9 vrchy<\/strong> (podcelok <strong>\u0160imonka<\/strong>).<\/p>\n<p dir=\"auto\">Vrchol je vzdialen\u00fd pribli\u017ene 16 kilometrov vzdu\u0161nou \u010diarou severoz\u00e1padne od mesta Vranov nad Top\u013eou a 17 km\u00a0 juhov\u00fdchodne od Pre\u0161ova.<\/p>\n<p dir=\"auto\">Vrcholom prech\u00e1dza hranica okresov Pre\u0161ov, Ko\u0161ice-okolie a Vranov nad Top\u013eou.<\/p>\n<h2 dir=\"auto\"><span style=\"color: #800000;\">Ak\u00fd je vrchol <strong>\u0160imonky<\/strong> a \u010do na \u0148om n\u00e1jdete?<\/span><\/h2>\n<p dir=\"auto\">Na andezitovom vrchole <strong>\u0160imonky<\/strong> sa nach\u00e1dza mal\u00e1 nezalesnen\u00e1 plocha s vystupuj\u00facou skalkou, odkia\u013e je vynikaj\u00faci panoramatick\u00fd v\u00fdh\u013ead na sever, v\u00fdchod a z\u00e1pad.<\/p>\n<p dir=\"auto\">Na jeho vrchole je umiestnen\u00fd dreven\u00fd kr\u00ed\u017e a osaden\u00fd turistick\u00fd smerovn\u00edk, na ktorom je umiestnen\u00e1 schr\u00e1nka s vrcholovou knihou, do ktorej m\u00f4\u017eu turisti zaznamena\u0165 svoj v\u00fdstup.<\/p>\n<h2 dir=\"auto\"><span style=\"color: #800000;\">Ak\u00e9 v\u00fdh\u013eady pon\u00faka <strong>\u0160imonka<\/strong>?<\/span><\/h2>\n<p dir=\"auto\">Z vrcholu <strong>\u0160imonky<\/strong> je kr\u00e1sny panoramatick\u00fd v\u00fdh\u013ead v smere sever, v\u00fdchod a z\u00e1pad.<\/p>\n<p dir=\"auto\">Za priazniv\u00fdch podmienok m\u00f4\u017eete vidie\u0165 aj <strong>Vysok\u00e9 Tatry<\/strong> a vrch N\u00edzkych Tatier \u2013 <strong>Kr\u00e1\u013eovu ho\u013eu<\/strong> (1 946,1 m n. m.). Za dobr\u00fdch podmienok je vidno <strong>Vysok\u00e9 Tatry<\/strong> a <strong>Kr\u00e1\u013eovu ho\u013eu<\/strong> (1946 m n. m.).<\/p>\n<h2 dir=\"auto\"><span style=\"color: #800000;\">Ak\u00fa pr\u00edrodn\u00fa rezerv\u00e1ciu ukr\u00fdva <strong>\u0160imonka<\/strong> a ak\u00e9 s\u00fa pravidl\u00e1 ochrany?<\/span><\/h2>\n<p dir=\"auto\">Nach\u00e1dza sa tu N\u00e1rodn\u00e1 pr\u00edrodn\u00e1 rezerv\u00e1cia <strong>\u0160imonka<\/strong>, ktor\u00e1 bola vyhl\u00e1sen\u00e1 v roku 1950 na v\u00fdmere 33,52 ha s najvy\u0161\u0161\u00edm 5. stup\u0148om ochrany pr\u00edrody. Je najstar\u0161ou v okrese Vranov nad Top\u013eou.<\/p>\n<p dir=\"auto\">Vrcholov\u00fa \u010das\u0165 zaber\u00e1 N\u00e1rodn\u00e1 pr\u00edrodn\u00e1 rezerv\u00e1cia <strong>\u0160imonka<\/strong>, ktor\u00e1 je najstar\u0161ou v okrese Vranov nad Top\u013eou.<\/p>\n<p dir=\"auto\">NPR ochra\u0148uje zvy\u0161ky bukov\u00e9ho pralesa na juhov\u00fdchodnom svahu vrcholu <strong>\u0160imonka<\/strong>. Cie\u013eom rezerv\u00e1cie je zachova\u0165 a chr\u00e1ni\u0165 andezitov\u00fd vrchol s balvanov\u00fdmi sutinami a pralesovitou bu\u010dinou, resp. jase\u0148ovou javorinou (vy\u0161e 200-ro\u010dn\u00fd porast).<\/p>\n<p dir=\"auto\">Ve\u013ekou vz\u00e1cnos\u0165ou je oplietav\u00e1 liana \u2013 z\u00e1konom chr\u00e1nen\u00fd <strong>plamienok alp\u00ednsky<\/strong>, ktor\u00fd v rezerv\u00e1cii rastie na nieko\u013ek\u00fdch miestach.<\/p>\n<h3 dir=\"auto\"><span style=\"color: #808000;\">Na zabezpe\u010denie ochrany v chr\u00e1nenom \u00fazem\u00ed \u2013 N\u00e1rodnej pr\u00edrodnej rezerv\u00e1cii <strong>\u0160imonka<\/strong> sa zakazuje:<\/span><\/h3>\n<ul dir=\"auto\">\n<li>pohybova\u0165 sa mimo vyzna\u010den\u00e9ho turistick\u00e9ho a n\u00e1u\u010dn\u00e9ho chodn\u00edka,<\/li>\n<li>zaklada\u0165 ohe\u0148, t\u00e1bori\u0165, stanova\u0165, zne\u010dis\u0165ova\u0165 \u00fazemie odpadkami a odpadmi,<\/li>\n<li>zbiera\u0165 rastliny, vr\u00e1tane ich plodov,<\/li>\n<li>chyta\u0165, usmrti\u0165 alebo lovi\u0165 \u017eivo\u010d\u00edcha,<\/li>\n<li>ru\u0161i\u0165 pokoj a ticho.<\/li>\n<\/ul>\n<h2 dir=\"auto\"><span style=\"color: #800000;\">Ako sa dosta\u0165 na <strong>\u0160imonku<\/strong> a ak\u00e9 s\u00fa turistick\u00e9 trasy?<\/span><\/h2>\n<p dir=\"auto\"><strong>\u0160imonka<\/strong> je \u010dast\u00fdm turistick\u00fdm cie\u013eom. <strong>Via\u017eu sa k nej tri sedl\u00e1:<\/strong> na severoz\u00e1pade sedlo <strong>\u010cerven\u00e1 ml\u00e1ka (855 m n. m.)<\/strong>, na v\u00fdchode sedlo <strong>Obracan\u00e1 stud\u0148a (845 m n. m.)<\/strong> a na juhu sedlo <strong>Grimov laz (943 m n. m.)<\/strong>.<\/p>\n<p dir=\"auto\">Od sedla Grimov laz vedie po strmom a kamenistom ter\u00e9ne na vrchol <strong>\u0160imonky <img loading=\"lazy\" decoding=\"async\" class=\"alignnone size-full wp-image-21625\" src=\"https:\/\/www.keturist.sk\/info\/wp-content\/uploads\/2013\/11\/zlta.png\" alt=\"\" width=\"20\" height=\"21\" srcset=\"https:\/\/www.keturist.sk\/info\/wp-content\/uploads\/2013\/11\/zlta.png 20w, https:\/\/www.keturist.sk\/info\/wp-content\/uploads\/2013\/11\/zlta-19x20.png 19w\" sizes=\"auto, (max-width: 20px) 100vw, 20px\" \/><\/strong> \u017elt\u00e1 turistick\u00e1 zna\u010dka. V\u00fdstup po \u017eltej trv\u00e1 cca 30 min\u00fat.<\/p>\n<p dir=\"auto\">Po\u010das v\u00fdstupu po <img loading=\"lazy\" decoding=\"async\" class=\"alignnone size-full wp-image-21625\" src=\"https:\/\/www.keturist.sk\/info\/wp-content\/uploads\/2013\/11\/zlta.png\" alt=\"\" width=\"20\" height=\"21\" srcset=\"https:\/\/www.keturist.sk\/info\/wp-content\/uploads\/2013\/11\/zlta.png 20w, https:\/\/www.keturist.sk\/info\/wp-content\/uploads\/2013\/11\/zlta-19x20.png 19w\" sizes=\"auto, (max-width: 20px) 100vw, 20px\" \/> \u017eltej turistickej zna\u010dke sa naskyt\u00e1 poh\u013ead na najvy\u0161\u0161iu stavbu na Slovensku \u2013 r\u00e1diov\u00fd a telev\u00edzny <strong>vysiela\u010d Dubn\u00edk<\/strong> vysok\u00fd 318 metrov.<\/p>\n<p dir=\"auto\">Naj\u013eah\u0161\u00ed je v\u00fdstup z obce Zlat\u00e1 Ba\u0148a po <img loading=\"lazy\" decoding=\"async\" class=\"alignnone size-full wp-image-21626\" src=\"https:\/\/www.keturist.sk\/info\/wp-content\/uploads\/2013\/11\/zelena.png\" alt=\"\" width=\"20\" height=\"21\" \/> zelenej a n\u00e1sledne <img loading=\"lazy\" decoding=\"async\" class=\"alignnone size-full wp-image-21625\" src=\"https:\/\/www.keturist.sk\/info\/wp-content\/uploads\/2013\/11\/zlta.png\" alt=\"\" width=\"20\" height=\"21\" srcset=\"https:\/\/www.keturist.sk\/info\/wp-content\/uploads\/2013\/11\/zlta.png 20w, https:\/\/www.keturist.sk\/info\/wp-content\/uploads\/2013\/11\/zlta-19x20.png 19w\" sizes=\"auto, (max-width: 20px) 100vw, 20px\" \/> \u017eltej turistickej zna\u010dke.<\/p>\n<p dir=\"auto\">Z\u00e1padn\u00fdmi svahmi prech\u00e1dza <img loading=\"lazy\" decoding=\"async\" class=\"alignnone size-full wp-image-21433\" src=\"https:\/\/www.keturist.sk\/info\/wp-content\/uploads\/2013\/11\/cervena-1.png\" alt=\"\" width=\"20\" height=\"21\" \/> \u010dervene zna\u010den\u00e1 Medzin\u00e1rodn\u00e1 dia\u013ekov\u00e1 turistick\u00e1 trasa E3, ved\u00faca hlavn\u00fdm hrebe\u0148om <strong>Slansk\u00fdch vrchov<\/strong>.<\/p>\n<h3 dir=\"auto\"><span style=\"color: #808000;\">Zna\u010dkovan\u00e9 trasy na <strong>\u0160imonku<\/strong>:<\/span><\/h3>\n<ul dir=\"auto\">\n<li>Po <img loading=\"lazy\" decoding=\"async\" class=\"alignnone size-full wp-image-21627\" src=\"https:\/\/www.keturist.sk\/info\/wp-content\/uploads\/2013\/11\/modra.png\" alt=\"\" width=\"20\" height=\"21\" \/> modrej turistickej\u00a0zna\u010dke z obce \u010cervenica cez r\u00e1zcestie Za Dubn\u00edkom, odtia\u013e po zna\u010dke cez sedlo Grimov laz (943 m n. m.) a cez r\u00e1zcestie Pod \u0160imonkou, odtia\u013e po zna\u010dke na vrchol, trvanie: \u2191 3:15 h, \u2193 2:30 h, prev\u00fd\u0161enie: 626 m.<\/li>\n<li>Po <img loading=\"lazy\" decoding=\"async\" class=\"alignnone size-full wp-image-21627\" src=\"https:\/\/www.keturist.sk\/info\/wp-content\/uploads\/2013\/11\/modra.png\" alt=\"\" width=\"20\" height=\"21\" \/> modrej turistickej zna\u010dke z obce Hermanovce nad Top\u013eou cez sedlo Grimov laz (943 m n. m.), odtia\u013e po zna\u010dke cez r\u00e1zcestie Pod \u0160imonkou na vrchol, trvanie: \u2191 3:40 h, \u2193 3:25 h, prev\u00fd\u0161enie: 812 m.<\/li>\n<li>Po <img loading=\"lazy\" decoding=\"async\" class=\"alignnone size-full wp-image-21625\" src=\"https:\/\/www.keturist.sk\/info\/wp-content\/uploads\/2013\/11\/zlta.png\" alt=\"\" width=\"20\" height=\"21\" srcset=\"https:\/\/www.keturist.sk\/info\/wp-content\/uploads\/2013\/11\/zlta.png 20w, https:\/\/www.keturist.sk\/info\/wp-content\/uploads\/2013\/11\/zlta-19x20.png 19w\" sizes=\"auto, (max-width: 20px) 100vw, 20px\" \/> \u017eltej turistickej zna\u010dke z obce Petrovce cez r\u00e1zcestie L\u00faka za Obl\u00edkom, odtia\u013e po zna\u010dke cez r\u00e1zcestie Hermanovsk\u00fd hrebe\u0148, odtia\u013e po zna\u010dke cez r\u00e1zcestie Pod \u0160imonkou, odtia\u013e po zna\u010dke na vrchol, trvanie: \u2191 4:15 h, \u2193 3:05 h, prev\u00fd\u0161enie: 782 m.<\/li>\n<li>Po <img loading=\"lazy\" decoding=\"async\" class=\"alignnone size-full wp-image-21626\" src=\"https:\/\/www.keturist.sk\/info\/wp-content\/uploads\/2013\/11\/zelena.png\" alt=\"\" width=\"20\" height=\"21\" \/> zelenej turistickej zna\u010dke od smerovn\u00edka Slan\u00fd potok za obcou Rudlov cez r\u00e1zcestie Javorov\u00e1, odtia\u013e po zna\u010dke cez r\u00e1zcestie Pod Praporcom, odtia\u013e po zna\u010dke cez sedlo Grimov laz (943 m n. m.), odtia\u013e po zna\u010dke cez r\u00e1zcestie Pod \u0160imonkou na vrchol, trvanie: \u2191 2:50 h, \u2193 2:05 h, prev\u00fd\u0161enie: 891 m.<\/li>\n<li>Po <img loading=\"lazy\" decoding=\"async\" class=\"alignnone size-full wp-image-21627\" src=\"https:\/\/www.keturist.sk\/info\/wp-content\/uploads\/2013\/11\/modra.png\" alt=\"\" width=\"20\" height=\"21\" \/> modrej turistickej zna\u010dke z obce Z\u00e1mutov cez r\u00e1zcestie Pod Praporcom, odtia\u013e po zna\u010dke cez sedlo Grimov laz (943 m n. m.), odtia\u013e po zna\u010dke cez r\u00e1zcestie Pod \u0160imonkou na vrchol, trvanie: \u2191 4:15 h, \u2193 3:00 h, prev\u00fd\u0161enie: 818 m.<\/li>\n<li>Po <img loading=\"lazy\" decoding=\"async\" class=\"alignnone size-full wp-image-21626\" src=\"https:\/\/www.keturist.sk\/info\/wp-content\/uploads\/2013\/11\/zelena.png\" alt=\"\" width=\"20\" height=\"21\" \/> zelenej turistickej zna\u010dke z obce Zlat\u00e1 Ba\u0148a cez sedlo Grimov laz (943 m n. m.), odtia\u013e po zna\u010dke cez r\u00e1zcestie Pod \u0160imonkou na vrchol, trvanie: \u2191 1:40 h, \u2193 1:00 h, prev\u00fd\u0161enie: 502 m.<\/li>\n<\/ul>\n<h2><span style=\"color: #800000;\">Fotogal\u00e9ria<\/span><\/h2>\n<style type=\"text\/css\">\n#foogallery-gallery-72464 .fg-image { width: 200px; }<\/style>\n\t\t\t<div class=\"foogallery foogallery-container foogallery-carousel foogallery-lightbox-foogallery fg-carousel fg-ready fg-light fg-border-medium fg-round-small fg-shadow-medium fg-loading-default fg-loaded-fade-in fg-hover-semi-zoomed fg-hover-fade fg-hover-circle-plus2\" id=\"foogallery-gallery-72464\" data-foogallery=\"{&quot;item&quot;:{&quot;showCaptionTitle&quot;:true,&quot;showCaptionDescription&quot;:true},&quot;lazy&quot;:true,&quot;template&quot;:{&quot;maxItems&quot;:5,&quot;scale&quot;:0.11999999999999999555910790149937383830547332763671875,&quot;gutter&quot;:{&quot;min&quot;:-40,&quot;max&quot;:-20,&quot;unit&quot;:&quot;%&quot;},&quot;autoplay&quot;:{&quot;time&quot;:0,&quot;interaction&quot;:&quot;pause&quot;},&quot;centerOnClick&quot;:true,&quot;align&quot;:&quot;center&quot;,&quot;activePosition&quot;:&quot;center&quot;}}\" data-foogallery-lightbox=\"{&quot;thumbs&quot;:&quot;bottom&quot;,&quot;thumbsCaptions&quot;:false,&quot;thumbsBestFit&quot;:false,&quot;thumbsSmall&quot;:false,&quot;thumbsCaptionsAlign&quot;:&quot;default&quot;,&quot;info&quot;:&quot;bottom&quot;,&quot;infoVisible&quot;:true,&quot;infoOverlay&quot;:true,&quot;infoAlign&quot;:&quot;default&quot;,&quot;transition&quot;:&quot;fade&quot;,&quot;hoverButtons&quot;:false,&quot;fitMedia&quot;:false,&quot;noScrollbars&quot;:true,&quot;preserveButtonSpace&quot;:true,&quot;buttons&quot;:{&quot;fullscreen&quot;:true,&quot;info&quot;:true,&quot;thumbs&quot;:false},&quot;video&quot;:{&quot;autoPlay&quot;:true}}\" style=\"--fg-title-line-clamp: 1; --fg-description-line-clamp: 2;\" >\n\t<button type=\"button\" class=\"fg-carousel-prev\" title=\"Previous\"><\/button>\n\t<div class=\"fg-carousel-inner\">\n\t\t<div class=\"fg-carousel-center\"><\/div>\n\t\t<div class=\"fg-item fg-type-image fg-idle\"><figure class=\"fg-item-inner\"><a href=\"https:\/\/www.keturist.sk\/info\/wp-content\/uploads\/2020\/12\/simonka-vyhlad.jpg\" data-caption-title=\"\u0160imonka (1092 m n.m.)\" data-caption-desc=\"v\u00fdh\u013ead zo \u0160imonky (1092 m n.m.), Zdroj foto: Muro Miron Jesensky (www.eastern-slovakia.com)\" data-attachment-id=\"37128\" data-type=\"image\" class=\"fg-thumb\"><span class=\"fg-image-wrap\"><img decoding=\"async\" alt=\"\u0160imonka (1092 m n.m.)\" title=\"\u0160imonka (1092 m n.m.)\" width=\"200\" height=\"200\" class=\"skip-lazy fg-image\" data-src-fg=\"https:\/\/www.keturist.sk\/info\/wp-content\/uploads\/cache\/2020\/12\/simonka-vyhlad\/4142257583.jpg\" src=\"data:image\/svg+xml,%3Csvg%20xmlns%3D%22http%3A%2F%2Fwww.w3.org%2F2000%2Fsvg%22%20width%3D%22200%22%20height%3D%22200%22%20viewBox%3D%220%200%20200%20200%22%3E%3C%2Fsvg%3E\" loading=\"eager\"><\/span><span class=\"fg-image-overlay\"><\/span><\/a><figcaption class=\"fg-caption\"><div class=\"fg-caption-inner\"><div class=\"fg-caption-title\">\u0160imonka (1092 m n.m.)<\/div><div class=\"fg-caption-desc\">v\u00fdh\u013ead zo \u0160imonky (1092 m n.m.), Zdroj foto: Muro Miron Jesensky (www.eastern-slovakia.com)<\/div><\/div><\/figcaption><\/figure><div class=\"fg-loader\"><\/div><\/div><div class=\"fg-item fg-type-image fg-idle\"><figure class=\"fg-item-inner\"><a href=\"https:\/\/www.keturist.sk\/info\/wp-content\/uploads\/2020\/12\/simonka4.jpg\" data-caption-title=\"\u0160imonka (1092 m n.m.)\" data-caption-desc=\"\u0160imonka (1092 m n.m.). fotograf: Marcin\u010din Jozef\" data-attachment-id=\"36159\" data-type=\"image\" class=\"fg-thumb\"><span class=\"fg-image-wrap\"><img decoding=\"async\" alt=\"\u0160imonka (1092 m n.m.)\" title=\"\u0160imonka (1092 m n.m.)\" width=\"200\" height=\"200\" class=\"skip-lazy fg-image\" data-src-fg=\"https:\/\/www.keturist.sk\/info\/wp-content\/uploads\/cache\/2020\/12\/simonka4\/4030886753.jpg\" src=\"data:image\/svg+xml,%3Csvg%20xmlns%3D%22http%3A%2F%2Fwww.w3.org%2F2000%2Fsvg%22%20width%3D%22200%22%20height%3D%22200%22%20viewBox%3D%220%200%20200%20200%22%3E%3C%2Fsvg%3E\" loading=\"eager\"><\/span><span class=\"fg-image-overlay\"><\/span><\/a><figcaption class=\"fg-caption\"><div class=\"fg-caption-inner\"><div class=\"fg-caption-title\">\u0160imonka (1092 m n.m.)<\/div><div class=\"fg-caption-desc\">\u0160imonka (1092 m n.m.). fotograf: Marcin\u010din Jozef<\/div><\/div><\/figcaption><\/figure><div class=\"fg-loader\"><\/div><\/div><div class=\"fg-item fg-type-image fg-idle\"><figure class=\"fg-item-inner\"><a href=\"https:\/\/www.keturist.sk\/info\/wp-content\/uploads\/2020\/12\/simonka.jpg\" data-caption-title=\"\u0160imonka (1092 m n.m.)\" data-caption-desc=\"Zdroj foto: Muro Miron Jesensky (www.eastern-slovakia.com)\" data-attachment-id=\"37127\" data-type=\"image\" class=\"fg-thumb\"><span class=\"fg-image-wrap\"><img decoding=\"async\" alt=\"\u0160imonka (1092 m n.m.)\" title=\"\u0160imonka (1092 m n.m.)\" width=\"200\" height=\"200\" class=\"skip-lazy fg-image\" data-src-fg=\"https:\/\/www.keturist.sk\/info\/wp-content\/uploads\/cache\/2020\/12\/simonka\/240953753.jpg\" src=\"data:image\/svg+xml,%3Csvg%20xmlns%3D%22http%3A%2F%2Fwww.w3.org%2F2000%2Fsvg%22%20width%3D%22200%22%20height%3D%22200%22%20viewBox%3D%220%200%20200%20200%22%3E%3C%2Fsvg%3E\" loading=\"eager\"><\/span><span class=\"fg-image-overlay\"><\/span><\/a><figcaption class=\"fg-caption\"><div class=\"fg-caption-inner\"><div class=\"fg-caption-title\">\u0160imonka (1092 m n.m.)<\/div><div class=\"fg-caption-desc\">Zdroj foto: Muro Miron Jesensky (www.eastern-slovakia.com)<\/div><\/div><\/figcaption><\/figure><div class=\"fg-loader\"><\/div><\/div><div class=\"fg-item fg-type-image fg-idle\"><figure class=\"fg-item-inner\"><a href=\"https:\/\/www.keturist.sk\/info\/wp-content\/uploads\/2020\/12\/simonka3.jpg\" data-caption-title=\"\u0160imonka (1092 m n.m.). fotograf: Marcin\u010din Jozef\" data-caption-desc=\"\u0160imonka (1092 m n.m.). fotograf: Marcin\u010din Jozef\" data-attachment-id=\"36158\" data-type=\"image\" class=\"fg-thumb\"><span class=\"fg-image-wrap\"><img decoding=\"async\" alt=\"\u0160imonka (1092 m n.m.)\" title=\"\u0160imonka (1092 m n.m.). fotograf: Marcin\u010din Jozef\" width=\"200\" height=\"200\" class=\"skip-lazy fg-image\" data-src-fg=\"https:\/\/www.keturist.sk\/info\/wp-content\/uploads\/cache\/2020\/12\/simonka3\/2207728088.jpg\" src=\"data:image\/svg+xml,%3Csvg%20xmlns%3D%22http%3A%2F%2Fwww.w3.org%2F2000%2Fsvg%22%20width%3D%22200%22%20height%3D%22200%22%20viewBox%3D%220%200%20200%20200%22%3E%3C%2Fsvg%3E\" loading=\"eager\"><\/span><span class=\"fg-image-overlay\"><\/span><\/a><figcaption class=\"fg-caption\"><div class=\"fg-caption-inner\"><div class=\"fg-caption-title\">\u0160imonka (1092 m n.m.). fotograf: Marcin\u010din Jozef<\/div><div class=\"fg-caption-desc\">\u0160imonka (1092 m n.m.). fotograf: Marcin\u010din Jozef<\/div><\/div><\/figcaption><\/figure><div class=\"fg-loader\"><\/div><\/div>\t<\/div>\n\t<div class=\"fg-carousel-bottom\"><\/div>\n\t<div class=\"fg-carousel-progress\"><\/div>\n\t<button type=\"button\" class=\"fg-carousel-next\" title=\"Next\"><\/button>\n<\/div>\n<h2><span style=\"color: #800000;\">Mapy<\/span><\/h2>\n<p><strong>Vrstvy: <\/strong>Turistick\u00e1 mapa, Automapa, Cyklomapa, Ly\u017eiarska mapa, Satelitn\u00e1 mapa a OpenStreetMap.<\/p>\n<p><strong>Kliknut\u00edm na logo &#8222;Freemap.sk&#8220; sa V\u00e1m mapa zobraz\u00ed na celej ploche obrazovky.<\/strong><\/p>\n<p><iframe style=\"width: 800px; height: 500px; border: 0;\" src=\"https:\/\/www.freemap.sk\/?map=15\/48.945095\/21.467307&amp;info-point=48.945095\/21.467307,\u0160imonka (1092 m n.m.)&amp;layers=T&amp;embed=search\" allowfullscreen=\"allowfullscreen\"><\/iframe><\/p>\n<h2><span style=\"color: #800000;\">Po\u010dasie<\/span><\/h2>\n<p><iframe style=\"width: 800px; height: 612px;\" src=\"https:\/\/www.meteoblue.com\/sk\/po%C4%8Dasie\/widget\/three\/simonka_slovensk%c3%a1-republika_723617?geoloc=fixed&amp;nocurrent=0&amp;noforecast=0&amp;days=5&amp;tempunit=CELSIUS&amp;windunit=KILOMETER_PER_HOUR&amp;layout=image\" frameborder=\"0\" scrolling=\"NO\" sandbox=\"allow-same-origin allow-scripts allow-popups allow-popups-to-escape-sandbox\"><\/iframe><\/p>\n<div><!-- DO NOT REMOVE THIS LINK --><a href=\"https:\/\/www.meteoblue.com\/sk\/po%C4%8Dasie\/predpove%C4%8F\/t%C3%BD%C5%BEde%C5%88\/simonka_slovensk%c3%a1-republika_723617?utm_source=weather_widget&amp;utm_medium=linkus&amp;utm_content=three&amp;utm_campaign=Weather%2BWidget\" target=\"_blank\" rel=\"noopener noreferrer\">meteoblue<\/a><\/div>\n<p><strong>Zdroj foto: <\/strong> <a href=\"http:\/\/www.eastern-slovakia.com\/\" target=\"_blank\" rel=\"noopener noreferrer\"> Muro Miron Jesensky (www.eastern-slovakia.com)<\/a><\/p>\n","protected":false},"excerpt":{"rendered":"<p>Podkateg\u00f3ria: Lokaliz\u00e1cia: Slansk\u00e9 vrchy Kde presne sa nach\u00e1dza \u0160imonka a ak\u00e1 je jej poloha? \u0160imonka je najvy\u0161\u0161\u00ed vrch Slansk\u00fdch vrchov s nadmorskou v\u00fd\u0161kou 1092 m n. m. Nach\u00e1dza sa v [&hellip;]<\/p>\n","protected":false},"author":1,"featured_media":37127,"parent":0,"menu_order":0,"comment_status":"closed","ping_status":"closed","template":"","meta":{"_uag_custom_page_level_css":"","_monsterinsights_skip_tracking":false,"_monsterinsights_sitenote_active":false,"_monsterinsights_sitenote_note":"","_monsterinsights_sitenote_category":0,"footnotes":""},"class_list":["post-2636","page","type-page","status-publish","has-post-thumbnail","hentry"],"featured_image_src":"https:\/\/www.keturist.sk\/info\/wp-content\/uploads\/2020\/12\/simonka.jpg","featured_image_src_square":"https:\/\/www.keturist.sk\/info\/wp-content\/uploads\/2020\/12\/simonka.jpg","rbea_author_info":{"display_name":"admin","author_link":"https:\/\/www.keturist.sk\/info\/author\/admin\/"},"rbea_excerpt_info":"Podkateg\u00f3ria: Lokaliz\u00e1cia: Slansk\u00e9 vrchy Kde presne sa nach\u00e1dza \u0160imonka a ak\u00e1 je jej poloha? \u0160imonka je najvy\u0161\u0161\u00ed vrch Slansk\u00fdch vrchov s nadmorskou v\u00fd\u0161kou 1092 m n. m. Nach\u00e1dza sa v [&hellip;]","uagb_featured_image_src":{"full":["https:\/\/www.keturist.sk\/info\/wp-content\/uploads\/2020\/12\/simonka.jpg",800,530,false],"thumbnail":["https:\/\/www.keturist.sk\/info\/wp-content\/uploads\/2020\/12\/simonka-270x180.jpg",270,180,true],"medium":["https:\/\/www.keturist.sk\/info\/wp-content\/uploads\/2020\/12\/simonka.jpg",800,530,false],"medium_large":["https:\/\/www.keturist.sk\/info\/wp-content\/uploads\/2020\/12\/simonka-768x509.jpg",768,509,true],"large":["https:\/\/www.keturist.sk\/info\/wp-content\/uploads\/2020\/12\/simonka.jpg",800,530,false],"1536x1536":["https:\/\/www.keturist.sk\/info\/wp-content\/uploads\/2020\/12\/simonka.jpg",800,530,false],"2048x2048":["https:\/\/www.keturist.sk\/info\/wp-content\/uploads\/2020\/12\/simonka.jpg",800,530,false]},"uagb_author_info":{"display_name":"admin","author_link":"https:\/\/www.keturist.sk\/info\/author\/admin\/"},"uagb_comment_info":0,"uagb_excerpt":"Podkateg\u00f3ria: Lokaliz\u00e1cia: Slansk\u00e9 vrchy Kde presne sa nach\u00e1dza \u0160imonka a ak\u00e1 je jej poloha? \u0160imonka je najvy\u0161\u0161\u00ed vrch Slansk\u00fdch vrchov s nadmorskou v\u00fd\u0161kou 1092 m n. m. Nach\u00e1dza sa v [&hellip;]","_links":{"self":[{"href":"https:\/\/www.keturist.sk\/info\/wp-json\/wp\/v2\/pages\/2636","targetHints":{"allow":["GET"]}}],"collection":[{"href":"https:\/\/www.keturist.sk\/info\/wp-json\/wp\/v2\/pages"}],"about":[{"href":"https:\/\/www.keturist.sk\/info\/wp-json\/wp\/v2\/types\/page"}],"author":[{"embeddable":true,"href":"https:\/\/www.keturist.sk\/info\/wp-json\/wp\/v2\/users\/1"}],"replies":[{"embeddable":true,"href":"https:\/\/www.keturist.sk\/info\/wp-json\/wp\/v2\/comments?post=2636"}],"version-history":[{"count":7,"href":"https:\/\/www.keturist.sk\/info\/wp-json\/wp\/v2\/pages\/2636\/revisions"}],"predecessor-version":[{"id":72467,"href":"https:\/\/www.keturist.sk\/info\/wp-json\/wp\/v2\/pages\/2636\/revisions\/72467"}],"wp:featuredmedia":[{"embeddable":true,"href":"https:\/\/www.keturist.sk\/info\/wp-json\/wp\/v2\/media\/37127"}],"wp:attachment":[{"href":"https:\/\/www.keturist.sk\/info\/wp-json\/wp\/v2\/media?parent=2636"}],"curies":[{"name":"wp","href":"https:\/\/api.w.org\/{rel}","templated":true}]}}