{"id":2575,"date":"2013-10-30T19:20:50","date_gmt":"2013-10-30T17:20:50","guid":{"rendered":"https:\/\/www.keturist.sk\/info\/?page_id=2575"},"modified":"2025-12-07T17:54:04","modified_gmt":"2025-12-07T16:54:04","slug":"vrch-cierna-hora-1025-m-n-m-a-rozsypana-skala","status":"publish","type":"page","link":"https:\/\/www.keturist.sk\/info\/vrch-cierna-hora-1025-m-n-m-a-rozsypana-skala\/","title":{"rendered":"Vrch \u010cierna hora (1025 m n. m.)"},"content":{"rendered":"<a href=\"https:\/\/www.keturist.sk\/info\/\" class=\"su-button su-button-style-default\" style=\"color:#000000;background-color:#FFCF2F;border-color:#cca626;border-radius:5px\" target=\"_self\"><span style=\"color:#000000;padding:6px 16px;font-size:13px;line-height:20px;border-color:#ffde6e;border-radius:5px;text-shadow:none\"><i class=\"sui sui-arrow-right\" style=\"font-size:13px;color:#000000\"><\/i>  Spravodaj <\/span><\/a>\n<a href=\"https:\/\/www.keturist.sk\/info\/tipy-na-vylety\/\" class=\"su-button su-button-style-default\" style=\"color:#000000;background-color:#FFCF2F;border-color:#cca626;border-radius:5px\" target=\"_self\"><span style=\"color:#000000;padding:6px 16px;font-size:13px;line-height:20px;border-color:#ffde6e;border-radius:5px;text-shadow:none\"><i class=\"sui sui-arrow-right\" style=\"font-size:13px;color:#000000\"><\/i>  TIPY NA V\u00ddLETY <\/span><\/a>\n<a href=\"https:\/\/www.keturist.sk\/info\/kam-do-prirody\/\" class=\"su-button su-button-style-default\" style=\"color:#000000;background-color:#FFCF2F;border-color:#cca626;border-radius:5px\" target=\"_self\"><span style=\"color:#000000;padding:6px 16px;font-size:13px;line-height:20px;border-color:#ffde6e;border-radius:5px;text-shadow:none\"><i class=\"sui sui-arrow-right\" style=\"font-size:13px;color:#000000\"><\/i>  Kam do pr\u00edrody <\/span><\/a>\n<a href=\"https:\/\/www.keturist.sk\/info\/kam-do-prirody\/kam-do-prirody-smer-cierna-hora\/\" class=\"su-button su-button-style-default\" style=\"color:#000000;background-color:#FFCF2F;border-color:#cca626;border-radius:5px\" target=\"_self\"><span style=\"color:#000000;padding:6px 16px;font-size:13px;line-height:20px;border-color:#ffde6e;border-radius:5px;text-shadow:none\"><i class=\"sui sui-arrow-right\" style=\"font-size:13px;color:#000000\"><\/i>  Smer \u010cierna hora <\/span><\/a>\n<div class=\"su-divider su-divider-style-default\" style=\"margin:15px 0;border-width:0px;border-color:#000000\"><\/div>\n<strong>Podkateg\u00f3ria: <\/strong> <a href=\"https:\/\/www.keturist.sk\/info\/kam-do-prirody\/kam-do-prirody-smer-cierna-hora\/vrchy-skaly-a-sedla\/\" class=\"su-button su-button-style-default\" style=\"color:#000000;background-color:#afd144;border-color:#8ca837;border-radius:5px\" target=\"_self\"><span style=\"color:#000000;padding:6px 16px;font-size:13px;line-height:20px;border-color:#c7df7d;border-radius:5px;text-shadow:none\"><i class=\"sui sui-arrow-right\" style=\"font-size:13px;color:#000000\"><\/i>  Vrchy, skaly a sedl\u00e1 <\/span><\/a>\n<p><strong>Lokaliz\u00e1cia: <\/strong><a href=\"https:\/\/www.keturist.sk\/info\/okolite-hory\/cierna-hora\/\">\u010cierna hora<\/a><br \/>\n<div class=\"su-divider su-divider-style-default\" style=\"margin:15px 0;border-width:2px;border-color:#000000\"><\/div>\n<figure id=\"attachment_36250\" aria-describedby=\"caption-attachment-36250\" style=\"width: 900px\" class=\"wp-caption aligncenter\"><a href=\"https:\/\/www.keturist.sk\/info\/wp-content\/uploads\/2020\/12\/cierna-hora-vrch.jpeg\"><img loading=\"lazy\" decoding=\"async\" class=\"wp-image-36250\" src=\"https:\/\/www.keturist.sk\/info\/wp-content\/uploads\/2020\/12\/cierna-hora-vrch-800x530.jpeg\" alt=\"Vrch \u010cierna hora (1025 m n. m.)\" width=\"900\" height=\"596\" srcset=\"https:\/\/www.keturist.sk\/info\/wp-content\/uploads\/2020\/12\/cierna-hora-vrch-800x530.jpeg 800w, https:\/\/www.keturist.sk\/info\/wp-content\/uploads\/2020\/12\/cierna-hora-vrch-270x180.jpeg 270w, https:\/\/www.keturist.sk\/info\/wp-content\/uploads\/2020\/12\/cierna-hora-vrch-768x509.jpeg 768w, https:\/\/www.keturist.sk\/info\/wp-content\/uploads\/2020\/12\/cierna-hora-vrch.jpeg 868w\" sizes=\"auto, (max-width: 900px) 100vw, 900px\" \/><\/a><figcaption id=\"caption-attachment-36250\" class=\"wp-caption-text\">Vrch \u010cierna hora, Zdroj foto: Muro Miron Jesensky (www.eastern-slovakia.com)<\/figcaption><\/figure>\n<div class=\"su-divider su-divider-style-default\" style=\"margin:15px 0;border-width:2px;border-color:#000000\"><\/div>\n<p dir=\"auto\"><strong>Vrch \u010cierna hora<\/strong> (1 025 m n. m.) je druh\u00fdm najvy\u0161\u0161\u00edm vrchom rovnomenn\u00e9ho pohoria a skuto\u010dnou perlou Slovensk\u00e9ho rudohoria. Ak h\u013ead\u00e1te menej preb\u00e1dan\u00fd, no o\u010daruj\u00faci cie\u013e s divokou pr\u00edrodou a panoramatick\u00fdmi v\u00fdh\u013eadmi, pr\u00e1ve ste ho na\u0161li.<\/p>\n<h2 dir=\"auto\"><span style=\"color: #800000;\">Kde presne sa nach\u00e1dza <strong>Vrch \u010cierna hora<\/strong>?<\/span><\/h2>\n<p dir=\"auto\"><strong>Vrch \u010cierna hora<\/strong> le\u017e\u00ed v okrese Gelnica, severne od obce Margecany a v\u00fdchodne od obce Kluknava. Geomorfologicky patr\u00ed do horsk\u00e9ho celku <strong>\u010cierna hora<\/strong> (podcelok Roh\u00e1\u010dka) v r\u00e1mci Slovensk\u00e9ho rudohoria.<\/p>\n<h2 dir=\"auto\"><span style=\"color: #800000;\">\u010co n\u00e1jdem priamo na vrchole <strong>\u010ciernej hory<\/strong>?<\/span><\/h2>\n<p dir=\"auto\">Na samotnom vrchole v\u00e1s priv\u00edta pr\u00edjemn\u00e1 \u010distinka s ohniskom, mohutn\u00e9 skaly a ve\u013ek\u00e9 roztr\u00fasen\u00e9 balvany dlh\u00e9 pribli\u017ene 50 metrov a vysok\u00e9 6 \u2013 20 metrov. Na skal\u00e1ch stoj\u00ed ve\u013ek\u00fd kovov\u00fd kr\u00ed\u017e s Kristom a dreven\u00e1 so\u0161ka pohanskej madony. Ide sk\u00f4r o <strong>\u010fakovn\u00e9 ne\u017e klasick\u00e9 p\u00fatnick\u00e9 miesto<\/strong>.<\/p>\n<h2 dir=\"auto\"><span style=\"color: #800000;\">Ak\u00e9 v\u00fdh\u013eady pon\u00faka <strong>Vrch \u010cierna hora<\/strong>?<\/span><\/h2>\n<p dir=\"auto\">Z vrcholu sa otv\u00e1raj\u00fa n\u00e1dhern\u00e9 kruhov\u00e9 v\u00fdh\u013eady:<\/p>\n<ul dir=\"auto\">\n<li>na severoz\u00e1pade pohorie <strong>Branisko<\/strong><\/li>\n<li>na severe pohorie <strong>\u010cergov<\/strong><\/li>\n<li>na severov\u00fdchode <strong>\u0160ari\u0161sk\u00e1 vrchovina<\/strong><\/li>\n<li>na v\u00fdchode <strong>Sl\u00e1nske vrchy<\/strong><\/li>\n<li>za v\u00fdborn\u00e9ho po\u010dasia dokonca vidno <strong>Belianske Tatry<\/strong><\/li>\n<\/ul>\n<h2 dir=\"auto\"><span style=\"color: #800000;\">\u010co je to <strong>Rozsypan\u00e1 skala<\/strong> a ako sa tam dostanem?<\/span><\/h2>\n<p dir=\"auto\">Len 3 min\u00faty po modrej turistickej zna\u010dke od vrcholu <strong>\u010ciernej hory<\/strong> smerom na severoz\u00e1pad naraz\u00edte na dominantn\u00fd skaln\u00fd mas\u00edv nazvan\u00fd <strong>Rozsypan\u00e1 skala<\/strong> (1 000 m n. m.). Ide o p\u00f4sobiv\u00e9 skaln\u00e9 bral\u00e1, kamene a balvany dlh\u00e9 okolo 150 metrov a vysok\u00e9 10 \u2013 30 metrov s n\u00e1dhern\u00fdmi v\u00fdh\u013eadmi na sever a severov\u00fdchod.<\/p>\n<h2 dir=\"auto\"><span style=\"color: #800000;\">D\u00e1 sa na <strong>\u010ciernej hore<\/strong> n\u00e1js\u0165 lesn\u00e9 ovocie a huby?<\/span><\/h2>\n<p dir=\"auto\">\u00c1no! Cel\u00fd hrebe\u0148 <strong>\u010ciernej hory<\/strong>, <strong>Rozsypanej skaly<\/strong> aj okolit\u00e9 lesy a l\u00faky s\u00fa v sez\u00f3ne doslova posiate <strong>\u010du\u010doriedkami<\/strong>, <strong>brusnicami<\/strong>, <strong>lesn\u00fdmi jahodami<\/strong>, <strong>\u010dernicami<\/strong>, <strong>malinami<\/strong>, hubami a mno\u017estvom lie\u010div\u00fdch i chr\u00e1nen\u00fdch rastl\u00edn.<\/p>\n<h2 dir=\"auto\"><span style=\"color: #800000;\">Kde sa d\u00e1 na <strong>\u010ciernej hore<\/strong> prespa\u0165 alebo aspo\u0148 odd\u00fdchnu\u0165?<\/span><\/h2>\n<p dir=\"auto\">Pribli\u017ene 20 min\u00fat pod vrcholom smerom na vrch Ko\u013evek (800 m n. m.) stoj\u00ed sympatick\u00e1 <strong>po\u013eovn\u00edcka chatka U smel\u00e9ho srnca<\/strong>. Pon\u00faka mo\u017enos\u0165 prespa\u0165 na verande alebo na povale, je tu ohnisko a studni\u010dka.<\/p>\n<h2 dir=\"auto\"><span style=\"color: #800000;\">Je v\u00fdstup na <strong>Vrch \u010cierna hora<\/strong> a skaly bezpe\u010dn\u00fd?<\/span><\/h2>\n<p dir=\"auto\"><span style=\"color: #ff0000;\">Na skal\u00e1ch hroz\u00ed po\u0161myknutie a nebezpe\u010denstvo \u00farazu!<\/span> Ke\u010f je mokro, sneh alebo \u013ead, n\u00e1v\u0161tevu sk\u00e1l <strong>rozhodne neodpor\u00fa\u010dame<\/strong>.<\/p>\n<h2><span style=\"color: #800000;\">Ako sa dosta\u0165 na vrch \u010cierna hora?<\/span><\/h2>\n<p>Pr\u00edstup na vrch je z obc\u00ed <a href=\"https:\/\/www.keturist.sk\/info\/smer-cierna-hora\/obec-margecany\/\">Margecany<\/a> (\u00a0<img loading=\"lazy\" decoding=\"async\" class=\"alignnone wp-image-21625 size-full\" src=\"https:\/\/www.keturist.sk\/info\/wp-content\/uploads\/2013\/11\/zlta.png\" alt=\"\" width=\"20\" height=\"21\" srcset=\"https:\/\/www.keturist.sk\/info\/wp-content\/uploads\/2013\/11\/zlta.png 20w, https:\/\/www.keturist.sk\/info\/wp-content\/uploads\/2013\/11\/zlta-19x20.png 19w\" sizes=\"auto, (max-width: 20px) 100vw, 20px\" \/> \u017elt\u00e1 zna\u010dka), <a href=\"https:\/\/www.keturist.sk\/info\/smer-cierna-hora\/obec-kluknava\/\">Kluknava<\/a> ( <img loading=\"lazy\" decoding=\"async\" class=\"alignnone wp-image-21627 size-full\" src=\"https:\/\/www.keturist.sk\/info\/wp-content\/uploads\/2013\/11\/modra.png\" alt=\"\" width=\"20\" height=\"21\" \/> modr\u00e1 zna\u010dka zo z\u00e1padu) a Klenov (\u00a0<img loading=\"lazy\" decoding=\"async\" class=\"alignnone wp-image-21627 size-full\" src=\"https:\/\/www.keturist.sk\/info\/wp-content\/uploads\/2013\/11\/modra.png\" alt=\"\" width=\"20\" height=\"21\" \/> modr\u00e1 zna\u010dka z v\u00fdchodu).<\/p>\n<p>V\u00fdstup z\u00a0<a href=\"https:\/\/www.keturist.sk\/info\/smer-cierna-hora\/obec-margecany\/\">Margecian<\/a> je ve\u013emi n\u00e1ro\u010dn\u00fd!!!<\/p>\n<h3><span style=\"color: #808000;\">Trasy<\/span><\/h3>\n<p><strong>Margecany \u2013 vrch \u010cierna hora a Rozs\u00fdpana skala<\/strong><br \/>\n<span class=\"edgeatext\">Margecany\u00a0 (330 m n.m.) \u2013 Roha\u010dka sedlo\u00a0 (900 m n.m.)<strong> 2:00 hod<\/strong> ( <img loading=\"lazy\" decoding=\"async\" class=\"alignnone wp-image-21625 size-full\" src=\"https:\/\/www.keturist.sk\/info\/wp-content\/uploads\/2013\/11\/zlta.png\" alt=\"\" width=\"20\" height=\"21\" srcset=\"https:\/\/www.keturist.sk\/info\/wp-content\/uploads\/2013\/11\/zlta.png 20w, https:\/\/www.keturist.sk\/info\/wp-content\/uploads\/2013\/11\/zlta-19x20.png 19w\" sizes=\"auto, (max-width: 20px) 100vw, 20px\" \/> \u017elt\u00e1 zna\u010dka)<br \/>\nRoha\u010dka sedlo\u00a0 (900 m n.m.) \u2013 Roh\u00e1\u010dka\u00a0(1028 m n.m.) <strong>0:30 hod<\/strong> ( <img loading=\"lazy\" decoding=\"async\" class=\"alignnone wp-image-21625 size-full\" src=\"https:\/\/www.keturist.sk\/info\/wp-content\/uploads\/2013\/11\/zlta.png\" alt=\"\" width=\"20\" height=\"21\" srcset=\"https:\/\/www.keturist.sk\/info\/wp-content\/uploads\/2013\/11\/zlta.png 20w, https:\/\/www.keturist.sk\/info\/wp-content\/uploads\/2013\/11\/zlta-19x20.png 19w\" sizes=\"auto, (max-width: 20px) 100vw, 20px\" \/> \u017elt\u00e1 zna\u010dka)<\/span><br \/>\n<span class=\"edgeatext\">Roh\u00e1\u010dka\u00a0(1028 m n.m.) <strong>&#8211; <\/strong>vrch \u010cierna hora a Rozs\u00fdpana skala (1025 m n.m.)\u00a0<strong>0:10 hod<\/strong> ( <img loading=\"lazy\" decoding=\"async\" class=\"alignnone wp-image-21625 size-full\" src=\"https:\/\/www.keturist.sk\/info\/wp-content\/uploads\/2013\/11\/zlta.png\" alt=\"\" width=\"20\" height=\"21\" srcset=\"https:\/\/www.keturist.sk\/info\/wp-content\/uploads\/2013\/11\/zlta.png 20w, https:\/\/www.keturist.sk\/info\/wp-content\/uploads\/2013\/11\/zlta-19x20.png 19w\" sizes=\"auto, (max-width: 20px) 100vw, 20px\" \/> \u017elt\u00e1 zna\u010dka).<br \/>\n<strong>V\u00fd\u0161kov\u00e9 prev\u00fd\u0161enie :<\/strong> 698 metrov<\/span><br \/>\n<strong>Celkov\u00fd \u010das trasy<\/strong>: 2:40 hod<\/p>\n<h2><span style=\"color: #800000;\">Fotogal\u00e9ria<\/span><\/h2>\n<style type=\"text\/css\">\n#foogallery-gallery-71938 .fg-image { width: 200px; }<\/style>\n\t\t\t<div class=\"foogallery foogallery-container foogallery-carousel foogallery-lightbox-foogallery fg-carousel fg-ready fg-light fg-border-medium fg-round-small fg-shadow-medium fg-loading-default fg-loaded-fade-in fg-hover-semi-zoomed fg-hover-fade fg-hover-circle-plus2\" id=\"foogallery-gallery-71938\" data-foogallery=\"{&quot;item&quot;:{&quot;showCaptionTitle&quot;:true,&quot;showCaptionDescription&quot;:true},&quot;lazy&quot;:true,&quot;template&quot;:{&quot;maxItems&quot;:5,&quot;scale&quot;:0.11999999999999999555910790149937383830547332763671875,&quot;gutter&quot;:{&quot;min&quot;:-40,&quot;max&quot;:-20,&quot;unit&quot;:&quot;%&quot;},&quot;autoplay&quot;:{&quot;time&quot;:0,&quot;interaction&quot;:&quot;pause&quot;},&quot;centerOnClick&quot;:true,&quot;align&quot;:&quot;center&quot;,&quot;activePosition&quot;:&quot;center&quot;}}\" data-foogallery-lightbox=\"{&quot;thumbs&quot;:&quot;bottom&quot;,&quot;thumbsCaptions&quot;:false,&quot;thumbsBestFit&quot;:false,&quot;thumbsSmall&quot;:false,&quot;thumbsCaptionsAlign&quot;:&quot;default&quot;,&quot;info&quot;:&quot;bottom&quot;,&quot;infoVisible&quot;:true,&quot;infoOverlay&quot;:true,&quot;infoAlign&quot;:&quot;default&quot;,&quot;transition&quot;:&quot;fade&quot;,&quot;hoverButtons&quot;:false,&quot;fitMedia&quot;:false,&quot;noScrollbars&quot;:true,&quot;preserveButtonSpace&quot;:true,&quot;buttons&quot;:{&quot;fullscreen&quot;:true,&quot;info&quot;:true,&quot;thumbs&quot;:false},&quot;video&quot;:{&quot;autoPlay&quot;:true}}\" style=\"--fg-title-line-clamp: 1; --fg-description-line-clamp: 2;\" >\n\t<button type=\"button\" class=\"fg-carousel-prev\" title=\"Previous\"><\/button>\n\t<div class=\"fg-carousel-inner\">\n\t\t<div class=\"fg-carousel-center\"><\/div>\n\t\t<div class=\"fg-item fg-type-image fg-idle\"><figure class=\"fg-item-inner\"><a href=\"https:\/\/www.keturist.sk\/info\/wp-content\/uploads\/2021\/02\/cierna-hora5.jpg\" data-attachment-id=\"38584\" data-type=\"image\" class=\"fg-thumb\"><span class=\"fg-image-wrap\"><img decoding=\"async\" alt=\"Vrch \u010cierna hora (1025 m n. m.)\" width=\"200\" height=\"200\" class=\"skip-lazy fg-image\" data-src-fg=\"https:\/\/www.keturist.sk\/info\/wp-content\/uploads\/cache\/2021\/02\/cierna-hora5\/1097021651.jpg\" src=\"data:image\/svg+xml,%3Csvg%20xmlns%3D%22http%3A%2F%2Fwww.w3.org%2F2000%2Fsvg%22%20width%3D%22200%22%20height%3D%22200%22%20viewBox%3D%220%200%20200%20200%22%3E%3C%2Fsvg%3E\" loading=\"eager\"><\/span><span class=\"fg-image-overlay\"><\/span><\/a><\/figure><div class=\"fg-loader\"><\/div><\/div><div class=\"fg-item fg-type-image fg-idle\"><figure class=\"fg-item-inner\"><a href=\"https:\/\/www.keturist.sk\/info\/wp-content\/uploads\/2020\/12\/cierna1.jpg\" data-attachment-id=\"36336\" data-type=\"image\" class=\"fg-thumb\"><span class=\"fg-image-wrap\"><img decoding=\"async\" alt=\"Vrch \u010cierna hora (1025 m n. m.)\" width=\"200\" height=\"200\" class=\"skip-lazy fg-image\" data-src-fg=\"https:\/\/www.keturist.sk\/info\/wp-content\/uploads\/cache\/2020\/12\/cierna1\/831893276.jpg\" src=\"data:image\/svg+xml,%3Csvg%20xmlns%3D%22http%3A%2F%2Fwww.w3.org%2F2000%2Fsvg%22%20width%3D%22200%22%20height%3D%22200%22%20viewBox%3D%220%200%20200%20200%22%3E%3C%2Fsvg%3E\" loading=\"eager\"><\/span><span class=\"fg-image-overlay\"><\/span><\/a><\/figure><div class=\"fg-loader\"><\/div><\/div><div class=\"fg-item fg-type-image fg-idle\"><figure class=\"fg-item-inner\"><a href=\"https:\/\/www.keturist.sk\/info\/wp-content\/uploads\/2020\/12\/cierna-hora-vrch.jpeg\" data-attachment-id=\"36250\" data-type=\"image\" class=\"fg-thumb\"><span class=\"fg-image-wrap\"><img decoding=\"async\" alt=\"Vrch \u010cierna hora (1025 m n. m.)\" width=\"200\" height=\"200\" class=\"skip-lazy fg-image\" data-src-fg=\"https:\/\/www.keturist.sk\/info\/wp-content\/uploads\/cache\/2020\/12\/cierna-hora-vrch\/2624040636.jpeg\" src=\"data:image\/svg+xml,%3Csvg%20xmlns%3D%22http%3A%2F%2Fwww.w3.org%2F2000%2Fsvg%22%20width%3D%22200%22%20height%3D%22200%22%20viewBox%3D%220%200%20200%20200%22%3E%3C%2Fsvg%3E\" loading=\"eager\"><\/span><span class=\"fg-image-overlay\"><\/span><\/a><\/figure><div class=\"fg-loader\"><\/div><\/div><div class=\"fg-item fg-type-image fg-idle\"><figure class=\"fg-item-inner\"><a href=\"https:\/\/www.keturist.sk\/info\/wp-content\/uploads\/2020\/12\/cierna-hora-vyhlad.jpeg\" data-attachment-id=\"36249\" data-type=\"image\" class=\"fg-thumb\"><span class=\"fg-image-wrap\"><img decoding=\"async\" alt=\"Vrch \u010cierna hora (1025 m n. m.)\" width=\"200\" height=\"200\" class=\"skip-lazy fg-image\" data-src-fg=\"https:\/\/www.keturist.sk\/info\/wp-content\/uploads\/cache\/2020\/12\/cierna-hora-vyhlad\/3482649230.jpeg\" src=\"data:image\/svg+xml,%3Csvg%20xmlns%3D%22http%3A%2F%2Fwww.w3.org%2F2000%2Fsvg%22%20width%3D%22200%22%20height%3D%22200%22%20viewBox%3D%220%200%20200%20200%22%3E%3C%2Fsvg%3E\" loading=\"eager\"><\/span><span class=\"fg-image-overlay\"><\/span><\/a><\/figure><div class=\"fg-loader\"><\/div><\/div>\t<\/div>\n\t<div class=\"fg-carousel-bottom\"><\/div>\n\t<div class=\"fg-carousel-progress\"><\/div>\n\t<button type=\"button\" class=\"fg-carousel-next\" title=\"Next\"><\/button>\n<\/div>\n<h2><span style=\"color: #800000;\">Zauj\u00edmav\u00e9 odkazy<\/span><\/h2>\n<h3><span style=\"color: #808000;\">Bl\u00edzke stredisko, turistick\u00e9 centrum, obec alebo mesto: <\/span><\/h3>\n<ul>\n<li><a href=\"https:\/\/www.keturist.sk\/info\/smer-cierna-hora\/obec-kluknava\/\">Kluknava &#8211; \u0160tef\u00e1nska huta (\u010d\u00edtaj viac&#8230;)<\/a><\/li>\n<\/ul>\n<ul>\n<li><a href=\"https:\/\/www.keturist.sk\/info\/smer-cierna-hora\/obec-margecany\/\">Obec Margecany (\u010d\u00edtaj viac&#8230;)<\/a><\/li>\n<\/ul>\n<h2><span style=\"color: #800000;\">Mapy<\/span><\/h2>\n<p><strong>Vrstvy: <\/strong>Turistick\u00e1 mapa, Automapa, Cyklomapa, Ly\u017eiarska mapa, Satelitn\u00e1 mapa a OpenStreetMap.<\/p>\n<p><strong>Kliknut\u00edm na logo &#8222;Freemap.sk&#8220; sa V\u00e1m mapa zobraz\u00ed na celej ploche obrazovky.<\/strong><\/p>\n<p><iframe style=\"width: 900px; height: 500px; border: 0;\" src=\"https:\/\/www.freemap.sk\/?map=14\/48.927265\/21.004701&amp;info-point=48.927265\/21.004701,\u010cierna Hora&amp;layers=X&amp;embed=search\" allowfullscreen=\"allowfullscreen\"><span data-mce-type=\"bookmark\" style=\"display: inline-block; width: 0px; overflow: hidden; line-height: 0;\" class=\"mce_SELRES_start\">\ufeff<\/span><\/iframe><\/p>\n<h2><span style=\"color: #800000;\">Po\u010dasie<\/span><\/h2>\n<p><iframe style=\"width: 900px; height: 607px;\" src=\"https:\/\/www.meteoblue.com\/sk\/po%C4%8Dasie\/widget\/three\/roh%c3%a1%c4%8dka_slovensk%c3%a1-republika_723732?geoloc=fixed&amp;nocurrent=0&amp;noforecast=0&amp;days=5&amp;tempunit=CELSIUS&amp;windunit=KILOMETER_PER_HOUR&amp;layout=image\" frameborder=\"0\" scrolling=\"NO\" sandbox=\"allow-same-origin allow-scripts allow-popups allow-popups-to-escape-sandbox\"><\/iframe><\/p>\n<div><!-- DO NOT REMOVE THIS LINK --><a href=\"https:\/\/www.meteoblue.com\/sk\/po%C4%8Dasie\/predpove%C4%8F\/t%C3%BD%C5%BEde%C5%88\/roh%c3%a1%c4%8dka_slovensk%c3%a1-republika_723732?utm_source=weather_widget&amp;utm_medium=linkus&amp;utm_content=three&amp;utm_campaign=Weather%2BWidget\" target=\"_blank\" rel=\"noopener noreferrer\">meteoblue<\/a><\/div>\n","protected":false},"excerpt":{"rendered":"<p>Podkateg\u00f3ria: Lokaliz\u00e1cia: \u010cierna hora Vrch \u010cierna hora (1 025 m n. m.) je druh\u00fdm najvy\u0161\u0161\u00edm vrchom rovnomenn\u00e9ho pohoria a skuto\u010dnou perlou Slovensk\u00e9ho rudohoria. Ak h\u013ead\u00e1te menej preb\u00e1dan\u00fd, no o\u010daruj\u00faci cie\u013e [&hellip;]<\/p>\n","protected":false},"author":1,"featured_media":36250,"parent":0,"menu_order":0,"comment_status":"closed","ping_status":"closed","template":"","meta":{"_uag_custom_page_level_css":"","_monsterinsights_skip_tracking":false,"_monsterinsights_sitenote_active":false,"_monsterinsights_sitenote_note":"","_monsterinsights_sitenote_category":0,"footnotes":""},"class_list":["post-2575","page","type-page","status-publish","has-post-thumbnail","hentry"],"featured_image_src":"https:\/\/www.keturist.sk\/info\/wp-content\/uploads\/2020\/12\/cierna-hora-vrch.jpeg","featured_image_src_square":"https:\/\/www.keturist.sk\/info\/wp-content\/uploads\/2020\/12\/cierna-hora-vrch.jpeg","rbea_author_info":{"display_name":"admin","author_link":"https:\/\/www.keturist.sk\/info\/author\/admin\/"},"rbea_excerpt_info":"Podkateg\u00f3ria: Lokaliz\u00e1cia: \u010cierna hora Vrch \u010cierna hora (1 025 m n. m.) je druh\u00fdm najvy\u0161\u0161\u00edm vrchom rovnomenn\u00e9ho pohoria a skuto\u010dnou perlou Slovensk\u00e9ho rudohoria. Ak h\u013ead\u00e1te menej preb\u00e1dan\u00fd, no o\u010daruj\u00faci cie\u013e [&hellip;]","uagb_featured_image_src":{"full":["https:\/\/www.keturist.sk\/info\/wp-content\/uploads\/2020\/12\/cierna-hora-vrch.jpeg",868,575,false],"thumbnail":["https:\/\/www.keturist.sk\/info\/wp-content\/uploads\/2020\/12\/cierna-hora-vrch-270x180.jpeg",270,180,true],"medium":["https:\/\/www.keturist.sk\/info\/wp-content\/uploads\/2020\/12\/cierna-hora-vrch-800x530.jpeg",800,530,true],"medium_large":["https:\/\/www.keturist.sk\/info\/wp-content\/uploads\/2020\/12\/cierna-hora-vrch-768x509.jpeg",768,509,true],"large":["https:\/\/www.keturist.sk\/info\/wp-content\/uploads\/2020\/12\/cierna-hora-vrch.jpeg",868,575,false],"1536x1536":["https:\/\/www.keturist.sk\/info\/wp-content\/uploads\/2020\/12\/cierna-hora-vrch.jpeg",868,575,false],"2048x2048":["https:\/\/www.keturist.sk\/info\/wp-content\/uploads\/2020\/12\/cierna-hora-vrch.jpeg",868,575,false]},"uagb_author_info":{"display_name":"admin","author_link":"https:\/\/www.keturist.sk\/info\/author\/admin\/"},"uagb_comment_info":0,"uagb_excerpt":"Podkateg\u00f3ria: Lokaliz\u00e1cia: \u010cierna hora Vrch \u010cierna hora (1 025 m n. m.) je druh\u00fdm najvy\u0161\u0161\u00edm vrchom rovnomenn\u00e9ho pohoria a skuto\u010dnou perlou Slovensk\u00e9ho rudohoria. Ak h\u013ead\u00e1te menej preb\u00e1dan\u00fd, no o\u010daruj\u00faci cie\u013e [&hellip;]","_links":{"self":[{"href":"https:\/\/www.keturist.sk\/info\/wp-json\/wp\/v2\/pages\/2575","targetHints":{"allow":["GET"]}}],"collection":[{"href":"https:\/\/www.keturist.sk\/info\/wp-json\/wp\/v2\/pages"}],"about":[{"href":"https:\/\/www.keturist.sk\/info\/wp-json\/wp\/v2\/types\/page"}],"author":[{"embeddable":true,"href":"https:\/\/www.keturist.sk\/info\/wp-json\/wp\/v2\/users\/1"}],"replies":[{"embeddable":true,"href":"https:\/\/www.keturist.sk\/info\/wp-json\/wp\/v2\/comments?post=2575"}],"version-history":[{"count":11,"href":"https:\/\/www.keturist.sk\/info\/wp-json\/wp\/v2\/pages\/2575\/revisions"}],"predecessor-version":[{"id":71939,"href":"https:\/\/www.keturist.sk\/info\/wp-json\/wp\/v2\/pages\/2575\/revisions\/71939"}],"wp:featuredmedia":[{"embeddable":true,"href":"https:\/\/www.keturist.sk\/info\/wp-json\/wp\/v2\/media\/36250"}],"wp:attachment":[{"href":"https:\/\/www.keturist.sk\/info\/wp-json\/wp\/v2\/media?parent=2575"}],"curies":[{"name":"wp","href":"https:\/\/api.w.org\/{rel}","templated":true}]}}