{"id":25256,"date":"2018-04-13T11:06:54","date_gmt":"2018-04-13T09:06:54","guid":{"rendered":"https:\/\/www.keturist.sk\/info\/?page_id=25256"},"modified":"2021-07-21T15:36:54","modified_gmt":"2021-07-21T13:36:54","slug":"naucny-chodnik-kavecany-hresna","status":"publish","type":"page","link":"https:\/\/www.keturist.sk\/info\/aktivity\/naucny-chodnik-kavecany-hresna\/","title":{"rendered":"N\u00e1u\u010dn\u00fd chodn\u00edk Kave\u010dany-Hre\u0161n\u00e1"},"content":{"rendered":"<a href=\"https:\/\/www.keturist.sk\/info\/\" class=\"su-button su-button-style-default\" style=\"color:#000000;background-color:#FFCF2F;border-color:#cca626;border-radius:5px\" target=\"_self\"><span style=\"color:#000000;padding:6px 16px;font-size:13px;line-height:20px;border-color:#ffde6e;border-radius:5px;text-shadow:none\"><i class=\"sui sui-arrow-right\" style=\"font-size:13px;color:#000000\"><\/i>  Spravodaj <\/span><\/a><a href=\"https:\/\/www.keturist.sk\/info\/tipy-na-vylety\/\" class=\"su-button su-button-style-default\" style=\"color:#000000;background-color:#FFCF2F;border-color:#cca626;border-radius:5px\" target=\"_self\"><span style=\"color:#000000;padding:6px 16px;font-size:13px;line-height:20px;border-color:#ffde6e;border-radius:5px;text-shadow:none\"><i class=\"sui sui-arrow-right\" style=\"font-size:13px;color:#000000\"><\/i>  Tipy na v\u00fdlety <\/span><\/a>\n<div class=\"su-divider su-divider-style-default\" style=\"margin:15px 0;border-width:0px;border-color:#000000\"><\/div>\n<strong>Podkateg\u00f3ria: <\/strong> <a href=\"https:\/\/www.keturist.sk\/info\/aktivity\/naucne-chodniky\/\" class=\"su-button su-button-style-default\" style=\"color:#000000;background-color:#afd144;border-color:#8ca837;border-radius:5px\" target=\"_self\"><span style=\"color:#000000;padding:6px 16px;font-size:13px;line-height:20px;border-color:#c7df7d;border-radius:5px;text-shadow:none\"><i class=\"sui sui-arrow-right\" style=\"font-size:13px;color:#000000\"><\/i>  Nau\u010dn\u00e9 chodn\u00edky <\/span><\/a>\n<div class=\"su-divider su-divider-style-default\" style=\"margin:15px 0;border-width:0px;border-color:#000000\"><\/div>\n<strong>Lokaliz\u00e1cia: <\/strong><a href=\"https:\/\/www.keturist.sk\/info\/okolite-hory\/cierna-hora\/\">\u010cierna hora<\/a><br \/>\n<div class=\"su-divider su-divider-style-default\" style=\"margin:15px 0;border-width:2px;border-color:#000000\"><\/div>\n<h3><span style=\"color: #808000;\">V\u0161eobecn\u00e9 inform\u00e1cie<\/span><\/h3>\n<p>N\u00e1u\u010dn\u00fd chodn\u00edk pribli\u017euje okolie mestskej \u010dasti <a href=\"https:\/\/www.keturist.sk\/info\/aktivity\/lyziarske-stredisko-kavecany\/\">Kave\u010dany<\/a> a zavedie V\u00e1s ku horskej <a href=\"https:\/\/www.keturist.sk\/info\/horske-chaty-a-utulne\/chata-hresna\/\">chate Hre\u0161n\u00e1<\/a>.<\/p>\n<figure id=\"attachment_37379\" aria-describedby=\"caption-attachment-37379\" style=\"width: 800px\" class=\"wp-caption aligncenter\"><a href=\"https:\/\/www.keturist.sk\/info\/wp-content\/uploads\/2020\/12\/hresna1.jpg\"><img loading=\"lazy\" decoding=\"async\" class=\"wp-image-37379 size-full\" src=\"https:\/\/www.keturist.sk\/info\/wp-content\/uploads\/2020\/12\/hresna1.jpg\" alt=\"\" width=\"800\" height=\"600\" srcset=\"https:\/\/www.keturist.sk\/info\/wp-content\/uploads\/2020\/12\/hresna1.jpg 800w, https:\/\/www.keturist.sk\/info\/wp-content\/uploads\/2020\/12\/hresna1-240x180.jpg 240w, https:\/\/www.keturist.sk\/info\/wp-content\/uploads\/2020\/12\/hresna1-768x576.jpg 768w\" sizes=\"auto, (max-width: 800px) 100vw, 800px\" \/><\/a><figcaption id=\"caption-attachment-37379\" class=\"wp-caption-text\">Chata Hre\u0161n\u00e1<\/figcaption><\/figure>\n<p>Odtia\u013e m\u00f4\u017eete pokra\u010dova\u0165 zna\u010den\u00fdmi turistick\u00fdmi chodn\u00edkmi \u00fazem\u00edm ko\u0161ick\u00fdch lesov a u\u017e\u00edva\u0165 si kr\u00e1su pr\u00edrody.<\/p>\n<figure id=\"attachment_37527\" aria-describedby=\"caption-attachment-37527\" style=\"width: 800px\" class=\"wp-caption aligncenter\"><a href=\"https:\/\/www.keturist.sk\/info\/wp-content\/uploads\/2020\/12\/nch2.jpg\"><img loading=\"lazy\" decoding=\"async\" class=\"wp-image-37527 size-medium\" src=\"https:\/\/www.keturist.sk\/info\/wp-content\/uploads\/2020\/12\/nch2-800x450.jpg\" alt=\"\" width=\"800\" height=\"450\" srcset=\"https:\/\/www.keturist.sk\/info\/wp-content\/uploads\/2020\/12\/nch2-800x450.jpg 800w, https:\/\/www.keturist.sk\/info\/wp-content\/uploads\/2020\/12\/nch2-270x152.jpg 270w, https:\/\/www.keturist.sk\/info\/wp-content\/uploads\/2020\/12\/nch2-768x432.jpg 768w, https:\/\/www.keturist.sk\/info\/wp-content\/uploads\/2020\/12\/nch2.jpg 1000w\" sizes=\"auto, (max-width: 800px) 100vw, 800px\" \/><\/a><figcaption id=\"caption-attachment-37527\" class=\"wp-caption-text\">N\u00e1u\u010dn\u00fd chodn\u00edk Kave\u010dany-Hre\u0161n\u00e1<\/figcaption><\/figure>\n<p>Trasa n\u00e1u\u010dn\u00e9ho chodn\u00edka m\u00e1 d\u013a\u017eku 2,2 km, prev\u00fd\u0161enie 130m a nach\u00e1dza sa na nej 8 zast\u00e1vok:<\/p>\n<p>1.) N\u00e1u\u010dn\u00fd chodn\u00edk Kave\u010dany &#8211; Hre\u0161n\u00e1<br \/>\n2.) Fauna a fl\u00f3ra<br \/>\n3.) Ako sa spr\u00e1va\u0165 v lese?<br \/>\n4.) Cesta hrdinov SNP<br \/>\n5.) Eur\u00f3pske dia\u013ekov\u00e9 turistick\u00e9 trasy<br \/>\n6.) Chata Hre\u0161n\u00e1<br \/>\n7.) Turistika v okol\u00ed I.<br \/>\n8.) Turistika v okol\u00ed II.<\/p>\n<h3><span style=\"color: #808000;\">Bl\u00edzke stredisko, turistick\u00e9 centrum, obec alebo mesto:<\/span><\/h3>\n<ul>\n<li><a href=\"https:\/\/www.keturist.sk\/info\/smer-cierna-hora\/mc-kavecany-a-stredisko-hresna\/\">M\u010c Kave\u010dany (\u010d\u00edtaj viac&#8230;)<\/a><\/li>\n<\/ul>\n<h3><strong><span style=\"color: #808000;\"><br \/>\nVideo<\/span><\/strong><\/h3>\n<div style=\"text-align: center;\"><iframe loading=\"lazy\" src=\"https:\/\/www.youtube.com\/embed\/xEl1m4C5G1U\" width=\"800\" height=\"415\" frameborder=\"0\" allowfullscreen=\"allowfullscreen\"><\/iframe><\/div>\n<h3><span style=\"color: #808000;\">Mapy<\/span><\/h3>\n<p><strong>Vrstvy: <\/strong>Turistick\u00e1 mapa, Automapa, Cyklomapa, Ly\u017eiarska mapa, Satelitn\u00e1 mapa a OpenStreetMap.<\/p>\n<p><strong>Kliknut\u00edm na logo &#8222;Freemap.sk&#8220; sa V\u00e1m mapa zobraz\u00ed na celej ploche obrazovky.<\/strong><\/p>\n<p><iframe style=\"width: 800px; height: 500px; border: 0;\" src=\"https:\/\/www.freemap.sk\/?map=15\/48.779470\/21.188121&amp;info-point=48.779470\/21.188121,Chata Hre\u0161n\u00e1&amp;layers=T&amp;embed=search\" allowfullscreen=\"allowfullscreen\"><\/iframe><\/p>\n<h3><span style=\"color: #808000;\">Po\u010dasie<\/span><\/h3>\n<p><iframe style=\"width: 800px; height: 617px;\" src=\"https:\/\/www.meteoblue.com\/sk\/po%C4%8Dasie\/widget\/three\/kave%c4%8dany_slovensk%c3%a1-republika_724516?geoloc=fixed&amp;nocurrent=0&amp;noforecast=0&amp;days=5&amp;tempunit=CELSIUS&amp;windunit=KILOMETER_PER_HOUR&amp;layout=image\" frameborder=\"0\" scrolling=\"NO\" sandbox=\"allow-same-origin allow-scripts allow-popups allow-popups-to-escape-sandbox\"><\/iframe><\/p>\n<div><!-- DO NOT REMOVE THIS LINK --><a href=\"https:\/\/www.meteoblue.com\/sk\/po%C4%8Dasie\/predpove%C4%8F\/t%C3%BD%C5%BEde%C5%88\/kave%c4%8dany_slovensk%c3%a1-republika_724516?utm_source=weather_widget&amp;utm_medium=linkus&amp;utm_content=three&amp;utm_campaign=Weather%2BWidget\" target=\"_blank\" rel=\"noopener noreferrer\">meteoblue<\/a><\/div>\n","protected":false},"excerpt":{"rendered":"<p>Podkateg\u00f3ria: Lokaliz\u00e1cia: \u010cierna hora V\u0161eobecn\u00e9 inform\u00e1cie N\u00e1u\u010dn\u00fd chodn\u00edk pribli\u017euje okolie mestskej \u010dasti Kave\u010dany a zavedie V\u00e1s ku horskej chate Hre\u0161n\u00e1. Odtia\u013e m\u00f4\u017eete pokra\u010dova\u0165 zna\u010den\u00fdmi turistick\u00fdmi chodn\u00edkmi \u00fazem\u00edm ko\u0161ick\u00fdch lesov a [&hellip;]<\/p>\n","protected":false},"author":1,"featured_media":0,"parent":258,"menu_order":0,"comment_status":"closed","ping_status":"closed","template":"","meta":{"_uag_custom_page_level_css":"","_monsterinsights_skip_tracking":false,"_monsterinsights_sitenote_active":false,"_monsterinsights_sitenote_note":"","_monsterinsights_sitenote_category":0,"footnotes":""},"class_list":["post-25256","page","type-page","status-publish","hentry"],"featured_image_src":"","featured_image_src_square":false,"rbea_author_info":{"display_name":"admin","author_link":"https:\/\/www.keturist.sk\/info\/author\/admin\/"},"rbea_excerpt_info":"Podkateg\u00f3ria: Lokaliz\u00e1cia: \u010cierna hora V\u0161eobecn\u00e9 inform\u00e1cie N\u00e1u\u010dn\u00fd chodn\u00edk pribli\u017euje okolie mestskej \u010dasti Kave\u010dany a zavedie V\u00e1s ku horskej chate Hre\u0161n\u00e1. Odtia\u013e m\u00f4\u017eete pokra\u010dova\u0165 zna\u010den\u00fdmi turistick\u00fdmi chodn\u00edkmi \u00fazem\u00edm ko\u0161ick\u00fdch lesov a [&hellip;]","uagb_featured_image_src":{"full":false,"thumbnail":false,"medium":false,"medium_large":false,"large":false,"1536x1536":false,"2048x2048":false},"uagb_author_info":{"display_name":"admin","author_link":"https:\/\/www.keturist.sk\/info\/author\/admin\/"},"uagb_comment_info":0,"uagb_excerpt":"Podkateg\u00f3ria: Lokaliz\u00e1cia: \u010cierna hora V\u0161eobecn\u00e9 inform\u00e1cie N\u00e1u\u010dn\u00fd chodn\u00edk pribli\u017euje okolie mestskej \u010dasti Kave\u010dany a zavedie V\u00e1s ku horskej chate Hre\u0161n\u00e1. Odtia\u013e m\u00f4\u017eete pokra\u010dova\u0165 zna\u010den\u00fdmi turistick\u00fdmi chodn\u00edkmi \u00fazem\u00edm ko\u0161ick\u00fdch lesov a [&hellip;]","_links":{"self":[{"href":"https:\/\/www.keturist.sk\/info\/wp-json\/wp\/v2\/pages\/25256","targetHints":{"allow":["GET"]}}],"collection":[{"href":"https:\/\/www.keturist.sk\/info\/wp-json\/wp\/v2\/pages"}],"about":[{"href":"https:\/\/www.keturist.sk\/info\/wp-json\/wp\/v2\/types\/page"}],"author":[{"embeddable":true,"href":"https:\/\/www.keturist.sk\/info\/wp-json\/wp\/v2\/users\/1"}],"replies":[{"embeddable":true,"href":"https:\/\/www.keturist.sk\/info\/wp-json\/wp\/v2\/comments?post=25256"}],"version-history":[{"count":5,"href":"https:\/\/www.keturist.sk\/info\/wp-json\/wp\/v2\/pages\/25256\/revisions"}],"predecessor-version":[{"id":40765,"href":"https:\/\/www.keturist.sk\/info\/wp-json\/wp\/v2\/pages\/25256\/revisions\/40765"}],"up":[{"embeddable":true,"href":"https:\/\/www.keturist.sk\/info\/wp-json\/wp\/v2\/pages\/258"}],"wp:attachment":[{"href":"https:\/\/www.keturist.sk\/info\/wp-json\/wp\/v2\/media?parent=25256"}],"curies":[{"name":"wp","href":"https:\/\/api.w.org\/{rel}","templated":true}]}}