{"id":2479,"date":"2013-10-27T16:07:21","date_gmt":"2013-10-27T14:07:21","guid":{"rendered":"https:\/\/www.keturist.sk\/info\/?page_id=2479"},"modified":"2025-12-30T09:44:13","modified_gmt":"2025-12-30T08:44:13","slug":"tatarkov-kriz-860-m-n-m","status":"publish","type":"page","link":"https:\/\/www.keturist.sk\/info\/tatarkov-kriz-860-m-n-m\/","title":{"rendered":"Tatarkov kr\u00ed\u017e (860 m n.m.)"},"content":{"rendered":"<a href=\"https:\/\/www.keturist.sk\/info\/\" class=\"su-button su-button-style-default\" style=\"color:#000000;background-color:#FFCF2F;border-color:#cca626;border-radius:5px\" target=\"_self\"><span style=\"color:#000000;padding:6px 16px;font-size:13px;line-height:20px;border-color:#ffde6e;border-radius:5px;text-shadow:none\"><i class=\"sui sui-arrow-right\" style=\"font-size:13px;color:#000000\"><\/i>  Spravodaj <\/span><\/a>\n<a href=\"https:\/\/www.keturist.sk\/info\/tipy-na-vylety\/\" class=\"su-button su-button-style-default\" style=\"color:#000000;background-color:#FFCF2F;border-color:#cca626;border-radius:5px\" target=\"_self\"><span style=\"color:#000000;padding:6px 16px;font-size:13px;line-height:20px;border-color:#ffde6e;border-radius:5px;text-shadow:none\"><i class=\"sui sui-arrow-right\" style=\"font-size:13px;color:#000000\"><\/i>  TIPY NA V\u00ddLETY <\/span><\/a>\n<a href=\"https:\/\/www.keturist.sk\/info\/kam-do-prirody\/\" class=\"su-button su-button-style-default\" style=\"color:#000000;background-color:#FFCF2F;border-color:#cca626;border-radius:5px\" target=\"_self\"><span style=\"color:#000000;padding:6px 16px;font-size:13px;line-height:20px;border-color:#ffde6e;border-radius:5px;text-shadow:none\"><i class=\"sui sui-arrow-right\" style=\"font-size:13px;color:#000000\"><\/i>  Kam do pr\u00edrody <\/span><\/a>\n<a href=\"https:\/\/www.keturist.sk\/info\/kam-do-prirody\/kam-do-prirody-smer-volovske-vrchy\/\" class=\"su-button su-button-style-default\" style=\"color:#000000;background-color:#FFCF2F;border-color:#cca626;border-radius:5px\" target=\"_self\"><span style=\"color:#000000;padding:6px 16px;font-size:13px;line-height:20px;border-color:#ffde6e;border-radius:5px;text-shadow:none\"><i class=\"sui sui-arrow-right\" style=\"font-size:13px;color:#000000\"><\/i>  Smer Volovsk\u00e9 vrchy <\/span><\/a>\n<div class=\"su-divider su-divider-style-default\" style=\"margin:15px 0;border-width:0px;border-color:#000000\"><\/div>\n<strong>Podkateg\u00f3ria: <\/strong> <a href=\"https:\/\/www.keturist.sk\/info\/kam-do-prirody\/kam-do-prirody-smer-volovske-vrchy\/vrchy-skaly-a-sedla\/\" class=\"su-button su-button-style-default\" style=\"color:#000000;background-color:#C5ED2C;border-color:#9ebe24;border-radius:5px\" target=\"_self\"><span style=\"color:#000000;padding:6px 16px;font-size:13px;line-height:20px;border-color:#d7f36c;border-radius:5px;text-shadow:none\"><i class=\"sui sui-arrow-right\" style=\"font-size:13px;color:#000000\"><\/i>  Vrchy, skaly a sedl\u00e1 <\/span><\/a>\n<p><strong>Lokaliz\u00e1cia: <\/strong><a href=\"https:\/\/www.keturist.sk\/info\/okolite-hory\/volovske-vrchy\/\">Volovsk\u00e9 vrchy<\/a><\/p>\n<div class=\"su-divider su-divider-style-default\" style=\"margin:15px 0;border-width:2px;border-color:#000000\"><\/div>\n<figure id=\"attachment_61961\" aria-describedby=\"caption-attachment-61961\" style=\"width: 900px\" class=\"wp-caption aligncenter\"><a href=\"https:\/\/www.keturist.sk\/info\/wp-content\/uploads\/2023\/12\/tatarkov-kriz1.jpg\"><img loading=\"lazy\" decoding=\"async\" class=\"wp-image-61961\" src=\"https:\/\/www.keturist.sk\/info\/wp-content\/uploads\/2023\/12\/tatarkov-kriz1-800x534.jpg\" alt=\"Tatarkov kr\u00ed\u017e (860 m n.m.)\" width=\"900\" height=\"600\" srcset=\"https:\/\/www.keturist.sk\/info\/wp-content\/uploads\/2023\/12\/tatarkov-kriz1-800x534.jpg 800w, https:\/\/www.keturist.sk\/info\/wp-content\/uploads\/2023\/12\/tatarkov-kriz1-270x180.jpg 270w, https:\/\/www.keturist.sk\/info\/wp-content\/uploads\/2023\/12\/tatarkov-kriz1-768x512.jpg 768w, https:\/\/www.keturist.sk\/info\/wp-content\/uploads\/2023\/12\/tatarkov-kriz1.jpg 1000w\" sizes=\"auto, (max-width: 900px) 100vw, 900px\" \/><\/a><figcaption id=\"caption-attachment-61961\" class=\"wp-caption-text\">Tatarkov kr\u00ed\u017e (860 m n.m.), fotograf: Marcin\u010din Jozef<\/figcaption><\/figure>\n<div class=\"su-divider su-divider-style-default\" style=\"margin:15px 0;border-width:2px;border-color:#000000\"><\/div>\n<h2><span style=\"color: #800000;\">Ako sa dosta\u0165 na Tatarkov kr\u00ed\u017e a \u010do tam m\u00f4\u017eete vidie\u0165?<\/span><\/h2>\n<p class=\"ds-markdown-paragraph\"><strong>Tatarkov kr\u00ed\u017e<\/strong>\u00a0je pr\u00edrodn\u00fd aj historick\u00fd skvost Slovenska. Toto\u00a0<strong>v\u00fdznamn\u00e9 sedlo<\/strong>\u00a0sa nach\u00e1dza medzi obcami Gelnicou a Slovinkami v srdci Volovsk\u00fdch vrchov.<\/p>\n<h2><span style=\"color: #800000;\">Kde presne sa Tatarkov kr\u00ed\u017e nach\u00e1dza?<\/span><\/h2>\n<p class=\"ds-markdown-paragraph\"><strong>Tatarkov kr\u00ed\u017e<\/strong>\u00a0je\u00a0<strong>priehyb<\/strong>\u00a0nach\u00e1dzaj\u00faca sa medzi Ostr\u00fdm a Krompa\u0161sk\u00fdm vrchom vo\u00a0<strong>Volovsk\u00fdch vrchoch<\/strong>, konkr\u00e9tne v ich podcelku s n\u00e1zvom Hnilec. T\u00e1to\u00a0<strong>turistick\u00e1 lokalita<\/strong>\u00a0pon\u00faka nielen kr\u00e1sne v\u00fdh\u013eady, ale aj bohat\u00fa hist\u00f3riu.<\/p>\n<h2><span style=\"color: #800000;\">Ak\u00fa hist\u00f3riu m\u00e1 toto miesto?<\/span><\/h2>\n<p class=\"ds-markdown-paragraph\">Po\u010das storo\u010d\u00ed mal\u00a0<strong>Tatarkov kr\u00ed\u017e<\/strong>\u00a0ve\u013ek\u00fd hospodarsk\u00fd v\u00fdznam. Prech\u00e1dzala tadia\u013e\u00a0<strong>d\u00f4le\u017eit\u00e1 bansk\u00e1 cesta<\/strong>, ktor\u00e1 sp\u00e1jala\u00a0<strong>huty v obci Slovinky<\/strong>\u00a0s\u00a0<strong>ba\u0148ami v Gelnici<\/strong>. T\u00e1to trasa bola k\u013e\u00fa\u010dov\u00e1 pre rozvoj miestneho ban\u00edctva.<\/p>\n<h2><span style=\"color: #800000;\">\u010co je hlavnou pamiatkou na Tatarkovom kr\u00ed\u017ei?<\/span><\/h2>\n<p class=\"ds-markdown-paragraph\">Dominantou a pomenovate\u013eom cel\u00e9ho sedla je\u00a0<strong>p\u00f4vodn\u00fd liaty \u017eelezn\u00fd ban\u00edcky kr\u00ed\u017e<\/strong>. Tento\u00a0<strong>historick\u00fd kr\u00ed\u017e<\/strong>\u00a0bol postaven\u00fd na podnet\u00a0<strong>spr\u00e1vcu miestnych lesov J\u00e1na Tatarku<\/strong>\u00a0u\u017e v roku\u00a0<strong>1820<\/strong>\u00a0a dodnes pripom\u00edna ducha \u010dias.<\/p>\n<h2><span style=\"color: #800000;\">Ak\u00e9 \u010fal\u0161ie zauj\u00edmavosti sa v okol\u00ed nach\u00e1dzaj\u00fa?<\/span><\/h2>\n<p class=\"ds-markdown-paragraph\">Okolie\u00a0<strong>Tatarkovho kr\u00ed\u017ea<\/strong>\u00a0je prel\u00ednan\u00edm pr\u00edrody a hist\u00f3rie. Na\u00a0<strong>v\u00fdchodn\u00fdch svahoch<\/strong>\u00a0hrebe\u0148a sa nach\u00e1dza rozsiahle\u00a0<strong>z\u00e1valov\u00e9 \u00fazemie<\/strong>\u00a0zo\u00a0<strong>stredovek\u00fdch ban\u00ed<\/strong>, ktor\u00e9 je atrakt\u00edvnym cie\u013eom pre nad\u0161encov hist\u00f3rie a geol\u00f3gie.<\/p>\n<h2><span style=\"color: #800000;\">Ako sa dosta\u0165 do sedla Tatarkov kr\u00ed\u017e?<\/span><\/h2>\n<p class=\"ds-markdown-paragraph\"><strong>Pr\u00edstup na Tatarkov kr\u00ed\u017e<\/strong>\u00a0je pomerne jednoduch\u00fd z viacer\u00fdch smerov. Dobr\u00fdmi v\u00fdchodiskami pre\u00a0<strong>turistick\u00fd v\u00fdstup<\/strong>\u00a0ku\u00a0<strong>Tatarkov\u00e9mu kr\u00ed\u017eu<\/strong>\u00a0s\u00fa obce\u00a0<strong>Slovinky, Jaklovce, Prakovce, \u017dakarovce<\/strong>, a z miest\u00a0<strong>Krompachy<\/strong>\u00a0i\u00a0<strong>Gelnica<\/strong>, konkr\u00e9tne jej\u00a0<strong>rekrea\u010dn\u00e1 oblas\u0165 Thurzov<\/strong>.<\/p>\n<h2><span style=\"color: #800000;\">Zauj\u00edmav\u00e9 odkazy<\/span><\/h2>\n<h3><span style=\"color: #808000;\">Okolit\u00e9 Stredisk\u00e1 a centr\u00e1:<\/span><\/h3>\n<ul>\n<li><a href=\"https:\/\/www.keturist.sk\/info\/smer-volovske-vrchy\/mesto-gelnica\/\">Mesto Gelnica (\u010d\u00edtaj viac&#8230;)<\/a><\/li>\n<\/ul>\n<ul>\n<li><a href=\"https:\/\/www.keturist.sk\/info\/smer-volovske-vrchy\/obec-slovinky\/\">Obec Slovinky (\u010d\u00edtaj viac&#8230;)<\/a><\/li>\n<\/ul>\n<ul>\n<li><a href=\"https:\/\/www.keturist.sk\/info\/smer-volovske-vrchy\/obec-jaklovce\/\">Obec Jaklovce (\u010d\u00edtaj viac&#8230;)<\/a><\/li>\n<\/ul>\n<ul>\n<li><a href=\"https:\/\/www.keturist.sk\/info\/smer-volovske-vrchy\/mesto-krompachy-stredisko-plejsy\/\">Mesto Krompachy (\u010d\u00edtaj viac&#8230;)<\/a><\/li>\n<\/ul>\n<h2><span style=\"color: #800000;\">Mapy<\/span><\/h2>\n<p><strong>Vrstvy: <\/strong>Turistick\u00e1 mapa, Automapa, Cyklomapa, Ly\u017eiarska mapa, Satelitn\u00e1 mapa a OpenStreetMap.<\/p>\n<p><strong>Kliknut\u00edm na logo &#8222;Freemap.sk&#8220; sa V\u00e1m mapa zobraz\u00ed na celej ploche obrazovky.<\/strong><\/p>\n<p><iframe style=\"width: 900px; height: 500px; border: 0;\" src=\"https:\/\/www.freemap.sk\/?map=15\/48.866592\/20.878508&amp;info-point=48.866592\/20.878508,Tatarkov kr\u00ed\u017e (860 m n.m.)&amp;layers=X&amp;embed=search\" allowfullscreen=\"allowfullscreen\"><span data-mce-type=\"bookmark\" style=\"display: inline-block; width: 0px; overflow: hidden; line-height: 0;\" class=\"mce_SELRES_start\">\ufeff<\/span><\/iframe><\/p>\n<h2><span style=\"color: #800000;\">Po\u010dasie<\/span><\/h2>\n<p><iframe style=\"width: 900px; height: 609px;\" src=\"https:\/\/www.meteoblue.com\/sk\/po%C4%8Dasie\/widget\/three\/48.879N20.889E1023_Europe%2FBratislava?geoloc=fixed&amp;nocurrent=0&amp;noforecast=0&amp;days=5&amp;tempunit=CELSIUS&amp;windunit=KILOMETER_PER_HOUR&amp;layout=image\" frameborder=\"0\" scrolling=\"NO\" sandbox=\"allow-same-origin allow-scripts allow-popups allow-popups-to-escape-sandbox\"><\/iframe><\/p>\n<div><!-- DO NOT REMOVE THIS LINK --><a href=\"https:\/\/www.meteoblue.com\/sk\/po%C4%8Dasie\/predpove%C4%8F\/t%C3%BD%C5%BEde%C5%88\/48.879N20.889E1023_Europe%2FBratislava?utm_source=weather_widget&amp;utm_medium=linkus&amp;utm_content=three&amp;utm_campaign=Weather%2BWidget\" target=\"_blank\" rel=\"noopener noreferrer\">meteoblue<\/a><\/div>\n<h2><span style=\"color: #800000;\">Vide\u00e1<\/span><\/h2>\n<p><iframe loading=\"lazy\" src=\"https:\/\/www.youtube.com\/embed\/PZvFR45O4OE\" width=\"800\" height=\"456\" frameborder=\"0\" allowfullscreen=\"allowfullscreen\"><\/iframe><\/p>\n","protected":false},"excerpt":{"rendered":"<p>Podkateg\u00f3ria: Lokaliz\u00e1cia: Volovsk\u00e9 vrchy Ako sa dosta\u0165 na Tatarkov kr\u00ed\u017e a \u010do tam m\u00f4\u017eete vidie\u0165? Tatarkov kr\u00ed\u017e\u00a0je pr\u00edrodn\u00fd aj historick\u00fd skvost Slovenska. Toto\u00a0v\u00fdznamn\u00e9 sedlo\u00a0sa nach\u00e1dza medzi obcami Gelnicou a Slovinkami [&hellip;]<\/p>\n","protected":false},"author":1,"featured_media":61961,"parent":0,"menu_order":0,"comment_status":"closed","ping_status":"closed","template":"","meta":{"_uag_custom_page_level_css":"","_monsterinsights_skip_tracking":false,"_monsterinsights_sitenote_active":false,"_monsterinsights_sitenote_note":"","_monsterinsights_sitenote_category":0,"footnotes":""},"class_list":["post-2479","page","type-page","status-publish","has-post-thumbnail","hentry"],"featured_image_src":"https:\/\/www.keturist.sk\/info\/wp-content\/uploads\/2023\/12\/tatarkov-kriz1.jpg","featured_image_src_square":"https:\/\/www.keturist.sk\/info\/wp-content\/uploads\/2023\/12\/tatarkov-kriz1.jpg","rbea_author_info":{"display_name":"admin","author_link":"https:\/\/www.keturist.sk\/info\/author\/admin\/"},"rbea_excerpt_info":"Podkateg\u00f3ria: Lokaliz\u00e1cia: Volovsk\u00e9 vrchy Ako sa dosta\u0165 na Tatarkov kr\u00ed\u017e a \u010do tam m\u00f4\u017eete vidie\u0165? Tatarkov kr\u00ed\u017e\u00a0je pr\u00edrodn\u00fd aj historick\u00fd skvost Slovenska. Toto\u00a0v\u00fdznamn\u00e9 sedlo\u00a0sa nach\u00e1dza medzi obcami Gelnicou a Slovinkami [&hellip;]","uagb_featured_image_src":{"full":["https:\/\/www.keturist.sk\/info\/wp-content\/uploads\/2023\/12\/tatarkov-kriz1.jpg",1000,667,false],"thumbnail":["https:\/\/www.keturist.sk\/info\/wp-content\/uploads\/2023\/12\/tatarkov-kriz1-270x180.jpg",270,180,true],"medium":["https:\/\/www.keturist.sk\/info\/wp-content\/uploads\/2023\/12\/tatarkov-kriz1-800x534.jpg",800,534,true],"medium_large":["https:\/\/www.keturist.sk\/info\/wp-content\/uploads\/2023\/12\/tatarkov-kriz1-768x512.jpg",768,512,true],"large":["https:\/\/www.keturist.sk\/info\/wp-content\/uploads\/2023\/12\/tatarkov-kriz1.jpg",1000,667,false],"1536x1536":["https:\/\/www.keturist.sk\/info\/wp-content\/uploads\/2023\/12\/tatarkov-kriz1.jpg",1000,667,false],"2048x2048":["https:\/\/www.keturist.sk\/info\/wp-content\/uploads\/2023\/12\/tatarkov-kriz1.jpg",1000,667,false]},"uagb_author_info":{"display_name":"admin","author_link":"https:\/\/www.keturist.sk\/info\/author\/admin\/"},"uagb_comment_info":0,"uagb_excerpt":"Podkateg\u00f3ria: Lokaliz\u00e1cia: Volovsk\u00e9 vrchy Ako sa dosta\u0165 na Tatarkov kr\u00ed\u017e a \u010do tam m\u00f4\u017eete vidie\u0165? Tatarkov kr\u00ed\u017e\u00a0je pr\u00edrodn\u00fd aj historick\u00fd skvost Slovenska. Toto\u00a0v\u00fdznamn\u00e9 sedlo\u00a0sa nach\u00e1dza medzi obcami Gelnicou a Slovinkami [&hellip;]","_links":{"self":[{"href":"https:\/\/www.keturist.sk\/info\/wp-json\/wp\/v2\/pages\/2479","targetHints":{"allow":["GET"]}}],"collection":[{"href":"https:\/\/www.keturist.sk\/info\/wp-json\/wp\/v2\/pages"}],"about":[{"href":"https:\/\/www.keturist.sk\/info\/wp-json\/wp\/v2\/types\/page"}],"author":[{"embeddable":true,"href":"https:\/\/www.keturist.sk\/info\/wp-json\/wp\/v2\/users\/1"}],"replies":[{"embeddable":true,"href":"https:\/\/www.keturist.sk\/info\/wp-json\/wp\/v2\/comments?post=2479"}],"version-history":[{"count":5,"href":"https:\/\/www.keturist.sk\/info\/wp-json\/wp\/v2\/pages\/2479\/revisions"}],"predecessor-version":[{"id":72684,"href":"https:\/\/www.keturist.sk\/info\/wp-json\/wp\/v2\/pages\/2479\/revisions\/72684"}],"wp:featuredmedia":[{"embeddable":true,"href":"https:\/\/www.keturist.sk\/info\/wp-json\/wp\/v2\/media\/61961"}],"wp:attachment":[{"href":"https:\/\/www.keturist.sk\/info\/wp-json\/wp\/v2\/media?parent=2479"}],"curies":[{"name":"wp","href":"https:\/\/api.w.org\/{rel}","templated":true}]}}