{"id":23838,"date":"2017-08-17T19:44:39","date_gmt":"2017-08-17T17:44:39","guid":{"rendered":"https:\/\/www.keturist.sk\/info\/?page_id=23838"},"modified":"2021-10-18T15:32:25","modified_gmt":"2021-10-18T13:32:25","slug":"pesia-turistika","status":"publish","type":"page","link":"https:\/\/www.keturist.sk\/info\/aktivity\/pesia-turistika\/","title":{"rendered":"Pe\u0161ia turistika a pe\u0161ie prehliadky"},"content":{"rendered":"<div class=\"su-divider su-divider-style-default\" style=\"margin:15px 0;border-width:0px;border-color:#000000\"><\/div><a href=\"https:\/\/www.keturist.sk\/info\/\" class=\"su-button su-button-style-default\" style=\"color:#000000;background-color:#FFCF2F;border-color:#cca626;border-radius:5px\" target=\"_self\"><span style=\"color:#000000;padding:6px 16px;font-size:13px;line-height:20px;border-color:#ffde6e;border-radius:5px;text-shadow:none\"><i class=\"sui sui-arrow-right\" style=\"font-size:13px;color:#000000\"><\/i>  Spravodaj <\/span><\/a>\n<a href=\"https:\/\/www.keturist.sk\/info\/sport-a-kultura\/\" class=\"su-button su-button-style-default\" style=\"color:#000000;background-color:#FFCF2F;border-color:#cca626;border-radius:5px\" target=\"_self\"><span style=\"color:#000000;padding:6px 16px;font-size:13px;line-height:20px;border-color:#ffde6e;border-radius:5px;text-shadow:none\"><i class=\"sui sui-arrow-right\" style=\"font-size:13px;color:#000000\"><\/i>  Aktivity a kult\u00fara <\/span><\/a>\n<a href=\"https:\/\/www.keturist.sk\/info\/aktivity\/pesia-turistika\/\" class=\"su-button su-button-style-default\" style=\"color:#000000;background-color:#FFCF2F;border-color:#cca626;border-radius:5px\" target=\"_self\"><span style=\"color:#000000;padding:6px 16px;font-size:13px;line-height:20px;border-color:#ffde6e;border-radius:5px;text-shadow:none\"><i class=\"sui sui-arrow-right\" style=\"font-size:13px;color:#000000\"><\/i>  Pe\u0161ia turistika a pe\u0161ie prehliadky <\/span><\/a>\n<div class=\"su-divider su-divider-style-default\" style=\"margin:15px 0;border-width:2px;border-color:#000000\"><\/div>\n<h3><span style=\"color: #808000;\">V\u0161eobecn\u00e9 inform\u00e1cie<\/span><\/h3>\n<p>Na spozn\u00e1vanie miest, vidieka a pr\u00edrody je najvhodnej\u0161ia pe\u0161ia turistika a prehliadky so sprievodcami.<\/p>\n<p>Ko\u0161ick\u00fd kraj pon\u00faka mno\u017estvo miest, ktor\u00e9 s\u00fa zauj\u00edmav\u00e9 a pr\u00edstupn\u00e9 pre verejnos\u0165 a to aj v zimn\u00fdch mesiacoch.<\/p>\n<h3><span style=\"color: #808000;\">Pe\u0161ie prehliadky<\/span><\/h3>\n<p><span style=\"color: #800000;\"><strong>Potulky mestom Ko\u0161ice<\/strong><\/span><br \/>\nSpozn\u00e1vanie Ko\u0161\u00edc, ich z\u00e1kut\u00ed, zauj\u00edmavost\u00ed a hist\u00f3rie trocha inak s profesion\u00e1lnymi sprievodcami.<\/p>\n<p>Potulky mestom Ko\u0161ice s\u00fa ka\u017ed\u00fd prv\u00fd v\u00edkend v mesiaci, pre obyvate\u013eov a n\u00e1v\u0161tevn\u00edkov, zaka\u017ed\u00fdm s inou t\u00e9mou a trasou, \u010dasto do nepr\u00edstupn\u00fdch objektov a za ka\u017ed\u00e9ho po\u010dasia.<\/p>\n<p><strong>\u010eal\u0161ie slu\u017eby:<\/strong><\/p>\n<ul>\n<li>Potulky mestom Ko\u0161ice na objedn\u00e1vku (s vopred vybranou t\u00e9mou v dohodnutom \u010dase)<\/li>\n<\/ul>\n<ul>\n<li>Potulky no\u010dn\u00fdmi a podzemn\u00fdmi Ko\u0161icami<\/li>\n<\/ul>\n<ul>\n<li>Potulka pre deti: Po stop\u00e1ch vrab\u010deka Urbanka<\/li>\n<\/ul>\n<div id=\"metaslider-id-13693\" style=\"max-width: 800px; margin: 0 auto;\" class=\"ml-slider-3-108-0 metaslider metaslider-flex metaslider-13693 ml-slider ms-theme-default nav-hidden\" role=\"region\" aria-label=\"Potulka.sk\" data-height=\"250\" data-width=\"800\">\n    <div id=\"metaslider_container_13693\">\n        <div id=\"metaslider_13693\" class=\"flexslider\">\n            <ul class='slides'>\n                <li style=\"display: block; width: 100%;\" class=\"slide-37521 ms-image \" aria-roledescription=\"slide\" data-date=\"2020-12-31 14:57:42\" data-filename=\"potulka_logo.png\" data-slide-type=\"image\"><a href=\"https:\/\/potulka.sk\/\" target=\"_blank\" aria-label=\"View Slide Details\" class=\"metaslider_image_link\" rel=\"noopener\"><img loading=\"lazy\" decoding=\"async\" src=\"https:\/\/www.keturist.sk\/info\/wp-content\/uploads\/2020\/05\/potulka_logo.png\" height=\"250\" width=\"800\" alt=\"Potulky mestom Ko\u0161ice\" class=\"slider-13693 slide-37521 msDefaultImage\" title=\"potulka_logo\" \/><\/a><div class=\"caption-wrap\"><div class=\"caption\"><b><a href=\"https:\/\/potulka.sk\/\" target=\"_blank\" rel=\"noreferrer noopener\"><span style=\"color:#FFFF00;\">Potulky mestom Ko\u0161ice (www.potulka.sk)<\/span><\/a><\/b><\/div><\/div><\/li>\n            <\/ul>\n        <\/div>\n        \n    <\/div>\n<\/div>\n<div class=\"su-divider su-divider-style-default\" style=\"margin:15px 0;border-width:2px;border-color:#000000\"><\/div>\n<h3><span style=\"color: #808000;\">Pe\u0161ie turistika<\/span><\/h3>\n<p>V okol\u00ed Ko\u0161ic tvor\u00ed pe\u0161ia turistika jednu z najv\u00fdznamnej\u0161\u00edch mo\u017enost\u00ed akt\u00edvneho \u0161portov\u00e9ho vy\u017eitia.<\/p>\n<figure id=\"attachment_37524\" aria-describedby=\"caption-attachment-37524\" style=\"width: 800px\" class=\"wp-caption aligncenter\"><a href=\"https:\/\/www.keturist.sk\/info\/wp-content\/uploads\/2020\/12\/Blonde_girl_Tourism_Winter_hat_Glance_Backpack_570510_1280x853.jpg\"><img loading=\"lazy\" decoding=\"async\" class=\"wp-image-37524 size-medium\" src=\"https:\/\/www.keturist.sk\/info\/wp-content\/uploads\/2020\/12\/Blonde_girl_Tourism_Winter_hat_Glance_Backpack_570510_1280x853-800x533.jpg\" alt=\"\" width=\"800\" height=\"533\" srcset=\"https:\/\/www.keturist.sk\/info\/wp-content\/uploads\/2020\/12\/Blonde_girl_Tourism_Winter_hat_Glance_Backpack_570510_1280x853-800x533.jpg 800w, https:\/\/www.keturist.sk\/info\/wp-content\/uploads\/2020\/12\/Blonde_girl_Tourism_Winter_hat_Glance_Backpack_570510_1280x853-270x180.jpg 270w, https:\/\/www.keturist.sk\/info\/wp-content\/uploads\/2020\/12\/Blonde_girl_Tourism_Winter_hat_Glance_Backpack_570510_1280x853-768x512.jpg 768w, https:\/\/www.keturist.sk\/info\/wp-content\/uploads\/2020\/12\/Blonde_girl_Tourism_Winter_hat_Glance_Backpack_570510_1280x853.jpg 900w\" sizes=\"auto, (max-width: 800px) 100vw, 800px\" \/><\/a><figcaption id=\"caption-attachment-37524\" class=\"wp-caption-text\">Pe\u0161ia turistika<\/figcaption><\/figure>\n<p>Dobre vyzna\u010den\u00e9 turistick\u00e9 trasy v okol\u00ed mesta V\u00e1m umo\u017e\u0148uj\u00fa spozna\u0165 pr\u00edrodn\u00e9 kr\u00e1sy tohto regi\u00f3nu.<\/p>\n<p>V ka\u017edom ro\u010dnom obdob\u00ed sa tu organizuje mno\u017estvo v\u00fdznamn\u00fdch podujat\u00ed pe\u0161ej turistiky.<\/p>\n<p><strong>Mo\u017enosti turistiky<\/strong><br \/>\n1.\u013dahk\u00e9 jednod\u0148ov\u00e9 t\u00fary<br \/>\n2.Stredne \u0165a\u017ek\u00e9 jednod\u0148ov\u00e9 t\u00fary<br \/>\n3.Viacdenn\u00e9 prechody<\/p>\n<p>Turistike sa da venova\u0165 v ka\u017edom po\u010das\u00ed, lebo nie je dole\u017eit\u00e9 ak\u00e9 je moment\u00e1lne po\u010dasie, ale ako sa oble\u010diete.<\/p>\n<p><strong><span style=\"color: #ff0000;\">Doporu\u010den\u00e1 v\u00fdstroj pre turistiku<\/span> <\/strong><\/p>\n<p><strong>V zimnom obdob\u00ed:<\/strong><br \/>\nnaviga\u010dn\u00e9 pom\u00f4cky, baterka, obuv s vibramovou podr\u00e1\u017ekou alebo kanady, tepl\u00e1 nepremokav\u00e1 vetrovka s kapuc\u0148ou, tenk\u00fd sveter, termobielize\u0148, viacero vrstiev, \u010diapka, rukavice, lek\u00e1rni\u010dka, teleskopick\u00e9 (turistick\u00e9) palice, hroty, turistick\u00e9 ma\u010dky, sne\u017enice, dostatok jedla a tepl\u00fdch tekut\u00edn, z\u00e1palky, no\u017e\u00edk<\/p>\n<p><strong>V letnom obdob\u00ed:<\/strong><br \/>\nnaviga\u010dn\u00e9 pom\u00f4cky, baterka, obuv s vibramovou podr\u00e1\u017ekou alebo kanady, pr\u0161ipl\u00e1\u0161\u0165 alebo nepremokava vetrovka, n\u00e1hradn\u00e9 oble\u010denie, lek\u00e1rni\u010dka, teleskopick\u00e9 (turistick\u00e9) palice, dostatok jedla a tepl\u00fdch tekut\u00edn, z\u00e1palky, no\u017e\u00edk<\/p>\n<div class=\"su-divider su-divider-style-default\" style=\"margin:15px 0;border-width:2px;border-color:#000000\"><\/div>\n<h3><span style=\"color: #808000;\">Turistick\u00ed sprievodcovia<\/span><\/h3>\n<ul>\n<li><a href=\"https:\/\/krizomkrasom.sk\/\" target=\"_blank\" rel=\"noopener\">EduTrek Slovakia &#8211; Turisticko-vzdel\u00e1vacie exkurzie <strong>Kr\u00ed\u017eom-Krasom<\/strong> (\u010d\u00edtaj viac)<\/a><\/li>\n<\/ul>\n<ul>\n<li><a href=\"https:\/\/www.gemerlove.sk\/\" target=\"_blank\" rel=\"noopener\">GemerLove \u2013 Gabriel Gembick\u00fd turistick\u00fd sprievodca (\u010d\u00edtaj viac)<\/a><\/li>\n<\/ul>\n<ul>\n<li><a href=\"http:\/\/keturist.sk\/shop\/produkt\/ing-viola-varekova-sprievodkyna-cestovneho-ruchu\/\" target=\"_blank\" rel=\"noopener\">Ing. Viola Va\u0159ekov\u00e1 \u2013 sprievodky\u0148a cestovn\u00e9ho ruchu (\u010d\u00edtaj viac)<\/a><\/li>\n<\/ul>\n<div class=\"su-divider su-divider-style-default\" style=\"margin:15px 0;border-width:2px;border-color:#000000\"><\/div>\n<h3><span style=\"color: #808000;\">Turistick\u00e9 kluby, organiz\u00e1cie a spolky<\/span><\/h3>\n<ul>\n<li><a href=\"https:\/\/kstelan.estranky.sk\/\" target=\"_blank\" rel=\"noopener\">Klub slovensk\u00fdch turistov TJ El\u00e1n Ro\u017e\u0148ava (\u010d\u00edtaj viac)<\/a><\/li>\n<\/ul>\n<ul>\n<li><a href=\"https:\/\/kst-volovec.webnode.sk\/\" target=\"_blank\" rel=\"noopener\">Klub slovensk\u00fdch turistov Volovec Ro\u017e\u0148ava (\u010d\u00edtaj viac)<\/a><\/li>\n<\/ul>\n<ul>\n<li><a href=\"https:\/\/magnezitferona.info\/\" target=\"_blank\" rel=\"noopener\">\u0160portklub Magnezit Ferona Ko\u0161ice (\u010d\u00edtaj viac)<\/a><\/li>\n<\/ul>\n<ul>\n<li><a href=\"http:\/\/krtkovander.sk\/\" target=\"_blank\" rel=\"noopener\">KRTKO &#8211; Klub Rodinnej Turistiky Ko\u0161ice (\u010d\u00edtaj viac)<\/a><\/li>\n<\/ul>\n<ul>\n<li><a href=\"https:\/\/ktmk.sk\/\" target=\"_blank\" rel=\"noopener\">KLUB TURISTOV MESTA KO\u0160ICE (\u010d\u00edtaj viac)<\/a><\/li>\n<\/ul>\n<ul>\n<li><a href=\"http:\/\/www.lokomotiva.sk\/tj-lokomotiva\/turistika\" target=\"_blank\" rel=\"noopener\">TJ Lokomot\u00edva Ko\u0161ice (\u010d\u00edtaj viac)<\/a><\/li>\n<\/ul>\n<ul>\n<li><a href=\"https:\/\/www.ktvikendkosice.sk\/\" target=\"_blank\" rel=\"noopener\">KT V\u00edkend Ko\u0161ice (\u010d\u00edtaj viac)<\/a><\/li>\n<\/ul>\n<div class=\"su-divider su-divider-style-default\" style=\"margin:15px 0;border-width:2px;border-color:#000000\"><\/div>\n<h3><span style=\"color: #808000;\">Tipy na v\u00fdlety<\/span><\/h3>\n<div class=\"su-divider su-divider-style-default\" style=\"margin:15px 0;border-width:0px;border-color:#000000\"><\/div>\n<a href=\"https:\/\/www.keturist.sk\/info\/turisticke-vychodiska\/\" class=\"su-button su-button-style-default\" style=\"color:#000000;background-color:#afd144;border-color:#8ca837;border-radius:10px\" target=\"_self\"><span style=\"color:#000000;padding:8px 26px;font-size:20px;line-height:30px;border-color:#c7df7d;border-radius:10px;text-shadow:none\"><i class=\"sui sui-arrow-right\" style=\"font-size:20px;color:#000000\"><\/i>  Turistick\u00e9 v\u00fdchodisk\u00e1 <\/span><\/a>\n<div class=\"su-divider su-divider-style-default\" style=\"margin:15px 0;border-width:0px;border-color:#000000\"><\/div>\n<a href=\"https:\/\/www.keturist.sk\/info\/kam-do-prirody\/\" class=\"su-button su-button-style-default\" style=\"color:#000000;background-color:#afd144;border-color:#8ca837;border-radius:10px\" target=\"_self\"><span style=\"color:#000000;padding:8px 26px;font-size:20px;line-height:30px;border-color:#c7df7d;border-radius:10px;text-shadow:none\"><i class=\"sui sui-arrow-right\" style=\"font-size:20px;color:#000000\"><\/i>  Kam do pr\u00edrody <\/span><\/a>\n<div class=\"su-divider su-divider-style-default\" style=\"margin:15px 0;border-width:0px;border-color:#000000\"><\/div>\n<a href=\"https:\/\/www.keturist.sk\/info\/kam-za-pamiatkami\/\" class=\"su-button su-button-style-default\" style=\"color:#000000;background-color:#afd144;border-color:#8ca837;border-radius:10px\" target=\"_self\"><span style=\"color:#000000;padding:8px 26px;font-size:20px;line-height:30px;border-color:#c7df7d;border-radius:10px;text-shadow:none\"><i class=\"sui sui-arrow-right\" style=\"font-size:20px;color:#000000\"><\/i>  Kam za pamiatkami <\/span><\/a>\n<div class=\"su-divider su-divider-style-default\" style=\"margin:15px 0;border-width:0px;border-color:#000000\"><\/div>\n<a href=\"https:\/\/www.keturist.sk\/info\/horske-chaty-a-utulne\/\" class=\"su-button su-button-style-default\" style=\"color:#000000;background-color:#afd144;border-color:#8ca837;border-radius:10px\" target=\"_self\"><span style=\"color:#000000;padding:8px 26px;font-size:20px;line-height:30px;border-color:#c7df7d;border-radius:10px;text-shadow:none\"><i class=\"sui sui-arrow-right\" style=\"font-size:20px;color:#000000\"><\/i>  Horsk\u00e9 chaty a \u00fatulne <\/span><\/a>\n<div class=\"su-divider su-divider-style-default\" style=\"margin:15px 0;border-width:0px;border-color:#000000\"><\/div>\n<a href=\"https:\/\/www.keturist.sk\/info\/zaujimavosti\/\" class=\"su-button su-button-style-default\" style=\"color:#000000;background-color:#afd144;border-color:#8ca837;border-radius:10px\" target=\"_self\"><span style=\"color:#000000;padding:8px 26px;font-size:20px;line-height:30px;border-color:#c7df7d;border-radius:10px;text-shadow:none\"><i class=\"sui sui-arrow-right\" style=\"font-size:20px;color:#000000\"><\/i>  Zauj\u00edmavosti <\/span><\/a>\n<div class=\"su-divider su-divider-style-default\" style=\"margin:15px 0;border-width:0px;border-color:#000000\"><\/div>\n<a href=\"https:\/\/www.keturist.sk\/info\/rozhladne\/\" class=\"su-button su-button-style-default\" style=\"color:#000000;background-color:#afd144;border-color:#8ca837;border-radius:10px\" target=\"_self\"><span style=\"color:#000000;padding:8px 26px;font-size:20px;line-height:30px;border-color:#c7df7d;border-radius:10px;text-shadow:none\"><i class=\"sui sui-arrow-right\" style=\"font-size:20px;color:#000000\"><\/i>  Rozh\u013eadne <\/span><\/a>\n<div class=\"su-divider su-divider-style-default\" style=\"margin:15px 0;border-width:0px;border-color:#000000\"><\/div>\n<a href=\"https:\/\/www.keturist.sk\/info\/tipy-na-vylety\/naucne-chodniky\/\" class=\"su-button su-button-style-default\" style=\"color:#000000;background-color:#afd144;border-color:#8ca837;border-radius:10px\" target=\"_self\"><span style=\"color:#000000;padding:8px 26px;font-size:20px;line-height:30px;border-color:#c7df7d;border-radius:10px;text-shadow:none\"><i class=\"sui sui-arrow-right\" style=\"font-size:20px;color:#000000\"><\/i>  Nau\u010dn\u00e9 chodn\u00edky <\/span><\/a>\n<div class=\"su-divider su-divider-style-default\" style=\"margin:15px 0;border-width:1px;border-color:#000000\"><\/div>\n<h3><span style=\"color: #808000;\">U\u017eito\u010dn\u00e9 inform\u00e1cie<\/span><\/h3>\n<p>Chyst\u00e1te sa na t\u00faru a potrebujete kvalitn\u00e9 trekingov\u00e9 top\u00e1nky alebo oble\u010denie?<\/p>\n<p>\u0160irok\u00fa ponuku \u0161portov\u00e9ho oble\u010denia, obuvy, v\u00fdstroja, outdoor, horolezeck\u00e9ho v\u00fdstroja a pr\u00edslu\u0161enstva od najzn\u00e1mej\u0161\u00edch v\u00fdrobcov n\u00e1jdete v <a href=\"https:\/\/www.rozlomitysport.sk\/\" target=\"_blank\" rel=\"noopener\">e-shope<\/a> alebo v predajni <a href=\"https:\/\/www.rozlomitysport.sk\/\" target=\"_blank\" rel=\"noopener\">ROZLOMITY SPORT<\/a> na ulici \u0160tudentsk\u00e1 274\/2 v Ko\u0161iciach.<\/p>\n<div id=\"metaslider-id-42976\" style=\"max-width: 800px; margin: 0 auto;\" class=\"ml-slider-3-108-0 metaslider metaslider-flex metaslider-42976 ml-slider ms-theme-default nav-hidden nav-hidden\" role=\"region\" aria-label=\"Rozlomity sport\" data-height=\"159\" data-width=\"800\">\n    <div id=\"metaslider_container_42976\">\n        <div id=\"metaslider_42976\" class=\"flexslider\">\n            <ul class='slides'>\n                <li style=\"display: block; width: 100%;\" class=\"slide-42978 ms-image \" aria-roledescription=\"slide\" data-date=\"2021-10-17 17:54:19\" data-filename=\"logo-rozlomity.jpg\" data-slide-type=\"image\"><a href=\"https:\/\/www.rozlomitysport.sk\/\" target=\"_blank\" aria-label=\"View Slide Details\" class=\"metaslider_image_link\" rel=\"noopener\"><img loading=\"lazy\" decoding=\"async\" src=\"https:\/\/www.keturist.sk\/info\/wp-content\/uploads\/2020\/05\/logo-rozlomity.jpg\" height=\"159\" width=\"800\" alt=\"\" class=\"slider-42976 slide-42978 msDefaultImage\" title=\"logo rozlomity\" \/><\/a><div class=\"caption-wrap\"><div class=\"caption\"><b><a href=\"https:\/\/www.rozlomitysport.sk\/\" target=\"_blank\" rel=\"noreferrer noopener\"><span style=\"color:#FFFF00;\">Rozlomity sport<\/span><\/a><\/b><\/div><\/div><\/li>\n            <\/ul>\n        <\/div>\n        \n    <\/div>\n<\/div>\n<div class=\"su-divider su-divider-style-default\" style=\"margin:15px 0;border-width:3px;border-color:#000000\"><\/div>\n","protected":false},"excerpt":{"rendered":"<p>V\u0161eobecn\u00e9 inform\u00e1cie Na spozn\u00e1vanie miest, vidieka a pr\u00edrody je najvhodnej\u0161ia pe\u0161ia turistika a prehliadky so sprievodcami. Ko\u0161ick\u00fd kraj pon\u00faka mno\u017estvo miest, ktor\u00e9 s\u00fa zauj\u00edmav\u00e9 a pr\u00edstupn\u00e9 pre verejnos\u0165 a to [&hellip;]<\/p>\n","protected":false},"author":1,"featured_media":0,"parent":258,"menu_order":0,"comment_status":"closed","ping_status":"closed","template":"","meta":{"_uag_custom_page_level_css":"","_monsterinsights_skip_tracking":false,"_monsterinsights_sitenote_active":false,"_monsterinsights_sitenote_note":"","_monsterinsights_sitenote_category":0,"footnotes":""},"class_list":["post-23838","page","type-page","status-publish","hentry"],"featured_image_src":"","featured_image_src_square":false,"rbea_author_info":{"display_name":"admin","author_link":"https:\/\/www.keturist.sk\/info\/author\/admin\/"},"rbea_excerpt_info":"V\u0161eobecn\u00e9 inform\u00e1cie Na spozn\u00e1vanie miest, vidieka a pr\u00edrody je najvhodnej\u0161ia pe\u0161ia turistika a prehliadky so sprievodcami. Ko\u0161ick\u00fd kraj pon\u00faka mno\u017estvo miest, ktor\u00e9 s\u00fa zauj\u00edmav\u00e9 a pr\u00edstupn\u00e9 pre verejnos\u0165 a to [&hellip;]","uagb_featured_image_src":{"full":false,"thumbnail":false,"medium":false,"medium_large":false,"large":false,"1536x1536":false,"2048x2048":false},"uagb_author_info":{"display_name":"admin","author_link":"https:\/\/www.keturist.sk\/info\/author\/admin\/"},"uagb_comment_info":0,"uagb_excerpt":"V\u0161eobecn\u00e9 inform\u00e1cie Na spozn\u00e1vanie miest, vidieka a pr\u00edrody je najvhodnej\u0161ia pe\u0161ia turistika a prehliadky so sprievodcami. Ko\u0161ick\u00fd kraj pon\u00faka mno\u017estvo miest, ktor\u00e9 s\u00fa zauj\u00edmav\u00e9 a pr\u00edstupn\u00e9 pre verejnos\u0165 a to [&hellip;]","_links":{"self":[{"href":"https:\/\/www.keturist.sk\/info\/wp-json\/wp\/v2\/pages\/23838","targetHints":{"allow":["GET"]}}],"collection":[{"href":"https:\/\/www.keturist.sk\/info\/wp-json\/wp\/v2\/pages"}],"about":[{"href":"https:\/\/www.keturist.sk\/info\/wp-json\/wp\/v2\/types\/page"}],"author":[{"embeddable":true,"href":"https:\/\/www.keturist.sk\/info\/wp-json\/wp\/v2\/users\/1"}],"replies":[{"embeddable":true,"href":"https:\/\/www.keturist.sk\/info\/wp-json\/wp\/v2\/comments?post=23838"}],"version-history":[{"count":32,"href":"https:\/\/www.keturist.sk\/info\/wp-json\/wp\/v2\/pages\/23838\/revisions"}],"predecessor-version":[{"id":43058,"href":"https:\/\/www.keturist.sk\/info\/wp-json\/wp\/v2\/pages\/23838\/revisions\/43058"}],"up":[{"embeddable":true,"href":"https:\/\/www.keturist.sk\/info\/wp-json\/wp\/v2\/pages\/258"}],"wp:attachment":[{"href":"https:\/\/www.keturist.sk\/info\/wp-json\/wp\/v2\/media?parent=23838"}],"curies":[{"name":"wp","href":"https:\/\/api.w.org\/{rel}","templated":true}]}}