{"id":2280,"date":"2013-10-26T18:31:31","date_gmt":"2013-10-26T16:31:31","guid":{"rendered":"https:\/\/www.keturist.sk\/info\/?page_id=2280"},"modified":"2025-12-25T12:05:20","modified_gmt":"2025-12-25T11:05:20","slug":"jazero-izra","status":"publish","type":"page","link":"https:\/\/www.keturist.sk\/info\/jazero-izra\/","title":{"rendered":"Jazero Izra"},"content":{"rendered":"<a href=\"https:\/\/www.keturist.sk\/info\/\" class=\"su-button su-button-style-default\" style=\"color:#000000;background-color:#FFCF2F;border-color:#cca626;border-radius:5px\" target=\"_self\"><span style=\"color:#000000;padding:6px 16px;font-size:13px;line-height:20px;border-color:#ffde6e;border-radius:5px;text-shadow:none\"><i class=\"sui sui-arrow-right\" style=\"font-size:13px;color:#000000\"><\/i>  Spravodaj <\/span><\/a>\n<a href=\"https:\/\/www.keturist.sk\/info\/tipy-na-vylety\/\" class=\"su-button su-button-style-default\" style=\"color:#000000;background-color:#FFCF2F;border-color:#cca626;border-radius:5px\" target=\"_self\"><span style=\"color:#000000;padding:6px 16px;font-size:13px;line-height:20px;border-color:#ffde6e;border-radius:5px;text-shadow:none\"><i class=\"sui sui-arrow-right\" style=\"font-size:13px;color:#000000\"><\/i>  TIPY NA V\u00ddLETY <\/span><\/a>\n<a href=\"https:\/\/www.keturist.sk\/info\/kam-do-prirody\/\" class=\"su-button su-button-style-default\" style=\"color:#000000;background-color:#FFCF2F;border-color:#cca626;border-radius:5px\" target=\"_self\"><span style=\"color:#000000;padding:6px 16px;font-size:13px;line-height:20px;border-color:#ffde6e;border-radius:5px;text-shadow:none\"><i class=\"sui sui-arrow-right\" style=\"font-size:13px;color:#000000\"><\/i>  Kam do pr\u00edrody <\/span><\/a>\n<a href=\"https:\/\/www.keturist.sk\/info\/kam-do-prirody\/kam-do-prirody-smer-slanske-vrchy\/\" class=\"su-button su-button-style-default\" style=\"color:#000000;background-color:#FFCF2F;border-color:#cca626;border-radius:5px\" target=\"_self\"><span style=\"color:#000000;padding:6px 16px;font-size:13px;line-height:20px;border-color:#ffde6e;border-radius:5px;text-shadow:none\"><i class=\"sui sui-arrow-right\" style=\"font-size:13px;color:#000000\"><\/i>  Smer Slansk\u00e9 vrchy <\/span><\/a>\n<div class=\"su-divider su-divider-style-default\" style=\"margin:15px 0;border-width:0px;border-color:#000000\"><\/div>\n<strong>Podkateg\u00f3ria: <\/strong> <a href=\"https:\/\/www.keturist.sk\/info\/kam-do-prirody\/kam-do-prirody-smer-slanske-vrchy\/vodopady-jazierka-rieky\/\" class=\"su-button su-button-style-default\" style=\"color:#000000;background-color:#afd144;border-color:#8ca837;border-radius:5px\" target=\"_self\"><span style=\"color:#000000;padding:6px 16px;font-size:13px;line-height:20px;border-color:#c7df7d;border-radius:5px;text-shadow:none\"><i class=\"sui sui-arrow-right\" style=\"font-size:13px;color:#000000\"><\/i>  Vodop\u00e1dy, jazierka, rieky \u2026 <\/span><\/a>\n<p><strong>Lokaliz\u00e1cia: <\/strong><a href=\"https:\/\/www.keturist.sk\/info\/okolite-hory\/slanske-vrchy\/\">Slansk\u00e9 vrchy<\/a><\/p>\n<div class=\"su-divider su-divider-style-default\" style=\"margin:15px 0;border-width:2px;border-color:#000000\"><\/div>\n<figure id=\"attachment_34873\" aria-describedby=\"caption-attachment-34873\" style=\"width: 900px\" class=\"wp-caption aligncenter\"><a href=\"https:\/\/www.keturist.sk\/info\/wp-content\/uploads\/2020\/11\/izra1.jpg\"><img loading=\"lazy\" decoding=\"async\" class=\"wp-image-34873\" src=\"https:\/\/www.keturist.sk\/info\/wp-content\/uploads\/2020\/11\/izra1-800x450.jpg\" alt=\"Jazero Izra\" width=\"900\" height=\"507\" srcset=\"https:\/\/www.keturist.sk\/info\/wp-content\/uploads\/2020\/11\/izra1-800x450.jpg 800w, https:\/\/www.keturist.sk\/info\/wp-content\/uploads\/2020\/11\/izra1-270x152.jpg 270w, https:\/\/www.keturist.sk\/info\/wp-content\/uploads\/2020\/11\/izra1-768x432.jpg 768w, https:\/\/www.keturist.sk\/info\/wp-content\/uploads\/2020\/11\/izra1.jpg 1000w\" sizes=\"auto, (max-width: 900px) 100vw, 900px\" \/><\/a><figcaption id=\"caption-attachment-34873\" class=\"wp-caption-text\">Jazero Izra, Fotograf: Jozef Mare\u010dek (https:\/\/www.facebook.com\/jozef.marecek.94)<\/figcaption><\/figure>\n<div class=\"su-divider su-divider-style-default\" style=\"margin:15px 0;border-width:2px;border-color:#000000\"><\/div>\n<h2 class=\"ds-markdown-paragraph\"><span style=\"color: #800000;\">Kde sa nach\u00e1dza Jazero Izra a ak\u00e1 je jeho poloha?<\/span><\/h2>\n<p class=\"ds-markdown-paragraph\"><strong>Jazero Izra<\/strong>\u00a0sa nach\u00e1dza na juhov\u00fdchode podhoria Mili\u010d, pribli\u017ene 39 km na juhov\u00fdchod od Ko\u0161\u00edc. Le\u017e\u00ed v nadmorskej v\u00fd\u0161ke 445 m n.m. v katastri obce Slansk\u00e1 Huta. Z geomorfologick\u00e9ho h\u013eadiska patr\u00ed do Matransko-slanskej oblasti, konkr\u00e9tne do\u00a0<strong>horsk\u00e9ho celku Slansk\u00e9 vrchy<\/strong>, a to do jeho podcelku Mili\u010d.<\/p>\n<h2 class=\"ds-markdown-paragraph\"><span style=\"color: #800000;\">Ak\u00e9 m\u00e1 Jazero Izra rozmery a h\u013abku?<\/span><\/h2>\n<p class=\"ds-markdown-paragraph\">Toto <strong>horsk\u00e9 jazero<\/strong>\u00a0zaber\u00e1 plochu pribli\u017ene 5,1 ha. Jeho maxim\u00e1lna d\u013a\u017eka je 250 m a \u0161\u00edrka 220 m. Maxim\u00e1lna h\u013abka\u00a0<strong>jazera<\/strong>\u00a0je pribli\u017ene 7 metrov.<\/p>\n<h2 class=\"ds-markdown-paragraph\"><span style=\"color: #800000;\">Ako Jazero Izra vzniklo a ak\u00fd je jeho charakter?<\/span><\/h2>\n<p class=\"ds-markdown-paragraph\"><strong>Izra<\/strong>\u00a0vzniklo v minulosti zosuvom mas\u00edvneho bloku sk\u00e1l a p\u00f4dy, ktor\u00e9 prehradili dolinu a vytvorili prirodzen\u00fa hr\u00e1dzu. Nesk\u00f4r bolo umel\u00fdm zv\u00fd\u0161en\u00edm tejto p\u00f4vodnej hr\u00e1dze roz\u0161\u00edren\u00e9 z p\u00f4vodn\u00fdch 3,7 ha na s\u00fa\u010dasn\u00fdch 5,1 ha. Napriek tejto \u00faprave si\u00a0<strong>jazero<\/strong>\u00a0zachov\u00e1va autentick\u00fd a\u00a0<strong>pr\u00edrodn\u00fd vzh\u013ead<\/strong>.<\/p>\n<h2 class=\"ds-markdown-paragraph\"><span style=\"color: #800000;\">\u010co pon\u00faka rekrea\u010dn\u00e9 stredisko pri jazere?<\/span><\/h2>\n<p class=\"ds-markdown-paragraph\">Pri <strong>jazere<\/strong>\u00a0vzniklo v druhej polovici 20. storo\u010dia\u00a0<strong>rekrea\u010dn\u00e9 stredisko Izra<\/strong>. N\u00e1v\u0161tevn\u00edkom poskytuje atrakt\u00edvne mo\u017enosti\u00a0<strong>ubytovania<\/strong> v chatk\u00e1ch, <strong>stravovania<\/strong>,\u00a0<strong>\u010dlnkovania<\/strong>,\u00a0<strong>pl\u00e1vania<\/strong>\u00a0a\u00a0<strong>rybolovu<\/strong>. Pri vstupe do are\u00e1lu sa nach\u00e1dza turistick\u00fd r\u00e1zcestn\u00edk \u201eJazero Izra\u201c (455 m n.m.).<\/p>\n<h2><span style=\"color: #800000;\">Ak\u00e9 s\u00fa turistick\u00e9 mo\u017enosti a v\u00fdlety v okol\u00ed Jazera Izra?<\/span><\/h2>\n<p>Ved\u00fa odtia\u013e zna\u010den\u00e9 turistick\u00e9 trasy do podcelku <strong>Mili\u010d<\/strong>.<\/p>\n<p>Toto r\u00e1zcestie turistick\u00fdch tr\u00e1s je v\u00fdchodz\u00edm miestom do \u0161t\u00e1tnych pr\u00edrodn\u00fdch rezerv\u00e1ci\u00ed <a href=\"https:\/\/www.keturist.sk\/info\/ochrana-prirody\/npr-velky-milic\/\">Ve\u013ek\u00fd Mili\u010d<\/a> 68 ha, <a href=\"https:\/\/www.keturist.sk\/info\/ochrana-prirody\/npr-maly-milic\/\">Mal\u00fd Mili\u010d<\/a> 15\u00a0ha, <a href=\"https:\/\/www.keturist.sk\/info\/ochrana-prirody\/npr-marocka-hola\/\">Marock\u00e1 ho\u013ea<\/a> 64 ha, <a href=\"https:\/\/www.keturist.sk\/info\/ochrana-prirody\/pr-jazero-mala-izra\/\">Mal\u00e1 Izra<\/a> 0,77 ha a k pr\u00edrodnej pamiatke <a href=\"https:\/\/www.keturist.sk\/info\/ochrana-prirody\/prirodna-pamiatka-milicska-skala\/\">Mili\u010dsk\u00e1 skala<\/a> 12 ha.<\/p>\n<p>Jazero je dobr\u00fdm v\u00fdchodiskom k ne\u010falek\u00e9mu jazeru<a href=\"https:\/\/www.keturist.sk\/info\/vodopady-jazierka-rieky\/jazero-mala-izra\/\"> Mal\u00e1 Izra<\/a>.<\/p>\n<h2><span style=\"color: #800000;\">Ak\u00e9 pamiatky mo\u017eno v bl\u00edzkosti jazera n\u00e1js\u0165?<\/span><\/h2>\n<p>Z pamiatok sa v bl\u00edzkosti jazera nach\u00e1dzaj\u00fa <a href=\"https:\/\/www.keturist.sk\/info\/ostatne-pamiatky\/vojenske-bunkre-z-i-csr-pri-obci-slanska-huta\/\">vojensk\u00e9 bunkre<\/a> z I. \u010cSR, ktor\u00e9 sa nach\u00e1dzaj\u00fa na\u00a0<img loading=\"lazy\" decoding=\"async\" class=\"alignnone wp-image-21626 size-full\" src=\"https:\/\/www.keturist.sk\/info\/wp-content\/uploads\/2013\/11\/zelena.png\" alt=\"\" width=\"20\" height=\"21\" \/> zelenej turistickej trase smerom na <a href=\"https:\/\/www.keturist.sk\/info\/smer-slanske-vrchy\/obec-slanska-huta\/\">Slansk\u00fa Hutu<\/a>.<\/p>\n<h2><span style=\"color: #800000;\">Fotogal\u00e9ria<\/span><\/h2>\n<style type=\"text\/css\">\n#foogallery-gallery-72530 .fg-image { width: 200px; }<\/style>\n\t\t\t<div class=\"foogallery foogallery-container foogallery-carousel foogallery-lightbox-foogallery fg-carousel fg-ready fg-light fg-border-medium fg-round-small fg-shadow-medium fg-loading-default fg-loaded-fade-in fg-hover-semi-zoomed fg-hover-fade fg-hover-circle-plus2\" id=\"foogallery-gallery-72530\" data-foogallery=\"{&quot;item&quot;:{&quot;showCaptionTitle&quot;:true,&quot;showCaptionDescription&quot;:true},&quot;lazy&quot;:true,&quot;template&quot;:{&quot;maxItems&quot;:5,&quot;scale&quot;:0.11999999999999999555910790149937383830547332763671875,&quot;gutter&quot;:{&quot;min&quot;:-40,&quot;max&quot;:-20,&quot;unit&quot;:&quot;%&quot;},&quot;autoplay&quot;:{&quot;time&quot;:0,&quot;interaction&quot;:&quot;pause&quot;},&quot;centerOnClick&quot;:true,&quot;align&quot;:&quot;center&quot;,&quot;activePosition&quot;:&quot;center&quot;}}\" data-foogallery-lightbox=\"{&quot;thumbs&quot;:&quot;bottom&quot;,&quot;thumbsCaptions&quot;:false,&quot;thumbsBestFit&quot;:false,&quot;thumbsSmall&quot;:false,&quot;thumbsCaptionsAlign&quot;:&quot;default&quot;,&quot;info&quot;:&quot;bottom&quot;,&quot;infoVisible&quot;:true,&quot;infoOverlay&quot;:true,&quot;infoAlign&quot;:&quot;default&quot;,&quot;transition&quot;:&quot;fade&quot;,&quot;hoverButtons&quot;:false,&quot;fitMedia&quot;:false,&quot;noScrollbars&quot;:true,&quot;preserveButtonSpace&quot;:true,&quot;buttons&quot;:{&quot;fullscreen&quot;:true,&quot;info&quot;:true,&quot;thumbs&quot;:false},&quot;video&quot;:{&quot;autoPlay&quot;:true}}\" style=\"--fg-title-line-clamp: 1; --fg-description-line-clamp: 2;\" >\n\t<button type=\"button\" class=\"fg-carousel-prev\" title=\"Previous\"><\/button>\n\t<div class=\"fg-carousel-inner\">\n\t\t<div class=\"fg-carousel-center\"><\/div>\n\t\t<div class=\"fg-item fg-type-image fg-idle\"><figure class=\"fg-item-inner\"><a href=\"https:\/\/www.keturist.sk\/info\/wp-content\/uploads\/2021\/04\/izra.sk_.jpg\" data-caption-title=\"Jazero Izra\" data-caption-desc=\"Po\u017eiar\" data-attachment-id=\"39280\" data-type=\"image\" class=\"fg-thumb\"><span class=\"fg-image-wrap\"><img decoding=\"async\" title=\"Jazero Izra\" width=\"200\" height=\"200\" class=\"skip-lazy fg-image\" data-src-fg=\"https:\/\/www.keturist.sk\/info\/wp-content\/uploads\/cache\/2021\/04\/izra_sk_\/435739362.jpg\" src=\"data:image\/svg+xml,%3Csvg%20xmlns%3D%22http%3A%2F%2Fwww.w3.org%2F2000%2Fsvg%22%20width%3D%22200%22%20height%3D%22200%22%20viewBox%3D%220%200%20200%20200%22%3E%3C%2Fsvg%3E\" loading=\"eager\"><\/span><span class=\"fg-image-overlay\"><\/span><\/a><figcaption class=\"fg-caption\"><div class=\"fg-caption-inner\"><div class=\"fg-caption-title\">Jazero Izra<\/div><div class=\"fg-caption-desc\">Po\u017eiar<\/div><\/div><\/figcaption><\/figure><div class=\"fg-loader\"><\/div><\/div><div class=\"fg-item fg-type-image fg-idle\"><figure class=\"fg-item-inner\"><a href=\"https:\/\/www.keturist.sk\/info\/wp-content\/uploads\/2020\/05\/izra2.jpg\" data-caption-title=\"Jazero Izra\" data-caption-desc=\"Jazero Izra, Fotograf: Jozef Mare\u010dek (https:\/\/www.facebook.com\/jozef.marecek.94)\" data-attachment-id=\"34878\" data-type=\"image\" class=\"fg-thumb\"><span class=\"fg-image-wrap\"><img decoding=\"async\" title=\"Jazero Izra\" width=\"200\" height=\"200\" class=\"skip-lazy fg-image\" data-src-fg=\"https:\/\/www.keturist.sk\/info\/wp-content\/uploads\/cache\/2020\/05\/izra2\/3049995420.jpg\" src=\"data:image\/svg+xml,%3Csvg%20xmlns%3D%22http%3A%2F%2Fwww.w3.org%2F2000%2Fsvg%22%20width%3D%22200%22%20height%3D%22200%22%20viewBox%3D%220%200%20200%20200%22%3E%3C%2Fsvg%3E\" loading=\"eager\"><\/span><span class=\"fg-image-overlay\"><\/span><\/a><figcaption class=\"fg-caption\"><div class=\"fg-caption-inner\"><div class=\"fg-caption-title\">Jazero Izra<\/div><div class=\"fg-caption-desc\">Jazero Izra, Fotograf: Jozef Mare\u010dek (https:\/\/www.facebook.com\/jozef.marecek.94)<\/div><\/div><\/figcaption><\/figure><div class=\"fg-loader\"><\/div><\/div><div class=\"fg-item fg-type-image fg-idle\"><figure class=\"fg-item-inner\"><a href=\"https:\/\/www.keturist.sk\/info\/wp-content\/uploads\/2020\/11\/izra1.jpg\" data-caption-title=\"Jazero Izra\" data-caption-desc=\"Jazero Izra, Fotograf: Jozef Mare\u010dek (https:\/\/www.facebook.com\/jozef.marecek.94)\" data-attachment-id=\"34873\" data-type=\"image\" class=\"fg-thumb\"><span class=\"fg-image-wrap\"><img decoding=\"async\" title=\"Jazero Izra\" width=\"200\" height=\"200\" class=\"skip-lazy fg-image\" data-src-fg=\"https:\/\/www.keturist.sk\/info\/wp-content\/uploads\/cache\/2020\/11\/izra1\/285732104.jpg\" src=\"data:image\/svg+xml,%3Csvg%20xmlns%3D%22http%3A%2F%2Fwww.w3.org%2F2000%2Fsvg%22%20width%3D%22200%22%20height%3D%22200%22%20viewBox%3D%220%200%20200%20200%22%3E%3C%2Fsvg%3E\" loading=\"eager\"><\/span><span class=\"fg-image-overlay\"><\/span><\/a><figcaption class=\"fg-caption\"><div class=\"fg-caption-inner\"><div class=\"fg-caption-title\">Jazero Izra<\/div><div class=\"fg-caption-desc\">Jazero Izra, Fotograf: Jozef Mare\u010dek (https:\/\/www.facebook.com\/jozef.marecek.94)<\/div><\/div><\/figcaption><\/figure><div class=\"fg-loader\"><\/div><\/div><div class=\"fg-item fg-type-image fg-idle\"><figure class=\"fg-item-inner\"><a href=\"https:\/\/www.keturist.sk\/info\/wp-content\/uploads\/2020\/11\/izra4.jpg\" data-caption-title=\"Jazero Izra\" data-caption-desc=\"Jazero Izra, Fotograf: Jozef Mare\u010dek (https:\/\/www.facebook.com\/jozef.marecek.94)\" data-attachment-id=\"34872\" data-type=\"image\" class=\"fg-thumb\"><span class=\"fg-image-wrap\"><img decoding=\"async\" title=\"Jazero Izra\" width=\"200\" height=\"200\" class=\"skip-lazy fg-image\" data-src-fg=\"https:\/\/www.keturist.sk\/info\/wp-content\/uploads\/cache\/2020\/11\/izra4\/1340450992.jpg\" src=\"data:image\/svg+xml,%3Csvg%20xmlns%3D%22http%3A%2F%2Fwww.w3.org%2F2000%2Fsvg%22%20width%3D%22200%22%20height%3D%22200%22%20viewBox%3D%220%200%20200%20200%22%3E%3C%2Fsvg%3E\" loading=\"eager\"><\/span><span class=\"fg-image-overlay\"><\/span><\/a><figcaption class=\"fg-caption\"><div class=\"fg-caption-inner\"><div class=\"fg-caption-title\">Jazero Izra<\/div><div class=\"fg-caption-desc\">Jazero Izra, Fotograf: Jozef Mare\u010dek (https:\/\/www.facebook.com\/jozef.marecek.94)<\/div><\/div><\/figcaption><\/figure><div class=\"fg-loader\"><\/div><\/div><div class=\"fg-item fg-type-image fg-idle\"><figure class=\"fg-item-inner\"><a href=\"https:\/\/www.keturist.sk\/info\/wp-content\/uploads\/2020\/11\/izra3.jpg\" data-caption-title=\"Jazero Izra\" data-caption-desc=\"Jazero Izra, Fotograf: Jozef Mare\u010dek (https:\/\/www.facebook.com\/jozef.marecek.94)\" data-attachment-id=\"34871\" data-type=\"image\" class=\"fg-thumb\"><span class=\"fg-image-wrap\"><img decoding=\"async\" title=\"Jazero Izra\" width=\"200\" height=\"200\" class=\"skip-lazy fg-image\" data-src-fg=\"https:\/\/www.keturist.sk\/info\/wp-content\/uploads\/cache\/2020\/11\/izra3\/2133229005.jpg\" src=\"data:image\/svg+xml,%3Csvg%20xmlns%3D%22http%3A%2F%2Fwww.w3.org%2F2000%2Fsvg%22%20width%3D%22200%22%20height%3D%22200%22%20viewBox%3D%220%200%20200%20200%22%3E%3C%2Fsvg%3E\" loading=\"eager\"><\/span><span class=\"fg-image-overlay\"><\/span><\/a><figcaption class=\"fg-caption\"><div class=\"fg-caption-inner\"><div class=\"fg-caption-title\">Jazero Izra<\/div><div class=\"fg-caption-desc\">Jazero Izra, Fotograf: Jozef Mare\u010dek (https:\/\/www.facebook.com\/jozef.marecek.94)<\/div><\/div><\/figcaption><\/figure><div class=\"fg-loader\"><\/div><\/div>\t<\/div>\n\t<div class=\"fg-carousel-bottom\"><\/div>\n\t<div class=\"fg-carousel-progress\"><\/div>\n\t<button type=\"button\" class=\"fg-carousel-next\" title=\"Next\"><\/button>\n<\/div>\n<h2><span style=\"color: #800000;\">Zauj\u00edmav\u00e9 odkazy<\/span><\/h2>\n<h3><span style=\"color: #808000;\">Bl\u00edzke stredisko, turistick\u00e9 centrum, obec alebo mesto:<\/span><\/h3>\n<ul>\n<li><a href=\"https:\/\/www.keturist.sk\/info\/smer-slanske-vrchy\/rekreacne-stredisko-izra\/\">Stredisko Izra (\u010d\u00edtaj viac&#8230;)<\/a><\/li>\n<\/ul>\n<h2><span style=\"color: #800000;\">Mapy<\/span><\/h2>\n<p><strong>Vrstvy: <\/strong>Turistick\u00e1 mapa, Automapa, Cyklomapa, Ly\u017eiarska mapa, Satelitn\u00e1 mapa a OpenStreetMap.<\/p>\n<p><strong>Kliknut\u00edm na logo &#8222;Freemap.sk&#8220; sa V\u00e1m mapa zobraz\u00ed na celej ploche obrazovky.<\/strong><\/p>\n<p><iframe style=\"width: 900px; height: 500px; border: 0;\" src=\"https:\/\/www.freemap.sk\/?map=15\/48.569778\/21.493442&amp;info-point=48.569778\/21.493442,Jazero Izra&amp;layers=X&amp;embed=search\" allowfullscreen=\"allowfullscreen\"><span data-mce-type=\"bookmark\" style=\"display: inline-block; width: 0px; overflow: hidden; line-height: 0;\" class=\"mce_SELRES_start\">\ufeff<\/span><\/iframe><\/p>\n<h2><span style=\"color: #800000;\">Po\u010dasie<\/span><\/h2>\n<p><iframe style=\"width: 900px; height: 611px;\" src=\"https:\/\/www.meteoblue.com\/sk\/po%C4%8Dasie\/widget\/three\/48.595N21.506E397_Europe%2FBratislava?geoloc=fixed&amp;nocurrent=0&amp;noforecast=0&amp;days=5&amp;tempunit=CELSIUS&amp;windunit=KILOMETER_PER_HOUR&amp;layout=image\" frameborder=\"0\" scrolling=\"NO\" sandbox=\"allow-same-origin allow-scripts allow-popups allow-popups-to-escape-sandbox\"><\/iframe><\/p>\n<div><!-- DO NOT REMOVE THIS LINK --><a href=\"https:\/\/www.meteoblue.com\/sk\/po%C4%8Dasie\/predpove%C4%8F\/t%C3%BD%C5%BEde%C5%88\/48.595N21.506E397_Europe%2FBratislava?utm_source=weather_widget&amp;utm_medium=linkus&amp;utm_content=three&amp;utm_campaign=Weather%2BWidget\" target=\"_blank\" rel=\"noopener noreferrer\">meteoblue<\/a><\/div>\n","protected":false},"excerpt":{"rendered":"<p>Podkateg\u00f3ria: Lokaliz\u00e1cia: Slansk\u00e9 vrchy Kde sa nach\u00e1dza Jazero Izra a ak\u00e1 je jeho poloha? Jazero Izra\u00a0sa nach\u00e1dza na juhov\u00fdchode podhoria Mili\u010d, pribli\u017ene 39 km na juhov\u00fdchod od Ko\u0161\u00edc. Le\u017e\u00ed v [&hellip;]<\/p>\n","protected":false},"author":1,"featured_media":34871,"parent":0,"menu_order":0,"comment_status":"closed","ping_status":"closed","template":"","meta":{"_uag_custom_page_level_css":"","_monsterinsights_skip_tracking":false,"_monsterinsights_sitenote_active":false,"_monsterinsights_sitenote_note":"","_monsterinsights_sitenote_category":0,"footnotes":""},"class_list":["post-2280","page","type-page","status-publish","has-post-thumbnail","hentry"],"featured_image_src":"https:\/\/www.keturist.sk\/info\/wp-content\/uploads\/2020\/11\/izra3.jpg","featured_image_src_square":"https:\/\/www.keturist.sk\/info\/wp-content\/uploads\/2020\/11\/izra3.jpg","rbea_author_info":{"display_name":"admin","author_link":"https:\/\/www.keturist.sk\/info\/author\/admin\/"},"rbea_excerpt_info":"Podkateg\u00f3ria: Lokaliz\u00e1cia: Slansk\u00e9 vrchy Kde sa nach\u00e1dza Jazero Izra a ak\u00e1 je jeho poloha? Jazero Izra\u00a0sa nach\u00e1dza na juhov\u00fdchode podhoria Mili\u010d, pribli\u017ene 39 km na juhov\u00fdchod od Ko\u0161\u00edc. Le\u017e\u00ed v [&hellip;]","uagb_featured_image_src":{"full":["https:\/\/www.keturist.sk\/info\/wp-content\/uploads\/2020\/11\/izra3.jpg",1000,563,false],"thumbnail":["https:\/\/www.keturist.sk\/info\/wp-content\/uploads\/2020\/11\/izra3-270x152.jpg",270,152,true],"medium":["https:\/\/www.keturist.sk\/info\/wp-content\/uploads\/2020\/11\/izra3-800x450.jpg",800,450,true],"medium_large":["https:\/\/www.keturist.sk\/info\/wp-content\/uploads\/2020\/11\/izra3-768x432.jpg",768,432,true],"large":["https:\/\/www.keturist.sk\/info\/wp-content\/uploads\/2020\/11\/izra3.jpg",1000,563,false],"1536x1536":["https:\/\/www.keturist.sk\/info\/wp-content\/uploads\/2020\/11\/izra3.jpg",1000,563,false],"2048x2048":["https:\/\/www.keturist.sk\/info\/wp-content\/uploads\/2020\/11\/izra3.jpg",1000,563,false]},"uagb_author_info":{"display_name":"admin","author_link":"https:\/\/www.keturist.sk\/info\/author\/admin\/"},"uagb_comment_info":0,"uagb_excerpt":"Podkateg\u00f3ria: Lokaliz\u00e1cia: Slansk\u00e9 vrchy Kde sa nach\u00e1dza Jazero Izra a ak\u00e1 je jeho poloha? Jazero Izra\u00a0sa nach\u00e1dza na juhov\u00fdchode podhoria Mili\u010d, pribli\u017ene 39 km na juhov\u00fdchod od Ko\u0161\u00edc. Le\u017e\u00ed v [&hellip;]","_links":{"self":[{"href":"https:\/\/www.keturist.sk\/info\/wp-json\/wp\/v2\/pages\/2280","targetHints":{"allow":["GET"]}}],"collection":[{"href":"https:\/\/www.keturist.sk\/info\/wp-json\/wp\/v2\/pages"}],"about":[{"href":"https:\/\/www.keturist.sk\/info\/wp-json\/wp\/v2\/types\/page"}],"author":[{"embeddable":true,"href":"https:\/\/www.keturist.sk\/info\/wp-json\/wp\/v2\/users\/1"}],"replies":[{"embeddable":true,"href":"https:\/\/www.keturist.sk\/info\/wp-json\/wp\/v2\/comments?post=2280"}],"version-history":[{"count":8,"href":"https:\/\/www.keturist.sk\/info\/wp-json\/wp\/v2\/pages\/2280\/revisions"}],"predecessor-version":[{"id":72531,"href":"https:\/\/www.keturist.sk\/info\/wp-json\/wp\/v2\/pages\/2280\/revisions\/72531"}],"wp:featuredmedia":[{"embeddable":true,"href":"https:\/\/www.keturist.sk\/info\/wp-json\/wp\/v2\/media\/34871"}],"wp:attachment":[{"href":"https:\/\/www.keturist.sk\/info\/wp-json\/wp\/v2\/media?parent=2280"}],"curies":[{"name":"wp","href":"https:\/\/api.w.org\/{rel}","templated":true}]}}