{"id":2272,"date":"2013-10-26T18:19:18","date_gmt":"2013-10-26T16:19:18","guid":{"rendered":"https:\/\/www.keturist.sk\/info\/?page_id=2272"},"modified":"2025-12-10T14:18:53","modified_gmt":"2025-12-10T13:18:53","slug":"potok-sopotnica","status":"publish","type":"page","link":"https:\/\/www.keturist.sk\/info\/potok-sopotnica\/","title":{"rendered":"Potok Sopotnica"},"content":{"rendered":"<a href=\"https:\/\/www.keturist.sk\/info\/\" class=\"su-button su-button-style-default\" style=\"color:#000000;background-color:#FFCF2F;border-color:#cca626;border-radius:5px\" target=\"_self\"><span style=\"color:#000000;padding:6px 16px;font-size:13px;line-height:20px;border-color:#ffde6e;border-radius:5px;text-shadow:none\"><i class=\"sui sui-arrow-right\" style=\"font-size:13px;color:#000000\"><\/i>  Spravodaj <\/span><\/a>\n<a href=\"https:\/\/www.keturist.sk\/info\/tipy-na-vylety\/\" class=\"su-button su-button-style-default\" style=\"color:#000000;background-color:#FFCF2F;border-color:#cca626;border-radius:5px\" target=\"_self\"><span style=\"color:#000000;padding:6px 16px;font-size:13px;line-height:20px;border-color:#ffde6e;border-radius:5px;text-shadow:none\"><i class=\"sui sui-arrow-right\" style=\"font-size:13px;color:#000000\"><\/i>  TIPY NA V\u00ddLETY <\/span><\/a>\n<a href=\"https:\/\/www.keturist.sk\/info\/kam-do-prirody\/\" class=\"su-button su-button-style-default\" style=\"color:#000000;background-color:#FFCF2F;border-color:#cca626;border-radius:5px\" target=\"_self\"><span style=\"color:#000000;padding:6px 16px;font-size:13px;line-height:20px;border-color:#ffde6e;border-radius:5px;text-shadow:none\"><i class=\"sui sui-arrow-right\" style=\"font-size:13px;color:#000000\"><\/i>  Kam do pr\u00edrody <\/span><\/a>\n<a href=\"https:\/\/www.keturist.sk\/info\/kam-do-prirody\/kam-do-prirody-smer-cierna-hora\/\" class=\"su-button su-button-style-default\" style=\"color:#000000;background-color:#FFCF2F;border-color:#cca626;border-radius:5px\" target=\"_self\"><span style=\"color:#000000;padding:6px 16px;font-size:13px;line-height:20px;border-color:#ffde6e;border-radius:5px;text-shadow:none\"><i class=\"sui sui-arrow-right\" style=\"font-size:13px;color:#000000\"><\/i>  Smer \u010cierna hora <\/span><\/a>\n<div class=\"su-divider su-divider-style-default\" style=\"margin:15px 0;border-width:0px;border-color:#000000\"><\/div>\n<strong>Podkateg\u00f3ria: <\/strong> <a href=\"https:\/\/www.keturist.sk\/info\/kam-do-prirody\/kam-do-prirody-smer-cierna-hora\/vodopady-jazierka-rieky\/\" class=\"su-button su-button-style-default\" style=\"color:#000000;background-color:#afd144;border-color:#8ca837;border-radius:5px\" target=\"_self\"><span style=\"color:#000000;padding:6px 16px;font-size:13px;line-height:20px;border-color:#c7df7d;border-radius:5px;text-shadow:none\"><i class=\"sui sui-arrow-right\" style=\"font-size:13px;color:#000000\"><\/i>  Vodop\u00e1dy, jazierka, rieky \u2026 <\/span><\/a>\n<p><strong>Lokaliz\u00e1cia: <\/strong><a href=\"https:\/\/www.keturist.sk\/info\/okolite-hory\/cierna-hora\/\">\u010cierna hora<\/a><\/p>\n<div class=\"su-divider su-divider-style-default\" style=\"margin:15px 0;border-width:2px;border-color:#000000\"><\/div>\n<figure id=\"attachment_37334\" aria-describedby=\"caption-attachment-37334\" style=\"width: 900px\" class=\"wp-caption aligncenter\"><a href=\"https:\/\/www.keturist.sk\/info\/wp-content\/uploads\/2020\/12\/sopotnica1.jpg\"><img loading=\"lazy\" decoding=\"async\" class=\"wp-image-37334\" src=\"https:\/\/www.keturist.sk\/info\/wp-content\/uploads\/2020\/12\/sopotnica1.jpg\" alt=\"Potok Sopotnica\" width=\"900\" height=\"675\" srcset=\"https:\/\/www.keturist.sk\/info\/wp-content\/uploads\/2020\/12\/sopotnica1.jpg 800w, https:\/\/www.keturist.sk\/info\/wp-content\/uploads\/2020\/12\/sopotnica1-240x180.jpg 240w, https:\/\/www.keturist.sk\/info\/wp-content\/uploads\/2020\/12\/sopotnica1-768x576.jpg 768w\" sizes=\"auto, (max-width: 900px) 100vw, 900px\" \/><\/a><figcaption id=\"caption-attachment-37334\" class=\"wp-caption-text\">potok Sopotnica<\/figcaption><\/figure>\n<div class=\"su-divider su-divider-style-default\" style=\"margin:15px 0;border-width:2px;border-color:#000000\"><\/div>\n<p class=\"ds-markdown-paragraph\"><strong>Potok Sopotnica<\/strong>\u00a0je typick\u00fd\u00a0<strong>pstruhov\u00fd horsk\u00fd potok<\/strong>, ktor\u00fd pramen\u00ed nad obcou Klenov v nadmorskej v\u00fd\u0161ke 630 m n. m. Jeho cestu mo\u017eno rozdeli\u0165 na dve \u010dasti. V hornej \u010dasti pokojne pretek\u00e1 obcami\u00a0<strong>Klenov<\/strong>\u00a0a\u00a0<strong>Miklu\u0161ovce<\/strong>\u00a0a l\u00fa\u010dnat\u00fdm \u00fadol\u00edm\u00a0<strong>\u0160ari\u0161skej vrchoviny<\/strong>.<\/p>\n<p class=\"ds-markdown-paragraph\">V dolnej \u010dasti sa v\u0161ak jeho charakter men\u00ed \u2013 tu sa prediera\u00a0<strong>\u010ciernou horou<\/strong>, konkr\u00e9tne podcelkom\u00a0<strong>Sopotnick\u00e9 vrchy<\/strong>. Tu vytv\u00e1ra p\u00f4sobiv\u00e9\u00a0<strong>perejte<\/strong>\u00a0a\u00a0<strong>kask\u00e1dy<\/strong>\u00a0a hlboko zarez\u00e1va pribli\u017ene 14 km dlh\u00fa\u00a0<strong>dolinu Sopotnice<\/strong>.<\/p>\n<p class=\"ds-markdown-paragraph\">T\u00e1to\u00a0<strong>turisticky atrakt\u00edvna dolina<\/strong>\u00a0sa hlboko zarez\u00e1va do \u00fazemia medzi vrchmi\u00a0<strong>Som\u00e1r (700 m n. m.)<\/strong>,\u00a0<strong>Humenec (613 m n. m.)<\/strong>,\u00a0<strong>Prielo\u017eok (563 m n. m.)<\/strong>\u00a0a\u00a0<strong>Tlst\u00e1 (687 m n. m.)<\/strong>. Svoj tok kon\u010d\u00ed pod vrchom Tlst\u00e1, kde sa medzi obcami\u00a0<strong>Ve\u013ek\u00e1 Lodina<\/strong>\u00a0a\u00a0<strong>Kysak<\/strong>\u00a0vlieva v nadmorskej v\u00fd\u0161ke 250 m n. m. do rieky\u00a0<strong>Horn\u00e1d<\/strong>\u00a0v\u00a0<strong>Horn\u00e1dskej doline<\/strong>.<\/p>\n<h2><span style=\"color: #800000;\">Ako si u\u017eijem turistiku a cykloturistiku v okol\u00ed potoka?<\/span><\/h2>\n<p class=\"ds-markdown-paragraph\">Pozd\u013a\u017e dolnej \u010dasti\u00a0<strong>potoka Sopotnica<\/strong>, za\u010d\u00ednaj\u00fac od obce\u00a0<strong>Miklu\u0161ovce<\/strong>, vedie\u00a0<strong>ob\u013e\u00faben\u00e1 lesn\u00e1 cesta<\/strong>. T\u00e1to trasa je ide\u00e1lnym\u00a0<strong>v\u00fdletn\u00fdm cie\u013eom<\/strong>\u00a0pre\u00a0<strong>pe\u0161\u00edch turistov<\/strong>\u00a0aj\u00a0<strong>cykloturistov<\/strong>, ktor\u00ed si u\u017e\u00edvaj\u00fa pokojn\u00fa kr\u00e1su \u00fadolia. Na trase sa zachovalo nieko\u013eko historick\u00fdch objektov, ktor\u00e9 sved\u010dia o jeho minulom vyu\u017eit\u00ed.\u00a0<strong>Potok bol v minulosti intenz\u00edvne vyu\u017e\u00edvan\u00fd<\/strong>\u00a0poh\u00e1\u0148an\u00edm mnoh\u00fdch\u00a0<strong>vodn\u00fdch mlynov<\/strong>\u00a0a p\u00edl.<\/p>\n<h2><span style=\"color: #800000;\">Ak\u00e9 historick\u00e9 mlyny a stavby mo\u017eno pozd\u013a\u017e Sopotnice n\u00e1js\u0165?<\/span><\/h2>\n<p class=\"ds-markdown-paragraph\">Najzachovalej\u0161ou pamiatkou tohto typu je\u00a0<strong>vodn\u00fd Pust\u00fd mlyn<\/strong>, naz\u00fdvan\u00fd aj\u00a0<strong>Safkov mlyn<\/strong>. Nach\u00e1dza sa pri r\u00e1zcest\u00ed\u00a0<strong>Prokopov mlyn (371 m n. m.)<\/strong>. Tento mlyn postavili v druhej polovici 19. storo\u010dia\u00a0<strong>Prokopovci<\/strong>\u00a0a do\u00a0<strong>vlastn\u00edctva rodiny Safkovej<\/strong>\u00a0pre\u0161iel v roku 1927. Naposledy sa v \u0148om\u00a0<strong>mlynsk\u00e9 koleso rozto\u010dilo v roku 1951<\/strong>.<\/p>\n<p class=\"ds-markdown-paragraph\">\u010eal\u0161ie dva mlyny maj\u00fa odli\u0161n\u00fd osud.\u00a0<strong>Miklu\u0161ovsk\u00fd mlyn<\/strong>, ktor\u00fd sl\u00fa\u017eil do roku 1960, ke\u010f mu bolo demontovan\u00e9 koleso, je v s\u00fa\u010dasnosti prestavan\u00fd na\u00a0<strong>rodinn\u00fd dom<\/strong>. Bol postaven\u00fd koncom 19. storo\u010dia a v obdob\u00ed socializmu v roku 1952 bol\u00a0<strong>zh\u00e1ban\u00fd a zn\u00e1rodnen\u00fd<\/strong>.\u00a0<strong>Sedlick\u00fd mlyn<\/strong>, naz\u00fdvan\u00fd aj\u00a0<strong>Prokopov mlyn<\/strong>, bol postaven\u00fd v prvej polovici 19. storo\u010dia ako kamenn\u00fd mlyn rodinou Prokopovou. Pri ve\u013ekej oprave v roku 1923 bol kompletne prestavan\u00fd s pou\u017eit\u00edm p\u00e1len\u00fdch tehl\u00ed. V roku 1953 bol aj tento mlyn\u00a0<strong>zn\u00e1rodnen\u00fd<\/strong>\u00a0a dnes je z neho len\u00a0<strong>zr\u00facanina<\/strong>.<\/p>\n<p class=\"ds-markdown-paragraph\">Z historick\u00fdch h\u00e1jovn\u00ed sa zachovala len\u00a0<strong>H\u00e1jov\u0148a pri Olajo\u0161ovi<\/strong>, pomenovan\u00e1 pod\u013ea posledn\u00e9ho h\u00e1jnika. Nach\u00e1dza sa asi 1 kilometer od\u00a0<strong>s\u00fatoku Sopotnice a Sedlick\u00e9ho potoka<\/strong>. V s\u00fa\u010dasnosti je\u00a0<strong>vo vlastn\u00edctve obce Sedlice<\/strong>\u00a0a sl\u00fa\u017ei aj ako\u00a0<strong>pr\u00edle\u017eitostn\u00e1 turistick\u00e1 ubytov\u0148a<\/strong>.<\/p>\n<h2><span style=\"color: #800000;\">Kde n\u00e1jdem pam\u00e4tn\u00edk a rekrea\u010dn\u00e9 z\u00e1zemie?<\/span><\/h2>\n<p class=\"ds-markdown-paragraph\">Pri\u00a0<strong>turistickom smerovn\u00edku Sopotnica \u00fastie (300 m n. m.)<\/strong>\u00a0sa nach\u00e1dza\u00a0<strong>pam\u00e4tn\u00edk dvoch str\u00e1\u017emajstrov ZNB<\/strong>\u00a0\u2013 Emanuela Pol\u00e1ka a Jozefa Pro\u0161ka. T\u00ed padli pri starom Prokopovom mlyne\u00a0<strong>v boji proti fa\u0161istick\u00fdm banderovsk\u00fdm band\u00e1m<\/strong>\u00a0v noci zo 4. m\u00e1ja 1948.<\/p>\n<p class=\"ds-markdown-paragraph\">V samotnom\u00a0<strong>\u00fast\u00ed potoka Sopotnica do rieky Horn\u00e1d<\/strong>\u00a0sa potom nach\u00e1dza\u00a0<strong>rekrea\u010dn\u00e9 stredisko Brezie<\/strong>, ktor\u00e9 pon\u00faka z\u00e1zemie pre n\u00e1v\u0161tevn\u00edkov.<\/p>\n<h2><span style=\"color: #800000;\">Ako sa najlep\u0161ie dosta\u0165 k potoku Sopotnica?<\/span><\/h2>\n<p class=\"ds-markdown-paragraph\">Dobr\u00fdmi\u00a0<strong>v\u00fdchodiskov\u00fdmi bodmi<\/strong>\u00a0pre n\u00e1v\u0161tevu tohto kr\u00e1sneho \u00fazemia s\u00fa obce\u00a0<strong>Kysak, Sedlice, Klenov, Such\u00e1 dolina a Miklu\u0161ovce<\/strong>. Z t\u00fdchto miest je mo\u017en\u00e9 pohodlne za\u010da\u0165\u00a0<strong>p\u00fa\u0165 \u00fadol\u00edm<\/strong>\u00a0alebo k \u013eubovo\u013enej spomenutej hist\u00f3rickej zauj\u00edmavosti.<\/p>\n<h2><span style=\"color: #800000;\">Fotogal\u00e9ria<\/span><\/h2>\n<style type=\"text\/css\">\n#foogallery-gallery-72081 .fg-image { width: 200px; }<\/style>\n\t\t\t<div class=\"foogallery foogallery-container foogallery-carousel foogallery-lightbox-foogallery fg-carousel fg-ready fg-light fg-border-medium fg-round-small fg-shadow-medium fg-loading-default fg-loaded-fade-in fg-hover-semi-zoomed fg-hover-fade fg-hover-circle-plus2\" id=\"foogallery-gallery-72081\" data-foogallery=\"{&quot;item&quot;:{&quot;showCaptionTitle&quot;:true,&quot;showCaptionDescription&quot;:true},&quot;lazy&quot;:true,&quot;template&quot;:{&quot;maxItems&quot;:5,&quot;scale&quot;:0.11999999999999999555910790149937383830547332763671875,&quot;gutter&quot;:{&quot;min&quot;:-40,&quot;max&quot;:-20,&quot;unit&quot;:&quot;%&quot;},&quot;autoplay&quot;:{&quot;time&quot;:0,&quot;interaction&quot;:&quot;pause&quot;},&quot;centerOnClick&quot;:true,&quot;align&quot;:&quot;center&quot;,&quot;activePosition&quot;:&quot;center&quot;}}\" data-foogallery-lightbox=\"{&quot;thumbs&quot;:&quot;bottom&quot;,&quot;thumbsCaptions&quot;:false,&quot;thumbsBestFit&quot;:false,&quot;thumbsSmall&quot;:false,&quot;thumbsCaptionsAlign&quot;:&quot;default&quot;,&quot;info&quot;:&quot;bottom&quot;,&quot;infoVisible&quot;:true,&quot;infoOverlay&quot;:true,&quot;infoAlign&quot;:&quot;default&quot;,&quot;transition&quot;:&quot;fade&quot;,&quot;hoverButtons&quot;:false,&quot;fitMedia&quot;:false,&quot;noScrollbars&quot;:true,&quot;preserveButtonSpace&quot;:true,&quot;buttons&quot;:{&quot;fullscreen&quot;:true,&quot;info&quot;:true,&quot;thumbs&quot;:false},&quot;video&quot;:{&quot;autoPlay&quot;:true}}\" style=\"--fg-title-line-clamp: 1; --fg-description-line-clamp: 2;\" >\n\t<button type=\"button\" class=\"fg-carousel-prev\" title=\"Previous\"><\/button>\n\t<div class=\"fg-carousel-inner\">\n\t\t<div class=\"fg-carousel-center\"><\/div>\n\t\t<div class=\"fg-item fg-type-image fg-idle\"><figure class=\"fg-item-inner\"><a href=\"https:\/\/www.keturist.sk\/info\/wp-content\/uploads\/2020\/12\/sopotnica2.jpg\" data-caption-title=\"Potok Sopotnica\" data-attachment-id=\"37339\" data-type=\"image\" class=\"fg-thumb\"><span class=\"fg-image-wrap\"><img decoding=\"async\" alt=\"Potok Sopotnica\" title=\"Potok Sopotnica\" width=\"200\" height=\"200\" class=\"skip-lazy fg-image\" data-src-fg=\"https:\/\/www.keturist.sk\/info\/wp-content\/uploads\/cache\/2020\/12\/sopotnica2\/4138418876.jpg\" src=\"data:image\/svg+xml,%3Csvg%20xmlns%3D%22http%3A%2F%2Fwww.w3.org%2F2000%2Fsvg%22%20width%3D%22200%22%20height%3D%22200%22%20viewBox%3D%220%200%20200%20200%22%3E%3C%2Fsvg%3E\" loading=\"eager\"><\/span><span class=\"fg-image-overlay\"><\/span><\/a><figcaption class=\"fg-caption\"><div class=\"fg-caption-inner\"><div class=\"fg-caption-title\">Potok Sopotnica<\/div><\/div><\/figcaption><\/figure><div class=\"fg-loader\"><\/div><\/div><div class=\"fg-item fg-type-image fg-idle\"><figure class=\"fg-item-inner\"><a href=\"https:\/\/www.keturist.sk\/info\/wp-content\/uploads\/2020\/12\/horaren-sopotnica.jpg\" data-caption-title=\"H\u00e1jov\u0148a pri Olajo\u0161ovi\" data-caption-desc=\"H\u00e1jov\u0148a pri Olajo\u0161ovi\" data-attachment-id=\"37337\" data-type=\"image\" class=\"fg-thumb\"><span class=\"fg-image-wrap\"><img decoding=\"async\" alt=\"H\u00e1jov\u0148a pri Olajo\u0161ovi\" title=\"H\u00e1jov\u0148a pri Olajo\u0161ovi\" width=\"200\" height=\"200\" class=\"skip-lazy fg-image\" data-src-fg=\"https:\/\/www.keturist.sk\/info\/wp-content\/uploads\/cache\/2020\/12\/horaren-sopotnica\/501216252.jpg\" src=\"data:image\/svg+xml,%3Csvg%20xmlns%3D%22http%3A%2F%2Fwww.w3.org%2F2000%2Fsvg%22%20width%3D%22200%22%20height%3D%22200%22%20viewBox%3D%220%200%20200%20200%22%3E%3C%2Fsvg%3E\" loading=\"eager\"><\/span><span class=\"fg-image-overlay\"><\/span><\/a><figcaption class=\"fg-caption\"><div class=\"fg-caption-inner\"><div class=\"fg-caption-title\">H\u00e1jov\u0148a pri Olajo\u0161ovi<\/div><div class=\"fg-caption-desc\">H\u00e1jov\u0148a pri Olajo\u0161ovi<\/div><\/div><\/figcaption><\/figure><div class=\"fg-loader\"><\/div><\/div><div class=\"fg-item fg-type-image fg-idle\"><figure class=\"fg-item-inner\"><a href=\"https:\/\/www.keturist.sk\/info\/wp-content\/uploads\/2020\/12\/dolina-sopotnice.jpg\" data-caption-title=\"Dolina Sopotnice\" data-attachment-id=\"37336\" data-type=\"image\" class=\"fg-thumb\"><span class=\"fg-image-wrap\"><img decoding=\"async\" alt=\"Dolina Sopotnice\" title=\"Dolina Sopotnice\" width=\"200\" height=\"200\" class=\"skip-lazy fg-image\" data-src-fg=\"https:\/\/www.keturist.sk\/info\/wp-content\/uploads\/cache\/2020\/12\/dolina-sopotnice\/4103177382.jpg\" src=\"data:image\/svg+xml,%3Csvg%20xmlns%3D%22http%3A%2F%2Fwww.w3.org%2F2000%2Fsvg%22%20width%3D%22200%22%20height%3D%22200%22%20viewBox%3D%220%200%20200%20200%22%3E%3C%2Fsvg%3E\" loading=\"eager\"><\/span><span class=\"fg-image-overlay\"><\/span><\/a><figcaption class=\"fg-caption\"><div class=\"fg-caption-inner\"><div class=\"fg-caption-title\">Dolina Sopotnice<\/div><\/div><\/figcaption><\/figure><div class=\"fg-loader\"><\/div><\/div><div class=\"fg-item fg-type-image fg-idle\"><figure class=\"fg-item-inner\"><a href=\"https:\/\/www.keturist.sk\/info\/wp-content\/uploads\/2020\/12\/sopotnica1.jpg\" data-caption-title=\"Potok Sopotnica\" data-attachment-id=\"37334\" data-type=\"image\" class=\"fg-thumb\"><span class=\"fg-image-wrap\"><img decoding=\"async\" alt=\"Potok Sopotnica\" title=\"Potok Sopotnica\" width=\"200\" height=\"200\" class=\"skip-lazy fg-image\" data-src-fg=\"https:\/\/www.keturist.sk\/info\/wp-content\/uploads\/cache\/2020\/12\/sopotnica1\/3983459525.jpg\" src=\"data:image\/svg+xml,%3Csvg%20xmlns%3D%22http%3A%2F%2Fwww.w3.org%2F2000%2Fsvg%22%20width%3D%22200%22%20height%3D%22200%22%20viewBox%3D%220%200%20200%20200%22%3E%3C%2Fsvg%3E\" loading=\"eager\"><\/span><span class=\"fg-image-overlay\"><\/span><\/a><figcaption class=\"fg-caption\"><div class=\"fg-caption-inner\"><div class=\"fg-caption-title\">Potok Sopotnica<\/div><\/div><\/figcaption><\/figure><div class=\"fg-loader\"><\/div><\/div><div class=\"fg-item fg-type-image fg-idle\"><figure class=\"fg-item-inner\"><a href=\"https:\/\/www.keturist.sk\/info\/wp-content\/uploads\/2020\/12\/pusty-mlyn.jpg\" data-caption-title=\"Pust\u00fd mlyn\" data-caption-desc=\"Pust\u00fd mlyn\" data-attachment-id=\"37342\" data-type=\"image\" class=\"fg-thumb\"><span class=\"fg-image-wrap\"><img decoding=\"async\" title=\"Pust\u00fd mlyn\" width=\"200\" height=\"200\" class=\"skip-lazy fg-image\" data-src-fg=\"https:\/\/www.keturist.sk\/info\/wp-content\/uploads\/cache\/2020\/12\/pusty-mlyn\/2286015919.jpg\" src=\"data:image\/svg+xml,%3Csvg%20xmlns%3D%22http%3A%2F%2Fwww.w3.org%2F2000%2Fsvg%22%20width%3D%22200%22%20height%3D%22200%22%20viewBox%3D%220%200%20200%20200%22%3E%3C%2Fsvg%3E\" loading=\"eager\"><\/span><span class=\"fg-image-overlay\"><\/span><\/a><figcaption class=\"fg-caption\"><div class=\"fg-caption-inner\"><div class=\"fg-caption-title\">Pust\u00fd mlyn<\/div><div class=\"fg-caption-desc\">Pust\u00fd mlyn<\/div><\/div><\/figcaption><\/figure><div class=\"fg-loader\"><\/div><\/div><div class=\"fg-item fg-type-image fg-idle\"><figure class=\"fg-item-inner\"><a href=\"https:\/\/www.keturist.sk\/info\/wp-content\/uploads\/2021\/08\/prokopov-mlyn1.jpg\" data-caption-title=\"Prokopov mlyn\" data-caption-desc=\"Prokopov mlyn\" data-attachment-id=\"41053\" data-type=\"image\" class=\"fg-thumb\"><span class=\"fg-image-wrap\"><img decoding=\"async\" alt=\"Prokopov mlyn\" title=\"Prokopov mlyn\" width=\"200\" height=\"200\" class=\"skip-lazy fg-image\" data-src-fg=\"https:\/\/www.keturist.sk\/info\/wp-content\/uploads\/cache\/2021\/08\/prokopov-mlyn1\/4030154069.jpg\" src=\"data:image\/svg+xml,%3Csvg%20xmlns%3D%22http%3A%2F%2Fwww.w3.org%2F2000%2Fsvg%22%20width%3D%22200%22%20height%3D%22200%22%20viewBox%3D%220%200%20200%20200%22%3E%3C%2Fsvg%3E\" loading=\"eager\"><\/span><span class=\"fg-image-overlay\"><\/span><\/a><figcaption class=\"fg-caption\"><div class=\"fg-caption-inner\"><div class=\"fg-caption-title\">Prokopov mlyn<\/div><div class=\"fg-caption-desc\">Prokopov mlyn<\/div><\/div><\/figcaption><\/figure><div class=\"fg-loader\"><\/div><\/div>\t<\/div>\n\t<div class=\"fg-carousel-bottom\"><\/div>\n\t<div class=\"fg-carousel-progress\"><\/div>\n\t<button type=\"button\" class=\"fg-carousel-next\" title=\"Next\"><\/button>\n<\/div>\n<h2><span style=\"color: #800000;\">Mapy<\/span><\/h2>\n<p><strong>Vrstvy: <\/strong>Turistick\u00e1 mapa, Automapa, Cyklomapa, Ly\u017eiarska mapa, Satelitn\u00e1 mapa a OpenStreetMap.<\/p>\n<p><strong>Kliknut\u00edm na logo &#8222;Freemap.sk&#8220; sa V\u00e1m mapa zobraz\u00ed na celej ploche obrazovky.<\/strong><\/p>\n<p><iframe style=\"width: 900px; height: 500px; border: 0;\" src=\"https:\/\/www.freemap.sk\/?map=13\/48.884586\/21.164560&amp;info-point=48.884586\/21.164560,Potok Sopotnica&amp;layers=X&amp;embed=search\" allowfullscreen=\"allowfullscreen\"><span data-mce-type=\"bookmark\" style=\"display: inline-block; width: 0px; overflow: hidden; line-height: 0;\" class=\"mce_SELRES_start\">\ufeff<\/span><span data-mce-type=\"bookmark\" style=\"display: inline-block; width: 0px; overflow: hidden; line-height: 0;\" class=\"mce_SELRES_start\">\ufeff<\/span><\/iframe><\/p>\n<h2><span style=\"color: #800000;\">Po\u010dasie<\/span><\/h2>\n<p><iframe style=\"width: 900px; height: 606px;\" src=\"https:\/\/www.meteoblue.com\/sk\/po%C4%8Dasie\/widget\/three\/48.88N21.167E370_Europe%2FBratislava?geoloc=fixed&amp;nocurrent=0&amp;noforecast=0&amp;days=5&amp;tempunit=CELSIUS&amp;windunit=KILOMETER_PER_HOUR&amp;layout=image\" frameborder=\"0\" scrolling=\"NO\" sandbox=\"allow-same-origin allow-scripts allow-popups allow-popups-to-escape-sandbox\"><\/iframe><\/p>\n<div><!-- DO NOT REMOVE THIS LINK --><a href=\"https:\/\/www.meteoblue.com\/sk\/po%C4%8Dasie\/predpove%C4%8F\/t%C3%BD%C5%BEde%C5%88\/48.88N21.167E370_Europe%2FBratislava?utm_source=weather_widget&amp;utm_medium=linkus&amp;utm_content=three&amp;utm_campaign=Weather%2BWidget\" target=\"_blank\" rel=\"noopener noreferrer\">meteoblue<\/a><\/div>\n<p>&nbsp;<\/p>\n","protected":false},"excerpt":{"rendered":"<p>Podkateg\u00f3ria: Lokaliz\u00e1cia: \u010cierna hora Potok Sopotnica\u00a0je typick\u00fd\u00a0pstruhov\u00fd horsk\u00fd potok, ktor\u00fd pramen\u00ed nad obcou Klenov v nadmorskej v\u00fd\u0161ke 630 m n. m. Jeho cestu mo\u017eno rozdeli\u0165 na dve \u010dasti. V hornej [&hellip;]<\/p>\n","protected":false},"author":1,"featured_media":37334,"parent":0,"menu_order":0,"comment_status":"closed","ping_status":"closed","template":"","meta":{"_uag_custom_page_level_css":"","_monsterinsights_skip_tracking":false,"_monsterinsights_sitenote_active":false,"_monsterinsights_sitenote_note":"","_monsterinsights_sitenote_category":0,"footnotes":""},"class_list":["post-2272","page","type-page","status-publish","has-post-thumbnail","hentry"],"featured_image_src":"https:\/\/www.keturist.sk\/info\/wp-content\/uploads\/2020\/12\/sopotnica1.jpg","featured_image_src_square":"https:\/\/www.keturist.sk\/info\/wp-content\/uploads\/2020\/12\/sopotnica1.jpg","rbea_author_info":{"display_name":"admin","author_link":"https:\/\/www.keturist.sk\/info\/author\/admin\/"},"rbea_excerpt_info":"Podkateg\u00f3ria: Lokaliz\u00e1cia: \u010cierna hora Potok Sopotnica\u00a0je typick\u00fd\u00a0pstruhov\u00fd horsk\u00fd potok, ktor\u00fd pramen\u00ed nad obcou Klenov v nadmorskej v\u00fd\u0161ke 630 m n. m. Jeho cestu mo\u017eno rozdeli\u0165 na dve \u010dasti. V hornej [&hellip;]","uagb_featured_image_src":{"full":["https:\/\/www.keturist.sk\/info\/wp-content\/uploads\/2020\/12\/sopotnica1.jpg",800,600,false],"thumbnail":["https:\/\/www.keturist.sk\/info\/wp-content\/uploads\/2020\/12\/sopotnica1-240x180.jpg",240,180,true],"medium":["https:\/\/www.keturist.sk\/info\/wp-content\/uploads\/2020\/12\/sopotnica1.jpg",800,600,false],"medium_large":["https:\/\/www.keturist.sk\/info\/wp-content\/uploads\/2020\/12\/sopotnica1-768x576.jpg",768,576,true],"large":["https:\/\/www.keturist.sk\/info\/wp-content\/uploads\/2020\/12\/sopotnica1.jpg",800,600,false],"1536x1536":["https:\/\/www.keturist.sk\/info\/wp-content\/uploads\/2020\/12\/sopotnica1.jpg",800,600,false],"2048x2048":["https:\/\/www.keturist.sk\/info\/wp-content\/uploads\/2020\/12\/sopotnica1.jpg",800,600,false]},"uagb_author_info":{"display_name":"admin","author_link":"https:\/\/www.keturist.sk\/info\/author\/admin\/"},"uagb_comment_info":0,"uagb_excerpt":"Podkateg\u00f3ria: Lokaliz\u00e1cia: \u010cierna hora Potok Sopotnica\u00a0je typick\u00fd\u00a0pstruhov\u00fd horsk\u00fd potok, ktor\u00fd pramen\u00ed nad obcou Klenov v nadmorskej v\u00fd\u0161ke 630 m n. m. Jeho cestu mo\u017eno rozdeli\u0165 na dve \u010dasti. V hornej [&hellip;]","_links":{"self":[{"href":"https:\/\/www.keturist.sk\/info\/wp-json\/wp\/v2\/pages\/2272","targetHints":{"allow":["GET"]}}],"collection":[{"href":"https:\/\/www.keturist.sk\/info\/wp-json\/wp\/v2\/pages"}],"about":[{"href":"https:\/\/www.keturist.sk\/info\/wp-json\/wp\/v2\/types\/page"}],"author":[{"embeddable":true,"href":"https:\/\/www.keturist.sk\/info\/wp-json\/wp\/v2\/users\/1"}],"replies":[{"embeddable":true,"href":"https:\/\/www.keturist.sk\/info\/wp-json\/wp\/v2\/comments?post=2272"}],"version-history":[{"count":7,"href":"https:\/\/www.keturist.sk\/info\/wp-json\/wp\/v2\/pages\/2272\/revisions"}],"predecessor-version":[{"id":72082,"href":"https:\/\/www.keturist.sk\/info\/wp-json\/wp\/v2\/pages\/2272\/revisions\/72082"}],"wp:featuredmedia":[{"embeddable":true,"href":"https:\/\/www.keturist.sk\/info\/wp-json\/wp\/v2\/media\/37334"}],"wp:attachment":[{"href":"https:\/\/www.keturist.sk\/info\/wp-json\/wp\/v2\/media?parent=2272"}],"curies":[{"name":"wp","href":"https:\/\/api.w.org\/{rel}","templated":true}]}}