{"id":2105,"date":"2013-10-20T16:22:37","date_gmt":"2013-10-20T14:22:37","guid":{"rendered":"https:\/\/www.keturist.sk\/info\/?page_id=2105"},"modified":"2025-12-31T09:01:09","modified_gmt":"2025-12-31T08:01:09","slug":"kamenna-dolina","status":"publish","type":"page","link":"https:\/\/www.keturist.sk\/info\/doliny\/kamenna-dolina\/","title":{"rendered":"Kamenn\u00e1 dolina"},"content":{"rendered":"<a href=\"https:\/\/www.keturist.sk\/info\/\" class=\"su-button su-button-style-default\" style=\"color:#000000;background-color:#FFCF2F;border-color:#cca626;border-radius:5px\" target=\"_self\"><span style=\"color:#000000;padding:6px 16px;font-size:13px;line-height:20px;border-color:#ffde6e;border-radius:5px;text-shadow:none\"><i class=\"sui sui-arrow-right\" style=\"font-size:13px;color:#000000\"><\/i>  Spravodaj <\/span><\/a>\n<a href=\"https:\/\/www.keturist.sk\/info\/tipy-na-vylety\/\" class=\"su-button su-button-style-default\" style=\"color:#000000;background-color:#FFCF2F;border-color:#cca626;border-radius:5px\" target=\"_self\"><span style=\"color:#000000;padding:6px 16px;font-size:13px;line-height:20px;border-color:#ffde6e;border-radius:5px;text-shadow:none\"><i class=\"sui sui-arrow-right\" style=\"font-size:13px;color:#000000\"><\/i>  TIPY NA V\u00ddLETY <\/span><\/a>\n<a href=\"https:\/\/www.keturist.sk\/info\/kam-do-prirody\/\" class=\"su-button su-button-style-default\" style=\"color:#000000;background-color:#FFCF2F;border-color:#cca626;border-radius:5px\" target=\"_self\"><span style=\"color:#000000;padding:6px 16px;font-size:13px;line-height:20px;border-color:#ffde6e;border-radius:5px;text-shadow:none\"><i class=\"sui sui-arrow-right\" style=\"font-size:13px;color:#000000\"><\/i>  Kam do pr\u00edrody <\/span><\/a>\n<a href=\"https:\/\/www.keturist.sk\/info\/kam-do-prirody\/kam-do-prirody-smer-volovske-vrchy\/\" class=\"su-button su-button-style-default\" style=\"color:#000000;background-color:#FFCF2F;border-color:#cca626;border-radius:5px\" target=\"_self\"><span style=\"color:#000000;padding:6px 16px;font-size:13px;line-height:20px;border-color:#ffde6e;border-radius:5px;text-shadow:none\"><i class=\"sui sui-arrow-right\" style=\"font-size:13px;color:#000000\"><\/i>  Smer Volovsk\u00e9 vrchy <\/span><\/a>\n<div class=\"su-divider su-divider-style-default\" style=\"margin:15px 0;border-width:0px;border-color:#000000\"><\/div>\n<strong>Podkateg\u00f3ria: <\/strong> <a href=\"https:\/\/www.keturist.sk\/info\/kam-do-prirody\/kam-do-prirody-smer-volovske-vrchy\/doliny-tiesnavy-kanony-a-rokliny\/\" class=\"su-button su-button-style-default\" style=\"color:#000000;background-color:#C5ED2C;border-color:#9ebe24;border-radius:5px\" target=\"_self\"><span style=\"color:#000000;padding:6px 16px;font-size:13px;line-height:20px;border-color:#d7f36c;border-radius:5px;text-shadow:none\"><i class=\"sui sui-arrow-right\" style=\"font-size:13px;color:#000000\"><\/i>  Doliny, ties\u0148avy, ka\u0148ony a rokliny <\/span><\/a>\n<p><strong>Lokaliz\u00e1cia: <\/strong><a href=\"https:\/\/www.keturist.sk\/info\/okolite-hory\/volovske-vrchy\/\">Volovsk\u00e9 vrchy<\/a><\/p>\n<div class=\"su-divider su-divider-style-default\" style=\"margin:15px 0;border-width:2px;border-color:#000000\"><\/div>\n<figure id=\"attachment_34957\" aria-describedby=\"caption-attachment-34957\" style=\"width: 900px\" class=\"wp-caption aligncenter\"><a href=\"https:\/\/www.keturist.sk\/info\/wp-content\/uploads\/2020\/11\/siklava-skala-kamen.jpg\"><img loading=\"lazy\" decoding=\"async\" class=\"wp-image-34957\" src=\"https:\/\/www.keturist.sk\/info\/wp-content\/uploads\/2020\/11\/siklava-skala-kamen-800x534.jpg\" alt=\"Vodop\u00e1d na Kamennom potoku \u2013 \u0160ik\u013eav\u00e1 skala\" width=\"900\" height=\"601\" srcset=\"https:\/\/www.keturist.sk\/info\/wp-content\/uploads\/2020\/11\/siklava-skala-kamen-800x534.jpg 800w, https:\/\/www.keturist.sk\/info\/wp-content\/uploads\/2020\/11\/siklava-skala-kamen-270x180.jpg 270w, https:\/\/www.keturist.sk\/info\/wp-content\/uploads\/2020\/11\/siklava-skala-kamen-768x513.jpg 768w, https:\/\/www.keturist.sk\/info\/wp-content\/uploads\/2020\/11\/siklava-skala-kamen.jpg 1000w\" sizes=\"auto, (max-width: 900px) 100vw, 900px\" \/><\/a><figcaption id=\"caption-attachment-34957\" class=\"wp-caption-text\">Vodop\u00e1d na Kamennom potoku \u2013 \u0160ik\u013eav\u00e1 skala<\/figcaption><\/figure>\n<div class=\"su-divider su-divider-style-default\" style=\"margin:15px 0;border-width:2px;border-color:#000000\"><\/div>\n<h2 class=\"ds-markdown-paragraph\"><span style=\"color: #800000;\">\u010co je Kamenn\u00e1 dolina a kde sa presne nach\u00e1dza?<\/span><\/h2>\n<p class=\"ds-markdown-paragraph\"><strong>Kamenn\u00e1 dolina<\/strong>\u00a0je pribli\u017ene 3 km dlh\u00e1 polokrasov\u00e1 dolina, ktor\u00e1 sa nach\u00e1dza ne\u010faleko obce Olcnava. Vstup do doliny je hne\u010f za obcou, smerom ku kame\u0148olomu.<\/p>\n<h2 class=\"ds-markdown-paragraph\"><span style=\"color: #800000;\">Do ak\u00e9ho regi\u00f3nu a \u00fazemia Kamenn\u00e1 dolina patr\u00ed?<\/span><\/h2>\n<p class=\"ds-markdown-paragraph\">Dolina je s\u00fa\u010das\u0165ou <strong>krasovej planiny Galmus<\/strong>. Z geomorfologick\u00e9ho h\u013eadiska patr\u00ed do oblasti\u00a0<strong>Slovensk\u00e9ho rudohoria<\/strong>, konkr\u00e9tne do horsk\u00e9ho celku\u00a0<strong>Volovsk\u00e9 vrchy<\/strong>, podcelku Hnileck\u00e9 vrchy.<\/p>\n<h2 class=\"ds-markdown-paragraph\"><span style=\"color: #800000;\">Ako vyzer\u00e1 za\u010diatok doliny a ak\u00e9 s\u00fa tu v\u00fdchodiskov\u00e9 body?<\/span><\/h2>\n<p class=\"ds-markdown-paragraph\">Za\u010diatok <strong>doliny<\/strong>\u00a0sa nach\u00e1dza v bl\u00edzkosti vrchov Skalisko (756 m n.m.) a Humence (744 m n.m.). Pri samotnom vstupe do doliny sa nach\u00e1dza roz\u013eahl\u00fd\u00a0<strong>kame\u0148olom<\/strong>\u00a0na dolomitick\u00fd v\u00e1penec, ktor\u00fd je jedn\u00fdm z najv\u00e4\u010d\u0161\u00edch na Slovensku.<\/p>\n<h2 class=\"ds-markdown-paragraph\"><span style=\"color: #800000;\">\u010co je najv\u00fdznamnej\u0161ou pr\u00edrodnou zauj\u00edmavos\u0165ou Kamennej doliny?<\/span><\/h2>\n<p class=\"ds-markdown-paragraph\"><strong>Najv\u00fdznamnej\u0161ou pr\u00edrodnou zauj\u00edmavos\u0165ou<\/strong>\u00a0je\u00a0<strong>Kamenn\u00fd potok<\/strong>\u00a0s kamenit\u00fdm dnom, ktor\u00fd tu v\u010faka v\u00fd\u0161kov\u00e9mu rozdielu vytv\u00e1ra pribli\u017ene 12 metrov\u00fd\u00a0<strong>vodop\u00e1d<\/strong>\u00a0naz\u00fdvan\u00fd\u00a0<a href=\"https:\/\/www.keturist.sk\/info\/vodopad-na-kamennom-potoku-siklava-skala\/\"><strong>\u0160ik\u013eav\u00e1 skala<\/strong><\/a>. Tento\u00a0<strong>vodop\u00e1d<\/strong>\u00a0stek\u00e1 po mohutnej a strmej\u00a0<strong>v\u00e1pencovej skale<\/strong>\u00a0a je jedn\u00fdm z po\u010detn\u00fdch\u00a0<strong>krasov\u00fdch \u00fatvarov<\/strong>\u00a0Galmusu.<\/p>\n<h2 class=\"ds-markdown-paragraph\"><span style=\"color: #800000;\">Je vodop\u00e1d \u0160ik\u013eav\u00e1 skala bezpe\u010dn\u00fd a \u010do by mal vedie\u0165 ka\u017ed\u00fd turista?<\/span><\/h2>\n<p class=\"ds-markdown-paragraph\">Pri <strong>\u0160ik\u013eavom vodop\u00e1de<\/strong>\u00a0by mali by\u0165\u00a0<strong>turisti<\/strong>\u00a0obzvl\u00e1\u0161\u0165 opatrn\u00ed, preto\u017ee sa tu nach\u00e1dza\u00a0<strong>n\u00e1ro\u010dn\u00fd \u00fasek trasy<\/strong>. T\u00fato \u010das\u0165 treba prech\u00e1dza\u0165 s maxim\u00e1lnou pozornos\u0165ou.<\/p>\n<h2 class=\"ds-markdown-paragraph\"><span style=\"color: #800000;\">Existuje k vodop\u00e1du nejak\u00e1 miestna legenda?<\/span><\/h2>\n<p class=\"ds-markdown-paragraph\">\u00c1no, pod\u013ea <strong>povesti<\/strong>\u00a0sa tu v noci v letnom obdob\u00ed prech\u00e1dza p\u00f4vabn\u00e1 v\u00edla menom Lesia. \u00dadajne okoloid\u00faci\u00a0<strong>n\u00e1v\u0161tevn\u00edk<\/strong>, ktor\u00fd ju zahliadne a bude sa jej p\u00e1\u010di\u0165, n\u00e1jde vo vode pod\u00a0<strong>vodop\u00e1dom<\/strong>\u00a0zlat\u00fd prste\u0148.<\/p>\n<h2 class=\"ds-markdown-paragraph\"><span style=\"color: #800000;\">Ak\u00fa fl\u00f3ru a pr\u00edrodn\u00e9 kr\u00e1sy v doline n\u00e1jdem?<\/span><\/h2>\n<p class=\"ds-markdown-paragraph\"><strong>Kamenn\u00e1 dolina<\/strong>\u00a0m\u00e1\u00a0<strong>polokrasov\u00fd charakter<\/strong>\u00a0s ve\u013ek\u00fdmi\u00a0<strong>v\u00e1pencov\u00fdmi skaln\u00fdmi stenami<\/strong>, bralami a\u00a0<strong>krasov\u00fdmi javmi<\/strong>\u00a0ako s\u00fa \u0161krapy, mal\u00e9 jaskyne a diery. V z\u00e1vere sa\u00a0<strong>dolina<\/strong>\u00a0roz\u0161iruje a je pokryt\u00e1 tr\u00e1vnat\u00fdm porastom. Dolina aj okolit\u00e9\u00a0<strong>bukov\u00e9 a jed\u013eobukov\u00e9 lesy<\/strong>\u00a0s\u00fa pln\u00e9\u00a0<strong>lesn\u00fdch plodov<\/strong>\u00a0\u2013 h\u00fab, \u010du\u010doriedok, brusn\u00edc, lesn\u00fdch jah\u00f4d, \u010dern\u00edc, mal\u00edn a r\u00f4znych\u00a0<strong>lie\u010div\u00fdch a chr\u00e1nen\u00fdch rastl\u00edn<\/strong>.<\/p>\n<h2 class=\"ds-markdown-paragraph\"><span style=\"color: #800000;\">Je Kamenn\u00e1 dolina s\u00fa\u010das\u0165ou turistick\u00e9ho zna\u010denia?<\/span><\/h2>\n<p class=\"ds-markdown-paragraph\">\u00c1no, <strong>Kamenn\u00e1 dolina<\/strong>\u00a0je s\u00fa\u010das\u0165ou miestneho\u00a0<strong>turistick\u00e9ho chodn\u00edka<\/strong>.<\/p>\n<h2><span style=\"color: #800000;\">Ako sa dosta\u0165 do Kamennej doliny?<\/span><\/h2>\n<p>Dolinou prech\u00e1dza\u00a0<img loading=\"lazy\" decoding=\"async\" class=\"alignnone wp-image-21626 size-full\" src=\"https:\/\/www.keturist.sk\/info\/wp-content\/uploads\/2013\/11\/zelena.png\" alt=\"\" width=\"20\" height=\"21\" \/> zelen\u00e1 turistick\u00e1 trasa, ktor\u00e1 prech\u00e1dza cez obce <a href=\"https:\/\/www.keturist.sk\/info\/smer-volovske-vrchy\/obec-olcnava\/\">Olcnava<\/a> a <a href=\"https:\/\/www.keturist.sk\/info\/smer-volovske-vrchy\/obec-porac\/\">Por\u00e1\u010d<\/a> .<\/p>\n<h2><span style=\"color: #800000;\">Fotogal\u00e9ria<\/span><\/h2>\n<style type=\"text\/css\">\n#foogallery-gallery-72746 .fg-image { width: 200px; }<\/style>\n\t\t\t<div class=\"foogallery foogallery-container foogallery-carousel foogallery-lightbox-foogallery fg-carousel fg-ready fg-light fg-border-medium fg-round-small fg-shadow-medium fg-loading-default fg-loaded-fade-in fg-hover-semi-zoomed fg-hover-fade fg-hover-circle-plus2\" id=\"foogallery-gallery-72746\" data-foogallery=\"{&quot;item&quot;:{&quot;showCaptionTitle&quot;:true,&quot;showCaptionDescription&quot;:true},&quot;lazy&quot;:true,&quot;template&quot;:{&quot;maxItems&quot;:5,&quot;scale&quot;:0.11999999999999999555910790149937383830547332763671875,&quot;gutter&quot;:{&quot;min&quot;:-40,&quot;max&quot;:-20,&quot;unit&quot;:&quot;%&quot;},&quot;autoplay&quot;:{&quot;time&quot;:0,&quot;interaction&quot;:&quot;pause&quot;},&quot;centerOnClick&quot;:true,&quot;align&quot;:&quot;center&quot;,&quot;activePosition&quot;:&quot;center&quot;}}\" data-foogallery-lightbox=\"{&quot;thumbs&quot;:&quot;bottom&quot;,&quot;thumbsCaptions&quot;:false,&quot;thumbsBestFit&quot;:false,&quot;thumbsSmall&quot;:false,&quot;thumbsCaptionsAlign&quot;:&quot;default&quot;,&quot;info&quot;:&quot;bottom&quot;,&quot;infoVisible&quot;:true,&quot;infoOverlay&quot;:true,&quot;infoAlign&quot;:&quot;default&quot;,&quot;transition&quot;:&quot;fade&quot;,&quot;hoverButtons&quot;:false,&quot;fitMedia&quot;:false,&quot;noScrollbars&quot;:true,&quot;preserveButtonSpace&quot;:true,&quot;buttons&quot;:{&quot;fullscreen&quot;:true,&quot;info&quot;:true,&quot;thumbs&quot;:false},&quot;video&quot;:{&quot;autoPlay&quot;:true}}\" style=\"--fg-title-line-clamp: 1; --fg-description-line-clamp: 2;\" >\n\t<button type=\"button\" class=\"fg-carousel-prev\" title=\"Previous\"><\/button>\n\t<div class=\"fg-carousel-inner\">\n\t\t<div class=\"fg-carousel-center\"><\/div>\n\t\t<div class=\"fg-item fg-type-image fg-idle\"><figure class=\"fg-item-inner\"><a href=\"https:\/\/www.keturist.sk\/info\/wp-content\/uploads\/2020\/11\/kamenn-dolina2.jpg\" data-caption-title=\"Kamenn\u00e1 dolina\" data-attachment-id=\"34962\" data-type=\"image\" class=\"fg-thumb\"><span class=\"fg-image-wrap\"><img decoding=\"async\" alt=\"Kamenn\u00e1 dolina\" title=\"Kamenn\u00e1 dolina\" width=\"200\" height=\"200\" class=\"skip-lazy fg-image\" data-src-fg=\"https:\/\/www.keturist.sk\/info\/wp-content\/uploads\/cache\/2020\/11\/kamenn-dolina2\/3744615767.jpg\" src=\"data:image\/svg+xml,%3Csvg%20xmlns%3D%22http%3A%2F%2Fwww.w3.org%2F2000%2Fsvg%22%20width%3D%22200%22%20height%3D%22200%22%20viewBox%3D%220%200%20200%20200%22%3E%3C%2Fsvg%3E\" loading=\"eager\"><\/span><span class=\"fg-image-overlay\"><\/span><\/a><figcaption class=\"fg-caption\"><div class=\"fg-caption-inner\"><div class=\"fg-caption-title\">Kamenn\u00e1 dolina<\/div><\/div><\/figcaption><\/figure><div class=\"fg-loader\"><\/div><\/div><div class=\"fg-item fg-type-image fg-idle\"><figure class=\"fg-item-inner\"><a href=\"https:\/\/www.keturist.sk\/info\/wp-content\/uploads\/2020\/12\/kamenna-dolina7.jpg\" data-caption-title=\"Kamenn\u00e1 dolina\" data-attachment-id=\"36638\" data-type=\"image\" class=\"fg-thumb\"><span class=\"fg-image-wrap\"><img decoding=\"async\" alt=\"Kamenn\u00e1 dolina\" title=\"Kamenn\u00e1 dolina\" width=\"200\" height=\"200\" class=\"skip-lazy fg-image\" data-src-fg=\"https:\/\/www.keturist.sk\/info\/wp-content\/uploads\/cache\/2020\/12\/kamenna-dolina7\/3454735131.jpg\" src=\"data:image\/svg+xml,%3Csvg%20xmlns%3D%22http%3A%2F%2Fwww.w3.org%2F2000%2Fsvg%22%20width%3D%22200%22%20height%3D%22200%22%20viewBox%3D%220%200%20200%20200%22%3E%3C%2Fsvg%3E\" loading=\"eager\"><\/span><span class=\"fg-image-overlay\"><\/span><\/a><figcaption class=\"fg-caption\"><div class=\"fg-caption-inner\"><div class=\"fg-caption-title\">Kamenn\u00e1 dolina<\/div><\/div><\/figcaption><\/figure><div class=\"fg-loader\"><\/div><\/div><div class=\"fg-item fg-type-image fg-idle\"><figure class=\"fg-item-inner\"><a href=\"https:\/\/www.keturist.sk\/info\/wp-content\/uploads\/2020\/12\/kamenna-dolina6.jpg\" data-caption-title=\"Vodop\u00e1d na Kamennom potoku \u2013 \u0160ik\u013eav\u00e1 skala\" data-attachment-id=\"36639\" data-type=\"image\" class=\"fg-thumb\"><span class=\"fg-image-wrap\"><img decoding=\"async\" alt=\"Vodop\u00e1d na Kamennom potoku \u2013 \u0160ik\u013eav\u00e1 skala\" title=\"Vodop\u00e1d na Kamennom potoku \u2013 \u0160ik\u013eav\u00e1 skala\" width=\"200\" height=\"200\" class=\"skip-lazy fg-image\" data-src-fg=\"https:\/\/www.keturist.sk\/info\/wp-content\/uploads\/cache\/2020\/12\/kamenna-dolina6\/1585467153.jpg\" src=\"data:image\/svg+xml,%3Csvg%20xmlns%3D%22http%3A%2F%2Fwww.w3.org%2F2000%2Fsvg%22%20width%3D%22200%22%20height%3D%22200%22%20viewBox%3D%220%200%20200%20200%22%3E%3C%2Fsvg%3E\" loading=\"eager\"><\/span><span class=\"fg-image-overlay\"><\/span><\/a><figcaption class=\"fg-caption\"><div class=\"fg-caption-inner\"><div class=\"fg-caption-title\">Vodop\u00e1d na Kamennom potoku \u2013 \u0160ik\u013eav\u00e1 skala<\/div><\/div><\/figcaption><\/figure><div class=\"fg-loader\"><\/div><\/div><div class=\"fg-item fg-type-image fg-idle\"><figure class=\"fg-item-inner\"><a href=\"https:\/\/www.keturist.sk\/info\/wp-content\/uploads\/2020\/12\/siklava-skala-kamenna.jpg\" data-caption-title=\"Vodop\u00e1d na Kamennom potoku \u2013 \u0160ik\u013eav\u00e1 skala\" data-attachment-id=\"36609\" data-type=\"image\" class=\"fg-thumb\"><span class=\"fg-image-wrap\"><img decoding=\"async\" alt=\"Vodop\u00e1d na Kamennom potoku \u2013 \u0160ik\u013eav\u00e1 skala\" title=\"Vodop\u00e1d na Kamennom potoku \u2013 \u0160ik\u013eav\u00e1 skala\" width=\"200\" height=\"200\" class=\"skip-lazy fg-image\" data-src-fg=\"https:\/\/www.keturist.sk\/info\/wp-content\/uploads\/cache\/2020\/12\/siklava-skala-kamenna\/42359375.jpg\" src=\"data:image\/svg+xml,%3Csvg%20xmlns%3D%22http%3A%2F%2Fwww.w3.org%2F2000%2Fsvg%22%20width%3D%22200%22%20height%3D%22200%22%20viewBox%3D%220%200%20200%20200%22%3E%3C%2Fsvg%3E\" loading=\"eager\"><\/span><span class=\"fg-image-overlay\"><\/span><\/a><figcaption class=\"fg-caption\"><div class=\"fg-caption-inner\"><div class=\"fg-caption-title\">Vodop\u00e1d na Kamennom potoku \u2013 \u0160ik\u013eav\u00e1 skala<\/div><\/div><\/figcaption><\/figure><div class=\"fg-loader\"><\/div><\/div><div class=\"fg-item fg-type-image fg-idle\"><figure class=\"fg-item-inner\"><a href=\"https:\/\/www.keturist.sk\/info\/wp-content\/uploads\/2020\/11\/kamenn-dolina1.jpg\" data-caption-title=\"Kamenn\u00e1 dolina\" data-attachment-id=\"34958\" data-type=\"image\" class=\"fg-thumb\"><span class=\"fg-image-wrap\"><img decoding=\"async\" alt=\"Kamenn\u00e1 dolina\" title=\"Kamenn\u00e1 dolina\" width=\"200\" height=\"200\" class=\"skip-lazy fg-image\" data-src-fg=\"https:\/\/www.keturist.sk\/info\/wp-content\/uploads\/cache\/2020\/11\/kamenn-dolina1\/421838186.jpg\" src=\"data:image\/svg+xml,%3Csvg%20xmlns%3D%22http%3A%2F%2Fwww.w3.org%2F2000%2Fsvg%22%20width%3D%22200%22%20height%3D%22200%22%20viewBox%3D%220%200%20200%20200%22%3E%3C%2Fsvg%3E\" loading=\"eager\"><\/span><span class=\"fg-image-overlay\"><\/span><\/a><figcaption class=\"fg-caption\"><div class=\"fg-caption-inner\"><div class=\"fg-caption-title\">Kamenn\u00e1 dolina<\/div><\/div><\/figcaption><\/figure><div class=\"fg-loader\"><\/div><\/div><div class=\"fg-item fg-type-image fg-idle\"><figure class=\"fg-item-inner\"><a href=\"https:\/\/www.keturist.sk\/info\/wp-content\/uploads\/2020\/11\/siklava-skala-kamen.jpg\" data-caption-title=\"Vodop\u00e1d na Kamennom potoku \u2013 \u0160ik\u013eav\u00e1 skala\" data-attachment-id=\"34957\" data-type=\"image\" class=\"fg-thumb\"><span class=\"fg-image-wrap\"><img decoding=\"async\" alt=\"Vodop\u00e1d na Kamennom potoku \u2013 \u0160ik\u013eav\u00e1 skala\" title=\"Vodop\u00e1d na Kamennom potoku \u2013 \u0160ik\u013eav\u00e1 skala\" width=\"200\" height=\"200\" class=\"skip-lazy fg-image\" data-src-fg=\"https:\/\/www.keturist.sk\/info\/wp-content\/uploads\/cache\/2020\/11\/siklava-skala-kamen\/3119254330.jpg\" src=\"data:image\/svg+xml,%3Csvg%20xmlns%3D%22http%3A%2F%2Fwww.w3.org%2F2000%2Fsvg%22%20width%3D%22200%22%20height%3D%22200%22%20viewBox%3D%220%200%20200%20200%22%3E%3C%2Fsvg%3E\" loading=\"eager\"><\/span><span class=\"fg-image-overlay\"><\/span><\/a><figcaption class=\"fg-caption\"><div class=\"fg-caption-inner\"><div class=\"fg-caption-title\">Vodop\u00e1d na Kamennom potoku \u2013 \u0160ik\u013eav\u00e1 skala<\/div><\/div><\/figcaption><\/figure><div class=\"fg-loader\"><\/div><\/div><div class=\"fg-item fg-type-image fg-idle\"><figure class=\"fg-item-inner\"><a href=\"https:\/\/www.keturist.sk\/info\/wp-content\/uploads\/2025\/12\/vodopad-na-kamennom-potoku.png\" data-caption-title=\"Vodop\u00e1d na Kamennom potoku \u2013 \u0160ik\u013eav\u00e1 skala\" data-attachment-id=\"72722\" data-type=\"image\" class=\"fg-thumb\"><span class=\"fg-image-wrap\"><img decoding=\"async\" alt=\"Vodop\u00e1d na Kamennom potoku \u2013 \u0160ik\u013eav\u00e1 skala\" title=\"Vodop\u00e1d na Kamennom potoku \u2013 \u0160ik\u013eav\u00e1 skala\" width=\"200\" height=\"200\" class=\"skip-lazy fg-image\" data-src-fg=\"https:\/\/www.keturist.sk\/info\/wp-content\/uploads\/cache\/2025\/12\/vodopad-na-kamennom-potoku\/2297609759.png\" src=\"data:image\/svg+xml,%3Csvg%20xmlns%3D%22http%3A%2F%2Fwww.w3.org%2F2000%2Fsvg%22%20width%3D%22200%22%20height%3D%22200%22%20viewBox%3D%220%200%20200%20200%22%3E%3C%2Fsvg%3E\" loading=\"eager\"><\/span><span class=\"fg-image-overlay\"><\/span><\/a><figcaption class=\"fg-caption\"><div class=\"fg-caption-inner\"><div class=\"fg-caption-title\">Vodop\u00e1d na Kamennom potoku \u2013 \u0160ik\u013eav\u00e1 skala<\/div><\/div><\/figcaption><\/figure><div class=\"fg-loader\"><\/div><\/div>\t<\/div>\n\t<div class=\"fg-carousel-bottom\"><\/div>\n\t<div class=\"fg-carousel-progress\"><\/div>\n\t<button type=\"button\" class=\"fg-carousel-next\" title=\"Next\"><\/button>\n<\/div>\n<h2><span style=\"color: #800000;\">Zauj\u00edmav\u00e9 odkazy<\/span><\/h2>\n<h3><span style=\"color: #808000;\">Okolit\u00e9 Stredisk\u00e1 a centr\u00e1:<\/span><\/h3>\n<ul>\n<li><a href=\"https:\/\/www.keturist.sk\/info\/smer-volovske-vrchy\/obec-olcnava\/\">Obec Olcnava (\u010d\u00edtaj viac&#8230;)<\/a><\/li>\n<\/ul>\n<h2><span style=\"color: #800000;\">Mapy<\/span><\/h2>\n<p><strong>Vrstvy: <\/strong>Turistick\u00e1 mapa, Automapa, Cyklomapa, Ly\u017eiarska mapa, Satelitn\u00e1 mapa a OpenStreetMap.<\/p>\n<p><strong>Kliknut\u00edm na logo &#8222;Freemap.sk&#8220; sa V\u00e1m mapa zobraz\u00ed na celej ploche obrazovky.<\/strong><\/p>\n<p><iframe style=\"width: 900px; height: 500px; border: 0;\" src=\"https:\/\/www.freemap.sk\/?map=13\/48.906988\/20.723734&amp;info-point=48.906988\/20.723734,Kamenn\u00e1 dolina&amp;layers=X&amp;embed=search\" allowfullscreen=\"allowfullscreen\"><span data-mce-type=\"bookmark\" style=\"display: inline-block; width: 0px; overflow: hidden; line-height: 0;\" class=\"mce_SELRES_start\">\ufeff<\/span><span data-mce-type=\"bookmark\" style=\"display: inline-block; width: 0px; overflow: hidden; line-height: 0;\" class=\"mce_SELRES_start\">\ufeff<\/span><\/iframe><\/p>\n<h2><span style=\"color: #800000;\">Po\u010dasie<\/span><\/h2>\n<p><iframe style=\"width: 900px; height: 610px;\" src=\"https:\/\/www.meteoblue.com\/sk\/po%C4%8Dasie\/widget\/three\/48.91N20.727E625_Europe%2FBratislava?geoloc=fixed&amp;nocurrent=0&amp;noforecast=0&amp;days=5&amp;tempunit=CELSIUS&amp;windunit=KILOMETER_PER_HOUR&amp;layout=image\" frameborder=\"0\" scrolling=\"NO\" sandbox=\"allow-same-origin allow-scripts allow-popups allow-popups-to-escape-sandbox\"><\/iframe><\/p>\n<div><!-- DO NOT REMOVE THIS LINK --><a href=\"https:\/\/www.meteoblue.com\/sk\/po%C4%8Dasie\/predpove%C4%8F\/t%C3%BD%C5%BEde%C5%88\/48.91N20.727E625_Europe%2FBratislava?utm_source=weather_widget&amp;utm_medium=linkus&amp;utm_content=three&amp;utm_campaign=Weather%2BWidget\" target=\"_blank\" rel=\"noopener noreferrer\">meteoblue<\/a><\/div>\n","protected":false},"excerpt":{"rendered":"<p>Podkateg\u00f3ria: Lokaliz\u00e1cia: Volovsk\u00e9 vrchy \u010co je Kamenn\u00e1 dolina a kde sa presne nach\u00e1dza? Kamenn\u00e1 dolina\u00a0je pribli\u017ene 3 km dlh\u00e1 polokrasov\u00e1 dolina, ktor\u00e1 sa nach\u00e1dza ne\u010faleko obce Olcnava. Vstup do doliny [&hellip;]<\/p>\n","protected":false},"author":1,"featured_media":34957,"parent":1741,"menu_order":0,"comment_status":"closed","ping_status":"closed","template":"","meta":{"_uag_custom_page_level_css":"","_monsterinsights_skip_tracking":false,"_monsterinsights_sitenote_active":false,"_monsterinsights_sitenote_note":"","_monsterinsights_sitenote_category":0,"footnotes":""},"class_list":["post-2105","page","type-page","status-publish","has-post-thumbnail","hentry"],"featured_image_src":"https:\/\/www.keturist.sk\/info\/wp-content\/uploads\/2020\/11\/siklava-skala-kamen.jpg","featured_image_src_square":"https:\/\/www.keturist.sk\/info\/wp-content\/uploads\/2020\/11\/siklava-skala-kamen.jpg","rbea_author_info":{"display_name":"admin","author_link":"https:\/\/www.keturist.sk\/info\/author\/admin\/"},"rbea_excerpt_info":"Podkateg\u00f3ria: Lokaliz\u00e1cia: Volovsk\u00e9 vrchy \u010co je Kamenn\u00e1 dolina a kde sa presne nach\u00e1dza? Kamenn\u00e1 dolina\u00a0je pribli\u017ene 3 km dlh\u00e1 polokrasov\u00e1 dolina, ktor\u00e1 sa nach\u00e1dza ne\u010faleko obce Olcnava. Vstup do doliny [&hellip;]","uagb_featured_image_src":{"full":["https:\/\/www.keturist.sk\/info\/wp-content\/uploads\/2020\/11\/siklava-skala-kamen.jpg",1000,668,false],"thumbnail":["https:\/\/www.keturist.sk\/info\/wp-content\/uploads\/2020\/11\/siklava-skala-kamen-270x180.jpg",270,180,true],"medium":["https:\/\/www.keturist.sk\/info\/wp-content\/uploads\/2020\/11\/siklava-skala-kamen-800x534.jpg",800,534,true],"medium_large":["https:\/\/www.keturist.sk\/info\/wp-content\/uploads\/2020\/11\/siklava-skala-kamen-768x513.jpg",768,513,true],"large":["https:\/\/www.keturist.sk\/info\/wp-content\/uploads\/2020\/11\/siklava-skala-kamen.jpg",1000,668,false],"1536x1536":["https:\/\/www.keturist.sk\/info\/wp-content\/uploads\/2020\/11\/siklava-skala-kamen.jpg",1000,668,false],"2048x2048":["https:\/\/www.keturist.sk\/info\/wp-content\/uploads\/2020\/11\/siklava-skala-kamen.jpg",1000,668,false]},"uagb_author_info":{"display_name":"admin","author_link":"https:\/\/www.keturist.sk\/info\/author\/admin\/"},"uagb_comment_info":0,"uagb_excerpt":"Podkateg\u00f3ria: Lokaliz\u00e1cia: Volovsk\u00e9 vrchy \u010co je Kamenn\u00e1 dolina a kde sa presne nach\u00e1dza? Kamenn\u00e1 dolina\u00a0je pribli\u017ene 3 km dlh\u00e1 polokrasov\u00e1 dolina, ktor\u00e1 sa nach\u00e1dza ne\u010faleko obce Olcnava. Vstup do doliny [&hellip;]","_links":{"self":[{"href":"https:\/\/www.keturist.sk\/info\/wp-json\/wp\/v2\/pages\/2105","targetHints":{"allow":["GET"]}}],"collection":[{"href":"https:\/\/www.keturist.sk\/info\/wp-json\/wp\/v2\/pages"}],"about":[{"href":"https:\/\/www.keturist.sk\/info\/wp-json\/wp\/v2\/types\/page"}],"author":[{"embeddable":true,"href":"https:\/\/www.keturist.sk\/info\/wp-json\/wp\/v2\/users\/1"}],"replies":[{"embeddable":true,"href":"https:\/\/www.keturist.sk\/info\/wp-json\/wp\/v2\/comments?post=2105"}],"version-history":[{"count":7,"href":"https:\/\/www.keturist.sk\/info\/wp-json\/wp\/v2\/pages\/2105\/revisions"}],"predecessor-version":[{"id":72747,"href":"https:\/\/www.keturist.sk\/info\/wp-json\/wp\/v2\/pages\/2105\/revisions\/72747"}],"up":[{"embeddable":true,"href":"https:\/\/www.keturist.sk\/info\/wp-json\/wp\/v2\/pages\/1741"}],"wp:featuredmedia":[{"embeddable":true,"href":"https:\/\/www.keturist.sk\/info\/wp-json\/wp\/v2\/media\/34957"}],"wp:attachment":[{"href":"https:\/\/www.keturist.sk\/info\/wp-json\/wp\/v2\/media?parent=2105"}],"curies":[{"name":"wp","href":"https:\/\/api.w.org\/{rel}","templated":true}]}}