{"id":19851,"date":"2016-11-07T19:59:15","date_gmt":"2016-11-07T18:59:15","guid":{"rendered":"https:\/\/www.keturist.sk\/info\/?page_id=19851"},"modified":"2026-03-14T08:18:08","modified_gmt":"2026-03-14T07:18:08","slug":"sedliacke-domy-v-myslave","status":"publish","type":"page","link":"https:\/\/www.keturist.sk\/info\/kam-za-pamiatkami\/kam-za-pamiatkami-smer-volovske-vrchy\/sedliacke-domy-v-myslave\/","title":{"rendered":"Sedliacke domy v Myslave"},"content":{"rendered":"<a href=\"https:\/\/www.keturist.sk\/info\/\" class=\"su-button su-button-style-default\" style=\"color:#000000;background-color:#FFCF2F;border-color:#cca626;border-radius:5px\" target=\"_self\"><span style=\"color:#000000;padding:6px 16px;font-size:13px;line-height:20px;border-color:#ffde6e;border-radius:5px;text-shadow:none\"><i class=\"sui sui-arrow-right\" style=\"font-size:13px;color:#000000\"><\/i>  Spravodaj <\/span><\/a>\n<a href=\"https:\/\/www.keturist.sk\/info\/tipy-na-vylety\/\" class=\"su-button su-button-style-default\" style=\"color:#000000;background-color:#FFCF2F;border-color:#cca626;border-radius:5px\" target=\"_self\"><span style=\"color:#000000;padding:6px 16px;font-size:13px;line-height:20px;border-color:#ffde6e;border-radius:5px;text-shadow:none\"><i class=\"sui sui-arrow-right\" style=\"font-size:13px;color:#000000\"><\/i>  TIPY NA V\u00ddLETY <\/span><\/a>\n<a href=\"https:\/\/www.keturist.sk\/info\/kam-za-pamiatkami\/\" class=\"su-button su-button-style-default\" style=\"color:#000000;background-color:#FFCF2F;border-color:#cca626;border-radius:5px\" target=\"_self\"><span style=\"color:#000000;padding:6px 16px;font-size:13px;line-height:20px;border-color:#ffde6e;border-radius:5px;text-shadow:none\"><i class=\"sui sui-arrow-right\" style=\"font-size:13px;color:#000000\"><\/i>  Kam za pamiatkami <\/span><\/a>\n<a href=\"https:\/\/www.keturist.sk\/info\/kam-za-pamiatkami\/kam-za-pamiatkami-smer-volovske-vrchy\/\" class=\"su-button su-button-style-default\" style=\"color:#000000;background-color:#FFCF2F;border-color:#cca626;border-radius:5px\" target=\"_self\"><span style=\"color:#000000;padding:6px 16px;font-size:13px;line-height:20px;border-color:#ffde6e;border-radius:5px;text-shadow:none\"><i class=\"sui sui-arrow-right\" style=\"font-size:13px;color:#000000\"><\/i>  smer Volovsk\u00e9 vrchy <\/span><\/a>\n<div class=\"su-divider su-divider-style-default\" style=\"margin:15px 0;border-width:0px;border-color:#000000\"><\/div>\n<strong>Podkateg\u00f3ria: <\/strong> <a href=\"https:\/\/www.keturist.sk\/info\/kam-za-pamiatkami\/kam-za-pamiatkami-smer-volovske-vrchy\/ludova-architektura\/\" class=\"su-button su-button-style-default\" style=\"color:#000000;background-color:#afd144;border-color:#8ca837;border-radius:5px\" target=\"_self\"><span style=\"color:#000000;padding:6px 16px;font-size:13px;line-height:20px;border-color:#c7df7d;border-radius:5px;text-shadow:none\"><i class=\"sui sui-arrow-right\" style=\"font-size:13px;color:#000000\"><\/i>  \u013dudov\u00e1 architekt\u00fara <\/span><\/a>\n<p><strong>Lokaliz\u00e1cia: <\/strong><a href=\"https:\/\/www.keturist.sk\/info\/okolite-hory\/volovske-vrchy\/\">Volovsk\u00e9 vrchy<\/a> a <a href=\"https:\/\/www.keturist.sk\/info\/vseobecne-informacie\/\">Ko\u0161ice<\/a><\/p>\n<div class=\"su-divider su-divider-style-default\" style=\"margin:15px 0;border-width:2px;border-color:#000000\"><\/div>\n<figure id=\"attachment_74396\" aria-describedby=\"caption-attachment-74396\" style=\"width: 900px\" class=\"wp-caption aligncenter\"><a href=\"https:\/\/www.keturist.sk\/info\/wp-content\/uploads\/2026\/01\/myslava-1.jpeg\"><img loading=\"lazy\" decoding=\"async\" class=\"wp-image-74396\" src=\"https:\/\/www.keturist.sk\/info\/wp-content\/uploads\/2026\/01\/myslava-1-800x447.jpeg\" alt=\"Sedliacke domy v Myslave\" width=\"900\" height=\"502\" srcset=\"https:\/\/www.keturist.sk\/info\/wp-content\/uploads\/2026\/01\/myslava-1-800x447.jpeg 800w, https:\/\/www.keturist.sk\/info\/wp-content\/uploads\/2026\/01\/myslava-1-270x151.jpeg 270w, https:\/\/www.keturist.sk\/info\/wp-content\/uploads\/2026\/01\/myslava-1-768x429.jpeg 768w, https:\/\/www.keturist.sk\/info\/wp-content\/uploads\/2026\/01\/myslava-1.jpeg 1376w\" sizes=\"auto, (max-width: 900px) 100vw, 900px\" \/><\/a><figcaption id=\"caption-attachment-74396\" class=\"wp-caption-text\">Sedliacke domy v Myslave<\/figcaption><\/figure>\n<div class=\"su-divider su-divider-style-default\" style=\"margin:15px 0;border-width:2px;border-color:#000000\"><\/div>\n<h2 data-path-to-node=\"2\"><span style=\"color: #800000;\">Murovan\u00e9 sedliacke domy v Myslave: Skryt\u00fd klenot \u013eudovej architekt\u00fary v Ko\u0161iciach<\/span><\/h2>\n<h3 data-path-to-node=\"3\"><span style=\"color: #808000;\">Prekro\u010dte hranicu \u010dasu: Ako \u017eili na\u0161i predkovia v dedine, ktor\u00fa pohltilo mesto?<\/span><\/h3>\n<p data-path-to-node=\"4\">Po\u010dujete ten kontrast? Na jednej strane ruch modern\u00e9ho ve\u013ekomesta a len o p\u00e1r metrov \u010falej ticho historick\u00fdch uli\u010diek, kde \u010das akoby zastal. <b data-path-to-node=\"4\" data-index-in-node=\"141\">B\u00fdval\u00e1 obec Myslava<\/b> nie je len oby\u010dajnou mestskou \u010das\u0165ou \u2013 je to \u017eiv\u00fd arch\u00edv, kde <b data-path-to-node=\"4\" data-index-in-node=\"223\">murovan\u00e9 sedliacke domy<\/b> dodnes rozpr\u00e1vaj\u00fa pr\u00edbehy o \u0161ikovn\u00fdch ruk\u00e1ch star\u00fdch majstrov.<\/p>\n<p data-path-to-node=\"5\">Ke\u010f sa zah\u013ead\u00edte na zdoben\u00e9 uli\u010dn\u00e9 fas\u00e1dy, ktor\u00e9 kedysi ur\u010dovali spolo\u010densk\u00fd status rodiny, pochop\u00edte, \u017ee kr\u00e1sa sa skr\u00fdva v detaile. \u010ci u\u017e v\u00e1s zaujme skromn\u00fd dom\u010dek chudobn\u00e9ho ro\u013en\u00edka alebo hrd\u00e9 s\u00eddlo bohat\u00e9ho gazdu, Myslava v\u00e1s prin\u00fati spomali\u0165. Pr\u00ed\u010fte objavi\u0165 miesto, kde sa <b data-path-to-node=\"5\" data-index-in-node=\"277\">sedlov\u00e1 strecha<\/b> a <b data-path-to-node=\"5\" data-index-in-node=\"295\">valkov\u00e9 tehly<\/b> stali symbolom nezlomnej trad\u00edcie, ktor\u00e1 pre\u017eila a\u017e do dne\u0161n\u00fdch dn\u00ed priamo v srdci Ko\u0161\u00edc.<\/p>\n<h2 class=\"ds-markdown-paragraph\"><span style=\"color: #800000;\">\u010co m\u00f4\u017eem vidie\u0165 v b\u00fdvalej obci Myslava?<\/span><\/h2>\n<p class=\"ds-markdown-paragraph\">V <strong>b\u00fdvalej obci Myslava<\/strong>\u00a0sa zachovali\u00a0<strong>murovan\u00e9 sedliacke domy<\/strong>\u00a0zo za\u010diatku 20. storo\u010dia. T\u00e1to\u00a0<strong>b\u00fdval\u00e1 obec<\/strong>\u00a0bola pri\u010dlenen\u00e1 k mestu Ko\u0161ice v roku 1969.<\/p>\n<h2 class=\"ds-markdown-paragraph\"><span style=\"color: #800000;\">Ako boli domy v Myslave stavan\u00e9 a ak\u00e9 boli pou\u017eit\u00e9 materi\u00e1ly?<\/span><\/h2>\n<p class=\"ds-markdown-paragraph\"><strong>Domy sa v Myslave<\/strong>\u00a0stavali\u00a0<strong>valkov\u00e9<\/strong>, z\u00a0<strong>nep\u00e1len\u00fdch teh\u00e1l<\/strong>, ale aj z\u00a0<strong>kame\u0148a<\/strong>\u00a0a nov\u0161ie u\u017e z\u00a0<strong>teh\u00e1l<\/strong>. Strecha bola\u00a0<strong>sedlov\u00e1<\/strong>\u00a0alebo\u00a0<strong>valbov\u00e1<\/strong>, pokryt\u00e1 najprv\u00a0<strong>slamou<\/strong>, nesk\u00f4r\u00a0<strong>\u0161kridlou<\/strong>.<\/p>\n<h2 class=\"ds-markdown-paragraph\"><span style=\"color: #800000;\">Ako sa odli\u0161ovali domy bohat\u0161\u00edch a chudobnej\u0161\u00edch obyvate\u013eov?<\/span><\/h2>\n<p class=\"ds-markdown-paragraph\"><strong>Bohat\u0161\u00ed obyvatelia<\/strong>\u00a0si budovali\u00a0<strong>domy<\/strong>, ktor\u00e9 boli\u00a0<strong>viac zdoben\u00e9<\/strong>, alebo aj\u00a0<strong>poschodov\u00e9<\/strong>.\u00a0<strong>Chudobnej\u0161\u00ed obyvatelia<\/strong>\u00a0si stavali\u00a0<strong>pr\u00edzemn\u00e9 domy<\/strong>, ktor\u00e9 sa od seba l\u00ed\u0161ili len m\u00e1lo, a to pr\u00e1ve\u00a0<strong>skromnej\u0161\u00edm ornament\u00e1lnym prejavom<\/strong>. Zdobenie\u00a0<strong>domov<\/strong>\u00a0sa t\u00fdkalo hlavne\u00a0<strong>uli\u010dnej fas\u00e1dy<\/strong>\u00a0a\u00a0<strong>vstupov<\/strong>.<\/p>\n<h2 class=\"ds-markdown-paragraph\"><span style=\"color: #800000;\">Ako boli domy umiestnen\u00e9 v ter\u00e9ne a ak\u00e9 mali dispoz\u00edcie?<\/span><\/h2>\n<p class=\"ds-markdown-paragraph\">Jednotliv\u00e9 <strong>objekty<\/strong>\u00a0sa radili hlavne pod\u013ea\u00a0<strong>ulice<\/strong>\u00a0alebo\u00a0<strong>potoka<\/strong>\u00a0a naj\u010dastej\u0161ie boli orientovan\u00e9\u00a0<strong>\u0161t\u00edtom do ulice<\/strong>. Nov\u0161ie mali v\u00a0<strong>zadn\u00fdch \u010dastiach<\/strong>\u00a0<strong>hospod\u00e1rske priestory<\/strong>.<\/p>\n<h2 class=\"ds-markdown-paragraph\"><span style=\"color: #800000;\">Ako vyzeral tradi\u010dn\u00fd dvojpriestorov\u00fd sedliacky dom?<\/span><\/h2>\n<p class=\"ds-markdown-paragraph\"><strong>Dvojpriestorov\u00fd dom<\/strong>\u00a0pozost\u00e1val z\u00a0<strong>jednej izby<\/strong>\u00a0a\u00a0<strong>pitvora<\/strong>. S\u00fa\u010das\u0165ou\u00a0<strong>pitvora<\/strong>\u00a0mohla by\u0165 aj tzv.\u00a0<strong>pitvorov\u00e1 kom\u00f4rka<\/strong>, ktor\u00e1 vznikla predelen\u00edm priestoru pozd\u013a\u017enou prie\u010dkou zo zadn\u00e9ho priestoru (vznikol tak tret\u00ed priestor).<\/p>\n<h2 class=\"ds-markdown-paragraph\"><span style=\"color: #800000;\">\u010co charakterizovalo trojpriestorov\u00fd dom a ako bol usporiadan\u00fd?<\/span><\/h2>\n<p class=\"ds-markdown-paragraph\"><strong>Trojpriestorov\u00fd dom<\/strong>\u00a0pozost\u00e1val z\u00a0<strong>izby<\/strong>\u00a0\u2013\u00a0<strong>pitvora<\/strong>\u00a0(bud\u00facej kuchyne) \u2013\u00a0<strong>komory<\/strong>, s raden\u00edm do\u00a0<strong>h\u013abky pozemku<\/strong>\u00a0alebo miestami aj s orient\u00e1ciou\u00a0<strong>pozd\u013a\u017e ulice<\/strong>. Vstupn\u00fdm priestorom bol\u00a0<strong>pitvor<\/strong>\u00a0s\u00a0<strong>pecou<\/strong>\u00a0a\u00a0<strong>otvoren\u00fdm ohniskom<\/strong>, z ktor\u00e9ho dym vych\u00e1dzal na\u00a0<strong>povalu<\/strong>. Z\u00a0<strong>pitvora<\/strong>\u00a0sa vch\u00e1dzalo do\u00a0<strong>prednej izby<\/strong>\u00a0a do\u00a0<strong>komory<\/strong>.<\/p>\n<h2 class=\"ds-markdown-paragraph\"><span style=\"color: #800000;\">Ako sa vyv\u00edjala dispozi\u010dn\u00e1 sch\u00e9ma na za\u010diatku 20. storo\u010dia?<\/span><\/h2>\n<p class=\"ds-markdown-paragraph\">Za\u010diatkom 20. storo\u010dia bolo zau\u017e\u00edvan\u00e9 <strong>stavanie domov<\/strong>\u00a0so\u00a0<strong>\u0161tvordielnym priestorov\u00fdm \u010dlenen\u00edm<\/strong>\u00a0(<strong>predn\u00e1 izba<\/strong>\u2013<strong>kuchy\u0148a<\/strong>\u2013<strong>zadn\u00e1 izba<\/strong>\u2013<strong>komora<\/strong>).<\/p>\n<h2 data-path-to-node=\"26\"><span style=\"color: #800000;\">Pre\u010do nav\u0161t\u00edvi\u0165 Myslavu pr\u00e1ve teraz?<\/span><\/h2>\n<p data-path-to-node=\"27\">Myslava pon\u00faka neopakovate\u013en\u00fa pr\u00edle\u017eitos\u0165 vidie\u0165 prerod tradi\u010dnej dediny na mestsk\u00fa \u0161tvr\u0165, pri\u010dom si zachovala svoju du\u0161u. <b data-path-to-node=\"27\" data-index-in-node=\"123\">Murovan\u00e9 sedliacke domy<\/b> s\u00fa fascinuj\u00facou u\u010debnicou \u013eudov\u00e9ho stavite\u013estva, ktor\u00e1 v\u00e1s nau\u010d\u00ed rozumie\u0165 skuto\u010dnej hodnote domova. Objavte kr\u00e1su <strong>ornament\u00e1lnych fas\u00e1d<\/strong> a technick\u00fa genialitu otvoren\u00fdch ohn\u00edsk priamo v ter\u00e9ne.<\/p>\n<p data-path-to-node=\"27\">Ka\u017ed\u00e1 ulica tu skr\u00fdva architektonick\u00fd detail, ktor\u00fd na ko\u0161ick\u00fdch s\u00eddlisk\u00e1ch nen\u00e1jdete. Pridanou hodnotou va\u0161ej n\u00e1v\u0161tevy bude pochopenie hist\u00f3rie, ktor\u00fa dnes chr\u00e1nia u\u017e len posledn\u00e9 zachovan\u00e9 m\u00fary z nep\u00e1len\u00fdch teh\u00e1l.<\/p>\n<h2><span style=\"color: #800000;\">Fotogal\u00e9ria<\/span><\/h2>\n<style type=\"text\/css\">\n#foogallery-gallery-73310 .fg-image { width: 200px; }<\/style>\n\t\t\t<div class=\"foogallery foogallery-container foogallery-carousel foogallery-lightbox-foogallery fg-carousel fg-ready fg-light fg-border-medium fg-round-small fg-shadow-medium fg-loading-default fg-loaded-fade-in fg-hover-semi-zoomed fg-hover-fade fg-hover-circle-plus2\" id=\"foogallery-gallery-73310\" data-foogallery=\"{&quot;item&quot;:{&quot;showCaptionTitle&quot;:true,&quot;showCaptionDescription&quot;:true},&quot;lazy&quot;:true,&quot;template&quot;:{&quot;maxItems&quot;:5,&quot;scale&quot;:0.11999999999999999555910790149937383830547332763671875,&quot;gutter&quot;:{&quot;min&quot;:-40,&quot;max&quot;:-20,&quot;unit&quot;:&quot;%&quot;},&quot;autoplay&quot;:{&quot;time&quot;:0,&quot;interaction&quot;:&quot;pause&quot;},&quot;centerOnClick&quot;:true,&quot;align&quot;:&quot;center&quot;,&quot;activePosition&quot;:&quot;center&quot;}}\" data-foogallery-lightbox=\"{&quot;thumbs&quot;:&quot;bottom&quot;,&quot;thumbsCaptions&quot;:false,&quot;thumbsBestFit&quot;:false,&quot;thumbsSmall&quot;:false,&quot;thumbsCaptionsAlign&quot;:&quot;default&quot;,&quot;info&quot;:&quot;bottom&quot;,&quot;infoVisible&quot;:true,&quot;infoOverlay&quot;:true,&quot;infoAlign&quot;:&quot;default&quot;,&quot;transition&quot;:&quot;fade&quot;,&quot;hoverButtons&quot;:false,&quot;fitMedia&quot;:false,&quot;noScrollbars&quot;:true,&quot;preserveButtonSpace&quot;:true,&quot;buttons&quot;:{&quot;fullscreen&quot;:true,&quot;info&quot;:true,&quot;thumbs&quot;:false},&quot;video&quot;:{&quot;autoPlay&quot;:true}}\" style=\"--fg-title-line-clamp: 1; --fg-description-line-clamp: 2;\" >\n\t<button type=\"button\" class=\"fg-carousel-prev\" title=\"Previous\"><\/button>\n\t<div class=\"fg-carousel-inner\">\n\t\t<div class=\"fg-carousel-center\"><\/div>\n\t\t<div class=\"fg-item fg-type-image fg-idle\"><figure class=\"fg-item-inner\"><a href=\"https:\/\/www.keturist.sk\/info\/wp-content\/uploads\/2020\/12\/myslava2.jpg\" data-caption-title=\"Sedliacke domy v Myslave\" data-attachment-id=\"37052\" data-type=\"image\" class=\"fg-thumb\"><span class=\"fg-image-wrap\"><img decoding=\"async\" alt=\"Sedliacke domy v Myslave\" title=\"Sedliacke domy v Myslave\" width=\"200\" height=\"200\" class=\"skip-lazy fg-image\" data-src-fg=\"https:\/\/www.keturist.sk\/info\/wp-content\/uploads\/cache\/2020\/12\/myslava2\/1709898139.jpg\" src=\"data:image\/svg+xml,%3Csvg%20xmlns%3D%22http%3A%2F%2Fwww.w3.org%2F2000%2Fsvg%22%20width%3D%22200%22%20height%3D%22200%22%20viewBox%3D%220%200%20200%20200%22%3E%3C%2Fsvg%3E\" loading=\"eager\"><\/span><span class=\"fg-image-overlay\"><\/span><\/a><figcaption class=\"fg-caption\"><div class=\"fg-caption-inner\"><div class=\"fg-caption-title\">Sedliacke domy v Myslave<\/div><\/div><\/figcaption><\/figure><div class=\"fg-loader\"><\/div><\/div><div class=\"fg-item fg-type-image fg-idle\"><figure class=\"fg-item-inner\"><a href=\"https:\/\/www.keturist.sk\/info\/wp-content\/uploads\/2026\/01\/obec-myslava-1935.jpeg\" data-caption-title=\"Sedliacke domy v Myslave\" data-attachment-id=\"74392\" data-type=\"image\" class=\"fg-thumb\"><span class=\"fg-image-wrap\"><img decoding=\"async\" alt=\"Sedliacke domy v Myslave\" title=\"Sedliacke domy v Myslave\" width=\"200\" height=\"200\" class=\"skip-lazy fg-image\" data-src-fg=\"https:\/\/www.keturist.sk\/info\/wp-content\/uploads\/cache\/2026\/01\/obec-myslava-1935\/1777301524.jpeg\" src=\"data:image\/svg+xml,%3Csvg%20xmlns%3D%22http%3A%2F%2Fwww.w3.org%2F2000%2Fsvg%22%20width%3D%22200%22%20height%3D%22200%22%20viewBox%3D%220%200%20200%20200%22%3E%3C%2Fsvg%3E\" loading=\"eager\"><\/span><span class=\"fg-image-overlay\"><\/span><\/a><figcaption class=\"fg-caption\"><div class=\"fg-caption-inner\"><div class=\"fg-caption-title\">Sedliacke domy v Myslave<\/div><\/div><\/figcaption><\/figure><div class=\"fg-loader\"><\/div><\/div><div class=\"fg-item fg-type-image fg-idle\"><figure class=\"fg-item-inner\"><a href=\"https:\/\/www.keturist.sk\/info\/wp-content\/uploads\/2026\/01\/myslava-113.jpeg\" data-caption-title=\"Sedliacke domy v Myslave\" data-attachment-id=\"74393\" data-type=\"image\" class=\"fg-thumb\"><span class=\"fg-image-wrap\"><img decoding=\"async\" alt=\"Sedliacke domy v Myslave\" title=\"Sedliacke domy v Myslave\" width=\"200\" height=\"200\" class=\"skip-lazy fg-image\" data-src-fg=\"https:\/\/www.keturist.sk\/info\/wp-content\/uploads\/cache\/2026\/01\/myslava-113\/2884767561.jpeg\" src=\"data:image\/svg+xml,%3Csvg%20xmlns%3D%22http%3A%2F%2Fwww.w3.org%2F2000%2Fsvg%22%20width%3D%22200%22%20height%3D%22200%22%20viewBox%3D%220%200%20200%20200%22%3E%3C%2Fsvg%3E\" loading=\"eager\"><\/span><span class=\"fg-image-overlay\"><\/span><\/a><figcaption class=\"fg-caption\"><div class=\"fg-caption-inner\"><div class=\"fg-caption-title\">Sedliacke domy v Myslave<\/div><\/div><\/figcaption><\/figure><div class=\"fg-loader\"><\/div><\/div><div class=\"fg-item fg-type-image fg-idle\"><figure class=\"fg-item-inner\"><a href=\"https:\/\/www.keturist.sk\/info\/wp-content\/uploads\/2026\/01\/myslava-112.jpeg\" data-caption-title=\"Sedliacke domy v Myslave\" data-attachment-id=\"74394\" data-type=\"image\" class=\"fg-thumb\"><span class=\"fg-image-wrap\"><img decoding=\"async\" alt=\"Sedliacke domy v Myslave\" title=\"Sedliacke domy v Myslave\" width=\"200\" height=\"200\" class=\"skip-lazy fg-image\" data-src-fg=\"https:\/\/www.keturist.sk\/info\/wp-content\/uploads\/cache\/2026\/01\/myslava-112\/2942394425.jpeg\" src=\"data:image\/svg+xml,%3Csvg%20xmlns%3D%22http%3A%2F%2Fwww.w3.org%2F2000%2Fsvg%22%20width%3D%22200%22%20height%3D%22200%22%20viewBox%3D%220%200%20200%20200%22%3E%3C%2Fsvg%3E\" loading=\"eager\"><\/span><span class=\"fg-image-overlay\"><\/span><\/a><figcaption class=\"fg-caption\"><div class=\"fg-caption-inner\"><div class=\"fg-caption-title\">Sedliacke domy v Myslave<\/div><\/div><\/figcaption><\/figure><div class=\"fg-loader\"><\/div><\/div><div class=\"fg-item fg-type-image fg-idle\"><figure class=\"fg-item-inner\"><a href=\"https:\/\/www.keturist.sk\/info\/wp-content\/uploads\/2026\/01\/myslava-111.jpeg\" data-caption-title=\"Sedliacke domy v Myslave\" data-attachment-id=\"74395\" data-type=\"image\" class=\"fg-thumb\"><span class=\"fg-image-wrap\"><img decoding=\"async\" alt=\"Sedliacke domy v Myslave\" title=\"Sedliacke domy v Myslave\" width=\"200\" height=\"200\" class=\"skip-lazy fg-image\" data-src-fg=\"https:\/\/www.keturist.sk\/info\/wp-content\/uploads\/cache\/2026\/01\/myslava-111\/2426573889.jpeg\" src=\"data:image\/svg+xml,%3Csvg%20xmlns%3D%22http%3A%2F%2Fwww.w3.org%2F2000%2Fsvg%22%20width%3D%22200%22%20height%3D%22200%22%20viewBox%3D%220%200%20200%20200%22%3E%3C%2Fsvg%3E\" loading=\"eager\"><\/span><span class=\"fg-image-overlay\"><\/span><\/a><figcaption class=\"fg-caption\"><div class=\"fg-caption-inner\"><div class=\"fg-caption-title\">Sedliacke domy v Myslave<\/div><\/div><\/figcaption><\/figure><div class=\"fg-loader\"><\/div><\/div><div class=\"fg-item fg-type-image fg-idle\"><figure class=\"fg-item-inner\"><a href=\"https:\/\/www.keturist.sk\/info\/wp-content\/uploads\/2026\/01\/myslava-1.jpeg\" data-caption-title=\"Sedliacke domy v Myslave\" data-attachment-id=\"74396\" data-type=\"image\" class=\"fg-thumb\"><span class=\"fg-image-wrap\"><img decoding=\"async\" alt=\"Sedliacke domy v Myslave\" title=\"Sedliacke domy v Myslave\" width=\"200\" height=\"200\" class=\"skip-lazy fg-image\" data-src-fg=\"https:\/\/www.keturist.sk\/info\/wp-content\/uploads\/cache\/2026\/01\/myslava-1\/1809831362.jpeg\" src=\"data:image\/svg+xml,%3Csvg%20xmlns%3D%22http%3A%2F%2Fwww.w3.org%2F2000%2Fsvg%22%20width%3D%22200%22%20height%3D%22200%22%20viewBox%3D%220%200%20200%20200%22%3E%3C%2Fsvg%3E\" loading=\"eager\"><\/span><span class=\"fg-image-overlay\"><\/span><\/a><figcaption class=\"fg-caption\"><div class=\"fg-caption-inner\"><div class=\"fg-caption-title\">Sedliacke domy v Myslave<\/div><\/div><\/figcaption><\/figure><div class=\"fg-loader\"><\/div><\/div>\t<\/div>\n\t<div class=\"fg-carousel-bottom\"><\/div>\n\t<div class=\"fg-carousel-progress\"><\/div>\n\t<button type=\"button\" class=\"fg-carousel-next\" title=\"Next\"><\/button>\n<\/div>\n<h2><span style=\"color: #800000;\">Zauj\u00edmav\u00e9 odkazy<\/span><\/h2>\n<h3><span style=\"color: #808000;\">Bl\u00edzke stredisko, turistick\u00e9 centrum, obec alebo mesto: <\/span><\/h3>\n<ul>\n<li><a href=\"https:\/\/www.keturist.sk\/info\/strediska-a-centra\/mc-myslava\/\">M\u010c Myslava (\u010d\u00edtaj viac&#8230;)<\/a><\/li>\n<\/ul>\n<h2><span style=\"color: #800000;\">Mapy<\/span><\/h2>\n<p><strong>Vrstvy: <\/strong>Turistick\u00e1 mapa, Automapa, Cyklomapa, Ly\u017eiarska mapa, Satelitn\u00e1 mapa a OpenStreetMap.<\/p>\n<p><strong>Kliknut\u00edm na logo &#8222;Freemap.sk&#8220; sa V\u00e1m mapa zobraz\u00ed na celej ploche obrazovky.<\/strong><\/p>\n<p><iframe style=\"width: 900px; height: 500px; border: 0;\" src=\"https:\/\/www.freemap.sk\/?map=13\/48.707672\/21.208506&amp;info-point=48.707672\/21.208506,Myslava&amp;layers=X&amp;embed=search\" allowfullscreen=\"allowfullscreen\"><span data-mce-type=\"bookmark\" style=\"display: inline-block; width: 0px; overflow: hidden; line-height: 0;\" class=\"mce_SELRES_start\">\ufeff<\/span><span data-mce-type=\"bookmark\" style=\"display: inline-block; width: 0px; overflow: hidden; line-height: 0;\" class=\"mce_SELRES_start\">\ufeff<\/span><\/iframe><\/p>\n<h2><span style=\"color: #800000;\">Po\u010dasie<\/span><\/h2>\n<p><iframe style=\"width: 900px; height: 607px;\" src=\"https:\/\/www.meteoblue.com\/sk\/po%C4%8Dasie\/widget\/three\/myslava_slovensk%c3%a1-republika_724087?geoloc=fixed&amp;nocurrent=0&amp;noforecast=0&amp;days=5&amp;tempunit=CELSIUS&amp;windunit=KILOMETER_PER_HOUR&amp;layout=image\" frameborder=\"0\" scrolling=\"NO\" sandbox=\"allow-same-origin allow-scripts allow-popups allow-popups-to-escape-sandbox\"><\/iframe><\/p>\n<div>\n<p><!-- DO NOT REMOVE THIS LINK --><a href=\"https:\/\/www.meteoblue.com\/sk\/po%C4%8Dasie\/predpove%C4%8F\/t%C3%BD%C5%BEde%C5%88\/myslava_slovensk%c3%a1-republika_724087?utm_source=weather_widget&amp;utm_medium=linkus&amp;utm_content=three&amp;utm_campaign=Weather%2BWidget\" target=\"_blank\" rel=\"noopener noreferrer\">meteoblue&lt;<\/a><\/p>\n<\/div>\n","protected":false},"excerpt":{"rendered":"<p>Podkateg\u00f3ria: Lokaliz\u00e1cia: Volovsk\u00e9 vrchy a Ko\u0161ice Murovan\u00e9 sedliacke domy v Myslave: Skryt\u00fd klenot \u013eudovej architekt\u00fary v Ko\u0161iciach Prekro\u010dte hranicu \u010dasu: Ako \u017eili na\u0161i predkovia v dedine, ktor\u00fa pohltilo mesto? Po\u010dujete [&hellip;]<\/p>\n","protected":false},"author":1,"featured_media":74396,"parent":11613,"menu_order":0,"comment_status":"closed","ping_status":"closed","template":"","meta":{"_uag_custom_page_level_css":"","_monsterinsights_skip_tracking":false,"_monsterinsights_sitenote_active":false,"_monsterinsights_sitenote_note":"","_monsterinsights_sitenote_category":0,"footnotes":""},"class_list":["post-19851","page","type-page","status-publish","has-post-thumbnail","hentry"],"featured_image_src":"https:\/\/www.keturist.sk\/info\/wp-content\/uploads\/2026\/01\/myslava-1.jpeg","featured_image_src_square":"https:\/\/www.keturist.sk\/info\/wp-content\/uploads\/2026\/01\/myslava-1.jpeg","rbea_author_info":{"display_name":"admin","author_link":"https:\/\/www.keturist.sk\/info\/author\/admin\/"},"rbea_excerpt_info":"Podkateg\u00f3ria: Lokaliz\u00e1cia: Volovsk\u00e9 vrchy a Ko\u0161ice Murovan\u00e9 sedliacke domy v Myslave: Skryt\u00fd klenot \u013eudovej architekt\u00fary v Ko\u0161iciach Prekro\u010dte hranicu \u010dasu: Ako \u017eili na\u0161i predkovia v dedine, ktor\u00fa pohltilo mesto? Po\u010dujete [&hellip;]","uagb_featured_image_src":{"full":["https:\/\/www.keturist.sk\/info\/wp-content\/uploads\/2026\/01\/myslava-1.jpeg",1376,768,false],"thumbnail":["https:\/\/www.keturist.sk\/info\/wp-content\/uploads\/2026\/01\/myslava-1-270x151.jpeg",270,151,true],"medium":["https:\/\/www.keturist.sk\/info\/wp-content\/uploads\/2026\/01\/myslava-1-800x447.jpeg",800,447,true],"medium_large":["https:\/\/www.keturist.sk\/info\/wp-content\/uploads\/2026\/01\/myslava-1-768x429.jpeg",768,429,true],"large":["https:\/\/www.keturist.sk\/info\/wp-content\/uploads\/2026\/01\/myslava-1.jpeg",1376,768,false],"1536x1536":["https:\/\/www.keturist.sk\/info\/wp-content\/uploads\/2026\/01\/myslava-1.jpeg",1376,768,false],"2048x2048":["https:\/\/www.keturist.sk\/info\/wp-content\/uploads\/2026\/01\/myslava-1.jpeg",1376,768,false]},"uagb_author_info":{"display_name":"admin","author_link":"https:\/\/www.keturist.sk\/info\/author\/admin\/"},"uagb_comment_info":0,"uagb_excerpt":"Podkateg\u00f3ria: Lokaliz\u00e1cia: Volovsk\u00e9 vrchy a Ko\u0161ice Murovan\u00e9 sedliacke domy v Myslave: Skryt\u00fd klenot \u013eudovej architekt\u00fary v Ko\u0161iciach Prekro\u010dte hranicu \u010dasu: Ako \u017eili na\u0161i predkovia v dedine, ktor\u00fa pohltilo mesto? Po\u010dujete [&hellip;]","_links":{"self":[{"href":"https:\/\/www.keturist.sk\/info\/wp-json\/wp\/v2\/pages\/19851","targetHints":{"allow":["GET"]}}],"collection":[{"href":"https:\/\/www.keturist.sk\/info\/wp-json\/wp\/v2\/pages"}],"about":[{"href":"https:\/\/www.keturist.sk\/info\/wp-json\/wp\/v2\/types\/page"}],"author":[{"embeddable":true,"href":"https:\/\/www.keturist.sk\/info\/wp-json\/wp\/v2\/users\/1"}],"replies":[{"embeddable":true,"href":"https:\/\/www.keturist.sk\/info\/wp-json\/wp\/v2\/comments?post=19851"}],"version-history":[{"count":8,"href":"https:\/\/www.keturist.sk\/info\/wp-json\/wp\/v2\/pages\/19851\/revisions"}],"predecessor-version":[{"id":74398,"href":"https:\/\/www.keturist.sk\/info\/wp-json\/wp\/v2\/pages\/19851\/revisions\/74398"}],"up":[{"embeddable":true,"href":"https:\/\/www.keturist.sk\/info\/wp-json\/wp\/v2\/pages\/11613"}],"wp:featuredmedia":[{"embeddable":true,"href":"https:\/\/www.keturist.sk\/info\/wp-json\/wp\/v2\/media\/74396"}],"wp:attachment":[{"href":"https:\/\/www.keturist.sk\/info\/wp-json\/wp\/v2\/media?parent=19851"}],"curies":[{"name":"wp","href":"https:\/\/api.w.org\/{rel}","templated":true}]}}