{"id":19779,"date":"2016-11-07T12:19:55","date_gmt":"2016-11-07T11:19:55","guid":{"rendered":"https:\/\/www.keturist.sk\/info\/?page_id=19779"},"modified":"2020-12-26T17:33:19","modified_gmt":"2020-12-26T16:33:19","slug":"technicke-pamiatky","status":"publish","type":"page","link":"https:\/\/www.keturist.sk\/info\/kam-za-pamiatkami\/kam-za-pamiatkami-smer-volovske-vrchy\/technicke-pamiatky\/","title":{"rendered":"Technick\u00e9 pamiatky"},"content":{"rendered":"<a href=\"https:\/\/www.keturist.sk\/info\/\" class=\"su-button su-button-style-default\" style=\"color:#000000;background-color:#FFCF2F;border-color:#cca626;border-radius:5px\" target=\"_self\"><span style=\"color:#000000;padding:6px 16px;font-size:13px;line-height:20px;border-color:#ffde6e;border-radius:5px;text-shadow:none\"><i class=\"sui sui-arrow-right\" style=\"font-size:13px;color:#000000\"><\/i>  Spravodaj <\/span><\/a>\n<a href=\"https:\/\/www.keturist.sk\/info\/kam-za-pamiatkami\/\" class=\"su-button su-button-style-default\" style=\"color:#000000;background-color:#FFCF2F;border-color:#cca626;border-radius:5px\" target=\"_self\"><span style=\"color:#000000;padding:6px 16px;font-size:13px;line-height:20px;border-color:#ffde6e;border-radius:5px;text-shadow:none\"><i class=\"sui sui-arrow-right\" style=\"font-size:13px;color:#000000\"><\/i>  Kam za pamiatkami <\/span><\/a>\n<a href=\"https:\/\/www.keturist.sk\/info\/kam-za-pamiatkami\/kam-za-pamiatkami-smer-volovske-vrchy\/\" class=\"su-button su-button-style-default\" style=\"color:#000000;background-color:#FFCF2F;border-color:#cca626;border-radius:5px\" target=\"_self\"><span style=\"color:#000000;padding:6px 16px;font-size:13px;line-height:20px;border-color:#ffde6e;border-radius:5px;text-shadow:none\"><i class=\"sui sui-arrow-right\" style=\"font-size:13px;color:#000000\"><\/i>  smer Volovsk\u00e9 vrchy <\/span><\/a>\n<div class=\"su-divider su-divider-style-default\" style=\"margin:15px 0;border-width:0px;border-color:#000000\"><\/div>\n<strong>Podkateg\u00f3ria: <\/strong> <a href=\"https:\/\/www.keturist.sk\/info\/kam-za-pamiatkami\/kam-za-pamiatkami-smer-volovske-vrchy\/technicke-pamiatky\/\" class=\"su-button su-button-style-default\" style=\"color:#000000;background-color:#afd144;border-color:#8ca837;border-radius:5px\" target=\"_self\"><span style=\"color:#000000;padding:6px 16px;font-size:13px;line-height:20px;border-color:#c7df7d;border-radius:5px;text-shadow:none\"><i class=\"sui sui-arrow-right\" style=\"font-size:13px;color:#000000\"><\/i>  Technick\u00e9 pamiatky <\/span><\/a>\n<div class=\"su-divider su-divider-style-default\" style=\"margin:15px 0;border-width:3px;border-color:#000000\"><\/div>\n<div id=\"metaslider-id-8448\" style=\"max-width: 800px; margin: 0 auto;\" class=\"ml-slider-3-108-0 metaslider metaslider-flex metaslider-8448 ml-slider ms-theme-default nav-hidden\" role=\"region\" aria-label=\"Hamre Medzev\" data-height=\"250\" data-width=\"800\">\n    <div id=\"metaslider_container_8448\">\n        <div id=\"metaslider_8448\" class=\"flexslider\">\n            <ul class='slides'>\n                <li style=\"display: block; width: 100%;\" class=\"slide-37048 ms-image \" aria-roledescription=\"slide\" data-date=\"2020-12-26 18:01:20\" data-filename=\"hamre1-800x250.jpg\" data-slide-type=\"image\"><a href=\"https:\/\/www.keturist.sk\/info\/technicke-pamiatky\/vodne-hamre-v-medzeve-a-v-sugove\/\" target=\"_self\" aria-label=\"View Slide Details\" class=\"metaslider_image_link\"><img loading=\"lazy\" decoding=\"async\" src=\"https:\/\/www.keturist.sk\/info\/wp-content\/uploads\/2020\/12\/hamre1-800x250.jpg\" height=\"250\" width=\"800\" alt=\"\" class=\"slider-8448 slide-37048 msDefaultImage\" title=\"hamre1\" \/><\/a><div class=\"caption-wrap\"><div class=\"caption\"><b><a href=\"https:\/\/www.keturist.sk\/info\/technicke-pamiatky\/vodne-hamre-v-medzeve-a-v-sugove\/\"><span style=\"color:#FFFF00;\">Vodn\u00e9 h\u00e1mre v Medzeve a v \u0160ugove<\/span><\/a><\/b><\/div><\/div><\/li>\n            <\/ul>\n        <\/div>\n        \n    <\/div>\n<\/div>\n<div id=\"metaslider-id-8458\" style=\"max-width: 800px; margin: 0 auto;\" class=\"ml-slider-3-108-0 metaslider metaslider-flex metaslider-8458 ml-slider ms-theme-default nav-hidden nav-hidden\" role=\"region\" aria-label=\"Most mnisek nad Hnilcom\" data-height=\"250\" data-width=\"800\">\n    <div id=\"metaslider_container_8458\">\n        <div id=\"metaslider_8458\" class=\"flexslider\">\n            <ul class='slides'>\n                <li style=\"display: block; width: 100%;\" class=\"slide-37044 ms-image \" aria-roledescription=\"slide\" data-date=\"2020-12-26 17:52:58\" data-filename=\"uzkokolajka1-800x250.jpg\" data-slide-type=\"image\"><a href=\"https:\/\/www.keturist.sk\/info\/technicke-pamiatky\/byvaly-most-uzkokolajky-v-mnisku-nad-hnilcom\/\" target=\"_self\" aria-label=\"View Slide Details\" class=\"metaslider_image_link\"><img loading=\"lazy\" decoding=\"async\" src=\"https:\/\/www.keturist.sk\/info\/wp-content\/uploads\/2020\/12\/uzkokolajka1-800x250.jpg\" height=\"250\" width=\"800\" alt=\"\" class=\"slider-8458 slide-37044 msDefaultImage\" title=\"uzkokolajka1\" \/><\/a><div class=\"caption-wrap\"><div class=\"caption\"><b><a href=\"https:\/\/www.keturist.sk\/info\/technicke-pamiatky\/byvaly-most-uzkokolajky-v-mnisku-nad-hnilcom\/\"><span style=\"color:#FFFF00;\">B\u00fdval\u00fd most \u00fazkoko\u013eajky v Mn\u00ed\u0161ku nad Hnilcom<\/span><\/a><\/b><\/div><\/div><\/li>\n            <\/ul>\n        <\/div>\n        \n    <\/div>\n<\/div>\n<div id=\"metaslider-id-34119\" style=\"max-width: 800px; margin: 0 auto;\" class=\"ml-slider-3-108-0 metaslider metaslider-flex metaslider-34119 ml-slider ms-theme-default nav-hidden nav-hidden nav-hidden\" role=\"region\" aria-label=\"Kamenn\u00fd most v Gelnici\" data-height=\"250\" data-width=\"800\">\n    <div id=\"metaslider_container_34119\">\n        <div id=\"metaslider_34119\" class=\"flexslider\">\n            <ul class='slides'>\n                <li style=\"display: block; width: 100%;\" class=\"slide-34121 ms-image \" aria-roledescription=\"slide\" data-date=\"2020-09-02 11:44:28\" data-filename=\"gelnica-most-800x250.jpg\" data-slide-type=\"image\"><a href=\"https:\/\/www.keturist.sk\/info\/kam-za-pamiatkami\/kam-za-pamiatkami-smer-volovske-vrchy\/kamenny-most-v-gelnici\/\" target=\"_self\" aria-label=\"View Slide Details\" class=\"metaslider_image_link\"><img loading=\"lazy\" decoding=\"async\" src=\"https:\/\/www.keturist.sk\/info\/wp-content\/uploads\/2020\/05\/gelnica-most-800x250.jpg\" height=\"250\" width=\"800\" alt=\"\" class=\"slider-34119 slide-34121 msDefaultImage\" title=\"gelnica most\" \/><\/a><div class=\"caption-wrap\"><div class=\"caption\"><b><a href=\"https:\/\/www.keturist.sk\/info\/kam-za-pamiatkami\/kam-za-pamiatkami-smer-volovske-vrchy\/kamenny-most-v-gelnici\/\"><span style=\"color:#FFFF00;\">Kamenn\u00fd most v Gelnici\n<\/span><\/a><\/b><\/div><\/div><\/li>\n            <\/ul>\n        <\/div>\n        \n    <\/div>\n<\/div>\n<div id=\"metaslider-id-16657\" style=\"max-width: 800px; margin: 0 auto;\" class=\"ml-slider-3-108-0 metaslider metaslider-flex metaslider-16657 ml-slider ms-theme-default nav-hidden nav-hidden nav-hidden nav-hidden\" role=\"region\" aria-label=\"Stolna Breuner\" data-height=\"250\" data-width=\"800\">\n    <div id=\"metaslider_container_16657\">\n        <div id=\"metaslider_16657\" class=\"flexslider\">\n            <ul class='slides'>\n                <li style=\"display: block; width: 100%;\" class=\"slide-37037 ms-image \" aria-roledescription=\"slide\" data-date=\"2020-12-26 17:43:01\" data-filename=\"barner-800x250.jpg\" data-slide-type=\"image\"><a href=\"https:\/\/www.keturist.sk\/info\/ostatne-pamiatky\/stolna-breuner-v-zlatej-idke\/\" target=\"_self\" aria-label=\"View Slide Details\" class=\"metaslider_image_link\"><img loading=\"lazy\" decoding=\"async\" src=\"https:\/\/www.keturist.sk\/info\/wp-content\/uploads\/2020\/11\/barner-800x250.jpg\" height=\"250\" width=\"800\" alt=\"\" class=\"slider-16657 slide-37037 msDefaultImage\" title=\"barner\" \/><\/a><div class=\"caption-wrap\"><div class=\"caption\"><b><a href=\"https:\/\/www.keturist.sk\/info\/ostatne-pamiatky\/stolna-breuner-v-zlatej-idke\/\"><span style=\"color:#FFFF00;\">\u0160t\u00f4l\u0148a Breuner v Zlatej Idke<\/span><\/a><\/b><\/div><\/div><\/li>\n            <\/ul>\n        <\/div>\n        \n    <\/div>\n<\/div>\n<div id=\"metaslider-id-30195\" style=\"max-width: 800px; margin: 0 auto;\" class=\"ml-slider-3-108-0 metaslider metaslider-flex metaslider-30195 ml-slider ms-theme-default nav-hidden nav-hidden nav-hidden nav-hidden nav-hidden\" role=\"region\" aria-label=\"Ban\u00edcke m\u00fazeum v Gelnici a vysunut\u00e1 expoz\u00edcia \u2013 \u0161t\u00f4l\u0148a Jozef\" data-height=\"250\" data-width=\"800\">\n    <div id=\"metaslider_container_30195\">\n        <div id=\"metaslider_30195\" class=\"flexslider\">\n            <ul class='slides'>\n                <li style=\"display: block; width: 100%;\" class=\"slide-30197 ms-image \" aria-roledescription=\"slide\" data-date=\"2019-07-31 07:14:31\" data-filename=\"stolna-jozef-1-770x240.jpg\" data-slide-type=\"image\"><a href=\"https:\/\/www.keturist.sk\/info\/kam-za-pamiatkami\/kam-za-pamiatkami-smer-volovske-vrchy\/ostatne-pamiatky\/banicke-muzeum-v-gelnici-a-vysunuta-expozicia-stolna-jozef\/\" target=\"_self\" aria-label=\"View Slide Details\" class=\"metaslider_image_link\"><img loading=\"lazy\" decoding=\"async\" src=\"https:\/\/www.keturist.sk\/info\/wp-content\/uploads\/2019\/07\/stolna-jozef-1-770x240.jpg\" height=\"250\" width=\"800\" alt=\"\" class=\"slider-30195 slide-30197 msDefaultImage\" title=\"stolna jozef\" \/><\/a><div class=\"caption-wrap\"><div class=\"caption\"><b><a href=\"https:\/\/www.keturist.sk\/info\/kam-za-pamiatkami\/kam-za-pamiatkami-smer-volovske-vrchy\/ostatne-pamiatky\/banicke-muzeum-v-gelnici-a-vysunuta-expozicia-stolna-jozef\/\"><span style=\"color:#FFFF00;\">Bansk\u00fd skanzen v Gelnici a \u0161t\u00f4l\u0148a Jozef<\/span><\/a><\/b><\/div><\/div><\/li>\n            <\/ul>\n        <\/div>\n        \n    <\/div>\n<\/div>\n<div id=\"metaslider-id-34732\" style=\"max-width: 800px; margin: 0 auto;\" class=\"ml-slider-3-108-0 metaslider metaslider-flex metaslider-34732 ml-slider ms-theme-default nav-hidden nav-hidden nav-hidden nav-hidden nav-hidden nav-hidden\" role=\"region\" aria-label=\"Dedi\u010dn\u00e1 Kr\u00ed\u017eov\u00e1 \u0161t\u00f4l\u0148a\" data-height=\"250\" data-width=\"800\">\n    <div id=\"metaslider_container_34732\">\n        <div id=\"metaslider_34732\" class=\"flexslider\">\n            <ul class='slides'>\n                <li style=\"display: block; width: 100%;\" class=\"slide-34733 ms-image \" aria-roledescription=\"slide\" data-date=\"2020-11-04 06:58:07\" data-filename=\"stolna-krizova-dedicna-www_gelinca_sk-800x250.jpg\" data-slide-type=\"image\"><a href=\"https:\/\/www.keturist.sk\/info\/kam-za-pamiatkami\/kam-za-pamiatkami-smer-volovske-vrchy\/dedicna-krizova-stolna\/\" target=\"_self\" aria-label=\"View Slide Details\" class=\"metaslider_image_link\"><img loading=\"lazy\" decoding=\"async\" src=\"https:\/\/www.keturist.sk\/info\/wp-content\/uploads\/2020\/05\/stolna-krizova-dedicna-www_gelinca_sk-800x250.jpg\" height=\"250\" width=\"800\" alt=\"\" class=\"slider-34732 slide-34733 msDefaultImage\" title=\"stolna krizova dedicna www_gelinca_sk\" \/><\/a><div class=\"caption-wrap\"><div class=\"caption\"><b><a href=\"https:\/\/www.keturist.sk\/info\/kam-za-pamiatkami\/kam-za-pamiatkami-smer-volovske-vrchy\/dedicna-krizova-stolna\/\"><span style=\"color:#FFFF00;\">Dedi\u010dn\u00e1 Kr\u00ed\u017eov\u00e1 \u0161t\u00f4l\u0148a v Genici\n<\/span><\/a><\/b><\/div><\/div><\/li>\n            <\/ul>\n        <\/div>\n        \n    <\/div>\n<\/div>\n<div id=\"metaslider-id-34774\" style=\"max-width: 800px; margin: 0 auto;\" class=\"ml-slider-3-108-0 metaslider metaslider-flex metaslider-34774 ml-slider ms-theme-default nav-hidden nav-hidden nav-hidden nav-hidden nav-hidden nav-hidden nav-hidden\" role=\"region\" aria-label=\"Nov\u00e1 Kr\u00ed\u017eov\u00e1 \u0161t\u00f4l\u0148a v Gelnici\" data-height=\"250\" data-width=\"800\">\n    <div id=\"metaslider_container_34774\">\n        <div id=\"metaslider_34774\" class=\"flexslider\">\n            <ul class='slides'>\n                <li style=\"display: block; width: 100%;\" class=\"slide-34776 ms-image \" aria-roledescription=\"slide\" data-date=\"2020-11-04 17:18:28\" data-filename=\"stolna-krizova-800x250.jpg\" data-slide-type=\"image\"><a href=\"https:\/\/www.keturist.sk\/info\/kam-za-pamiatkami\/kam-za-pamiatkami-smer-volovske-vrchy\/nova-krizova-stolna-v-gelnici\/\" target=\"_self\" aria-label=\"View Slide Details\" class=\"metaslider_image_link\"><img loading=\"lazy\" decoding=\"async\" src=\"https:\/\/www.keturist.sk\/info\/wp-content\/uploads\/2020\/05\/stolna-krizova-800x250.jpg\" height=\"250\" width=\"800\" alt=\"Dedi\u010dn\u00e1 Kr\u00ed\u017eov\u00e1 \u0161t\u00f4l\u0148a v Gelnici\" class=\"slider-34774 slide-34776 msDefaultImage\" title=\"Dedi\u010dn\u00e1 Kr\u00ed\u017eov\u00e1 \u0161t\u00f4l\u0148a v Gelnici\" \/><\/a><div class=\"caption-wrap\"><div class=\"caption\"><b><a href=\"https:\/\/www.keturist.sk\/info\/kam-za-pamiatkami\/kam-za-pamiatkami-smer-volovske-vrchy\/nova-krizova-stolna-v-gelnici\/\"><span style=\"color:#FFFF00;\">Nov\u00e1 Kr\u00ed\u017eov\u00e1 \u0161t\u00f4l\u0148a v Gelnici\n<\/span><\/a><\/b><\/div><\/div><\/li>\n            <\/ul>\n        <\/div>\n        \n    <\/div>\n<\/div>\n<div id=\"metaslider-id-34797\" style=\"max-width: 800px; margin: 0 auto;\" class=\"ml-slider-3-108-0 metaslider metaslider-flex metaslider-34797 ml-slider ms-theme-default nav-hidden nav-hidden nav-hidden nav-hidden nav-hidden nav-hidden nav-hidden nav-hidden\" role=\"region\" aria-label=\"Dedi\u010dn\u00e1 \u0161t\u00f4l\u0148a Mokr\u00e9 pole\" data-height=\"250\" data-width=\"800\">\n    <div id=\"metaslider_container_34797\">\n        <div id=\"metaslider_34797\" class=\"flexslider\">\n            <ul class='slides'>\n                <li style=\"display: block; width: 100%;\" class=\"slide-34799 ms-image \" aria-roledescription=\"slide\" data-date=\"2020-11-04 18:01:54\" data-filename=\"mokre-pole1-800x250.jpg\" data-slide-type=\"image\"><a href=\"https:\/\/www.keturist.sk\/info\/kam-za-pamiatkami\/kam-za-pamiatkami-smer-volovske-vrchy\/dedicna-stolna-mokre-pole\/\" target=\"_self\" aria-label=\"View Slide Details\" class=\"metaslider_image_link\"><img loading=\"lazy\" decoding=\"async\" src=\"https:\/\/www.keturist.sk\/info\/wp-content\/uploads\/2020\/05\/mokre-pole1-800x250.jpg\" height=\"250\" width=\"800\" alt=\"\" class=\"slider-34797 slide-34799 msDefaultImage\" title=\"mokre pole1\" \/><\/a><div class=\"caption-wrap\"><div class=\"caption\"><b><a href=\"https:\/\/www.keturist.sk\/info\/kam-za-pamiatkami\/kam-za-pamiatkami-smer-volovske-vrchy\/dedicna-stolna-mokre-pole\/\"><span style=\"color:#FFFF00;\">Dedi\u010dn\u00e1 \u0161t\u00f4l\u0148a Mokr\u00e9 pole\n\n<\/span><\/a><\/b><\/div><\/div><\/li>\n            <\/ul>\n        <\/div>\n        \n    <\/div>\n<\/div>\n<div id=\"metaslider-id-35595\" style=\"max-width: 800px; margin: 0 auto;\" class=\"ml-slider-3-108-0 metaslider metaslider-flex metaslider-35595 ml-slider ms-theme-default nav-hidden nav-hidden nav-hidden nav-hidden nav-hidden nav-hidden nav-hidden nav-hidden nav-hidden\" role=\"region\" aria-label=\"Terezi\u00e1nska \u0161t\u00f4l\u0148a pri obci Smoln\u00edk \u2013 Priechodov\u00fd kan\u00e1l\" data-height=\"250\" data-width=\"800\">\n    <div id=\"metaslider_container_35595\">\n        <div id=\"metaslider_35595\" class=\"flexslider\">\n            <ul class='slides'>\n                <li style=\"display: block; width: 100%;\" class=\"slide-35597 ms-image \" aria-roledescription=\"slide\" data-date=\"2020-11-17 18:24:36\" data-filename=\"stolna-smolnik4-800x250.jpg\" data-slide-type=\"image\"><a href=\"https:\/\/www.keturist.sk\/info\/kam-za-pamiatkami\/kam-za-pamiatkami-smer-volovske-vrchy\/terezianska-stolna-pri-obci-smolnik\/\" target=\"_self\" aria-label=\"View Slide Details\" class=\"metaslider_image_link\"><img loading=\"lazy\" decoding=\"async\" src=\"https:\/\/www.keturist.sk\/info\/wp-content\/uploads\/2020\/05\/stolna-smolnik4-800x250.jpg\" height=\"250\" width=\"800\" alt=\"Terezi\u00e1nska \u0161t\u00f4l\u0148a pri obci Smoln\u00edk\" class=\"slider-35595 slide-35597 msDefaultImage\" title=\"Terezi\u00e1nska \u0161t\u00f4l\u0148a pri obci Smoln\u00edk\" \/><\/a><div class=\"caption-wrap\"><div class=\"caption\"><b><a href=\"https:\/\/www.keturist.sk\/info\/kam-za-pamiatkami\/kam-za-pamiatkami-smer-volovske-vrchy\/terezianska-stolna-pri-obci-smolnik\/\"><span style=\"color:#FFFF00;\">Terezi\u00e1nska \u0161t\u00f4l\u0148a pri obci Smoln\u00edk \u2013 Priechodov\u00fd kan\u00e1l<\/span><\/a><\/b><\/div><\/div><\/li>\n            <\/ul>\n        <\/div>\n        \n    <\/div>\n<\/div>\n<div class=\"su-divider su-divider-style-default\" style=\"margin:15px 0;border-width:3px;border-color:#000000\"><\/div>\n","protected":false},"excerpt":{"rendered":"<p>Podkateg\u00f3ria:<\/p>\n","protected":false},"author":1,"featured_media":0,"parent":11613,"menu_order":0,"comment_status":"closed","ping_status":"closed","template":"","meta":{"_uag_custom_page_level_css":"","_monsterinsights_skip_tracking":false,"_monsterinsights_sitenote_active":false,"_monsterinsights_sitenote_note":"","_monsterinsights_sitenote_category":0,"footnotes":""},"class_list":["post-19779","page","type-page","status-publish","hentry"],"featured_image_src":"","featured_image_src_square":false,"rbea_author_info":{"display_name":"admin","author_link":"https:\/\/www.keturist.sk\/info\/author\/admin\/"},"rbea_excerpt_info":"Podkateg\u00f3ria:","uagb_featured_image_src":{"full":false,"thumbnail":false,"medium":false,"medium_large":false,"large":false,"1536x1536":false,"2048x2048":false},"uagb_author_info":{"display_name":"admin","author_link":"https:\/\/www.keturist.sk\/info\/author\/admin\/"},"uagb_comment_info":0,"uagb_excerpt":"Podkateg\u00f3ria:","_links":{"self":[{"href":"https:\/\/www.keturist.sk\/info\/wp-json\/wp\/v2\/pages\/19779","targetHints":{"allow":["GET"]}}],"collection":[{"href":"https:\/\/www.keturist.sk\/info\/wp-json\/wp\/v2\/pages"}],"about":[{"href":"https:\/\/www.keturist.sk\/info\/wp-json\/wp\/v2\/types\/page"}],"author":[{"embeddable":true,"href":"https:\/\/www.keturist.sk\/info\/wp-json\/wp\/v2\/users\/1"}],"replies":[{"embeddable":true,"href":"https:\/\/www.keturist.sk\/info\/wp-json\/wp\/v2\/comments?post=19779"}],"version-history":[{"count":9,"href":"https:\/\/www.keturist.sk\/info\/wp-json\/wp\/v2\/pages\/19779\/revisions"}],"predecessor-version":[{"id":37034,"href":"https:\/\/www.keturist.sk\/info\/wp-json\/wp\/v2\/pages\/19779\/revisions\/37034"}],"up":[{"embeddable":true,"href":"https:\/\/www.keturist.sk\/info\/wp-json\/wp\/v2\/pages\/11613"}],"wp:attachment":[{"href":"https:\/\/www.keturist.sk\/info\/wp-json\/wp\/v2\/media?parent=19779"}],"curies":[{"name":"wp","href":"https:\/\/api.w.org\/{rel}","templated":true}]}}