{"id":19774,"date":"2016-11-07T12:17:20","date_gmt":"2016-11-07T11:17:20","guid":{"rendered":"https:\/\/www.keturist.sk\/info\/?page_id=19774"},"modified":"2022-01-23T18:40:33","modified_gmt":"2022-01-23T17:40:33","slug":"ludova-architektura","status":"publish","type":"page","link":"https:\/\/www.keturist.sk\/info\/kam-za-pamiatkami\/kam-za-pamiatkami-smer-volovske-vrchy\/ludova-architektura\/","title":{"rendered":"\u013dudov\u00e1 architekt\u00fara"},"content":{"rendered":"<p><em><a href=\"https:\/\/www.keturist.sk\/info\/\" class=\"su-button su-button-style-default\" style=\"color:#000000;background-color:#FFCF2F;border-color:#cca626;border-radius:5px\" target=\"_self\"><span style=\"color:#000000;padding:6px 16px;font-size:13px;line-height:20px;border-color:#ffde6e;border-radius:5px;text-shadow:none\"><i class=\"sui sui-arrow-right\" style=\"font-size:13px;color:#000000\"><\/i>  Spravodaj <\/span><\/a>\n<a href=\"https:\/\/www.keturist.sk\/info\/tipy-na-vylety\/\" class=\"su-button su-button-style-default\" style=\"color:#000000;background-color:#FFCF2F;border-color:#cca626;border-radius:5px\" target=\"_self\"><span style=\"color:#000000;padding:6px 16px;font-size:13px;line-height:20px;border-color:#ffde6e;border-radius:5px;text-shadow:none\"><i class=\"sui sui-arrow-right\" style=\"font-size:13px;color:#000000\"><\/i>  TIPY NA V\u00ddLETY <\/span><\/a>\n<a href=\"https:\/\/www.keturist.sk\/info\/kam-za-pamiatkami\/\" class=\"su-button su-button-style-default\" style=\"color:#000000;background-color:#FFCF2F;border-color:#cca626;border-radius:5px\" target=\"_self\"><span style=\"color:#000000;padding:6px 16px;font-size:13px;line-height:20px;border-color:#ffde6e;border-radius:5px;text-shadow:none\"><i class=\"sui sui-arrow-right\" style=\"font-size:13px;color:#000000\"><\/i>  Kam za pamiatkami <\/span><\/a>\n<a href=\"https:\/\/www.keturist.sk\/info\/kam-za-pamiatkami\/kam-za-pamiatkami-smer-volovske-vrchy\/\" class=\"su-button su-button-style-default\" style=\"color:#000000;background-color:#FFCF2F;border-color:#cca626;border-radius:5px\" target=\"_self\"><span style=\"color:#000000;padding:6px 16px;font-size:13px;line-height:20px;border-color:#ffde6e;border-radius:5px;text-shadow:none\"><i class=\"sui sui-arrow-right\" style=\"font-size:13px;color:#000000\"><\/i>  smer Volovsk\u00e9 vrchy <\/span><\/a>\n<\/em><\/p>\n<p><strong>Podkateg\u00f3ria: <\/strong> <a href=\"https:\/\/www.keturist.sk\/info\/kam-za-pamiatkami\/kam-za-pamiatkami-smer-volovske-vrchy\/ludova-architektura\/\" class=\"su-button su-button-style-default\" style=\"color:#000000;background-color:#afd144;border-color:#8ca837;border-radius:5px\" target=\"_self\"><span style=\"color:#000000;padding:6px 16px;font-size:13px;line-height:20px;border-color:#c7df7d;border-radius:5px;text-shadow:none\"><i class=\"sui sui-arrow-right\" style=\"font-size:13px;color:#000000\"><\/i>  \u013dudov\u00e1 architekt\u00fara <\/span><\/a>\n<div class=\"su-divider su-divider-style-default\" style=\"margin:15px 0;border-width:3px;border-color:#000000\"><\/div>\n<div id=\"metaslider-id-45764\" style=\"max-width: 800px; margin: 0 auto;\" class=\"ml-slider-3-108-0 metaslider metaslider-flex metaslider-45764 ml-slider ms-theme-default nav-hidden\" role=\"region\" aria-label=\"\u013dudov\u00e1 architekt\u00fara vo Vy\u0161nom Medzeve\" data-height=\"250\" data-width=\"800\">\n    <div id=\"metaslider_container_45764\">\n        <div id=\"metaslider_45764\" class=\"flexslider\">\n            <ul class='slides'>\n                <li style=\"display: block; width: 100%;\" class=\"slide-45765 ms-image \" aria-roledescription=\"slide\" data-date=\"2022-01-10 08:44:42\" data-filename=\"vysny-medzev-800x250.jpg\" data-slide-type=\"image\"><a href=\"https:\/\/www.keturist.sk\/info\/kam-za-pamiatkami\/kam-za-pamiatkami-smer-volovske-vrchy\/ludova-architektura\/ludova-architektura-vo-vysnom-medzeve\/\" target=\"_self\" aria-label=\"View Slide Details\" class=\"metaslider_image_link\"><img loading=\"lazy\" decoding=\"async\" src=\"https:\/\/www.keturist.sk\/info\/wp-content\/uploads\/2020\/11\/vysny-medzev-800x250.jpg\" height=\"250\" width=\"800\" alt=\"\u013dudov\u00e1 architekt\u00fara vo Vy\u0161nom Medzeve\" class=\"slider-45764 slide-45765 msDefaultImage\" title=\"\u013dudov\u00e1 architekt\u00fara vo Vy\u0161nom Medzeve\" \/><\/a><div class=\"caption-wrap\"><div class=\"caption\"><b><a href=\"https:\/\/www.keturist.sk\/info\/kam-za-pamiatkami\/kam-za-pamiatkami-smer-volovske-vrchy\/ludova-architektura\/ludova-architektura-vo-vysnom-medzeve\/\"><span style=\"color:#FFFF00;\">\u013dudov\u00e1 architekt\u00fara vo Vy\u0161nom Medzeve<\/span><\/a><\/b><\/div><\/div><\/li>\n            <\/ul>\n        <\/div>\n        \n    <\/div>\n<\/div><div id=\"metaslider-id-44327\" style=\"max-width: 800px; margin: 0 auto;\" class=\"ml-slider-3-108-0 metaslider metaslider-flex metaslider-44327 ml-slider ms-theme-default nav-hidden nav-hidden\" role=\"region\" aria-label=\"Ban\u00edcky dom v Smoln\u00edku \u010d.91 (mo\u017en\u00e9 ubytovanie)\" data-height=\"250\" data-width=\"800\">\n    <div id=\"metaslider_container_44327\">\n        <div id=\"metaslider_44327\" class=\"flexslider\">\n            <ul class='slides'>\n                <li style=\"display: block; width: 100%;\" class=\"slide-44328 ms-image \" aria-roledescription=\"slide\" data-date=\"2021-12-01 10:14:16\" data-filename=\"chalupa-smolnik10-800x250.jpg\" data-slide-type=\"image\"><a href=\"https:\/\/www.keturist.sk\/info\/kam-za-pamiatkami\/kam-za-pamiatkami-smer-volovske-vrchy\/banicky-dom-v-smolniku-c-91\/\" target=\"_self\" aria-label=\"View Slide Details\" class=\"metaslider_image_link\"><img loading=\"lazy\" decoding=\"async\" src=\"https:\/\/www.keturist.sk\/info\/wp-content\/uploads\/2021\/12\/chalupa-smolnik10-800x250.jpg\" height=\"250\" width=\"800\" alt=\"Ban\u00edcky dom v Smoln\u00edku \u010d. 91 na Ro\u017e\u0148avskej ulici (mo\u017en\u00e9 ubytovanie)\" class=\"slider-44327 slide-44328 msDefaultImage\" title=\"Ban\u00edcky dom v Smoln\u00edku \u010d. 91 na Ro\u017e\u0148avskej ulici (mo\u017en\u00e9 ubytovanie)\" \/><\/a><div class=\"caption-wrap\"><div class=\"caption\"><b><span style=\"color:#FFFF00;\">Ban\u00edcky dom v Smoln\u00edku \u010d. 91 na Ro\u017e\u0148avskej ulici (mo\u017en\u00e9 ubytovanie)\n<\/span><\/b><\/div><\/div><\/li>\n            <\/ul>\n        <\/div>\n        \n    <\/div>\n<\/div><div id=\"metaslider-id-44425\" style=\"max-width: 800px; margin: 0 auto;\" class=\"ml-slider-3-108-0 metaslider metaslider-flex metaslider-44425 ml-slider ms-theme-default nav-hidden nav-hidden nav-hidden\" role=\"region\" aria-label=\"Ban\u00edcke \u013eudov\u00e9 domy spi\u0161sk\u00e9ho typu v obci Smo\u013en\u00edk\" data-height=\"250\" data-width=\"800\">\n    <div id=\"metaslider_container_44425\">\n        <div id=\"metaslider_44425\" class=\"flexslider\">\n            <ul class='slides'>\n                <li style=\"display: block; width: 100%;\" class=\"slide-75147 ms-image \" aria-roledescription=\"slide\" data-date=\"2026-04-13 14:53:59\" data-filename=\"smolnik-128-leto-800x250.jpeg\" data-slide-type=\"image\"><a href=\"https:\/\/www.keturist.sk\/info\/kam-za-pamiatkami\/kam-za-pamiatkami-smer-volovske-vrchy\/banicke-ludove-domy-v-obci-smolnik\/\" target=\"_self\" aria-label=\"View Slide Details\" class=\"metaslider_image_link\"><img loading=\"lazy\" decoding=\"async\" src=\"https:\/\/www.keturist.sk\/info\/wp-content\/uploads\/2026\/03\/smolnik-128-leto-800x250.jpeg\" height=\"250\" width=\"800\" alt=\"Ban\u00edcke \u013eudov\u00e9 domy spi\u0161sk\u00e9ho typu v obci Smo\u013en\u00edk\" class=\"slider-44425 slide-75147 msDefaultImage\" title=\"Dom na Zelenej ulici \u010d. 128\" \/><\/a><div class=\"caption-wrap\"><div class=\"caption\"><div><strong><span style=\"color:#ffff00;\">Ban\u00edcke \u013eudov\u00e9 domy spi\u0161sk\u00e9ho typu v obci Smo\u013en\u00edk<\/span><\/strong><\/div><\/div><\/div><\/li>\n            <\/ul>\n        <\/div>\n        \n    <\/div>\n<\/div>\n<div id=\"metaslider-id-8477\" style=\"max-width: 800px; margin: 0 auto;\" class=\"ml-slider-3-108-0 metaslider metaslider-flex metaslider-8477 ml-slider ms-theme-default nav-hidden nav-hidden nav-hidden nav-hidden\" role=\"region\" aria-label=\"Muzeum vysny Klatov\" data-height=\"250\" data-width=\"800\">\n    <div id=\"metaslider_container_8477\">\n        <div id=\"metaslider_8477\" class=\"flexslider\">\n            <ul class='slides'>\n                <li style=\"display: block; width: 100%;\" class=\"slide-37049 ms-image \" aria-roledescription=\"slide\" data-date=\"2020-12-27 04:04:49\" data-filename=\"muzeum-klatov2-800x250.jpg\" data-slide-type=\"image\"><a href=\"https:\/\/www.keturist.sk\/info\/ludova-architektura-a-vidiecke-muzea\/minimuzeum-ludovej-kultury-vo-vysnom-klatove\/\" target=\"_self\" aria-label=\"View Slide Details\" class=\"metaslider_image_link\"><img loading=\"lazy\" decoding=\"async\" src=\"https:\/\/www.keturist.sk\/info\/wp-content\/uploads\/2020\/11\/muzeum-klatov2-800x250.jpg\" height=\"250\" width=\"800\" alt=\"Minim\u00fazeum \u013eudovej kult\u00fary vo V\u00fd\u0161nom Kl\u00e1tove\" class=\"slider-8477 slide-37049 msDefaultImage\" title=\"Minim\u00fazeum \u013eudovej kult\u00fary vo V\u00fd\u0161nom Kl\u00e1tove\" \/><\/a><div class=\"caption-wrap\"><div class=\"caption\"><b><a href=\"https:\/\/www.keturist.sk\/info\/ludova-architektura-a-vidiecke-muzea\/minimuzeum-ludovej-kultury-vo-vysnom-klatove\/\"><span style=\"color:#FFFF00;\">Minim\u00fazeum \u013eudovej kult\u00fary vo V\u00fd\u0161nom Klatove<\/span><\/a><\/b><\/div><\/div><\/li>\n            <\/ul>\n        <\/div>\n        \n    <\/div>\n<\/div>\n<div id=\"metaslider-id-19854\" style=\"max-width: 800px; margin: 0 auto;\" class=\"ml-slider-3-108-0 metaslider metaslider-flex metaslider-19854 ml-slider ms-theme-default nav-hidden nav-hidden nav-hidden nav-hidden nav-hidden\" role=\"region\" aria-label=\"Sedliacke domy v Myslave\" data-height=\"250\" data-width=\"800\">\n    <div id=\"metaslider_container_19854\">\n        <div id=\"metaslider_19854\" class=\"flexslider\">\n            <ul class='slides'>\n                <li style=\"display: block; width: 100%;\" class=\"slide-37054 ms-image \" aria-roledescription=\"slide\" data-date=\"2020-12-27 04:12:32\" data-filename=\"myslava1-800x250.jpg\" data-slide-type=\"image\"><a href=\"https:\/\/www.keturist.sk\/info\/kam-za-pamiatkami\/kam-za-pamiatkami-smer-volovske-vrchy\/sedliacke-domy-v-myslave\/\" target=\"_self\" aria-label=\"View Slide Details\" class=\"metaslider_image_link\"><img loading=\"lazy\" decoding=\"async\" src=\"https:\/\/www.keturist.sk\/info\/wp-content\/uploads\/2020\/12\/myslava1-800x250.jpg\" height=\"250\" width=\"800\" alt=\"Sedliacke domy v Myslave\" class=\"slider-19854 slide-37054 msDefaultImage\" title=\"Sedliacke domy v MyslaveSedliacke domy v Myslave\" \/><\/a><div class=\"caption-wrap\"><div class=\"caption\"><b><a href=\"https:\/\/www.keturist.sk\/info\/kam-za-pamiatkami\/kam-za-pamiatkami-smer-volovske-vrchy\/sedliacke-domy-v-myslave\/\"><span style=\"color:#FFFF00;\">Sedliacke domy v Myslave<\/span><\/a><\/b><\/div><\/div><\/li>\n            <\/ul>\n        <\/div>\n        \n    <\/div>\n<\/div>\n<div id=\"metaslider-id-17721\" style=\"max-width: 800px; margin: 0 auto;\" class=\"ml-slider-3-108-0 metaslider metaslider-flex metaslider-17721 ml-slider ms-theme-default nav-hidden nav-hidden nav-hidden nav-hidden nav-hidden nav-hidden\" role=\"region\" aria-label=\"Sedliacke domy v Ni\u017enom Klatove\" data-height=\"250\" data-width=\"800\">\n    <div id=\"metaslider_container_17721\">\n        <div id=\"metaslider_17721\" class=\"flexslider\">\n            <ul class='slides'>\n                <li style=\"display: block; width: 100%;\" class=\"slide-37059 ms-image \" aria-roledescription=\"slide\" data-date=\"2020-12-27 04:19:25\" data-filename=\"nizny1-800x250.jpg\" data-slide-type=\"image\"><a href=\"https:\/\/www.keturist.sk\/info\/kam-za-pamiatkami\/kam-za-pamiatkami-smer-volovske-vrchy\/sedliacke-domy-v-niznom-klatove\/\" target=\"_self\" aria-label=\"View Slide Details\" class=\"metaslider_image_link\"><img loading=\"lazy\" decoding=\"async\" src=\"https:\/\/www.keturist.sk\/info\/wp-content\/uploads\/2020\/12\/nizny1-800x250.jpg\" height=\"250\" width=\"800\" alt=\"\" class=\"slider-17721 slide-37059 msDefaultImage\" title=\"nizny1\" \/><\/a><div class=\"caption-wrap\"><div class=\"caption\"><b><a href=\"https:\/\/www.keturist.sk\/info\/kam-za-pamiatkami\/kam-za-pamiatkami-smer-volovske-vrchy\/sedliacke-domy-v-niznom-klatove\/\"><span style=\"color:#FFFF00;\">Sedliacke domy v Ni\u017enom Klatove<\/span><\/a><\/b><\/div><\/div><\/li>\n            <\/ul>\n        <\/div>\n        \n    <\/div>\n<\/div>\n<div id=\"metaslider-id-8481\" style=\"max-width: 800px; margin: 0 auto;\" class=\"ml-slider-3-108-0 metaslider metaslider-flex metaslider-8481 ml-slider ms-theme-default nav-hidden nav-hidden nav-hidden nav-hidden nav-hidden nav-hidden nav-hidden\" role=\"region\" aria-label=\"drevenice Zavadka\" data-height=\"250\" data-width=\"800\">\n    <div id=\"metaslider_container_8481\">\n        <div id=\"metaslider_8481\" class=\"flexslider\">\n            <ul class='slides'>\n                <li style=\"display: block; width: 100%;\" class=\"slide-74368 ms-image \" aria-roledescription=\"slide\" data-date=\"2026-03-13 07:51:53\" data-filename=\"zavadka-drevenica-1-800x250.jpeg\" data-slide-type=\"image\"><a href=\"https:\/\/www.keturist.sk\/info\/ludova-architektura-a-vidiecke-muzea\/drevenice-v-obci-zavadka\/\" target=\"_self\" aria-label=\"View Slide Details\" class=\"metaslider_image_link\"><img loading=\"lazy\" decoding=\"async\" src=\"https:\/\/www.keturist.sk\/info\/wp-content\/uploads\/2026\/03\/zavadka-drevenica-1-800x250.jpeg\" height=\"250\" width=\"800\" alt=\"Drevenice v obci Z\u00e1vadka\" class=\"slider-8481 slide-74368 msDefaultImage\" title=\"Drevenice v obci Z\u00e1vadka\" \/><\/a><div class=\"caption-wrap\"><div class=\"caption\"><div><strong><a href=\"https:\/\/www.keturist.sk\/info\/ludova-architektura-a-vidiecke-muzea\/drevenice-v-obci-zavadka\/\"><span style=\"color:#ffff00;\">Drevenice v obci Z\u00e1vadka<\/span><\/a><\/strong><\/div><\/div><\/div><\/li>\n            <\/ul>\n        <\/div>\n        \n    <\/div>\n<\/div>\n<div id=\"metaslider-id-26168\" style=\"max-width: 800px; margin: 0 auto;\" class=\"ml-slider-3-108-0 metaslider metaslider-flex metaslider-26168 ml-slider ms-theme-default nav-hidden nav-hidden nav-hidden nav-hidden nav-hidden nav-hidden nav-hidden nav-hidden\" role=\"region\" aria-label=\"Drevenice v obci Por\u00e1\u010d\" data-height=\"250\" data-width=\"800\">\n    <div id=\"metaslider_container_26168\">\n        <div id=\"metaslider_26168\" class=\"flexslider\">\n            <ul class='slides'>\n                <li style=\"display: block; width: 100%;\" class=\"slide-36941 ms-image \" aria-roledescription=\"slide\" data-date=\"2020-12-26 05:51:02\" data-filename=\"porac-drevenica-800x250.jpg\" data-slide-type=\"image\"><a href=\"https:\/\/www.keturist.sk\/info\/kam-za-pamiatkami\/kam-za-pamiatkami-smer-volovske-vrchy\/drevenice-v-obci-porac\/\" target=\"_self\" aria-label=\"View Slide Details\" class=\"metaslider_image_link\"><img loading=\"lazy\" decoding=\"async\" src=\"https:\/\/www.keturist.sk\/info\/wp-content\/uploads\/2020\/11\/porac-drevenica-800x250.jpg\" height=\"250\" width=\"800\" alt=\"Drevenice v obci Por\u00e1\u010d\" class=\"slider-26168 slide-36941 msDefaultImage\" title=\"Drevenice v obci Por\u00e1\u010d\" \/><\/a><div class=\"caption-wrap\"><div class=\"caption\"><b><a href=\"https:\/\/www.keturist.sk\/info\/kam-za-pamiatkami\/kam-za-pamiatkami-smer-volovske-vrchy\/drevenice-v-obci-porac\/\"><span style=\"color:#FFFF00;\">Drevenice v obci Por\u00e1\u010d\n<\/span><\/a><\/b><\/div><\/div><\/li>\n            <\/ul>\n        <\/div>\n        \n    <\/div>\n<\/div>\n<div id=\"metaslider-id-44491\" style=\"max-width: 800px; margin: 0 auto;\" class=\"ml-slider-3-108-0 metaslider metaslider-flex metaslider-44491 ml-slider ms-theme-default nav-hidden nav-hidden nav-hidden nav-hidden nav-hidden nav-hidden nav-hidden nav-hidden nav-hidden\" role=\"region\" aria-label=\"\u013dudov\u00e1 architekt\u00fara v obci Smoln\u00edk\" data-height=\"250\" data-width=\"800\">\n    <div id=\"metaslider_container_44491\">\n        <div id=\"metaslider_44491\" class=\"flexslider\">\n            <ul class='slides'>\n                <li style=\"display: block; width: 100%;\" class=\"slide-44492 ms-image \" aria-roledescription=\"slide\" data-date=\"2021-12-03 17:14:51\" data-filename=\"smolnik1-800x250.jpg\" data-slide-type=\"image\"><a href=\"https:\/\/www.keturist.sk\/info\/kam-za-pamiatkami\/kam-za-pamiatkami-smer-volovske-vrchy\/ludova-architektura\/ludova-architektura-v-obci-smolnik\/\" target=\"_self\" aria-label=\"View Slide Details\" class=\"metaslider_image_link\"><img loading=\"lazy\" decoding=\"async\" src=\"https:\/\/www.keturist.sk\/info\/wp-content\/uploads\/2020\/11\/smolnik1-800x250.jpg\" height=\"250\" width=\"800\" alt=\"\" class=\"slider-44491 slide-44492 msDefaultImage\" title=\"smolnik1\" \/><\/a><div class=\"caption-wrap\"><div class=\"caption\"><b><span style=\"color:#FFFF00;\">\u013dudov\u00e1 architekt\u00fara v obci Smoln\u00edk\n<\/span><\/b><\/div><\/div><\/li>\n            <\/ul>\n        <\/div>\n        \n    <\/div>\n<\/div> <div id=\"metaslider-id-46037\" style=\"max-width: 800px; margin: 0 auto;\" class=\"ml-slider-3-108-0 metaslider metaslider-flex metaslider-46037 ml-slider ms-theme-default nav-hidden nav-hidden nav-hidden nav-hidden nav-hidden nav-hidden nav-hidden nav-hidden nav-hidden nav-hidden\" role=\"region\" aria-label=\"\u013dudov\u00e9 domy spi\u0161sk\u00e9ho typu v Smoln\u00edckej Hute\" data-height=\"250\" data-width=\"800\">\n    <div id=\"metaslider_container_46037\">\n        <div id=\"metaslider_46037\" class=\"flexslider\">\n            <ul class='slides'>\n                <li style=\"display: block; width: 100%;\" class=\"slide-46038 ms-image \" aria-roledescription=\"slide\" data-date=\"2022-01-16 21:52:03\" data-filename=\"smolnicka-huta233-800x250.jpeg\" data-slide-type=\"image\"><a href=\"https:\/\/www.keturist.sk\/info\/kam-za-pamiatkami\/kam-za-pamiatkami-smer-volovske-vrchy\/ludova-architektura\/ludove-domy-spisskeho-typu\/\" target=\"_self\" aria-label=\"View Slide Details\" class=\"metaslider_image_link\"><img loading=\"lazy\" decoding=\"async\" src=\"https:\/\/www.keturist.sk\/info\/wp-content\/uploads\/2022\/01\/smolnicka-huta233-800x250.jpeg\" height=\"250\" width=\"800\" alt=\"\" class=\"slider-46037 slide-46038 msDefaultImage\" title=\"smolnicka huta233\" \/><\/a><div class=\"caption-wrap\"><div class=\"caption\"><b><a href=\"https:\/\/www.keturist.sk\/info\/kam-za-pamiatkami\/kam-za-pamiatkami-smer-volovske-vrchy\/ludova-architektura\/ludove-domy-spisskeho-typu\/\"><span style=\"color:#FFFF00;\">\u013dudov\u00e9 domy spi\u0161sk\u00e9ho typu v Smoln\u00edckej Hute<\/span><\/a><\/b><\/div><\/div><\/li>\n            <\/ul>\n        <\/div>\n        \n    <\/div>\n<\/div><div id=\"metaslider-id-46040\" style=\"max-width: 800px; margin: 0 auto;\" class=\"ml-slider-3-108-0 metaslider metaslider-flex metaslider-46040 ml-slider ms-theme-default nav-hidden nav-hidden nav-hidden nav-hidden nav-hidden nav-hidden nav-hidden nav-hidden nav-hidden nav-hidden nav-hidden\" role=\"region\" aria-label=\"\u013dudov\u00e1 architekt\u00fara v Smoln\u00edckej Hute\" data-height=\"250\" data-width=\"800\">\n    <div id=\"metaslider_container_46040\">\n        <div id=\"metaslider_46040\" class=\"flexslider\">\n            <ul class='slides'>\n                <li style=\"display: block; width: 100%;\" class=\"slide-46041 ms-image \" aria-roledescription=\"slide\" data-date=\"2022-01-16 21:55:42\" data-filename=\"smolnicka-huta335-800x250.jpeg\" data-slide-type=\"image\"><a href=\"https:\/\/www.keturist.sk\/info\/kam-za-pamiatkami\/kam-za-pamiatkami-smer-volovske-vrchy\/ludova-architektura\/ludova-architektura-v-smolnickej-hute\/\" target=\"_self\" aria-label=\"View Slide Details\" class=\"metaslider_image_link\"><img loading=\"lazy\" decoding=\"async\" src=\"https:\/\/www.keturist.sk\/info\/wp-content\/uploads\/2022\/01\/smolnicka-huta335-800x250.jpeg\" height=\"250\" width=\"800\" alt=\"\" class=\"slider-46040 slide-46041 msDefaultImage\" title=\"smolnicka huta335\" \/><\/a><div class=\"caption-wrap\"><div class=\"caption\"><b><a href=\"https:\/\/www.keturist.sk\/info\/kam-za-pamiatkami\/kam-za-pamiatkami-smer-volovske-vrchy\/ludova-architektura\/ludova-architektura-v-smolnickej-hute\/\"><span style=\"color:#FFFF00;\">\u013dudov\u00e1 architekt\u00fara v Smoln\u00edckej Hute<\/span><\/a><\/b><\/div><\/div><\/li>\n            <\/ul>\n        <\/div>\n        \n    <\/div>\n<\/div><div id=\"metaslider-id-46268\" style=\"max-width: 800px; margin: 0 auto;\" class=\"ml-slider-3-108-0 metaslider metaslider-flex metaslider-46268 ml-slider ms-theme-default nav-hidden nav-hidden nav-hidden nav-hidden nav-hidden nav-hidden nav-hidden nav-hidden nav-hidden nav-hidden nav-hidden nav-hidden\" role=\"region\" aria-label=\"\u013dudov\u00e1 architekt\u00fara v Medzeve\" data-height=\"250\" data-width=\"800\">\n    <div id=\"metaslider_container_46268\">\n        <div id=\"metaslider_46268\" class=\"flexslider\">\n            <ul class='slides'>\n                <li style=\"display: block; width: 100%;\" class=\"slide-46269 ms-image \" aria-roledescription=\"slide\" data-date=\"2022-01-21 17:09:31\" data-filename=\"medzev4-800x250.jpg\" data-slide-type=\"image\"><a href=\"https:\/\/www.keturist.sk\/info\/kam-za-pamiatkami\/kam-za-pamiatkami-smer-volovske-vrchy\/banicke-ludove-domy-spisskeho-typu-v-medzeve\/\" target=\"_self\" aria-label=\"View Slide Details\" class=\"metaslider_image_link\"><img loading=\"lazy\" decoding=\"async\" src=\"https:\/\/www.keturist.sk\/info\/wp-content\/uploads\/2020\/11\/medzev4-800x250.jpg\" height=\"250\" width=\"800\" alt=\"\" class=\"slider-46268 slide-46269 msDefaultImage\" title=\"medzev4\" \/><\/a><div class=\"caption-wrap\"><div class=\"caption\"><b><a href=\"https:\/\/www.keturist.sk\/info\/kam-za-pamiatkami\/kam-za-pamiatkami-smer-volovske-vrchy\/banicke-ludove-domy-spisskeho-typu-v-medzeve\/\"><span style=\"color:#FFFF00;\">\u013dudov\u00e1 architekt\u00fara v Medzeve<\/span><\/a><\/b><\/div><\/div><\/li>\n            <\/ul>\n        <\/div>\n        \n    <\/div>\n<\/div>\n<div id=\"metaslider-id-46324\" style=\"max-width: 800px; margin: 0 auto;\" class=\"ml-slider-3-108-0 metaslider metaslider-flex metaslider-46324 ml-slider ms-theme-default nav-hidden nav-hidden nav-hidden nav-hidden nav-hidden nav-hidden nav-hidden nav-hidden nav-hidden nav-hidden nav-hidden nav-hidden nav-hidden\" role=\"region\" aria-label=\"Drevenice v obci Henclov\u00e1\" data-height=\"250\" data-width=\"800\">\n    <div id=\"metaslider_container_46324\">\n        <div id=\"metaslider_46324\" class=\"flexslider\">\n            <ul class='slides'>\n                <li style=\"display: block; width: 100%;\" class=\"slide-46325 ms-image \" aria-roledescription=\"slide\" data-date=\"2022-01-23 18:39:04\" data-filename=\"henclova1-800x250.jpg\" data-slide-type=\"image\"><a href=\"https:\/\/www.keturist.sk\/info\/kam-za-pamiatkami\/kam-za-pamiatkami-smer-volovske-vrchy\/ludova-architektura\/drevenice-v-obci-henclova\/\" target=\"_self\" aria-label=\"View Slide Details\" class=\"metaslider_image_link\"><img loading=\"lazy\" decoding=\"async\" src=\"https:\/\/www.keturist.sk\/info\/wp-content\/uploads\/2021\/02\/henclova1-800x250.jpg\" height=\"250\" width=\"800\" alt=\"Drevenice v obci Henclov\u00e1\" class=\"slider-46324 slide-46325 msDefaultImage\" title=\"Drevenice v obci Henclov\u00e1\" \/><\/a><div class=\"caption-wrap\"><div class=\"caption\"><b><a href=\"https:\/\/www.keturist.sk\/info\/kam-za-pamiatkami\/kam-za-pamiatkami-smer-volovske-vrchy\/ludova-architektura\/drevenice-v-obci-henclova\/\"><span style=\"color:#FFFF00;\">Drevenice v obci Henclov\u00e1<\/span><\/a><\/b><\/div><\/div><\/li>\n            <\/ul>\n        <\/div>\n        \n    <\/div>\n<\/div>\n<div class=\"su-divider su-divider-style-default\" style=\"margin:15px 0;border-width:3px;border-color:#000000\"><\/div>\n","protected":false},"excerpt":{"rendered":"<p>Podkateg\u00f3ria:<\/p>\n","protected":false},"author":1,"featured_media":0,"parent":11613,"menu_order":0,"comment_status":"closed","ping_status":"closed","template":"","meta":{"_uag_custom_page_level_css":"","_monsterinsights_skip_tracking":false,"_monsterinsights_sitenote_active":false,"_monsterinsights_sitenote_note":"","_monsterinsights_sitenote_category":0,"footnotes":""},"class_list":["post-19774","page","type-page","status-publish","hentry"],"featured_image_src":"","featured_image_src_square":false,"rbea_author_info":{"display_name":"admin","author_link":"https:\/\/www.keturist.sk\/info\/author\/admin\/"},"rbea_excerpt_info":"Podkateg\u00f3ria:","uagb_featured_image_src":{"full":false,"thumbnail":false,"medium":false,"medium_large":false,"large":false,"1536x1536":false,"2048x2048":false},"uagb_author_info":{"display_name":"admin","author_link":"https:\/\/www.keturist.sk\/info\/author\/admin\/"},"uagb_comment_info":0,"uagb_excerpt":"Podkateg\u00f3ria:","_links":{"self":[{"href":"https:\/\/www.keturist.sk\/info\/wp-json\/wp\/v2\/pages\/19774","targetHints":{"allow":["GET"]}}],"collection":[{"href":"https:\/\/www.keturist.sk\/info\/wp-json\/wp\/v2\/pages"}],"about":[{"href":"https:\/\/www.keturist.sk\/info\/wp-json\/wp\/v2\/types\/page"}],"author":[{"embeddable":true,"href":"https:\/\/www.keturist.sk\/info\/wp-json\/wp\/v2\/users\/1"}],"replies":[{"embeddable":true,"href":"https:\/\/www.keturist.sk\/info\/wp-json\/wp\/v2\/comments?post=19774"}],"version-history":[{"count":14,"href":"https:\/\/www.keturist.sk\/info\/wp-json\/wp\/v2\/pages\/19774\/revisions"}],"predecessor-version":[{"id":46326,"href":"https:\/\/www.keturist.sk\/info\/wp-json\/wp\/v2\/pages\/19774\/revisions\/46326"}],"up":[{"embeddable":true,"href":"https:\/\/www.keturist.sk\/info\/wp-json\/wp\/v2\/pages\/11613"}],"wp:attachment":[{"href":"https:\/\/www.keturist.sk\/info\/wp-json\/wp\/v2\/media?parent=19774"}],"curies":[{"name":"wp","href":"https:\/\/api.w.org\/{rel}","templated":true}]}}