{"id":19352,"date":"2016-10-31T10:51:46","date_gmt":"2016-10-31T09:51:46","guid":{"rendered":"https:\/\/www.keturist.sk\/info\/?page_id=19352"},"modified":"2025-12-10T11:54:00","modified_gmt":"2025-12-10T10:54:00","slug":"vodopady-jazierka-rieky","status":"publish","type":"page","link":"https:\/\/www.keturist.sk\/info\/kam-do-prirody\/kam-do-prirody-smer-cierna-hora\/vodopady-jazierka-rieky\/","title":{"rendered":"Vodop\u00e1dy, jazierka, rieky \u2026"},"content":{"rendered":"<a href=\"https:\/\/www.keturist.sk\/info\/\" class=\"su-button su-button-style-default\" style=\"color:#000000;background-color:#FFCF2F;border-color:#cca626;border-radius:5px\" target=\"_self\"><span style=\"color:#000000;padding:6px 16px;font-size:13px;line-height:20px;border-color:#ffde6e;border-radius:5px;text-shadow:none\"><i class=\"sui sui-arrow-right\" style=\"font-size:13px;color:#000000\"><\/i>  Spravodaj <\/span><\/a>\n<a href=\"https:\/\/www.keturist.sk\/info\/tipy-na-vylety\/\" class=\"su-button su-button-style-default\" style=\"color:#000000;background-color:#FFCF2F;border-color:#cca626;border-radius:5px\" target=\"_self\"><span style=\"color:#000000;padding:6px 16px;font-size:13px;line-height:20px;border-color:#ffde6e;border-radius:5px;text-shadow:none\"><i class=\"sui sui-arrow-right\" style=\"font-size:13px;color:#000000\"><\/i>  TIPY NA V\u00ddLETY <\/span><\/a>\n<a href=\"https:\/\/www.keturist.sk\/info\/kam-do-prirody\/\" class=\"su-button su-button-style-default\" style=\"color:#000000;background-color:#FFCF2F;border-color:#cca626;border-radius:5px\" target=\"_self\"><span style=\"color:#000000;padding:6px 16px;font-size:13px;line-height:20px;border-color:#ffde6e;border-radius:5px;text-shadow:none\"><i class=\"sui sui-arrow-right\" style=\"font-size:13px;color:#000000\"><\/i>  Kam do pr\u00edrody <\/span><\/a>\n<a href=\"https:\/\/www.keturist.sk\/info\/kam-do-prirody\/kam-do-prirody-smer-cierna-hora\/\" class=\"su-button su-button-style-default\" style=\"color:#000000;background-color:#FFCF2F;border-color:#cca626;border-radius:5px\" target=\"_self\"><span style=\"color:#000000;padding:6px 16px;font-size:13px;line-height:20px;border-color:#ffde6e;border-radius:5px;text-shadow:none\"><i class=\"sui sui-arrow-right\" style=\"font-size:13px;color:#000000\"><\/i>  Smer \u010cierna hora <\/span><\/a>\n<div class=\"su-divider su-divider-style-default\" style=\"margin:15px 0;border-width:0px;border-color:#000000\"><\/div>\n<strong>Podkateg\u00f3ria: <\/strong> <a href=\"https:\/\/www.keturist.sk\/info\/kam-do-prirody\/kam-do-prirody-smer-cierna-hora\/vodopady-jazierka-rieky\/\" class=\"su-button su-button-style-default\" style=\"color:#000000;background-color:#afd144;border-color:#8ca837;border-radius:5px\" target=\"_self\"><span style=\"color:#000000;padding:6px 16px;font-size:13px;line-height:20px;border-color:#c7df7d;border-radius:5px;text-shadow:none\"><i class=\"sui sui-arrow-right\" style=\"font-size:13px;color:#000000\"><\/i>  Vodop\u00e1dy, jazierka, rieky \u2026 <\/span><\/a>\n<div class=\"su-divider su-divider-style-default\" style=\"margin:15px 0;border-width:3px;border-color:#000000\"><\/div>\n<div id=\"metaslider-id-6179\" style=\"max-width: 800px; margin: 0 auto;\" class=\"ml-slider-3-108-0 metaslider metaslider-flex metaslider-6179 ml-slider ms-theme-default nav-hidden\" role=\"region\" aria-label=\"Rieka Horn\u00e1d \u010cierna\" data-height=\"250\" data-width=\"800\">\n    <div id=\"metaslider_container_6179\">\n        <div id=\"metaslider_6179\" class=\"flexslider\">\n            <ul class='slides'>\n                <li style=\"display: block; width: 100%;\" class=\"slide-36716 ms-image \" aria-roledescription=\"slide\" data-date=\"2020-12-22 19:05:22\" data-filename=\"hornad-HU-800x250.jpg\" data-slide-type=\"image\"><a href=\"https:\/\/www.keturist.sk\/info\/kam-do-prirody\/kam-do-prirody-smer-volovske-vrchy\/rieka-hornad\/\" target=\"_self\" aria-label=\"View Slide Details\" class=\"metaslider_image_link\"><img loading=\"lazy\" decoding=\"async\" src=\"https:\/\/www.keturist.sk\/info\/wp-content\/uploads\/2020\/12\/hornad-HU-800x250.jpg\" height=\"250\" width=\"800\" alt=\"Rieka Horn\u00e1d\" class=\"slider-6179 slide-36716 msDefaultImage\" title=\"Rieka Horn\u00e1d\" \/><\/a><div class=\"caption-wrap\"><div class=\"caption\"><b><a href=\"https:\/\/www.keturist.sk\/info\/kam-do-prirody\/kam-do-prirody-smer-volovske-vrchy\/rieka-hornad\/\"><span style=\"color:#FFFF00;\">Rieka Horn\u00e1d<\/span><\/a><\/b><\/div><\/div><\/li>\n            <\/ul>\n        <\/div>\n        \n    <\/div>\n<\/div>\n<div id=\"metaslider-id-6185\" style=\"max-width: 800px; margin: 0 auto;\" class=\"ml-slider-3-108-0 metaslider metaslider-flex metaslider-6185 ml-slider ms-theme-default nav-hidden nav-hidden\" role=\"region\" aria-label=\"Vodn\u00e1 n\u00e1dr\u017e Ru\u017e\u00edn\" data-height=\"250\" data-width=\"800\">\n    <div id=\"metaslider_container_6185\">\n        <div id=\"metaslider_6185\" class=\"flexslider\">\n            <ul class='slides'>\n                <li style=\"display: block; width: 100%;\" class=\"slide-37331 ms-image \" aria-roledescription=\"slide\" data-date=\"2020-12-29 12:39:34\" data-filename=\"ruzin-x-3-800x250.jpg\" data-slide-type=\"image\"><a href=\"https:\/\/www.keturist.sk\/info\/vodopady-jazierka-rieky\/vodna-nadrz-ruzin\/\" target=\"_self\" aria-label=\"View Slide Details\" class=\"metaslider_image_link\"><img loading=\"lazy\" decoding=\"async\" src=\"https:\/\/www.keturist.sk\/info\/wp-content\/uploads\/2020\/12\/ruzin-x-3-800x250.jpg\" height=\"250\" width=\"800\" alt=\"Vodn\u00e1 n\u00e1dr\u017e Ru\u017e\u00edn\" class=\"slider-6185 slide-37331 msDefaultImage\" title=\"Vodn\u00e1 n\u00e1dr\u017e Ru\u017e\u00edn\" \/><\/a><div class=\"caption-wrap\"><div class=\"caption\"><b><a href=\"https:\/\/www.keturist.sk\/info\/vodopady-jazierka-rieky\/vodna-nadrz-ruzin\/\"><span style=\"color:#FFFF00;\">Vodn\u00e1 n\u00e1dr\u017e Ru\u017e\u00edn<\/span><\/a><\/b><\/div><\/div><\/li>\n            <\/ul>\n        <\/div>\n        \n    <\/div>\n<\/div>\n<div id=\"metaslider-id-6190\" style=\"max-width: 800px; margin: 0 auto;\" class=\"ml-slider-3-108-0 metaslider metaslider-flex metaslider-6190 ml-slider ms-theme-default nav-hidden nav-hidden nav-hidden\" role=\"region\" aria-label=\"Potok Sopotnica\" data-height=\"250\" data-width=\"800\">\n    <div id=\"metaslider_container_6190\">\n        <div id=\"metaslider_6190\" class=\"flexslider\">\n            <ul class='slides'>\n                <li style=\"display: block; width: 100%;\" class=\"slide-37344 ms-image \" aria-roledescription=\"slide\" data-date=\"2020-12-29 14:02:45\" data-filename=\"sopotnica1-800x250.jpg\" data-slide-type=\"image\"><a href=\"https:\/\/www.keturist.sk\/info\/vodopady-jazierka-rieky\/potok-sopotnica\/\" target=\"_self\" aria-label=\"View Slide Details\" class=\"metaslider_image_link\"><img loading=\"lazy\" decoding=\"async\" src=\"https:\/\/www.keturist.sk\/info\/wp-content\/uploads\/2020\/12\/sopotnica1-800x250.jpg\" height=\"250\" width=\"800\" alt=\"Potok Sopotnica\" class=\"slider-6190 slide-37344 msDefaultImage\" title=\"Potok Sopotnica\" \/><\/a><div class=\"caption-wrap\"><div class=\"caption\"><b><a href=\"https:\/\/www.keturist.sk\/info\/vodopady-jazierka-rieky\/potok-sopotnica\/\"><span style=\"color:#FFFF00;\">Potok Sopotnica<\/span><\/a><\/b><\/div><\/div><\/li>\n            <\/ul>\n        <\/div>\n        \n    <\/div>\n<\/div>\n<div id=\"metaslider-id-43121\" style=\"max-width: 800px; margin: 0 auto;\" class=\"ml-slider-3-108-0 metaslider metaslider-flex metaslider-43121 ml-slider ms-theme-default nav-hidden nav-hidden nav-hidden nav-hidden\" role=\"region\" aria-label=\"Mokra\u010f pri obci Kosto\u013eany nad Horn\u00e1dom\" data-height=\"250\" data-width=\"800\">\n    <div id=\"metaslider_container_43121\">\n        <div id=\"metaslider_43121\" class=\"flexslider\">\n            <ul class='slides'>\n                <li style=\"display: block; width: 100%;\" class=\"slide-43122 ms-image \" aria-roledescription=\"slide\" data-date=\"2021-10-23 10:29:17\" data-filename=\"mokrad-kostolany3-800x250.jpg\" data-slide-type=\"image\"><a href=\"https:\/\/www.keturist.sk\/info\/kam-do-prirody\/kam-do-prirody-smer-cierna-hora\/mokrad-pri-obci-kostolany-nad-hornadom\/\" target=\"_self\" aria-label=\"View Slide Details\" class=\"metaslider_image_link\"><img loading=\"lazy\" decoding=\"async\" src=\"https:\/\/www.keturist.sk\/info\/wp-content\/uploads\/2021\/10\/mokrad-kostolany3-800x250.jpg\" height=\"250\" width=\"800\" alt=\"\" class=\"slider-43121 slide-43122 msDefaultImage\" title=\"mokrad kostolany3\" \/><\/a><div class=\"caption-wrap\"><div class=\"caption\"><b><a href=\"https:\/\/www.keturist.sk\/info\/kam-do-prirody\/kam-do-prirody-smer-cierna-hora\/mokrad-pri-obci-kostolany-nad-hornadom\/\"><span style=\"color:#FFFF00;\">Mokra\u010f pri obci Kosto\u013eany nad Horn\u00e1dom\n<\/span><\/a><\/b><\/div><\/div><\/li>\n            <\/ul>\n        <\/div>\n        \n    <\/div>\n<\/div>\n<div class=\"su-divider su-divider-style-default\" style=\"margin:15px 0;border-width:3px;border-color:#000000\"><\/div>\n<p>&nbsp;<\/p>\n","protected":false},"excerpt":{"rendered":"<p>Podkateg\u00f3ria: &nbsp;<\/p>\n","protected":false},"author":1,"featured_media":0,"parent":11570,"menu_order":0,"comment_status":"closed","ping_status":"closed","template":"","meta":{"_uag_custom_page_level_css":"","_monsterinsights_skip_tracking":false,"_monsterinsights_sitenote_active":false,"_monsterinsights_sitenote_note":"","_monsterinsights_sitenote_category":0,"footnotes":""},"class_list":["post-19352","page","type-page","status-publish","hentry"],"featured_image_src":"","featured_image_src_square":false,"rbea_author_info":{"display_name":"admin","author_link":"https:\/\/www.keturist.sk\/info\/author\/admin\/"},"rbea_excerpt_info":"Podkateg\u00f3ria: &nbsp;","uagb_featured_image_src":{"full":false,"thumbnail":false,"medium":false,"medium_large":false,"large":false,"1536x1536":false,"2048x2048":false},"uagb_author_info":{"display_name":"admin","author_link":"https:\/\/www.keturist.sk\/info\/author\/admin\/"},"uagb_comment_info":0,"uagb_excerpt":"Podkateg\u00f3ria: &nbsp;","_links":{"self":[{"href":"https:\/\/www.keturist.sk\/info\/wp-json\/wp\/v2\/pages\/19352","targetHints":{"allow":["GET"]}}],"collection":[{"href":"https:\/\/www.keturist.sk\/info\/wp-json\/wp\/v2\/pages"}],"about":[{"href":"https:\/\/www.keturist.sk\/info\/wp-json\/wp\/v2\/types\/page"}],"author":[{"embeddable":true,"href":"https:\/\/www.keturist.sk\/info\/wp-json\/wp\/v2\/users\/1"}],"replies":[{"embeddable":true,"href":"https:\/\/www.keturist.sk\/info\/wp-json\/wp\/v2\/comments?post=19352"}],"version-history":[{"count":13,"href":"https:\/\/www.keturist.sk\/info\/wp-json\/wp\/v2\/pages\/19352\/revisions"}],"predecessor-version":[{"id":72074,"href":"https:\/\/www.keturist.sk\/info\/wp-json\/wp\/v2\/pages\/19352\/revisions\/72074"}],"up":[{"embeddable":true,"href":"https:\/\/www.keturist.sk\/info\/wp-json\/wp\/v2\/pages\/11570"}],"wp:attachment":[{"href":"https:\/\/www.keturist.sk\/info\/wp-json\/wp\/v2\/media?parent=19352"}],"curies":[{"name":"wp","href":"https:\/\/api.w.org\/{rel}","templated":true}]}}