{"id":19239,"date":"2016-10-30T19:58:10","date_gmt":"2016-10-30T18:58:10","guid":{"rendered":"https:\/\/www.keturist.sk\/info\/?page_id=19239"},"modified":"2021-10-03T15:32:22","modified_gmt":"2021-10-03T13:32:22","slug":"vodopady-jazierka-rieky","status":"publish","type":"page","link":"https:\/\/www.keturist.sk\/info\/kam-do-prirody\/kam-do-prirody-smer-volovske-vrchy\/vodopady-jazierka-rieky\/","title":{"rendered":"Vodop\u00e1dy, jazierka, rieky \u2026"},"content":{"rendered":"<a href=\"https:\/\/www.keturist.sk\/info\/\" class=\"su-button su-button-style-default\" style=\"color:#000000;background-color:#FFCF2F;border-color:#cca626;border-radius:5px\" target=\"_self\"><span style=\"color:#000000;padding:6px 16px;font-size:13px;line-height:20px;border-color:#ffde6e;border-radius:5px;text-shadow:none\"><i class=\"sui sui-arrow-right\" style=\"font-size:13px;color:#000000\"><\/i>  Spravodaj <\/span><\/a>\n<a href=\"https:\/\/www.keturist.sk\/info\/tipy-na-vylety\/\" class=\"su-button su-button-style-default\" style=\"color:#000000;background-color:#FFCF2F;border-color:#cca626;border-radius:5px\" target=\"_self\"><span style=\"color:#000000;padding:6px 16px;font-size:13px;line-height:20px;border-color:#ffde6e;border-radius:5px;text-shadow:none\"><i class=\"sui sui-arrow-right\" style=\"font-size:13px;color:#000000\"><\/i>  TIPY NA V\u00ddLETY <\/span><\/a>\n<a href=\"https:\/\/www.keturist.sk\/info\/kam-do-prirody\/\" class=\"su-button su-button-style-default\" style=\"color:#000000;background-color:#FFCF2F;border-color:#cca626;border-radius:5px\" target=\"_self\"><span style=\"color:#000000;padding:6px 16px;font-size:13px;line-height:20px;border-color:#ffde6e;border-radius:5px;text-shadow:none\"><i class=\"sui sui-arrow-right\" style=\"font-size:13px;color:#000000\"><\/i>  Kam do pr\u00edrody <\/span><\/a>\n<a href=\"https:\/\/www.keturist.sk\/info\/kam-do-prirody\/kam-do-prirody-smer-volovske-vrchy\/\" class=\"su-button su-button-style-default\" style=\"color:#000000;background-color:#FFCF2F;border-color:#cca626;border-radius:5px\" target=\"_self\"><span style=\"color:#000000;padding:6px 16px;font-size:13px;line-height:20px;border-color:#ffde6e;border-radius:5px;text-shadow:none\"><i class=\"sui sui-arrow-right\" style=\"font-size:13px;color:#000000\"><\/i>  Smer Volovsk\u00e9 vrchy <\/span><\/a>\n<div class=\"su-divider su-divider-style-default\" style=\"margin:15px 0;border-width:0px;border-color:#000000\"><\/div>\n<strong>Podkateg\u00f3ria: <\/strong> <a href=\"https:\/\/www.keturist.sk\/info\/kam-do-prirody\/kam-do-prirody-smer-volovske-vrchy\/vodopady-jazierka-rieky\/\" class=\"su-button su-button-style-default\" style=\"color:#000000;background-color:#C5ED2C;border-color:#9ebe24;border-radius:5px\" target=\"_self\"><span style=\"color:#000000;padding:6px 16px;font-size:13px;line-height:20px;border-color:#d7f36c;border-radius:5px;text-shadow:none\"><i class=\"sui sui-arrow-right\" style=\"font-size:13px;color:#000000\"><\/i>  Vodop\u00e1dy, jazierka, rieky \u2026 <\/span><\/a>\n<div class=\"su-divider su-divider-style-default\" style=\"margin:15px 0;border-width:3px;border-color:#000000\"><\/div>\n<div id=\"metaslider-id-6181\" style=\"max-width: 800px; margin: 0 auto;\" class=\"ml-slider-3-108-0 metaslider metaslider-flex metaslider-6181 ml-slider ms-theme-default nav-hidden\" role=\"region\" aria-label=\"Rieka Horn\u00e1d Volovske\" data-height=\"250\" data-width=\"800\">\n    <div id=\"metaslider_container_6181\">\n        <div id=\"metaslider_6181\" class=\"flexslider\">\n            <ul class='slides'>\n                <li style=\"display: block; width: 100%;\" class=\"slide-36715 ms-image \" aria-roledescription=\"slide\" data-date=\"2020-12-22 19:04:29\" data-filename=\"hornad-HU-800x250.jpg\" data-slide-type=\"image\"><a href=\"https:\/\/www.keturist.sk\/info\/kam-do-prirody\/kam-do-prirody-smer-volovske-vrchy\/rieka-hornad\/\" target=\"_self\" aria-label=\"View Slide Details\" class=\"metaslider_image_link\"><img loading=\"lazy\" decoding=\"async\" src=\"https:\/\/www.keturist.sk\/info\/wp-content\/uploads\/2020\/12\/hornad-HU-800x250.jpg\" height=\"250\" width=\"800\" alt=\"Rieka Horn\u00e1d\" class=\"slider-6181 slide-36715 msDefaultImage\" title=\"Rieka Horn\u00e1d\" \/><\/a><div class=\"caption-wrap\"><div class=\"caption\"><b><a href=\"https:\/\/www.keturist.sk\/info\/kam-do-prirody\/kam-do-prirody-smer-volovske-vrchy\/rieka-hornad\/\"><span style=\"color:#FFFF00;\">Rieka Horn\u00e1d<\/span><\/a><\/b><\/div><\/div><\/li>\n            <\/ul>\n        <\/div>\n        \n    <\/div>\n<\/div>\n<div id=\"metaslider-id-6453\" style=\"max-width: 800px; margin: 0 auto;\" class=\"ml-slider-3-108-0 metaslider metaslider-flex metaslider-6453 ml-slider ms-theme-default nav-hidden nav-hidden\" role=\"region\" aria-label=\"Bukovec nadr\u017e\" data-height=\"250\" data-width=\"800\">\n    <div id=\"metaslider_container_6453\">\n        <div id=\"metaslider_6453\" class=\"flexslider\">\n            <ul class='slides'>\n                <li style=\"display: block; width: 100%;\" class=\"slide-36637 ms-image \" aria-roledescription=\"slide\" data-date=\"2020-12-21 09:01:57\" data-filename=\"bukovec-1-800x250.jpg\" data-slide-type=\"image\"><a href=\"https:\/\/www.keturist.sk\/info\/vodopady-jazierka-rieky\/vodna-nadrz-bukovec\/\" target=\"_self\" aria-label=\"View Slide Details\" class=\"metaslider_image_link\"><img loading=\"lazy\" decoding=\"async\" src=\"https:\/\/www.keturist.sk\/info\/wp-content\/uploads\/2020\/12\/bukovec-1-800x250.jpg\" height=\"250\" width=\"800\" alt=\"\" class=\"slider-6453 slide-36637 msDefaultImage\" title=\"bukovec\" \/><\/a><div class=\"caption-wrap\"><div class=\"caption\"><b><a href=\"https:\/\/www.keturist.sk\/info\/vodopady-jazierka-rieky\/vodna-nadrz-bukovec\/\"><span style=\"color:#FFFF00;\">Vodn\u00e1 n\u00e1dr\u017e Bukovec<\/span><\/a><\/b><\/div><\/div><\/li>\n            <\/ul>\n        <\/div>\n        \n    <\/div>\n<\/div>\n<div id=\"metaslider-id-6456\" style=\"max-width: 800px; margin: 0 auto;\" class=\"ml-slider-3-108-0 metaslider metaslider-flex metaslider-6456 ml-slider ms-theme-default nav-hidden nav-hidden nav-hidden\" role=\"region\" aria-label=\"Pod Bukovcom\" data-height=\"250\" data-width=\"800\">\n    <div id=\"metaslider_container_6456\">\n        <div id=\"metaslider_6456\" class=\"flexslider\">\n            <ul class='slides'>\n                <li style=\"display: block; width: 100%;\" class=\"slide-36674 ms-image \" aria-roledescription=\"slide\" data-date=\"2020-12-22 15:16:29\" data-filename=\"bukovec33-800x250.jpg\" data-slide-type=\"image\"><a href=\"https:\/\/www.keturist.sk\/info\/vodopady-jazierka-rieky\/vodna-nadrz-pod-bukovcom\/\" target=\"_self\" aria-label=\"View Slide Details\" class=\"metaslider_image_link\"><img loading=\"lazy\" decoding=\"async\" src=\"https:\/\/www.keturist.sk\/info\/wp-content\/uploads\/2020\/12\/bukovec33-800x250.jpg\" height=\"250\" width=\"800\" alt=\"Vodn\u00e1 n\u00e1dr\u017e Pod Bukovcom\" class=\"slider-6456 slide-36674 msDefaultImage\" title=\"Vodn\u00e1 n\u00e1dr\u017e Pod Bukovcom\" \/><\/a><div class=\"caption-wrap\"><div class=\"caption\"><b><a href=\"https:\/\/www.keturist.sk\/info\/vodopady-jazierka-rieky\/vodna-nadrz-pod-bukovcom\/\"><span style=\"color:#FFFF00;\">Vodn\u00e1 n\u00e1dr\u017e pod Bukovcom<\/span><\/a><\/b><\/div><\/div><\/li>\n            <\/ul>\n        <\/div>\n        \n    <\/div>\n<\/div>\n<div id=\"metaslider-id-6450\" style=\"max-width: 800px; margin: 0 auto;\" class=\"ml-slider-3-108-0 metaslider metaslider-flex metaslider-6450 ml-slider ms-theme-default nav-hidden nav-hidden nav-hidden nav-hidden\" role=\"region\" aria-label=\"Uhornianske Jazero\" data-height=\"250\" data-width=\"800\">\n    <div id=\"metaslider_container_6450\">\n        <div id=\"metaslider_6450\" class=\"flexslider\">\n            <ul class='slides'>\n                <li style=\"display: block; width: 100%;\" class=\"slide-36608 ms-image \" aria-roledescription=\"slide\" data-date=\"2020-12-20 19:39:16\" data-filename=\"uhorna1-1-800x250.jpg\" data-slide-type=\"image\"><a href=\"https:\/\/www.keturist.sk\/info\/vodopady-jazierka-rieky\/uhornianske-jazero\/\" target=\"_self\" aria-label=\"View Slide Details\" class=\"metaslider_image_link\"><img loading=\"lazy\" decoding=\"async\" src=\"https:\/\/www.keturist.sk\/info\/wp-content\/uploads\/2020\/12\/uhorna1-1-800x250.jpg\" height=\"250\" width=\"800\" alt=\"\" class=\"slider-6450 slide-36608 msDefaultImage\" title=\"uhorna1\" \/><\/a><div class=\"caption-wrap\"><div class=\"caption\"><b><a href=\"https:\/\/www.keturist.sk\/info\/vodopady-jazierka-rieky\/uhornianske-jazero\/\"><span style=\"color:#FFFF00;\">\u00dahorniansk\u00e9 jazero<\/span><\/a><\/b><\/div><\/div><\/li>\n            <\/ul>\n        <\/div>\n        \n    <\/div>\n<\/div>\n<div id=\"metaslider-id-6459\" style=\"max-width: 800px; margin: 0 auto;\" class=\"ml-slider-3-108-0 metaslider metaslider-flex metaslider-6459 ml-slider ms-theme-default nav-hidden nav-hidden nav-hidden nav-hidden nav-hidden\" role=\"region\" aria-label=\"Kamenny potok\" data-height=\"250\" data-width=\"800\">\n    <div id=\"metaslider_container_6459\">\n        <div id=\"metaslider_6459\" class=\"flexslider\">\n            <ul class='slides'>\n                <li style=\"display: block; width: 100%;\" class=\"slide-36611 ms-image \" aria-roledescription=\"slide\" data-date=\"2020-12-20 19:49:07\" data-filename=\"siklava-skala-kamen-800x250.jpg\" data-slide-type=\"image\"><a href=\"https:\/\/www.keturist.sk\/info\/vodopady-jazierka-rieky\/vodopad-na-kamennom-potoku-siklava-skala\/\" target=\"_self\" aria-label=\"View Slide Details\" class=\"metaslider_image_link\"><img loading=\"lazy\" decoding=\"async\" src=\"https:\/\/www.keturist.sk\/info\/wp-content\/uploads\/2020\/11\/siklava-skala-kamen-800x250.jpg\" height=\"250\" width=\"800\" alt=\"Vodop\u00e1d na Kamennom potoku \u2013 \u0160ik\u013eav\u00e1 skala\" class=\"slider-6459 slide-36611 msDefaultImage\" title=\"Vodop\u00e1d na Kamennom potoku \u2013 \u0160ik\u013eav\u00e1 skala\" \/><\/a><div class=\"caption-wrap\"><div class=\"caption\"><b><a href=\"https:\/\/www.keturist.sk\/info\/vodopady-jazierka-rieky\/vodopad-na-kamennom-potoku-siklava-skala\/\"><span style=\"color:#FFFF00;\">Vodop\u00e1d na Kamennom potoku - \u0160ik\u013eav\u00e1 skala<\/span><\/a><\/b><\/div><\/div><\/li>\n            <\/ul>\n        <\/div>\n        \n    <\/div>\n<\/div>\n<div id=\"metaslider-id-6462\" style=\"max-width: 800px; margin: 0 auto;\" class=\"ml-slider-3-108-0 metaslider metaslider-flex metaslider-6462 ml-slider ms-theme-default nav-hidden nav-hidden nav-hidden nav-hidden nav-hidden nav-hidden\" role=\"region\" aria-label=\"Vodop\u00e1d a \u013eadop\u00e1d Matejovsk\u00e1 \u0161ik\u013eav\u00e1 skala\" data-height=\"250\" data-width=\"800\">\n    <div id=\"metaslider_container_6462\">\n        <div id=\"metaslider_6462\" class=\"flexslider\">\n            <ul class='slides'>\n                <li style=\"display: block; width: 100%;\" class=\"slide-36627 ms-image \" aria-roledescription=\"slide\" data-date=\"2020-12-21 06:18:37\" data-filename=\"siklava-skala-800x250.jpg\" data-slide-type=\"image\"><a href=\"https:\/\/www.keturist.sk\/info\/vodopad-matejovska-siklava-skala\/\" target=\"_self\" aria-label=\"View Slide Details\" class=\"metaslider_image_link\"><img loading=\"lazy\" decoding=\"async\" src=\"https:\/\/www.keturist.sk\/info\/wp-content\/uploads\/2020\/11\/siklava-skala-800x250.jpg\" height=\"250\" width=\"800\" alt=\"\" class=\"slider-6462 slide-36627 msDefaultImage\" title=\"siklava skala\" \/><\/a><div class=\"caption-wrap\"><div class=\"caption\"><b><a href=\"https:\/\/www.keturist.sk\/info\/vodopad-matejovska-siklava-skala\/\"><span style=\"color:#FFFF00;\">Vodop\u00e1d a \u013eadop\u00e1d Chrastianska \u0161ik\u013eav\u00e1 skala<\/span><\/a><\/b><\/div><\/div><\/li>\n            <\/ul>\n        <\/div>\n        \n    <\/div>\n<\/div>\n<div id=\"metaslider-id-6465\" style=\"max-width: 800px; margin: 0 auto;\" class=\"ml-slider-3-108-0 metaslider metaslider-flex metaslider-6465 ml-slider ms-theme-default nav-hidden nav-hidden nav-hidden nav-hidden nav-hidden nav-hidden nav-hidden\" role=\"region\" aria-label=\"Hnilec\" data-height=\"250\" data-width=\"800\">\n    <div id=\"metaslider_container_6465\">\n        <div id=\"metaslider_6465\" class=\"flexslider\">\n            <ul class='slides'>\n                <li style=\"display: block; width: 100%;\" class=\"slide-17893 ms-image \" aria-roledescription=\"slide\" data-date=\"2016-09-30 18:42:29\" data-filename=\"Stratenska_pila-800x250.jpg\" data-slide-type=\"image\"><a href=\"https:\/\/www.keturist.sk\/info\/vodopady-jazierka-rieky\/rieka-hnilec\/\" target=\"_self\" aria-label=\"View Slide Details\" class=\"metaslider_image_link\"><img loading=\"lazy\" decoding=\"async\" src=\"https:\/\/www.keturist.sk\/info\/wp-content\/uploads\/2016\/09\/Stratenska_pila-800x250.jpg\" height=\"250\" width=\"800\" alt=\"\" class=\"slider-6465 slide-17893 msDefaultImage\" \/><\/a><div class=\"caption-wrap\"><div class=\"caption\"><b><a href=\"https:\/\/www.keturist.sk\/info\/vodopady-jazierka-rieky\/rieka-hnilec\/\"><span style=\"color:#FFFF00;\">Rieka Hnilec<\/span><\/a><\/b><\/div><\/div><\/li>\n            <\/ul>\n        <\/div>\n        \n    <\/div>\n<\/div>\n<div class=\"su-divider su-divider-style-default\" style=\"margin:15px 0;border-width:3px;border-color:#000000\"><\/div>\n","protected":false},"excerpt":{"rendered":"<p>Podkateg\u00f3ria:<\/p>\n","protected":false},"author":1,"featured_media":0,"parent":11578,"menu_order":0,"comment_status":"closed","ping_status":"closed","template":"","meta":{"_uag_custom_page_level_css":"","_monsterinsights_skip_tracking":false,"_monsterinsights_sitenote_active":false,"_monsterinsights_sitenote_note":"","_monsterinsights_sitenote_category":0,"footnotes":""},"class_list":["post-19239","page","type-page","status-publish","hentry"],"featured_image_src":"","featured_image_src_square":false,"rbea_author_info":{"display_name":"admin","author_link":"https:\/\/www.keturist.sk\/info\/author\/admin\/"},"rbea_excerpt_info":"Podkateg\u00f3ria:","uagb_featured_image_src":{"full":false,"thumbnail":false,"medium":false,"medium_large":false,"large":false,"1536x1536":false,"2048x2048":false},"uagb_author_info":{"display_name":"admin","author_link":"https:\/\/www.keturist.sk\/info\/author\/admin\/"},"uagb_comment_info":0,"uagb_excerpt":"Podkateg\u00f3ria:","_links":{"self":[{"href":"https:\/\/www.keturist.sk\/info\/wp-json\/wp\/v2\/pages\/19239","targetHints":{"allow":["GET"]}}],"collection":[{"href":"https:\/\/www.keturist.sk\/info\/wp-json\/wp\/v2\/pages"}],"about":[{"href":"https:\/\/www.keturist.sk\/info\/wp-json\/wp\/v2\/types\/page"}],"author":[{"embeddable":true,"href":"https:\/\/www.keturist.sk\/info\/wp-json\/wp\/v2\/users\/1"}],"replies":[{"embeddable":true,"href":"https:\/\/www.keturist.sk\/info\/wp-json\/wp\/v2\/comments?post=19239"}],"version-history":[{"count":1,"href":"https:\/\/www.keturist.sk\/info\/wp-json\/wp\/v2\/pages\/19239\/revisions"}],"predecessor-version":[{"id":42473,"href":"https:\/\/www.keturist.sk\/info\/wp-json\/wp\/v2\/pages\/19239\/revisions\/42473"}],"up":[{"embeddable":true,"href":"https:\/\/www.keturist.sk\/info\/wp-json\/wp\/v2\/pages\/11578"}],"wp:attachment":[{"href":"https:\/\/www.keturist.sk\/info\/wp-json\/wp\/v2\/media?parent=19239"}],"curies":[{"name":"wp","href":"https:\/\/api.w.org\/{rel}","templated":true}]}}