{"id":1779,"date":"2013-10-06T06:36:08","date_gmt":"2013-10-06T04:36:08","guid":{"rendered":"https:\/\/www.keturist.sk\/info\/?page_id=1779"},"modified":"2021-11-18T17:43:44","modified_gmt":"2021-11-18T16:43:44","slug":"smer-cierna-hora","status":"publish","type":"page","link":"https:\/\/www.keturist.sk\/info\/turisticke-vychodiska\/smer-cierna-hora\/","title":{"rendered":"Smer \u010cierna hora"},"content":{"rendered":"<a href=\"https:\/\/www.keturist.sk\/info\/\" class=\"su-button su-button-style-default\" style=\"color:#000000;background-color:#FFCF2F;border-color:#cca626;border-radius:5px\" target=\"_self\"><span style=\"color:#000000;padding:6px 16px;font-size:13px;line-height:20px;border-color:#ffde6e;border-radius:5px;text-shadow:none\"><i class=\"sui sui-arrow-right\" style=\"font-size:13px;color:#000000\"><\/i>  Spravodaj <\/span><\/a>\n<a href=\"https:\/\/www.keturist.sk\/info\/tipy-na-vylety\/\" class=\"su-button su-button-style-default\" style=\"color:#000000;background-color:#FFCF2F;border-color:#cca626;border-radius:5px\" target=\"_self\"><span style=\"color:#000000;padding:6px 16px;font-size:13px;line-height:20px;border-color:#ffde6e;border-radius:5px;text-shadow:none\"><i class=\"sui sui-arrow-right\" style=\"font-size:13px;color:#000000\"><\/i>  TIPY NA V\u00ddLETY <\/span><\/a>\n<a href=\"https:\/\/www.keturist.sk\/info\/turisticke-vychodiska\/\" class=\"su-button su-button-style-default\" style=\"color:#000000;background-color:#FFCF2F;border-color:#cca626;border-radius:5px\" target=\"_self\"><span style=\"color:#000000;padding:6px 16px;font-size:13px;line-height:20px;border-color:#ffde6e;border-radius:5px;text-shadow:none\"><i class=\"sui sui-arrow-right\" style=\"font-size:13px;color:#000000\"><\/i>  Turistick\u00e9 v\u00fdchodisk\u00e1 <\/span><\/a>\n<a href=\"https:\/\/www.keturist.sk\/info\/turisticke-vychodiska\/smer-cierna-hora\/\" class=\"su-button su-button-style-default\" style=\"color:#000000;background-color:#FFCF2F;border-color:#cca626;border-radius:5px\" target=\"_self\"><span style=\"color:#000000;padding:6px 16px;font-size:13px;line-height:20px;border-color:#ffde6e;border-radius:5px;text-shadow:none\"><i class=\"sui sui-arrow-right\" style=\"font-size:13px;color:#000000\"><\/i>  Smer \u010cierna Hora <\/span><\/a>\n<div class=\"su-divider su-divider-style-default\" style=\"margin:15px 0;border-width:2px;border-color:#000000\"><\/div>\n<p><code><div class=\"column-group columns-2\"><div class=\"column column-number-1 column-span-1\"><p><\/code><strong>\u0160portovo-rekrea\u010dn\u00e9 stredisk\u00e1: <\/strong><br \/>\n<a href=\"https:\/\/www.keturist.sk\/info\/smer-cierna-hora\/rekreacna-oblast-ruzin-kosicke-hamre\/\">Ru\u017e\u00edn-Ko\u0161ick\u00e9 H\u00e1mre<\/a><br \/>\n<a href=\"https:\/\/www.keturist.sk\/info\/smer-cierna-hora\/ruzin-zastavka\/\">Ru\u017e\u00edn-zast\u00e1vka Ru\u017e\u00edn<\/a><br \/>\n<strong>Turistick\u00e9 oblasti Ko\u0161\u00edc<\/strong><br \/>\n<a href=\"https:\/\/www.keturist.sk\/info\/turisticke-vychodiska\/smer-cierna-hora\/stredisko-cermel\/\">Stredisko \u010cerme\u013e<\/a><br \/>\n<a href=\"https:\/\/www.keturist.sk\/info\/turisticke-vychodiska\/smer-cierna-hora\/stredisko-alpinka\/\">Stredisko Alpinka<\/a><br \/>\n<a href=\"https:\/\/www.keturist.sk\/info\/turisticke-vychodiska\/smer-cierna-hora\/stredisko-hradova\/\">Stredisko Hradov\u00e1<\/a><br \/>\n<a href=\"https:\/\/www.keturist.sk\/info\/smer-cierna-hora\/mc-kavecany-a-stredisko-hresna\/\">M\u010c Kave\u010dany, stredisko Hre\u0161n\u00e1<\/a><br \/>\n<strong>Obce:<\/strong><br \/>\n<a href=\"https:\/\/www.keturist.sk\/info\/smer-cierna-hora\/obec-druzstevna-pri-hornade\/\">Dru\u017estevn\u00e1 pri Horn\u00e1de<\/a><\/p>\n<\/div>\n<div class=\"column column-number-2 last column-span-1\"><p><a href=\"https:\/\/www.keturist.sk\/info\/smer-cierna-hora\/obec-jaklovce\/\">Jaklovce<\/a><br \/>\n<a href=\"https:\/\/www.keturist.sk\/info\/smer-cierna-hora\/obec-kluknava\/\">Kluknava-\u0160tefanska Huta<\/a><br \/>\n<a href=\"https:\/\/www.keturist.sk\/info\/smer-cierna-hora\/obec-kostolany-nad-hornadom\/\">Kosto\u013eany nad Horn\u00e1dom<\/a><br \/>\n<a href=\"https:\/\/www.keturist.sk\/info\/smer-cierna-hora\/obec-kosicka-bela\/\">Ko\u0161ick\u00e1 Bel\u00e1<\/a><br \/>\n<a href=\"https:\/\/www.keturist.sk\/info\/smer-cierna-hora\/obec-kysak\/\">Kysak<\/a><br \/>\n<a href=\"https:\/\/www.keturist.sk\/info\/smer-cierna-hora\/obec-mala-lodina\/\">Mal\u00e1 Lodina<\/a><br \/>\n<a href=\"https:\/\/www.keturist.sk\/info\/smer-cierna-hora\/obec-margecany\/\">Margecany<\/a><br \/>\n<a href=\"https:\/\/www.keturist.sk\/info\/smer-cierna-hora\/obec-obisovce\/\">Obi\u0161ovce<\/a><br \/>\n<a href=\"https:\/\/www.keturist.sk\/info\/smer-cierna-hora\/obec-sokol\/\">Soko\u013e<\/a><br \/>\n<a href=\"https:\/\/www.keturist.sk\/info\/smer-cierna-hora\/obec-velka-lodina\/\">Ve\u013ek\u00e1 Lodina<\/a><\/p>\n<\/div><\/div>\n<div class=\"su-divider su-divider-style-default\" style=\"margin:15px 0;border-width:2px;border-color:#000000\"><\/div>\n<div class=\"su-divider su-divider-style-default\" style=\"margin:15px 0;border-width:2px;border-color:#000000\"><\/div>\n<h4>\u0160portovo-rekrea\u010dn\u00e9 stredisk\u00e1:<\/h4>\n<ul>\n<li><a href=\"https:\/\/www.keturist.sk\/info\/smer-cierna-hora\/rekreacna-oblast-ruzin-kosicke-hamre\/\">Rekrea\u010dn\u00e1 oblas\u0165 Ru\u017e\u00edn-H\u00e1mre (\u010d\u00edtaj viac&#8230;)<\/a><\/li>\n<\/ul>\n<ul>\n<li><a href=\"https:\/\/www.keturist.sk\/info\/smer-cierna-hora\/ruzin-zastavka\/\">Rekrea\u010dn\u00e1 oblas\u0165 Ru\u017e\u00edn zast\u00e1vka (\u010d\u00edtaj viac&#8230;)<\/a><\/li>\n<\/ul>\n<h4>Stredisk\u00e1 mesta Ko\u0161ice<\/h4>\n<ul>\n<li><a href=\"https:\/\/www.keturist.sk\/info\/smer-cierna-hora\/stredisko-cermel\/\">Stredisko \u010cerme\u013e (\u010d\u00edtaj viac&#8230;)<\/a><\/li>\n<\/ul>\n<ul>\n<li><a href=\"https:\/\/www.keturist.sk\/info\/smer-cierna-hora\/stredisko-alpinka\/\">Stredisko Alpinka (\u010d\u00edtaj viac&#8230;)<\/a><\/li>\n<\/ul>\n<ul>\n<li><a href=\"https:\/\/www.keturist.sk\/info\/smer-cierna-hora\/stredisko-hradova\/\">Stredisko Hradov\u00e1 (\u010d\u00edtaj viac&#8230;)<\/a><\/li>\n<\/ul>\n<ul>\n<li><a href=\"https:\/\/www.keturist.sk\/info\/smer-cierna-hora\/mc-kavecany-a-stredisko-hresna\/\">M\u010c Kave\u010dany, stredisko Hre\u0161n\u00e1 (\u010d\u00edtaj viac&#8230;)<\/a><\/li>\n<\/ul>\n<h4>Okolit\u00e9 obce<\/h4>\n<ul>\n<li><a href=\"https:\/\/www.keturist.sk\/info\/smer-cierna-hora\/obec-druzstevna-pri-hornade\/\">Dru\u017estevn\u00e1 pri Horn\u00e1de (\u010d\u00edtaj viac&#8230;)<\/a><\/li>\n<\/ul>\n<ul>\n<li><a href=\"https:\/\/www.keturist.sk\/info\/smer-cierna-hora\/obec-jaklovce\/\">Jaklovce (\u010d\u00edtaj viac&#8230;)<\/a><\/li>\n<\/ul>\n<ul>\n<li><a href=\"https:\/\/www.keturist.sk\/info\/smer-cierna-hora\/obec-kluknava\/\">Kluknava &#8211; \u0160tef\u00e1nska huta (\u010d\u00edtaj viac&#8230;)<\/a><\/li>\n<\/ul>\n<ul>\n<li><a href=\"https:\/\/www.keturist.sk\/info\/smer-cierna-hora\/obec-kostolany-nad-hornadom\/\">Kosto\u013eany nad Horn\u00e1dom (\u010d\u00edtaj viac&#8230;)<\/a><\/li>\n<\/ul>\n<ul>\n<li><a href=\"https:\/\/www.keturist.sk\/info\/smer-cierna-hora\/obec-kosicka-bela\/\">Ko\u0161ick\u00e1 Bel\u00e1 (\u010d\u00edtaj viac&#8230;)<\/a><\/li>\n<\/ul>\n<ul>\n<li><a href=\"https:\/\/www.keturist.sk\/info\/smer-cierna-hora\/obec-kysak\/\">Kysak (\u010d\u00edtaj viac&#8230;)<\/a><\/li>\n<\/ul>\n<ul>\n<li><a href=\"https:\/\/www.keturist.sk\/info\/smer-cierna-hora\/obec-mala-lodina\/\">Mal\u00e1 Lodina (\u010d\u00edtaj viac&#8230;)<\/a><\/li>\n<\/ul>\n<ul>\n<li><a href=\"https:\/\/www.keturist.sk\/info\/smer-cierna-hora\/obec-margecany\/\">Margecany (\u010d\u00edtaj viac&#8230;)<\/a><\/li>\n<\/ul>\n<ul>\n<li><a href=\"https:\/\/www.keturist.sk\/info\/smer-cierna-hora\/obec-obisovce\/\">Obi\u0161ovce (\u010d\u00edtaj viac&#8230;)<\/a><\/li>\n<\/ul>\n<ul>\n<li><a href=\"https:\/\/www.keturist.sk\/info\/smer-cierna-hora\/obec-sokol\/\">Soko\u013e (\u010d\u00edtaj viac&#8230;)<\/a><\/li>\n<\/ul>\n<ul>\n<li><a href=\"https:\/\/www.keturist.sk\/info\/smer-cierna-hora\/obec-velka-lodina\/\">Ve\u013ek\u00e1 Lodina (\u010d\u00edtaj viac&#8230;)<\/a><\/li>\n<\/ul>\n<div class=\"su-divider su-divider-style-default\" style=\"margin:15px 0;border-width:2px;border-color:#000000\"><\/div>\n","protected":false},"excerpt":{"rendered":"<p>\u0160portovo-rekrea\u010dn\u00e9 stredisk\u00e1: Rekrea\u010dn\u00e1 oblas\u0165 Ru\u017e\u00edn-H\u00e1mre (\u010d\u00edtaj viac&#8230;) Rekrea\u010dn\u00e1 oblas\u0165 Ru\u017e\u00edn zast\u00e1vka (\u010d\u00edtaj viac&#8230;) Stredisk\u00e1 mesta Ko\u0161ice Stredisko \u010cerme\u013e (\u010d\u00edtaj viac&#8230;) Stredisko Alpinka (\u010d\u00edtaj viac&#8230;) Stredisko Hradov\u00e1 (\u010d\u00edtaj viac&#8230;) M\u010c Kave\u010dany, [&hellip;]<\/p>\n","protected":false},"author":1,"featured_media":0,"parent":11719,"menu_order":0,"comment_status":"closed","ping_status":"closed","template":"","meta":{"_uag_custom_page_level_css":"","_monsterinsights_skip_tracking":false,"_monsterinsights_sitenote_active":false,"_monsterinsights_sitenote_note":"","_monsterinsights_sitenote_category":0,"footnotes":""},"class_list":["post-1779","page","type-page","status-publish","hentry"],"featured_image_src":"","featured_image_src_square":false,"rbea_author_info":{"display_name":"admin","author_link":"https:\/\/www.keturist.sk\/info\/author\/admin\/"},"rbea_excerpt_info":"\u0160portovo-rekrea\u010dn\u00e9 stredisk\u00e1: Rekrea\u010dn\u00e1 oblas\u0165 Ru\u017e\u00edn-H\u00e1mre (\u010d\u00edtaj viac...) Rekrea\u010dn\u00e1 oblas\u0165 Ru\u017e\u00edn zast\u00e1vka (\u010d\u00edtaj viac...) Stredisk\u00e1 mesta Ko\u0161ice Stredisko \u010cerme\u013e (\u010d\u00edtaj viac...) Stredisko Alpinka (\u010d\u00edtaj viac...) Stredisko Hradov\u00e1 (\u010d\u00edtaj viac...) M\u010c Kave\u010dany, [&hellip;]","uagb_featured_image_src":{"full":false,"thumbnail":false,"medium":false,"medium_large":false,"large":false,"1536x1536":false,"2048x2048":false},"uagb_author_info":{"display_name":"admin","author_link":"https:\/\/www.keturist.sk\/info\/author\/admin\/"},"uagb_comment_info":0,"uagb_excerpt":"\u0160portovo-rekrea\u010dn\u00e9 stredisk\u00e1: Rekrea\u010dn\u00e1 oblas\u0165 Ru\u017e\u00edn-H\u00e1mre (\u010d\u00edtaj viac...) Rekrea\u010dn\u00e1 oblas\u0165 Ru\u017e\u00edn zast\u00e1vka (\u010d\u00edtaj viac...) Stredisk\u00e1 mesta Ko\u0161ice Stredisko \u010cerme\u013e (\u010d\u00edtaj viac...) Stredisko Alpinka (\u010d\u00edtaj viac...) Stredisko Hradov\u00e1 (\u010d\u00edtaj viac...) M\u010c Kave\u010dany, [&hellip;]","_links":{"self":[{"href":"https:\/\/www.keturist.sk\/info\/wp-json\/wp\/v2\/pages\/1779","targetHints":{"allow":["GET"]}}],"collection":[{"href":"https:\/\/www.keturist.sk\/info\/wp-json\/wp\/v2\/pages"}],"about":[{"href":"https:\/\/www.keturist.sk\/info\/wp-json\/wp\/v2\/types\/page"}],"author":[{"embeddable":true,"href":"https:\/\/www.keturist.sk\/info\/wp-json\/wp\/v2\/users\/1"}],"replies":[{"embeddable":true,"href":"https:\/\/www.keturist.sk\/info\/wp-json\/wp\/v2\/comments?post=1779"}],"version-history":[{"count":1,"href":"https:\/\/www.keturist.sk\/info\/wp-json\/wp\/v2\/pages\/1779\/revisions"}],"predecessor-version":[{"id":43932,"href":"https:\/\/www.keturist.sk\/info\/wp-json\/wp\/v2\/pages\/1779\/revisions\/43932"}],"up":[{"embeddable":true,"href":"https:\/\/www.keturist.sk\/info\/wp-json\/wp\/v2\/pages\/11719"}],"wp:attachment":[{"href":"https:\/\/www.keturist.sk\/info\/wp-json\/wp\/v2\/media?parent=1779"}],"curies":[{"name":"wp","href":"https:\/\/api.w.org\/{rel}","templated":true}]}}