{"id":1776,"date":"2013-10-06T06:31:32","date_gmt":"2013-10-06T04:31:32","guid":{"rendered":"https:\/\/www.keturist.sk\/info\/?page_id=1776"},"modified":"2022-01-12T10:05:10","modified_gmt":"2022-01-12T09:05:10","slug":"smer-volovske-vrchy","status":"publish","type":"page","link":"https:\/\/www.keturist.sk\/info\/turisticke-vychodiska\/smer-volovske-vrchy\/","title":{"rendered":"Smer Volovsk\u00e9 vrchy"},"content":{"rendered":"<a href=\"https:\/\/www.keturist.sk\/info\/\" class=\"su-button su-button-style-default\" style=\"color:#000000;background-color:#FFCF2F;border-color:#cca626;border-radius:5px\" target=\"_self\"><span style=\"color:#000000;padding:6px 16px;font-size:13px;line-height:20px;border-color:#ffde6e;border-radius:5px;text-shadow:none\"><i class=\"sui sui-arrow-right\" style=\"font-size:13px;color:#000000\"><\/i>  Spravodaj <\/span><\/a>\n<a href=\"https:\/\/www.keturist.sk\/info\/tipy-na-vylety\/\" class=\"su-button su-button-style-default\" style=\"color:#000000;background-color:#FFCF2F;border-color:#cca626;border-radius:5px\" target=\"_self\"><span style=\"color:#000000;padding:6px 16px;font-size:13px;line-height:20px;border-color:#ffde6e;border-radius:5px;text-shadow:none\"><i class=\"sui sui-arrow-right\" style=\"font-size:13px;color:#000000\"><\/i>  TIPY NA V\u00ddLETY <\/span><\/a>\n<a href=\"https:\/\/www.keturist.sk\/info\/turisticke-vychodiska\/\" class=\"su-button su-button-style-default\" style=\"color:#000000;background-color:#FFCF2F;border-color:#cca626;border-radius:5px\" target=\"_self\"><span style=\"color:#000000;padding:6px 16px;font-size:13px;line-height:20px;border-color:#ffde6e;border-radius:5px;text-shadow:none\"><i class=\"sui sui-arrow-right\" style=\"font-size:13px;color:#000000\"><\/i>  Turistick\u00e9 v\u00fdchodisk\u00e1 <\/span><\/a>\n<a href=\"https:\/\/www.keturist.sk\/info\/turisticke-vychodiska\/smer-volovske-vrchy\/\" class=\"su-button su-button-style-default\" style=\"color:#000000;background-color:#FFCF2F;border-color:#cca626;border-radius:5px\" target=\"_self\"><span style=\"color:#000000;padding:6px 16px;font-size:13px;line-height:20px;border-color:#ffde6e;border-radius:5px;text-shadow:none\"><i class=\"sui sui-arrow-right\" style=\"font-size:13px;color:#000000\"><\/i>  Smer Volovsk\u00e9 vrchy <\/span><\/a>\n<div class=\"su-divider su-divider-style-default\" style=\"margin:15px 0;border-width:2px;border-color:#000000\"><\/div>\n<p><code><div class=\"column-group columns-2\"><div class=\"column column-number-1 column-span-1\"><p><\/code><strong>\u0160portovo-rekrea\u010dn\u00e9 stredisk\u00e1: <\/strong><br \/>\n<a href=\"https:\/\/www.keturist.sk\/info\/turisticke-vychodiska\/smer-volovske-vrchy\/sportovo-relaxacne-stredisko-porac-park-poracska-dolina\/\">\u0160portovo-relaxa\u010dn\u00e9 stredisko Pora\u010d PARK<\/a><br \/>\n<a href=\"https:\/\/www.keturist.sk\/info\/turisticke-vychodiska\/smer-volovske-vrchy\/stredisko-jahodna\/\">Stredisko Jahodn\u00e1<\/a><br \/>\n<a href=\"https:\/\/www.keturist.sk\/info\/smer-volovske-vrchy\/rekreacna-oblast-kojsovska-hola\/\">Rekrea\u010dn\u00e1 oblas\u0165 Koj\u0161ov\u00e1 Ho\u013ea<\/a><br \/>\n<a href=\"https:\/\/www.keturist.sk\/info\/smer-volovske-vrchy\/mesto-krompachy-stredisko-plejsy\/\">Mesto Krompachy &#8211; Plejsy<\/a><br \/>\n<a href=\"https:\/\/www.keturist.sk\/info\/turisticke-vychodiska\/smer-volovske-vrchy\/rekreacna-oblast-ruzin-kosicke-hamre\/\">Ru\u017e\u00edn-Ko\u0161ick\u00e9 H\u00e1mre<\/a><br \/>\n<a href=\"https:\/\/www.keturist.sk\/info\/smer-volovske-vrchy\/rekreacna-oblast-thurzov\/\">Rekrea\u010dn\u00e1 oblas\u0165 Turzov<\/a><br \/>\n<strong>Turistick\u00e9 oblasti Ko\u0161\u00edc<\/strong><br \/>\n<a href=\"https:\/\/www.keturist.sk\/info\/turisticke-vychodiska\/smer-volovske-vrchy\/stredisko-cermel\/\">Stredisko \u010cerme\u013e<\/a><br \/>\n<a href=\"https:\/\/www.keturist.sk\/info\/turisticke-vychodiska\/smer-volovske-vrchy\/stredisko-alpinka\/\">Stredisko Alpinka<\/a><br \/>\n<a href=\"https:\/\/www.keturist.sk\/info\/turisticke-vychodiska\/smer-volovske-vrchy\/stredisko-bankov\/\">Stredisko Bankov<\/a><br \/>\n<a href=\"https:\/\/www.keturist.sk\/info\/turisticke-vychodiska\/smer-volovske-vrchy\/mc-myslava\/\">M\u010c Myslava<\/a><br \/>\n<strong>Mest\u00e1<\/strong><br \/>\n<a href=\"https:\/\/www.keturist.sk\/info\/turisticke-vychodiska\/smer-volovske-vrchy\/mesto-gelnica\/\">Mesto Gelnica<\/a><br \/>\n<a href=\"https:\/\/www.keturist.sk\/info\/turisticke-vychodiska\/smer-volovske-vrchy\/mesto-medzev\/\">Mesto Medzev<\/a><br \/>\n<strong>Obce:<\/strong><br \/>\n<a href=\"https:\/\/www.keturist.sk\/info\/turisticke-vychodiska\/smer-volovske-vrchy\/obec-betliar\/\">Betliar<\/a><br \/>\n<a href=\"https:\/\/www.keturist.sk\/info\/turisticke-vychodiska\/smer-volovske-vrchy\/obec-bukovec-rekreacna-oblast-bukovec\/\">Bukovec<\/a><br \/>\n<a href=\"https:\/\/www.keturist.sk\/info\/turisticke-vychodiska\/smer-volovske-vrchy\/obec-cucma\/\">\u010cu\u010dma<\/a><br \/>\n<a href=\"https:\/\/www.keturist.sk\/info\/turisticke-vychodiska\/smer-volovske-vrchy\/obec-chrast-nad-hornadom\/\">Chras\u0165 nad Horn\u00e1dom<\/a><br \/>\n<a href=\"https:\/\/www.keturist.sk\/info\/turisticke-vychodiska\/smer-volovske-vrchy\/obec-dedinky\/\">Dedinky<\/a><br \/>\n<a href=\"https:\/\/www.keturist.sk\/info\/turisticke-vychodiska\/smer-volovske-vrchy\/obec-jaklovce\/\">Jaklovce<\/a><br \/>\n<a href=\"https:\/\/www.keturist.sk\/info\/turisticke-vychodiska\/smer-volovske-vrchy\/obec-henclova\/\">Henclov\u00e1<\/a><br \/>\n<a href=\"https:\/\/www.keturist.sk\/info\/turisticke-vychodiska\/smer-volovske-vrchy\/obec-hnilcik\/\">Hnil\u010d\u00edk<\/a><\/p>\n<\/div>\n<div class=\"column column-number-2 last column-span-1\"><p><a href=\"https:\/\/www.keturist.sk\/info\/turisticke-vychodiska\/smer-volovske-vrchy\/obec-hylov\/\">H\u00fd\u013eov<\/a><br \/>\n<a href=\"https:\/\/www.keturist.sk\/info\/turisticke-vychodiska\/smer-volovske-vrchy\/obec-kojsov\/\">Koj\u0161ov<\/a><br \/>\n<a href=\"https:\/\/www.keturist.sk\/info\/turisticke-vychodiska\/smer-volovske-vrchy\/obec-kosicka-bela\/\">Ko\u0161ick\u00e1 Bel\u00e1<\/a><br \/>\n<a href=\"https:\/\/www.keturist.sk\/info\/turisticke-vychodiska\/smer-volovske-vrchy\/obec-mnisek-nad-hnilcom\/\">Mn\u00ed\u0161ek nad Hnilcom<\/a><br \/>\n<a href=\"https:\/\/www.keturist.sk\/info\/turisticke-vychodiska\/smer-volovske-vrchy\/obec-nalepkovo\/\">N\u00e1lepkovo<\/a><br \/>\n<a href=\"https:\/\/www.keturist.sk\/info\/turisticke-vychodiska\/smer-volovske-vrchy\/obec-nizny-klatov\/\">Ni\u017en\u00fd Klatov<\/a><br \/>\n<a href=\"https:\/\/www.keturist.sk\/info\/turisticke-vychodiska\/smer-volovske-vrchy\/obec-novacany\/\">Nova\u010dany<\/a><br \/>\n<a href=\"https:\/\/www.keturist.sk\/info\/turisticke-vychodiska\/smer-volovske-vrchy\/obec-olcnava\/\">Olcnava<\/a><br \/>\n<a href=\"https:\/\/www.keturist.sk\/info\/turisticke-vychodiska\/smer-volovske-vrchy\/obec-opatka\/\">Op\u00e1tka<\/a><br \/>\n<a href=\"https:\/\/www.keturist.sk\/info\/turisticke-vychodiska\/smer-volovske-vrchy\/obec-paca\/\">Pa\u010da<\/a><br \/>\n<a href=\"https:\/\/www.keturist.sk\/info\/turisticke-vychodiska\/smer-volovske-vrchy\/obec-poproc\/\">Popro\u010d<\/a><br \/>\n<a href=\"https:\/\/www.keturist.sk\/info\/turisticke-vychodiska\/smer-volovske-vrchy\/obec-porac\/\">Por\u00e1\u010d<\/a><br \/>\n<a href=\"https:\/\/www.keturist.sk\/info\/turisticke-vychodiska\/smer-volovske-vrchy\/obec-slovinky\/\">Slovinky<\/a><br \/>\n<a href=\"https:\/\/www.keturist.sk\/info\/turisticke-vychodiska\/smer-volovske-vrchy\/obec-smolnik\/\">Smolnik<\/a><br \/>\n<a href=\"https:\/\/www.keturist.sk\/info\/turisticke-vychodiska\/smer-volovske-vrchy\/smolnicka-huta\/\">Smoln\u00edcka Huta<\/a><br \/>\n<a href=\"https:\/\/www.keturist.sk\/info\/turisticke-vychodiska\/smer-volovske-vrchy\/obec-stara-voda\/\">Star\u00e1 voda<\/a><br \/>\n<a href=\"https:\/\/www.keturist.sk\/info\/turisticke-vychodiska\/smer-volovske-vrchy\/obec-semsa\/\">\u0160em\u0161a<\/a><br \/>\n<a href=\"https:\/\/www.keturist.sk\/info\/turisticke-vychodiska\/smer-volovske-vrchy\/obec-stos-stos-kupele\/\">\u0160t\u00f3s &#8211; \u0160t\u00f3ske k\u00fapele<\/a><br \/>\n<a href=\"https:\/\/www.keturist.sk\/info\/turisticke-vychodiska\/smer-volovske-vrchy\/obec-svedlar\/\">\u0160vedl\u00e1r<\/a><br \/>\n<a href=\"https:\/\/www.keturist.sk\/info\/turisticke-vychodiska\/smer-volovske-vrchy\/obec-vysny-medzev\/\">Vysn\u00fd Medzev<\/a><br \/>\n<a href=\"https:\/\/www.keturist.sk\/info\/turisticke-vychodiska\/smer-volovske-vrchy\/obec-vysny-klatov\/\">Vy\u0161n\u00fd Klatov<\/a><br \/>\n<a href=\"https:\/\/www.keturist.sk\/info\/turisticke-vychodiska\/smer-volovske-vrchy\/obec-uhorna\/\">\u00dahorn\u00e1<\/a><br \/>\n<a href=\"https:\/\/www.keturist.sk\/info\/turisticke-vychodiska\/smer-volovske-vrchy\/obec-zavadka\/\">Z\u00e1vadka<\/a><br \/>\n<a href=\"https:\/\/www.keturist.sk\/info\/turisticke-vychodiska\/smer-volovske-vrchy\/obec-zlata-idka\/\">Zlat\u00e1 Idka<\/a><\/p>\n<\/div><\/div>\n<div class=\"su-divider su-divider-style-default\" style=\"margin:15px 0;border-width:2px;border-color:#000000\"><\/div>\n<div class=\"su-divider su-divider-style-default\" style=\"margin:15px 0;border-width:2px;border-color:#000000\"><\/div>\n<h4>\u0160portovo-rekrea\u010dn\u00e9 stredisk\u00e1<\/h4>\n<ul>\n<li><a href=\"https:\/\/www.keturist.sk\/info\/turisticke-vychodiska\/smer-volovske-vrchy\/sportovo-relaxacne-stredisko-porac-park-poracska-dolina\/\">\u0160portovo-relaxa\u010dn\u00e9 stredisko Pora\u010d PARK (\u010d\u00edtaj viac&#8230;)<\/a><\/li>\n<\/ul>\n<ul>\n<li><a href=\"https:\/\/www.keturist.sk\/info\/smer-volovske-vrchy\/stredisko-jahodna\/\">\u0160portovo-rekrea\u010dn\u00e9 stredisko Jahodn\u00e1 (\u010d\u00edtaj viac&#8230;)<\/a><\/li>\n<\/ul>\n<ul>\n<li><a href=\"https:\/\/www.keturist.sk\/info\/smer-volovske-vrchy\/rekreacna-oblast-kojsovska-hola\/\">Rekrea\u010dn\u00e1 oblas\u0165 Koj\u0161ov\u00e1 Ho\u013ea (\u010d\u00edtaj viac&#8230;)<\/a><\/li>\n<\/ul>\n<ul>\n<li><a href=\"https:\/\/www.keturist.sk\/info\/smer-volovske-vrchy\/mesto-krompachy-stredisko-plejsy\/\">Mesto Krompachy &#8211; Plejsy (\u010d\u00edtaj viac&#8230;)<\/a><\/li>\n<\/ul>\n<ul>\n<li><a href=\"https:\/\/www.keturist.sk\/info\/smer-volovske-vrchy\/rekreacna-oblast-ruzin-kosicke-hamre\/\">Rekrea\u010dn\u00e1 oblas\u0165 Ru\u017e\u00edn-Ko\u0161ick\u00e9 H\u00e1mre (\u010d\u00edtaj viac&#8230;)<\/a><\/li>\n<\/ul>\n<ul>\n<li><a href=\"https:\/\/www.keturist.sk\/info\/smer-volovske-vrchy\/rekreacna-oblast-thurzov\/\">Rekrea\u010dn\u00e1 oblas\u0165 Turzov (\u010d\u00edtaj viac&#8230;)<\/a><\/li>\n<\/ul>\n<h4>Turistick\u00e9 oblasti Ko\u0161\u00edc<\/h4>\n<ul>\n<li><a href=\"https:\/\/www.keturist.sk\/info\/smer-volovske-vrchy\/stredisko-alpinka\/\">Stredisko Alpinka(\u010d\u00edtaj viac&#8230;)<\/a><\/li>\n<\/ul>\n<ul>\n<li><a href=\"https:\/\/www.keturist.sk\/info\/smer-volovske-vrchy\/stredisko-bankov\/\">Stredisko Bankov (\u010d\u00edtaj viac&#8230;)<\/a><\/li>\n<\/ul>\n<ul>\n<li><a href=\"https:\/\/www.keturist.sk\/info\/smer-volovske-vrchy\/stredisko-cermel\/\">Stredisko \u010cerme\u013e (\u010d\u00edtaj viac&#8230;)<\/a><\/li>\n<\/ul>\n<ul>\n<li><a href=\"https:\/\/www.keturist.sk\/info\/smer-volovske-vrchy\/mc-myslava\/\">M\u010c Myslava (\u010d\u00edtaj viac&#8230;)<\/a><\/li>\n<\/ul>\n<h4>Mesta<\/h4>\n<ul>\n<li><a href=\"https:\/\/www.keturist.sk\/info\/smer-volovske-vrchy\/mesto-gelnica\/\">Mesto Gelnica (\u010d\u00edtaj viac&#8230;)<\/a><\/li>\n<\/ul>\n<ul>\n<li><a href=\"https:\/\/www.keturist.sk\/info\/smer-volovske-vrchy\/mesto-medzev\/\">Mesto Medzev (\u010d\u00edtaj viac&#8230;)<\/a><\/li>\n<\/ul>\n<h4>Obce<\/h4>\n<ul>\n<li><a href=\"https:\/\/www.keturist.sk\/info\/smer-volovske-vrchy\/obec-betliar\/\">Betliar (\u010d\u00edtaj viac&#8230;)<\/a><\/li>\n<\/ul>\n<ul>\n<li><a href=\"https:\/\/www.keturist.sk\/info\/smer-volovske-vrchy\/obec-bukovec-rekreacna-oblast-bukovec\/\">Bukovec (\u010d\u00edtaj viac&#8230;)<\/a><\/li>\n<\/ul>\n<ul>\n<li><a href=\"https:\/\/www.keturist.sk\/info\/smer-volovske-vrchy\/obec-cucma\/\">\u010cu\u010dma (\u010d\u00edtaj viac&#8230;)<\/a><\/li>\n<\/ul>\n<ul>\n<li><a href=\"https:\/\/www.keturist.sk\/info\/smer-volovske-vrchy\/obec-chrast-nad-hornadom\/\">Chras\u0165 nad Horn\u00e1dom (\u010d\u00edtaj viac&#8230;)<\/a><\/li>\n<\/ul>\n<ul>\n<li><a href=\"https:\/\/www.keturist.sk\/info\/smer-volovske-vrchy\/obec-dedinky\/\">Dedinky (\u010d\u00edtaj viac&#8230;)<\/a><\/li>\n<\/ul>\n<ul>\n<li><a href=\"https:\/\/www.keturist.sk\/info\/smer-volovske-vrchy\/obec-jaklovce\/\">Jaklovce (\u010d\u00edtaj viac&#8230;)<\/a><\/li>\n<\/ul>\n<ul>\n<li><a href=\"https:\/\/www.keturist.sk\/info\/smer-volovske-vrchy\/obec-henclova\/\">Henclov\u00e1 (\u010d\u00edtaj viac&#8230;)<\/a><\/li>\n<\/ul>\n<ul>\n<li><a href=\"https:\/\/www.keturist.sk\/info\/smer-volovske-vrchy\/obec-hnilcik\/\">Hnil\u010d\u00edk (\u010d\u00edtaj viac&#8230;)<\/a><\/li>\n<\/ul>\n<ul>\n<li><a href=\"https:\/\/www.keturist.sk\/info\/smer-volovske-vrchy\/obec-hylov\/\">H\u00fd\u013eov (\u010d\u00edtaj viac&#8230;)<\/a><\/li>\n<\/ul>\n<ul>\n<li><a href=\"https:\/\/www.keturist.sk\/info\/smer-volovske-vrchy\/obec-kojsov\/\">Koj\u0161ov (\u010d\u00edtaj viac&#8230;)<\/a><\/li>\n<\/ul>\n<ul>\n<li><a href=\"https:\/\/www.keturist.sk\/info\/smer-volovske-vrchy\/obec-kosicka-bela\/\">Ko\u0161ick\u00e1 Bel\u00e1 (\u010d\u00edtaj viac&#8230;)<\/a><\/li>\n<\/ul>\n<ul>\n<li><a href=\"https:\/\/www.keturist.sk\/info\/smer-volovske-vrchy\/obec-mnisek-nad-hnilcom\/\">Mn\u00ed\u0161ek nad Hnilcom (\u010d\u00edtaj viac&#8230;)<\/a><\/li>\n<\/ul>\n<ul>\n<li><a href=\"https:\/\/www.keturist.sk\/info\/smer-volovske-vrchy\/obec-nalepkovo\/\">N\u00e1lepkovo (\u010d\u00edtaj viac&#8230;)<\/a><\/li>\n<\/ul>\n<ul>\n<li><a href=\"https:\/\/www.keturist.sk\/info\/smer-volovske-vrchy\/obec-nizny-klatov\/\">Ni\u017en\u00fd Klatov (\u010d\u00edtaj viac&#8230;)<\/a><\/li>\n<\/ul>\n<ul>\n<li><a href=\"https:\/\/www.keturist.sk\/info\/smer-volovske-vrchy\/obec-novacany\/\">Nova\u010dany (\u010d\u00edtaj viac&#8230;)<\/a><\/li>\n<\/ul>\n<ul>\n<li><a href=\"https:\/\/www.keturist.sk\/info\/smer-volovske-vrchy\/obec-olcnava\/\">Olcnava (\u010d\u00edtaj viac&#8230;)<\/a><\/li>\n<\/ul>\n<ul>\n<li><a href=\"https:\/\/www.keturist.sk\/info\/smer-volovske-vrchy\/obec-opatka\/\">Op\u00e1tka (\u010d\u00edtaj viac&#8230;)<\/a><\/li>\n<\/ul>\n<ul>\n<li><a href=\"https:\/\/www.keturist.sk\/info\/smer-volovske-vrchy\/obec-paca\/\">Pa\u010da (\u010d\u00edtaj viac&#8230;)<\/a><\/li>\n<\/ul>\n<ul>\n<li><a href=\"https:\/\/www.keturist.sk\/info\/smer-volovske-vrchy\/obec-poproc\/\">Popro\u010d (\u010d\u00edtaj viac&#8230;)<\/a><\/li>\n<\/ul>\n<ul>\n<li><a href=\"https:\/\/www.keturist.sk\/info\/smer-volovske-vrchy\/obec-porac\/\">Por\u00e1\u010d (\u010d\u00edtaj viac&#8230;)<\/a><\/li>\n<\/ul>\n<ul>\n<li><a href=\"https:\/\/www.keturist.sk\/info\/smer-volovske-vrchy\/obec-slovinky\/\">Slovinky (\u010d\u00edtaj viac&#8230;)<\/a><\/li>\n<\/ul>\n<ul>\n<li><a href=\"https:\/\/www.keturist.sk\/info\/smer-volovske-vrchy\/obec-smolnik\/\">Smolnik (\u010d\u00edtaj viac&#8230;)<\/a><\/li>\n<\/ul>\n<ul>\n<li><a href=\"https:\/\/www.keturist.sk\/info\/smer-volovske-vrchy\/obec-stara-voda\/\">Star\u00e1 voda (\u010d\u00edtaj viac&#8230;)<\/a><\/li>\n<\/ul>\n<ul>\n<li><a href=\"https:\/\/www.keturist.sk\/info\/smer-volovske-vrchy\/obec-semsa\/\">\u0160em\u0161a (\u010d\u00edtaj viac&#8230;)<\/a><\/li>\n<\/ul>\n<ul>\n<li><a href=\"https:\/\/www.keturist.sk\/info\/smer-volovske-vrchy\/obec-stos-stos-kupele\/\">\u0160t\u00f3s &#8211; \u0160t\u00f3ske k\u00fapele (\u010d\u00edtaj viac&#8230;)<\/a><\/li>\n<\/ul>\n<ul>\n<li><a href=\"https:\/\/www.keturist.sk\/info\/smer-volovske-vrchy\/obec-svedlar\/\">\u0160vedl\u00e1r (\u010d\u00edtaj viac&#8230;)<\/a><\/li>\n<\/ul>\n<ul>\n<li><a href=\"https:\/\/www.keturist.sk\/info\/smer-volovske-vrchy\/obec-vysny-medzev\/\">Vysn\u00fd Medzev (\u010d\u00edtaj viac&#8230;)<\/a><\/li>\n<\/ul>\n<ul>\n<li><a href=\"https:\/\/www.keturist.sk\/info\/smer-volovske-vrchy\/obec-vysny-klatov\/\">Vy\u0161n\u00fd Klatov \u010d\u00edtaj viac&#8230;)<\/a><\/li>\n<\/ul>\n<ul>\n<li><a href=\"https:\/\/www.keturist.sk\/info\/smer-volovske-vrchy\/obec-uhorna\/\">\u00dahorn\u00e1 (\u010d\u00edtaj viac&#8230;)<\/a><\/li>\n<\/ul>\n<ul>\n<li><a href=\"https:\/\/www.keturist.sk\/info\/kam-do-prirody\/kam-do-prirody-smer-volovske-vrchy\/za-horou-zahura\/\">Zahura (\u010d\u00edtaj viac&#8230;)<\/a><\/li>\n<\/ul>\n<ul>\n<li><a href=\"https:\/\/www.keturist.sk\/info\/smer-volovske-vrchy\/obec-zavadka\/\">Z\u00e1vadka (\u010d\u00edtaj viac&#8230;)<\/a><\/li>\n<\/ul>\n<ul>\n<li><a href=\"https:\/\/www.keturist.sk\/info\/smer-volovske-vrchy\/obec-zlata-idka\/\">Zlat\u00e1 Idka (\u010d\u00edtaj viac&#8230;)<\/a><\/li>\n<\/ul>\n<div class=\"su-divider su-divider-style-default\" style=\"margin:15px 0;border-width:2px;border-color:#000000\"><\/div>\n","protected":false},"excerpt":{"rendered":"<p>\u0160portovo-rekrea\u010dn\u00e9 stredisk\u00e1 \u0160portovo-relaxa\u010dn\u00e9 stredisko Pora\u010d PARK (\u010d\u00edtaj viac&#8230;) \u0160portovo-rekrea\u010dn\u00e9 stredisko Jahodn\u00e1 (\u010d\u00edtaj viac&#8230;) Rekrea\u010dn\u00e1 oblas\u0165 Koj\u0161ov\u00e1 Ho\u013ea (\u010d\u00edtaj viac&#8230;) Mesto Krompachy &#8211; Plejsy (\u010d\u00edtaj viac&#8230;) Rekrea\u010dn\u00e1 oblas\u0165 Ru\u017e\u00edn-Ko\u0161ick\u00e9 H\u00e1mre (\u010d\u00edtaj [&hellip;]<\/p>\n","protected":false},"author":1,"featured_media":0,"parent":11719,"menu_order":0,"comment_status":"closed","ping_status":"closed","template":"","meta":{"_uag_custom_page_level_css":"","_monsterinsights_skip_tracking":false,"_monsterinsights_sitenote_active":false,"_monsterinsights_sitenote_note":"","_monsterinsights_sitenote_category":0,"footnotes":""},"class_list":["post-1776","page","type-page","status-publish","hentry"],"featured_image_src":"","featured_image_src_square":false,"rbea_author_info":{"display_name":"admin","author_link":"https:\/\/www.keturist.sk\/info\/author\/admin\/"},"rbea_excerpt_info":"\u0160portovo-rekrea\u010dn\u00e9 stredisk\u00e1 \u0160portovo-relaxa\u010dn\u00e9 stredisko Pora\u010d PARK (\u010d\u00edtaj viac...) \u0160portovo-rekrea\u010dn\u00e9 stredisko Jahodn\u00e1 (\u010d\u00edtaj viac...) Rekrea\u010dn\u00e1 oblas\u0165 Koj\u0161ov\u00e1 Ho\u013ea (\u010d\u00edtaj viac...) Mesto Krompachy - Plejsy (\u010d\u00edtaj viac...) Rekrea\u010dn\u00e1 oblas\u0165 Ru\u017e\u00edn-Ko\u0161ick\u00e9 H\u00e1mre (\u010d\u00edtaj [&hellip;]","uagb_featured_image_src":{"full":false,"thumbnail":false,"medium":false,"medium_large":false,"large":false,"1536x1536":false,"2048x2048":false},"uagb_author_info":{"display_name":"admin","author_link":"https:\/\/www.keturist.sk\/info\/author\/admin\/"},"uagb_comment_info":0,"uagb_excerpt":"\u0160portovo-rekrea\u010dn\u00e9 stredisk\u00e1 \u0160portovo-relaxa\u010dn\u00e9 stredisko Pora\u010d PARK (\u010d\u00edtaj viac...) \u0160portovo-rekrea\u010dn\u00e9 stredisko Jahodn\u00e1 (\u010d\u00edtaj viac...) Rekrea\u010dn\u00e1 oblas\u0165 Koj\u0161ov\u00e1 Ho\u013ea (\u010d\u00edtaj viac...) Mesto Krompachy - Plejsy (\u010d\u00edtaj viac...) Rekrea\u010dn\u00e1 oblas\u0165 Ru\u017e\u00edn-Ko\u0161ick\u00e9 H\u00e1mre (\u010d\u00edtaj [&hellip;]","_links":{"self":[{"href":"https:\/\/www.keturist.sk\/info\/wp-json\/wp\/v2\/pages\/1776","targetHints":{"allow":["GET"]}}],"collection":[{"href":"https:\/\/www.keturist.sk\/info\/wp-json\/wp\/v2\/pages"}],"about":[{"href":"https:\/\/www.keturist.sk\/info\/wp-json\/wp\/v2\/types\/page"}],"author":[{"embeddable":true,"href":"https:\/\/www.keturist.sk\/info\/wp-json\/wp\/v2\/users\/1"}],"replies":[{"embeddable":true,"href":"https:\/\/www.keturist.sk\/info\/wp-json\/wp\/v2\/comments?post=1776"}],"version-history":[{"count":8,"href":"https:\/\/www.keturist.sk\/info\/wp-json\/wp\/v2\/pages\/1776\/revisions"}],"predecessor-version":[{"id":45826,"href":"https:\/\/www.keturist.sk\/info\/wp-json\/wp\/v2\/pages\/1776\/revisions\/45826"}],"up":[{"embeddable":true,"href":"https:\/\/www.keturist.sk\/info\/wp-json\/wp\/v2\/pages\/11719"}],"wp:attachment":[{"href":"https:\/\/www.keturist.sk\/info\/wp-json\/wp\/v2\/media?parent=1776"}],"curies":[{"name":"wp","href":"https:\/\/api.w.org\/{rel}","templated":true}]}}