{"id":17443,"date":"2016-08-31T06:07:57","date_gmt":"2016-08-31T04:07:57","guid":{"rendered":"https:\/\/www.keturist.sk\/info\/?page_id=17443"},"modified":"2021-11-14T08:54:11","modified_gmt":"2021-11-14T07:54:11","slug":"park-pred-divadlom-na-hlavnej-ulici-v-kosiciach","status":"publish","type":"page","link":"https:\/\/www.keturist.sk\/info\/zaujimavosti\/park-pred-divadlom-na-hlavnej-ulici-v-kosiciach\/","title":{"rendered":"Park na Hlavnom n\u00e1mest\u00ed v Ko\u0161iciach"},"content":{"rendered":"<a href=\"https:\/\/www.keturist.sk\/info\/\" class=\"su-button su-button-style-default\" style=\"color:#000000;background-color:#FFCF2F;border-color:#cca626;border-radius:5px\" target=\"_self\"><span style=\"color:#000000;padding:6px 16px;font-size:13px;line-height:20px;border-color:#ffde6e;border-radius:5px;text-shadow:none\"><i class=\"sui sui-arrow-right\" style=\"font-size:13px;color:#000000\"><\/i>  Spravodaj <\/span><\/a>\n<a href=\"https:\/\/www.keturist.sk\/info\/tipy-na-vylety\/\" class=\"su-button su-button-style-default\" style=\"color:#000000;background-color:#FFCF2F;border-color:#cca626;border-radius:5px\" target=\"_self\"><span style=\"color:#000000;padding:6px 16px;font-size:13px;line-height:20px;border-color:#ffde6e;border-radius:5px;text-shadow:none\"><i class=\"sui sui-arrow-right\" style=\"font-size:13px;color:#000000\"><\/i>  TIPY NA V\u00ddLETY <\/span><\/a>\n<a href=\"https:\/\/www.keturist.sk\/info\/zaujimavosti\/\" class=\"su-button su-button-style-default\" style=\"color:#000000;background-color:#FFCF2F;border-color:#cca626;border-radius:5px\" target=\"_self\"><span style=\"color:#000000;padding:6px 16px;font-size:13px;line-height:20px;border-color:#ffde6e;border-radius:5px;text-shadow:none\"><i class=\"sui sui-arrow-right\" style=\"font-size:13px;color:#000000\"><\/i>  Zauj\u00edmavosti <\/span><\/a>\n<div class=\"su-divider su-divider-style-default\" style=\"margin:15px 0;border-width:0px;border-color:#000000\"><\/div>\n<strong>Lokaliz\u00e1cia: <\/strong><a href=\"https:\/\/www.keturist.sk\/info\/vseobecne-informacie\/\">Ko\u0161ice<\/a> &#8211; <a href=\"https:\/\/www.keturist.sk\/info\/strediska-a-centra\/mc-stare-mesto\/\">M\u010c Star\u00e9 mesto<\/a><br \/>\n<div class=\"su-divider su-divider-style-default\" style=\"margin:15px 0;border-width:2px;border-color:#000000\"><\/div>\n<h3><span style=\"color: #808000;\">V\u0161eobecn\u00e9 inform\u00e1cie<\/span><\/h3>\n<p>Park na Hlavnom n\u00e1mest\u00ed sa nach\u00e1dza medzi <a href=\"https:\/\/www.keturist.sk\/info\/kam-za-pamiatkami\/dom-sv-alzbety\/\">D\u00f3mom sv. Al\u017ebety<\/a>,\u00a0<a href=\"https:\/\/www.keturist.sk\/info\/kam-za-pamiatkami\/urbanova-veza\/\">Urbanovou ve\u017eou<\/a> a <a href=\"https:\/\/www.keturist.sk\/info\/kam-za-pamiatkami\/statne-divadlo-v-kosiciach\/\">\u0160t\u00e1tnym divadlom<\/a>.<\/p>\n<figure id=\"attachment_37490\" aria-describedby=\"caption-attachment-37490\" style=\"width: 800px\" class=\"wp-caption aligncenter\"><a href=\"https:\/\/www.keturist.sk\/info\/wp-content\/uploads\/2020\/12\/park-kosice.jpg\"><img loading=\"lazy\" decoding=\"async\" class=\"wp-image-37490 size-full\" src=\"https:\/\/www.keturist.sk\/info\/wp-content\/uploads\/2020\/12\/park-kosice.jpg\" alt=\"\" width=\"800\" height=\"600\" srcset=\"https:\/\/www.keturist.sk\/info\/wp-content\/uploads\/2020\/12\/park-kosice.jpg 800w, https:\/\/www.keturist.sk\/info\/wp-content\/uploads\/2020\/12\/park-kosice-240x180.jpg 240w, https:\/\/www.keturist.sk\/info\/wp-content\/uploads\/2020\/12\/park-kosice-768x576.jpg 768w\" sizes=\"auto, (max-width: 800px) 100vw, 800px\" \/><\/a><figcaption id=\"caption-attachment-37490\" class=\"wp-caption-text\">Park na Hlavnom n\u00e1mest\u00ed<\/figcaption><\/figure>\n<p>Po\u010das svojej existencie mal r\u00f4zne men\u00e1 ako Szabads\u00e1g t\u00e9r, N\u00e1mestie slobody, Szent Erzs\u00e9bet t\u00e9r, Leninovo n\u00e1mestie a Hlavn\u00e9 n\u00e1mestie.<\/p>\n<p>Park vznikol v roku 1899, ke\u010f bola dokon\u010den\u00e1 nov\u00e1 divadeln\u00e1 budova dnes budova <a href=\"https:\/\/www.keturist.sk\/info\/kam-za-pamiatkami\/statne-divadlo-v-kosiciach\/\">\u0160t\u00e1tneho divadla Ko\u0161ice<\/a>.<\/p>\n<figure id=\"attachment_37486\" aria-describedby=\"caption-attachment-37486\" style=\"width: 800px\" class=\"wp-caption aligncenter\"><a href=\"https:\/\/www.keturist.sk\/info\/wp-content\/uploads\/2020\/12\/zvonkohra2-1.jpg\"><img loading=\"lazy\" decoding=\"async\" class=\"wp-image-37486 size-full\" src=\"https:\/\/www.keturist.sk\/info\/wp-content\/uploads\/2020\/12\/zvonkohra2-1.jpg\" alt=\"\" width=\"800\" height=\"533\" srcset=\"https:\/\/www.keturist.sk\/info\/wp-content\/uploads\/2020\/12\/zvonkohra2-1.jpg 800w, https:\/\/www.keturist.sk\/info\/wp-content\/uploads\/2020\/12\/zvonkohra2-1-270x180.jpg 270w, https:\/\/www.keturist.sk\/info\/wp-content\/uploads\/2020\/12\/zvonkohra2-1-768x512.jpg 768w\" sizes=\"auto, (max-width: 800px) 100vw, 800px\" \/><\/a><figcaption id=\"caption-attachment-37486\" class=\"wp-caption-text\">Spievaj\u00faca font\u00e1na<\/figcaption><\/figure>\n<p>Pred t\u00fdm tu bola plocha, ktor\u00e1 sl\u00fa\u017eila ako trhovisko s kupeck\u00fdmi kr\u00e1mami i obchodn\u00e1 hala v 18. storo\u010d\u00ed naz\u00fdvan\u00e1 <strong>Propyleum<\/strong>.<\/p>\n<p>Po zriaden\u00ed parku tu trh pretrval aj za\u010diatkom 20. storo\u010dia, ale u\u017e len pred <a href=\"https:\/\/www.keturist.sk\/info\/kam-za-pamiatkami\/urbanova-veza\/\">Urbanovou ve\u017eou<\/a>.<\/p>\n<figure id=\"attachment_37487\" aria-describedby=\"caption-attachment-37487\" style=\"width: 800px\" class=\"wp-caption aligncenter\"><a href=\"https:\/\/www.keturist.sk\/info\/wp-content\/uploads\/2020\/12\/zvonkohra3-1.jpg\"><img loading=\"lazy\" decoding=\"async\" class=\"wp-image-37487 size-full\" src=\"https:\/\/www.keturist.sk\/info\/wp-content\/uploads\/2020\/12\/zvonkohra3-1.jpg\" alt=\"\" width=\"800\" height=\"533\" srcset=\"https:\/\/www.keturist.sk\/info\/wp-content\/uploads\/2020\/12\/zvonkohra3-1.jpg 800w, https:\/\/www.keturist.sk\/info\/wp-content\/uploads\/2020\/12\/zvonkohra3-1-270x180.jpg 270w, https:\/\/www.keturist.sk\/info\/wp-content\/uploads\/2020\/12\/zvonkohra3-1-768x512.jpg 768w\" sizes=\"auto, (max-width: 800px) 100vw, 800px\" \/><\/a><figcaption id=\"caption-attachment-37487\" class=\"wp-caption-text\">zvonkohra v parku na Hlavnom n\u00e1mest\u00ed<\/figcaption><\/figure>\n<p>V \u010dasoch prvej \u010cSR v paku zriadili baz\u00e9n s font\u00e1nou, ktor\u00fd sl\u00fa\u017eil ako po\u017eiarna n\u00e1dr\u017e.<\/p>\n<p>Park bol v roku 1985-86 zrekon\u0161truovan\u00fd pod\u013ea projektu architekta <strong>Juraja Kobana<\/strong>.<\/p>\n<p>Bola postaven\u00e1 v roku 1986 <a href=\"https:\/\/www.keturist.sk\/info\/zaujimavosti\/spievajuca-fontana-a-zvonkohra-v-kosiciach\/\">spievaj\u00faca font\u00e1na<\/a>, ktor\u00e1 je najstar\u0161ou spievaj\u00facou font\u00e1nou v b\u00fdvalom \u010ceskoslovensku.<\/p>\n<p>Najv\u00e4\u010d\u0161ie z\u00e1sluhy na vzniku font\u00e1ny a rekon\u0161trukci\u00ed parku ma b\u00fdval\u00fd dvojn\u00e1sobn\u00fd ko\u0161ick\u00fd prim\u00e1tor a nesk\u00f4r aj slovensk\u00fd prezident <a href=\"https:\/\/sk.wikipedia.org\/wiki\/Rudolf_Schuster\" target=\"_blank\" rel=\"noopener noreferrer\">Rudol Schuster<\/a>.<\/p>\n<p>Posledn\u00e1 rekon\u0161trukcia parku a font\u00e1ny bola v roku 1996-97.<\/p>\n<p>Po\u010das tejto rekon\u0161trukcie tu bola nain\u0161talovan\u00e1 <a href=\"https:\/\/www.keturist.sk\/info\/zaujimavosti\/spievajuca-fontana-a-zvonkohra-v-kosiciach\/\">ko\u0161ick\u00e1 zvonkohra<\/a>.<\/p>\n<p>Prv\u00fdkr\u00e1t zaznela pri oslav\u00e1ch D\u0148a mesta Ko\u0161ice v roku 1997.<\/p>\n<h3><span style=\"color: #808000;\">Bl\u00edzke stredisko, turistick\u00e9 centrum, obec alebo mesto:<\/span><\/h3>\n<ul>\n<li><a href=\"https:\/\/www.keturist.sk\/info\/strediska-a-centra\/mc-stare-mesto\/\">Ko\u0161ice &#8211; M\u010c Star\u00e9 mesto (\u010d\u00edtaj viac&#8230;)<\/a><\/li>\n<\/ul>\n<h3><span style=\"color: #808000;\">Mapy<\/span><\/h3>\n<p><strong>Vrstvy: <\/strong>Turistick\u00e1 mapa, Automapa, Cyklomapa, Ly\u017eiarska mapa, Satelitn\u00e1 mapa a OpenStreetMap.<\/p>\n<p><strong>Kliknut\u00edm na logo &#8222;Freemap.sk&#8220; sa V\u00e1m mapa zobraz\u00ed na celej ploche obrazovky.<\/strong><\/p>\n<p><iframe style=\"width: 800px; height: 500px; border: 0;\" src=\"https:\/\/www.freemap.sk\/?map=15\/48.721072\/21.257805&amp;info-point=48.721072\/21.257805,Park na Hlavnom n\u00e1mest\u00ed&amp;layers=T&amp;embed=search\" allowfullscreen=\"allowfullscreen\"><span data-mce-type=\"bookmark\" style=\"display: inline-block; width: 0px; overflow: hidden; line-height: 0;\" class=\"mce_SELRES_start\">\ufeff<\/span><\/iframe><\/p>\n<h3><span style=\"color: #808000;\">Po\u010dasie<\/span><\/h3>\n<p><iframe style=\"width: 800px; height: 605px;\" src=\"https:\/\/www.meteoblue.com\/sk\/po%C4%8Dasie\/widget\/three\/ko%c5%a1ice_slovensk%c3%a1-republika_724443?geoloc=fixed&amp;nocurrent=0&amp;noforecast=0&amp;days=5&amp;tempunit=CELSIUS&amp;windunit=KILOMETER_PER_HOUR&amp;layout=image\" frameborder=\"0\" scrolling=\"NO\" sandbox=\"allow-same-origin allow-scripts allow-popups allow-popups-to-escape-sandbox\"><\/iframe><\/p>\n<div><!-- DO NOT REMOVE THIS LINK --><a href=\"https:\/\/www.meteoblue.com\/sk\/po%C4%8Dasie\/predpove%C4%8F\/t%C3%BD%C5%BEde%C5%88\/ko%c5%a1ice_slovensk%c3%a1-republika_724443?utm_source=weather_widget&amp;utm_medium=linkus&amp;utm_content=three&amp;utm_campaign=Weather%2BWidget\" target=\"_blank\" rel=\"noopener noreferrer\">meteoblue<\/a><\/div>\n","protected":false},"excerpt":{"rendered":"<p>Lokaliz\u00e1cia: Ko\u0161ice &#8211; M\u010c Star\u00e9 mesto V\u0161eobecn\u00e9 inform\u00e1cie Park na Hlavnom n\u00e1mest\u00ed sa nach\u00e1dza medzi D\u00f3mom sv. Al\u017ebety,\u00a0Urbanovou ve\u017eou a \u0160t\u00e1tnym divadlom. Po\u010das svojej existencie mal r\u00f4zne men\u00e1 ako Szabads\u00e1g [&hellip;]<\/p>\n","protected":false},"author":1,"featured_media":0,"parent":260,"menu_order":0,"comment_status":"closed","ping_status":"closed","template":"","meta":{"_uag_custom_page_level_css":"","_monsterinsights_skip_tracking":false,"_monsterinsights_sitenote_active":false,"_monsterinsights_sitenote_note":"","_monsterinsights_sitenote_category":0,"footnotes":""},"class_list":["post-17443","page","type-page","status-publish","hentry"],"featured_image_src":"","featured_image_src_square":false,"rbea_author_info":{"display_name":"admin","author_link":"https:\/\/www.keturist.sk\/info\/author\/admin\/"},"rbea_excerpt_info":"Lokaliz\u00e1cia: Ko\u0161ice &#8211; M\u010c Star\u00e9 mesto V\u0161eobecn\u00e9 inform\u00e1cie Park na Hlavnom n\u00e1mest\u00ed sa nach\u00e1dza medzi D\u00f3mom sv. Al\u017ebety,\u00a0Urbanovou ve\u017eou a \u0160t\u00e1tnym divadlom. Po\u010das svojej existencie mal r\u00f4zne men\u00e1 ako Szabads\u00e1g [&hellip;]","uagb_featured_image_src":{"full":false,"thumbnail":false,"medium":false,"medium_large":false,"large":false,"1536x1536":false,"2048x2048":false},"uagb_author_info":{"display_name":"admin","author_link":"https:\/\/www.keturist.sk\/info\/author\/admin\/"},"uagb_comment_info":0,"uagb_excerpt":"Lokaliz\u00e1cia: Ko\u0161ice &#8211; M\u010c Star\u00e9 mesto V\u0161eobecn\u00e9 inform\u00e1cie Park na Hlavnom n\u00e1mest\u00ed sa nach\u00e1dza medzi D\u00f3mom sv. Al\u017ebety,\u00a0Urbanovou ve\u017eou a \u0160t\u00e1tnym divadlom. Po\u010das svojej existencie mal r\u00f4zne men\u00e1 ako Szabads\u00e1g [&hellip;]","_links":{"self":[{"href":"https:\/\/www.keturist.sk\/info\/wp-json\/wp\/v2\/pages\/17443","targetHints":{"allow":["GET"]}}],"collection":[{"href":"https:\/\/www.keturist.sk\/info\/wp-json\/wp\/v2\/pages"}],"about":[{"href":"https:\/\/www.keturist.sk\/info\/wp-json\/wp\/v2\/types\/page"}],"author":[{"embeddable":true,"href":"https:\/\/www.keturist.sk\/info\/wp-json\/wp\/v2\/users\/1"}],"replies":[{"embeddable":true,"href":"https:\/\/www.keturist.sk\/info\/wp-json\/wp\/v2\/comments?post=17443"}],"version-history":[{"count":4,"href":"https:\/\/www.keturist.sk\/info\/wp-json\/wp\/v2\/pages\/17443\/revisions"}],"predecessor-version":[{"id":43734,"href":"https:\/\/www.keturist.sk\/info\/wp-json\/wp\/v2\/pages\/17443\/revisions\/43734"}],"up":[{"embeddable":true,"href":"https:\/\/www.keturist.sk\/info\/wp-json\/wp\/v2\/pages\/260"}],"wp:attachment":[{"href":"https:\/\/www.keturist.sk\/info\/wp-json\/wp\/v2\/media?parent=17443"}],"curies":[{"name":"wp","href":"https:\/\/api.w.org\/{rel}","templated":true}]}}