{"id":16925,"date":"2016-08-04T06:37:04","date_gmt":"2016-08-04T04:37:04","guid":{"rendered":"https:\/\/www.keturist.sk\/info\/?page_id=16925"},"modified":"2021-11-14T08:43:49","modified_gmt":"2021-11-14T07:43:49","slug":"mlynsky-nahon","status":"publish","type":"page","link":"https:\/\/www.keturist.sk\/info\/kam-do-prirody\/kam-do-prirody-smer-kosice\/mlynsky-nahon\/","title":{"rendered":"Mlynsk\u00fd n\u00e1hon"},"content":{"rendered":"<a href=\"https:\/\/www.keturist.sk\/info\/\" class=\"su-button su-button-style-default\" style=\"color:#000000;background-color:#FFCF2F;border-color:#cca626;border-radius:5px\" target=\"_self\"><span style=\"color:#000000;padding:6px 16px;font-size:13px;line-height:20px;border-color:#ffde6e;border-radius:5px;text-shadow:none\"><i class=\"sui sui-arrow-right\" style=\"font-size:13px;color:#000000\"><\/i>  Spravodaj <\/span><\/a>\n<a href=\"https:\/\/www.keturist.sk\/info\/tipy-na-vylety\/\" class=\"su-button su-button-style-default\" style=\"color:#000000;background-color:#FFCF2F;border-color:#cca626;border-radius:5px\" target=\"_self\"><span style=\"color:#000000;padding:6px 16px;font-size:13px;line-height:20px;border-color:#ffde6e;border-radius:5px;text-shadow:none\"><i class=\"sui sui-arrow-right\" style=\"font-size:13px;color:#000000\"><\/i>  TIPY NA V\u00ddLETY <\/span><\/a>\n<a href=\"https:\/\/www.keturist.sk\/info\/zaujimavosti\/\" class=\"su-button su-button-style-default\" style=\"color:#000000;background-color:#FFCF2F;border-color:#cca626;border-radius:5px\" target=\"_self\"><span style=\"color:#000000;padding:6px 16px;font-size:13px;line-height:20px;border-color:#ffde6e;border-radius:5px;text-shadow:none\"><i class=\"sui sui-arrow-right\" style=\"font-size:13px;color:#000000\"><\/i>  Zauj\u00edmavosti <\/span><\/a>\n<div class=\"su-divider su-divider-style-default\" style=\"margin:15px 0;border-width:0px;border-color:#000000\"><\/div>\n<strong>Lokaliz\u00e1cia: <\/strong> <a href=\"https:\/\/www.keturist.sk\/info\/vseobecne-informacie\/\">Ko\u0161ice<\/a> a <a href=\"https:\/\/www.keturist.sk\/info\/kam-do-prirody\/kosicka-kotlina\/\">Ko\u0161ick\u00e1 kotlina<\/a><br \/>\n<div class=\"su-divider su-divider-style-default\" style=\"margin:15px 0;border-width:2px;border-color:#000000\"><\/div>\n<h3><span style=\"color: #808000;\">V\u0161eobecn\u00e9 inform\u00e1cie<\/span><\/h3>\n<p>Mlynsk\u00fd n\u00e1hon je technick\u00e1 pamiatka a najstar\u0161ie in\u017einierske dielo v <a href=\"https:\/\/www.keturist.sk\/info\/vseobecne-informacie\/mesto-kosice\/\">Ko\u0161iciach<\/a>, ktor\u00e9 vzniklo pribli\u017ene\u00a0 v 15. storo\u010d\u00ed.<\/p>\n<figure id=\"attachment_37405\" aria-describedby=\"caption-attachment-37405\" style=\"width: 800px\" class=\"wp-caption aligncenter\"><a href=\"https:\/\/www.keturist.sk\/info\/wp-content\/uploads\/2020\/12\/mlynnah1.jpg\"><img loading=\"lazy\" decoding=\"async\" class=\"wp-image-37405 size-medium\" src=\"https:\/\/www.keturist.sk\/info\/wp-content\/uploads\/2020\/12\/mlynnah1-800x600.jpg\" alt=\"\" width=\"800\" height=\"600\" srcset=\"https:\/\/www.keturist.sk\/info\/wp-content\/uploads\/2020\/12\/mlynnah1-800x600.jpg 800w, https:\/\/www.keturist.sk\/info\/wp-content\/uploads\/2020\/12\/mlynnah1-240x180.jpg 240w, https:\/\/www.keturist.sk\/info\/wp-content\/uploads\/2020\/12\/mlynnah1-768x576.jpg 768w, https:\/\/www.keturist.sk\/info\/wp-content\/uploads\/2020\/12\/mlynnah1.jpg 1000w\" sizes=\"auto, (max-width: 800px) 100vw, 800px\" \/><\/a><figcaption id=\"caption-attachment-37405\" class=\"wp-caption-text\">Mlynsk\u00fd n\u00e1hon a hotel Yasmin Ko\u0161ice<\/figcaption><\/figure>\n<p>I\u0161lo bu\u010f o umelo vytvoren\u00fd vodn\u00fd tok, ktor\u00fd bol ramenom rieky <a href=\"https:\/\/www.keturist.sk\/info\/kam-do-prirody\/rieka-hornad\/\">Horn\u00e1d<\/a> alebo o upraven\u00fd meander ramena spom\u00ednanej rieky.<\/p>\n<p>Dostal pomenovanie po b\u00fdvalom vodnom mlyne.<\/p>\n<figure id=\"attachment_37406\" aria-describedby=\"caption-attachment-37406\" style=\"width: 800px\" class=\"wp-caption aligncenter\"><a href=\"https:\/\/www.keturist.sk\/info\/wp-content\/uploads\/2020\/12\/mlynnah2.jpg\"><img loading=\"lazy\" decoding=\"async\" class=\"wp-image-37406 size-medium\" src=\"https:\/\/www.keturist.sk\/info\/wp-content\/uploads\/2020\/12\/mlynnah2-800x600.jpg\" alt=\"\" width=\"800\" height=\"600\" srcset=\"https:\/\/www.keturist.sk\/info\/wp-content\/uploads\/2020\/12\/mlynnah2-800x600.jpg 800w, https:\/\/www.keturist.sk\/info\/wp-content\/uploads\/2020\/12\/mlynnah2-240x180.jpg 240w, https:\/\/www.keturist.sk\/info\/wp-content\/uploads\/2020\/12\/mlynnah2-768x576.jpg 768w, https:\/\/www.keturist.sk\/info\/wp-content\/uploads\/2020\/12\/mlynnah2.jpg 1000w\" sizes=\"auto, (max-width: 800px) 100vw, 800px\" \/><\/a><figcaption id=\"caption-attachment-37406\" class=\"wp-caption-text\">Mlynsk\u00fd n\u00e1hon a most (ul.\u0164ahanovsk\u00e9 riadky)<\/figcaption><\/figure>\n<p>V minulosti bol vyu\u017e\u00edvan\u00fd na rekre\u00e1ciu i ako hnacia sila.<\/p>\n<p>Prv\u00e9 mlyny na Mlynskom jarku vznikli pravdepodobne u\u017e v polovici 14. storo\u010dia.<\/p>\n<figure id=\"attachment_37407\" aria-describedby=\"caption-attachment-37407\" style=\"width: 800px\" class=\"wp-caption aligncenter\"><a href=\"https:\/\/www.keturist.sk\/info\/wp-content\/uploads\/2020\/12\/mlynnah3.jpg\"><img loading=\"lazy\" decoding=\"async\" class=\"wp-image-37407 size-medium\" src=\"https:\/\/www.keturist.sk\/info\/wp-content\/uploads\/2020\/12\/mlynnah3-800x600.jpg\" alt=\"\" width=\"800\" height=\"600\" srcset=\"https:\/\/www.keturist.sk\/info\/wp-content\/uploads\/2020\/12\/mlynnah3-800x600.jpg 800w, https:\/\/www.keturist.sk\/info\/wp-content\/uploads\/2020\/12\/mlynnah3-240x180.jpg 240w, https:\/\/www.keturist.sk\/info\/wp-content\/uploads\/2020\/12\/mlynnah3-768x576.jpg 768w, https:\/\/www.keturist.sk\/info\/wp-content\/uploads\/2020\/12\/mlynnah3.jpg 1000w\" sizes=\"auto, (max-width: 800px) 100vw, 800px\" \/><\/a><figcaption id=\"caption-attachment-37407\" class=\"wp-caption-text\">ul.\u0164ahanovsk\u00e9 riadky<\/figcaption><\/figure>\n<p>Zatia\u013e najstar\u0161\u00ed zn\u00e1my v\u00fdkres zachytavaj\u00faci Mlynsk\u00fd n\u00e1hon je n\u00e1kres, ktor\u00fd pre cis\u00e1rskeho gener\u00e1la <strong>Enea Capraru<\/strong> vyhotovil nezn\u00e1mi franc\u00fazsky in\u017einier v \u010dase obliehania <a href=\"https:\/\/www.keturist.sk\/info\/vseobecne-informacie\/mesto-kosice\/\">Ko\u0161\u00edc<\/a> v roku 1685.<\/p>\n<p>Mlynsk\u00fd n\u00e1hon pretekal za <a href=\"https:\/\/www.keturist.sk\/info\/kam-za-pamiatkami\/mestske-hradby\/\">mestsk\u00fdmi hradbami<\/a>.<\/p>\n<figure id=\"attachment_37408\" aria-describedby=\"caption-attachment-37408\" style=\"width: 800px\" class=\"wp-caption aligncenter\"><a href=\"https:\/\/www.keturist.sk\/info\/wp-content\/uploads\/2020\/12\/mlynnah4.jpg\"><img loading=\"lazy\" decoding=\"async\" class=\"wp-image-37408 size-medium\" src=\"https:\/\/www.keturist.sk\/info\/wp-content\/uploads\/2020\/12\/mlynnah4-800x600.jpg\" alt=\"\" width=\"800\" height=\"600\" srcset=\"https:\/\/www.keturist.sk\/info\/wp-content\/uploads\/2020\/12\/mlynnah4-800x600.jpg 800w, https:\/\/www.keturist.sk\/info\/wp-content\/uploads\/2020\/12\/mlynnah4-240x180.jpg 240w, https:\/\/www.keturist.sk\/info\/wp-content\/uploads\/2020\/12\/mlynnah4-768x576.jpg 768w, https:\/\/www.keturist.sk\/info\/wp-content\/uploads\/2020\/12\/mlynnah4.jpg 1000w\" sizes=\"auto, (max-width: 800px) 100vw, 800px\" \/><\/a><figcaption id=\"caption-attachment-37408\" class=\"wp-caption-text\">Mlynsk\u00fd n\u00e1hona a za mostom jazero Ryba<\/figcaption><\/figure>\n<p>Boli na \u0148om vybudovan\u00e9 mlyny, v ktor\u00fdch sa nemusela mlie\u0165 iba m\u00faka.<\/p>\n<p>Mohli premie\u0148a\u0165 vodn\u00fa silu aj na in\u00fa energiu.<\/p>\n<figure id=\"attachment_37409\" aria-describedby=\"caption-attachment-37409\" style=\"width: 800px\" class=\"wp-caption aligncenter\"><a href=\"https:\/\/www.keturist.sk\/info\/wp-content\/uploads\/2020\/12\/mlynnah5.jpg\"><img loading=\"lazy\" decoding=\"async\" class=\"wp-image-37409 size-medium\" src=\"https:\/\/www.keturist.sk\/info\/wp-content\/uploads\/2020\/12\/mlynnah5-800x600.jpg\" alt=\"\" width=\"800\" height=\"600\" srcset=\"https:\/\/www.keturist.sk\/info\/wp-content\/uploads\/2020\/12\/mlynnah5-800x600.jpg 800w, https:\/\/www.keturist.sk\/info\/wp-content\/uploads\/2020\/12\/mlynnah5-240x180.jpg 240w, https:\/\/www.keturist.sk\/info\/wp-content\/uploads\/2020\/12\/mlynnah5-768x576.jpg 768w, https:\/\/www.keturist.sk\/info\/wp-content\/uploads\/2020\/12\/mlynnah5.jpg 1000w\" sizes=\"auto, (max-width: 800px) 100vw, 800px\" \/><\/a><figcaption id=\"caption-attachment-37409\" class=\"wp-caption-text\">Mal\u00e1 vodn\u00e1 elektr\u00e1re\u0148 \u0164ahanovce<\/figcaption><\/figure>\n<p>V\u00fdrazom mlynsk\u00fd n\u00e1hon sa ozna\u010dovali v\u0161etky mlyny, t. j. zariadenia, ktor\u00e9 poh\u00e1\u0148ala voda.<\/p>\n<p>Boli to valchovacie mlyny, kujne \u017eeleza, v\u00fdroba dr\u00f4tu, plechu, drvi\u010de rudy at\u010f.<\/p>\n<figure id=\"attachment_37410\" aria-describedby=\"caption-attachment-37410\" style=\"width: 800px\" class=\"wp-caption aligncenter\"><a href=\"https:\/\/www.keturist.sk\/info\/wp-content\/uploads\/2020\/12\/jakab.jpg\"><img loading=\"lazy\" decoding=\"async\" class=\"wp-image-37410 size-medium\" src=\"https:\/\/www.keturist.sk\/info\/wp-content\/uploads\/2020\/12\/jakab-800x519.jpg\" alt=\"\" width=\"800\" height=\"519\" srcset=\"https:\/\/www.keturist.sk\/info\/wp-content\/uploads\/2020\/12\/jakab-800x519.jpg 800w, https:\/\/www.keturist.sk\/info\/wp-content\/uploads\/2020\/12\/jakab-270x175.jpg 270w, https:\/\/www.keturist.sk\/info\/wp-content\/uploads\/2020\/12\/jakab-768x498.jpg 768w, https:\/\/www.keturist.sk\/info\/wp-content\/uploads\/2020\/12\/jakab.jpg 860w\" sizes=\"auto, (max-width: 800px) 100vw, 800px\" \/><\/a><figcaption id=\"caption-attachment-37410\" class=\"wp-caption-text\">Mlynsk\u00fd n\u00e1hon v roku 1938<\/figcaption><\/figure>\n<p>V 19. storo\u010d\u00ed tu postavili aj vodn\u00e9 turb\u00edny.<\/p>\n<p>Najzn\u00e1mej\u0161ia bola mal\u00e1 vodn\u00e1 elektr\u00e1re\u0148 Turbina na mieste Horn\u00e9ho mlyna pri <a href=\"https:\/\/www.keturist.sk\/info\/kam-za-pamiatkami\/mlynska-basta\/\">Mlynskej baste<\/a>.<\/p>\n<p>V roku 1900 viedlo cez n\u00e1hon a\u017e 15 mostov.<\/p>\n<p>V roku 1968 v\u0161ak bola voda na <strong>Ra\u0161\u00ednovej ulici<\/strong> (dnes <strong>\u0160tef\u00e1nikova ulica<\/strong>) vypumpovan\u00e1 a\u00a0 nahraden\u00e1 \u0161tvorpr\u00fadovou komunik\u00e1ciou, \u010d\u00edm sa z centra mesta odstr\u00e1nila vodn\u00e1 plocha.<\/p>\n<p>T\u00fdmto urbanistick\u00fdm z\u00e1sahom bol v hlbokej priekope koryta Mlynsk\u00e9ho n\u00e1honu vybudovan\u00fd v\u00fdchodn\u00fd okru\u017en\u00fd komunika\u010dn\u00fd \u0165ah mesta <a href=\"https:\/\/www.keturist.sk\/info\/vseobecne-informacie\/mesto-kosice\/\">Ko\u0161ice<\/a>.<\/p>\n<p>T\u00e1to cesta je hlavnou dopravnou spojnicou medzi severom a juhom mesta.<\/p>\n<p>Mesto <a href=\"https:\/\/www.keturist.sk\/info\/vseobecne-informacie\/mesto-kosice\/\">Ko\u0161ice<\/a> tak pri\u0161lo a najkraj\u0161iu a najp\u00f4sobivej\u0161iu \u010das\u0165 Mlynsk\u00e9ho n\u00e1honu naz\u00fdvan\u00fa aj <strong>Ko\u0161ick\u00e9 Ben\u00e1tky<\/strong>.<\/p>\n<p>O jeho \u010diasto\u010dn\u00fa obnovu sa v 80. rokoch 20. storo\u010dia postaral vtedaj\u0161\u00ed prim\u00e1tor mesta <a href=\"https:\/\/sk.wikipedia.org\/wiki\/Rudolf_Schuster\" target=\"_blank\" rel=\"noopener noreferrer\">Rudolf Schuster<\/a>.<\/p>\n<p>V s\u00fa\u010dasnosti Mlynsk\u00fd n\u00e1hon za\u010d\u00edna pri <a href=\"http:\/\/www.ryba-anicka.sk\/\" target=\"_blank\" rel=\"noopener noreferrer\">jazere Ryba<\/a> na <a href=\"https:\/\/www.keturist.sk\/info\/turisticke-vychodiska\/strediska-a-centra\/areal-anicka\/\">Ani\u010dke<\/a>, s ktor\u00fdm je aj prepojen\u00fd.<\/p>\n<p>Mlynsk\u00fd n\u00e1hon je nap\u00fa\u0161\u0165an\u00fd bet\u00f3nov\u00fdm potrub\u00edm situovan\u00fdm pri rieke Horn\u00e1d pod <strong>Malou vodnou elektr\u00e1r\u0148ou \u0164ahanovce<\/strong>.<\/p>\n<p>N\u00e1sledne pretek\u00e1 ulicami <strong>\u0164ahanovsk\u00e9 riadky<\/strong>, <strong>Ale\u0161ovo n\u00e1bre\u017eie<\/strong> a <strong>Tyr\u0161ovo n\u00e1bre\u017eie<\/strong>\u00a0 a\u017e po <strong>Gork\u00e9ho ulicu<\/strong>.<\/p>\n<p>Potom pretek\u00e1\u00a0 podzem\u00edm cez <strong>Star\u00e9 Mesto<\/strong> ju\u017en\u00fdm smerom.<\/p>\n<p>Voda z Mlynsk\u00e9ho n\u00e1honu je odv\u00e1dzan\u00e1 odpadov\u00fdm potrub\u00edm ulo\u017een\u00fdm v b\u00fdvalej trase Mlynsk\u00e9ho n\u00e1honu.<\/p>\n<p>Na povrch op\u00e4\u0165 vyviera na za\u010diatku ulice <strong>Pri bit\u00fanku<\/strong>, pri ktorej aj n\u00e1sledne pretek\u00e1.<\/p>\n<p>Vlieva sa po 1km (od ulice <strong>Pri bit\u00fanku<\/strong>) do rieky <a href=\"https:\/\/www.keturist.sk\/info\/kam-do-prirody\/rieka-hornad\/\">Horn\u00e1d<\/a> na \u00fazem\u00ed mestskej \u010dasti Juh.<\/p>\n<p>Celkov\u00e1 d\u013a\u017eka Mlynsk\u00e9ho n\u00e1honu je pribli\u017ene 5,5 km.<\/p>\n<p>V s\u00fa\u010dasnosti sa obnovi\u0165 Mlynsk\u00fd n\u00e1hon v jeho p\u00f4vodnom koryte a vytvori\u0165 s\u00favisl\u00fd biokoridor pozd\u013a\u017e cel\u00e9ho vodn\u00e9ho toku s mestotvorn\u00fdmi, enviroment\u00e1lnymi a spolo\u010densk\u00fdmi funkciami sna\u017e\u00ed ob\u010dianske zdru\u017eenie <a href=\"https:\/\/mlynskynahon.sk\/\" target=\"_blank\" rel=\"noopener noreferrer\">Mlynsk\u00fd n\u00e1hon, o. z.<\/a>.<\/p>\n<h3><span style=\"color: #808000;\">Kontakt<\/span><\/h3>\n<p><strong>Mlynsk\u00fd n\u00e1hon, o. z.<\/strong><br \/>\nGa\u0161tanov\u00e1 9<br \/>\n040 01 Ko\u0161ice<br \/>\nSlovensk\u00e1 republika<\/p>\n<p><strong>E-mail:<\/strong> <a href=\"mailto:info@mlynskynahon.sk\" target=\"_blank\" rel=\"noopener noreferrer\">info@mlynskynahon.sk<\/a><\/p>\n<p><strong>Web:<\/strong> <a href=\"https:\/\/mlynskynahon.sk\/\" target=\"_blank\" rel=\"noopener noreferrer\">www.mlynskynahon.sk<\/a><\/p>\n<h3><span style=\"color: #808000;\">Mapy<\/span><\/h3>\n<p><strong>Vrstvy: <\/strong>Turistick\u00e1 mapa, Automapa, Cyklomapa, Ly\u017eiarska mapa, Satelitn\u00e1 mapa a OpenStreetMap.<\/p>\n<p><strong>Kliknut\u00edm na logo &#8222;Freemap.sk&#8220; sa V\u00e1m mapa zobraz\u00ed na celej ploche obrazovky.<\/strong><\/p>\n<p><iframe style=\"width: 800px; height: 500px; border: 0;\" src=\"https:\/\/www.freemap.sk\/?map=15\/48.729679\/21.256045&amp;info-point=48.729679\/21.256045,Mlynsk\u00fd n\u00e1hon&amp;layers=T&amp;embed=search\" allowfullscreen=\"allowfullscreen\"><span data-mce-type=\"bookmark\" style=\"display: inline-block; width: 0px; overflow: hidden; line-height: 0;\" class=\"mce_SELRES_start\">\ufeff<\/span><\/iframe><\/p>\n<h3><span style=\"color: #808000;\">Po\u010dasie<\/span><\/h3>\n<p><iframe style=\"width: 800px; height: 605px;\" src=\"https:\/\/www.meteoblue.com\/sk\/po%C4%8Dasie\/widget\/three\/ko%c5%a1ice_slovensk%c3%a1-republika_724443?geoloc=fixed&amp;nocurrent=0&amp;noforecast=0&amp;days=5&amp;tempunit=CELSIUS&amp;windunit=KILOMETER_PER_HOUR&amp;layout=image\" frameborder=\"0\" scrolling=\"NO\" sandbox=\"allow-same-origin allow-scripts allow-popups allow-popups-to-escape-sandbox\"><\/iframe><\/p>\n<div><!-- DO NOT REMOVE THIS LINK --><a href=\"https:\/\/www.meteoblue.com\/sk\/po%C4%8Dasie\/predpove%C4%8F\/t%C3%BD%C5%BEde%C5%88\/ko%c5%a1ice_slovensk%c3%a1-republika_724443?utm_source=weather_widget&amp;utm_medium=linkus&amp;utm_content=three&amp;utm_campaign=Weather%2BWidget\" target=\"_blank\" rel=\"noopener noreferrer\">meteoblue<\/a><\/div>\n","protected":false},"excerpt":{"rendered":"<p>Lokaliz\u00e1cia: Ko\u0161ice a Ko\u0161ick\u00e1 kotlina V\u0161eobecn\u00e9 inform\u00e1cie Mlynsk\u00fd n\u00e1hon je technick\u00e1 pamiatka a najstar\u0161ie in\u017einierske dielo v Ko\u0161iciach, ktor\u00e9 vzniklo pribli\u017ene\u00a0 v 15. storo\u010d\u00ed. I\u0161lo bu\u010f o umelo vytvoren\u00fd vodn\u00fd [&hellip;]<\/p>\n","protected":false},"author":1,"featured_media":0,"parent":11574,"menu_order":0,"comment_status":"closed","ping_status":"closed","template":"","meta":{"_uag_custom_page_level_css":"","_monsterinsights_skip_tracking":false,"_monsterinsights_sitenote_active":false,"_monsterinsights_sitenote_note":"","_monsterinsights_sitenote_category":0,"footnotes":""},"class_list":["post-16925","page","type-page","status-publish","hentry"],"featured_image_src":"","featured_image_src_square":false,"rbea_author_info":{"display_name":"admin","author_link":"https:\/\/www.keturist.sk\/info\/author\/admin\/"},"rbea_excerpt_info":"Lokaliz\u00e1cia: Ko\u0161ice a Ko\u0161ick\u00e1 kotlina V\u0161eobecn\u00e9 inform\u00e1cie Mlynsk\u00fd n\u00e1hon je technick\u00e1 pamiatka a najstar\u0161ie in\u017einierske dielo v Ko\u0161iciach, ktor\u00e9 vzniklo pribli\u017ene\u00a0 v 15. storo\u010d\u00ed. I\u0161lo bu\u010f o umelo vytvoren\u00fd vodn\u00fd [&hellip;]","uagb_featured_image_src":{"full":false,"thumbnail":false,"medium":false,"medium_large":false,"large":false,"1536x1536":false,"2048x2048":false},"uagb_author_info":{"display_name":"admin","author_link":"https:\/\/www.keturist.sk\/info\/author\/admin\/"},"uagb_comment_info":0,"uagb_excerpt":"Lokaliz\u00e1cia: Ko\u0161ice a Ko\u0161ick\u00e1 kotlina V\u0161eobecn\u00e9 inform\u00e1cie Mlynsk\u00fd n\u00e1hon je technick\u00e1 pamiatka a najstar\u0161ie in\u017einierske dielo v Ko\u0161iciach, ktor\u00e9 vzniklo pribli\u017ene\u00a0 v 15. storo\u010d\u00ed. I\u0161lo bu\u010f o umelo vytvoren\u00fd vodn\u00fd [&hellip;]","_links":{"self":[{"href":"https:\/\/www.keturist.sk\/info\/wp-json\/wp\/v2\/pages\/16925","targetHints":{"allow":["GET"]}}],"collection":[{"href":"https:\/\/www.keturist.sk\/info\/wp-json\/wp\/v2\/pages"}],"about":[{"href":"https:\/\/www.keturist.sk\/info\/wp-json\/wp\/v2\/types\/page"}],"author":[{"embeddable":true,"href":"https:\/\/www.keturist.sk\/info\/wp-json\/wp\/v2\/users\/1"}],"replies":[{"embeddable":true,"href":"https:\/\/www.keturist.sk\/info\/wp-json\/wp\/v2\/comments?post=16925"}],"version-history":[{"count":4,"href":"https:\/\/www.keturist.sk\/info\/wp-json\/wp\/v2\/pages\/16925\/revisions"}],"predecessor-version":[{"id":43721,"href":"https:\/\/www.keturist.sk\/info\/wp-json\/wp\/v2\/pages\/16925\/revisions\/43721"}],"up":[{"embeddable":true,"href":"https:\/\/www.keturist.sk\/info\/wp-json\/wp\/v2\/pages\/11574"}],"wp:attachment":[{"href":"https:\/\/www.keturist.sk\/info\/wp-json\/wp\/v2\/media?parent=16925"}],"curies":[{"name":"wp","href":"https:\/\/api.w.org\/{rel}","templated":true}]}}