{"id":16599,"date":"2016-07-16T15:37:34","date_gmt":"2016-07-16T13:37:34","guid":{"rendered":"https:\/\/www.keturist.sk\/info\/?page_id=16599"},"modified":"2021-11-14T08:53:13","modified_gmt":"2021-11-14T07:53:13","slug":"spievajuca-fontana-a-zvonkohra-v-kosiciach","status":"publish","type":"page","link":"https:\/\/www.keturist.sk\/info\/zaujimavosti\/spievajuca-fontana-a-zvonkohra-v-kosiciach\/","title":{"rendered":"Spievaj\u00faca font\u00e1na a zvonkohra v Ko\u0161iciach"},"content":{"rendered":"<a href=\"https:\/\/www.keturist.sk\/info\/\" class=\"su-button su-button-style-default\" style=\"color:#000000;background-color:#FFCF2F;border-color:#cca626;border-radius:5px\" target=\"_self\"><span style=\"color:#000000;padding:6px 16px;font-size:13px;line-height:20px;border-color:#ffde6e;border-radius:5px;text-shadow:none\"><i class=\"sui sui-arrow-right\" style=\"font-size:13px;color:#000000\"><\/i>  Spravodaj <\/span><\/a>\n<a href=\"https:\/\/www.keturist.sk\/info\/tipy-na-vylety\/\" class=\"su-button su-button-style-default\" style=\"color:#000000;background-color:#FFCF2F;border-color:#cca626;border-radius:5px\" target=\"_self\"><span style=\"color:#000000;padding:6px 16px;font-size:13px;line-height:20px;border-color:#ffde6e;border-radius:5px;text-shadow:none\"><i class=\"sui sui-arrow-right\" style=\"font-size:13px;color:#000000\"><\/i>  TIPY NA V\u00ddLETY <\/span><\/a>\n<a href=\"https:\/\/www.keturist.sk\/info\/zaujimavosti\/\" class=\"su-button su-button-style-default\" style=\"color:#000000;background-color:#FFCF2F;border-color:#cca626;border-radius:5px\" target=\"_self\"><span style=\"color:#000000;padding:6px 16px;font-size:13px;line-height:20px;border-color:#ffde6e;border-radius:5px;text-shadow:none\"><i class=\"sui sui-arrow-right\" style=\"font-size:13px;color:#000000\"><\/i>  Zauj\u00edmavosti <\/span><\/a>\n<div class=\"su-divider su-divider-style-default\" style=\"margin:15px 0;border-width:0px;border-color:#000000\"><\/div>\n<strong>Lokaliz\u00e1cia: <\/strong><a href=\"https:\/\/www.keturist.sk\/info\/vseobecne-informacie\/\">Ko\u0161ice<\/a> &#8211; <a href=\"https:\/\/www.keturist.sk\/info\/strediska-a-centra\/mc-stare-mesto\/\">M\u010c Star\u00e9 mesto<\/a><br \/>\n<div class=\"su-divider su-divider-style-default\" style=\"margin:15px 0;border-width:2px;border-color:#000000\"><\/div>\n<h3><span style=\"color: #808000;\">V\u0161eobecn\u00e9 inform\u00e1cie<\/span><\/h3>\n<p>Obe zauj\u00edmavosti sa nach\u00e1dzaj\u00fa v <a href=\"https:\/\/www.keturist.sk\/info\/zaujimavosti\/park-pred-divadlom-na-hlavnej-ulici-v-kosiciach\/\">parku na Hlavnom n\u00e1mest\u00ed<\/a> medzi <a href=\"https:\/\/www.keturist.sk\/info\/kam-za-pamiatkami\/dom-sv-alzbety\/\">D\u00f3mom sv. Al\u017ebety<\/a>, <a href=\"https:\/\/www.keturist.sk\/info\/kam-za-pamiatkami\/urbanova-veza\/\">Urbanovou ve\u017eou<\/a> a <a href=\"https:\/\/www.keturist.sk\/info\/kam-za-pamiatkami\/statne-divadlo-v-kosiciach\/\">\u0160t\u00e1tnym divadlom<\/a>.<\/p>\n<figure id=\"attachment_37485\" aria-describedby=\"caption-attachment-37485\" style=\"width: 800px\" class=\"wp-caption aligncenter\"><a href=\"https:\/\/www.keturist.sk\/info\/wp-content\/uploads\/2020\/12\/zvonkohra1-1.jpg\"><img loading=\"lazy\" decoding=\"async\" class=\"wp-image-37485 size-full\" src=\"https:\/\/www.keturist.sk\/info\/wp-content\/uploads\/2020\/12\/zvonkohra1-1.jpg\" alt=\"\" width=\"800\" height=\"533\" srcset=\"https:\/\/www.keturist.sk\/info\/wp-content\/uploads\/2020\/12\/zvonkohra1-1.jpg 800w, https:\/\/www.keturist.sk\/info\/wp-content\/uploads\/2020\/12\/zvonkohra1-1-270x180.jpg 270w, https:\/\/www.keturist.sk\/info\/wp-content\/uploads\/2020\/12\/zvonkohra1-1-768x512.jpg 768w\" sizes=\"auto, (max-width: 800px) 100vw, 800px\" \/><\/a><figcaption id=\"caption-attachment-37485\" class=\"wp-caption-text\">Spievaj\u00faca font\u00e1na<\/figcaption><\/figure>\n<p>Font\u00e1na je najstar\u0161ou spievaj\u00facou font\u00e1nou v b\u00fdvalom \u010ceskoslovensku.<\/p>\n<p>Bola postaven\u00e1 v roku 1986 a rekon\u0161truovan\u00e1 v roku 1996-97.<\/p>\n<figure id=\"attachment_37486\" aria-describedby=\"caption-attachment-37486\" style=\"width: 800px\" class=\"wp-caption aligncenter\"><a href=\"https:\/\/www.keturist.sk\/info\/wp-content\/uploads\/2020\/12\/zvonkohra2-1.jpg\"><img loading=\"lazy\" decoding=\"async\" class=\"wp-image-37486 size-full\" src=\"https:\/\/www.keturist.sk\/info\/wp-content\/uploads\/2020\/12\/zvonkohra2-1.jpg\" alt=\"\" width=\"800\" height=\"533\" srcset=\"https:\/\/www.keturist.sk\/info\/wp-content\/uploads\/2020\/12\/zvonkohra2-1.jpg 800w, https:\/\/www.keturist.sk\/info\/wp-content\/uploads\/2020\/12\/zvonkohra2-1-270x180.jpg 270w, https:\/\/www.keturist.sk\/info\/wp-content\/uploads\/2020\/12\/zvonkohra2-1-768x512.jpg 768w\" sizes=\"auto, (max-width: 800px) 100vw, 800px\" \/><\/a><figcaption id=\"caption-attachment-37486\" class=\"wp-caption-text\">Spievaj\u00faca font\u00e1na<\/figcaption><\/figure>\n<p>Najv\u00e4\u010d\u0161ie z\u00e1sluhy na vzniku font\u00e1ny ma b\u00fdval\u00fd dvojn\u00e1sobn\u00fd ko\u0161ick\u00fd prim\u00e1tor a nesk\u00f4r aj slovensk\u00fd prezident <a href=\"https:\/\/sk.wikipedia.org\/wiki\/Rudolf_Schuster\" target=\"_blank\" rel=\"noopener noreferrer\">Rudol Schuster<\/a>, ktor\u00e9mu sa podobn\u00e1 font\u00e1na zap\u00e1\u010dila po\u010das n\u00e1v\u0161tevy v b\u00fdvalom ZSSR v roku 1985.<\/p>\n<p>Font\u00e1na reaguje a synchronizuje na vlastn\u00fa hudbu, na ne\u010falek\u00fa zvonkohru a e\u0161te aj na \u017eiv\u00fa hudbu znej\u00facu zo <a href=\"https:\/\/www.keturist.sk\/info\/kam-za-pamiatkami\/statne-divadlo-v-kosiciach\/\">\u0160t\u00e1tneho divadla<\/a>.<\/p>\n<figure id=\"attachment_37487\" aria-describedby=\"caption-attachment-37487\" style=\"width: 800px\" class=\"wp-caption aligncenter\"><a href=\"https:\/\/www.keturist.sk\/info\/wp-content\/uploads\/2020\/12\/zvonkohra3-1.jpg\"><img loading=\"lazy\" decoding=\"async\" class=\"wp-image-37487 size-full\" src=\"https:\/\/www.keturist.sk\/info\/wp-content\/uploads\/2020\/12\/zvonkohra3-1.jpg\" alt=\"\" width=\"800\" height=\"533\" srcset=\"https:\/\/www.keturist.sk\/info\/wp-content\/uploads\/2020\/12\/zvonkohra3-1.jpg 800w, https:\/\/www.keturist.sk\/info\/wp-content\/uploads\/2020\/12\/zvonkohra3-1-270x180.jpg 270w, https:\/\/www.keturist.sk\/info\/wp-content\/uploads\/2020\/12\/zvonkohra3-1-768x512.jpg 768w\" sizes=\"auto, (max-width: 800px) 100vw, 800px\" \/><\/a><figcaption id=\"caption-attachment-37487\" class=\"wp-caption-text\">zvonkohra v parku na Hlavnom n\u00e1mest\u00ed<\/figcaption><\/figure>\n<p>Vo ve\u010dern\u00fdch hodin\u00e1ch jej n\u00e1dheru pri v\u00fdstrekoch vody e\u0161te dotv\u00e1raj\u00fa osvetlenia v piatich farb\u00e1ch.<\/p>\n<p>Pri hran\u00ed hudby je striekanie vody a farebn\u00e9 osvetlenie font\u00e1ny regulovan\u00e9 na z\u00e1klade hudobn\u00fdch t\u00f3nov hraj\u00facej hudby.<\/p>\n<p>Pri font\u00e1ne v parku so stromami s\u00fa rozmiestnen\u00e9 lavi\u010dky.<\/p>\n<p>V tesnej bl\u00edzkosti spievaj\u00facej font\u00e1ny sa nach\u00e1dza aj ko\u0161ick\u00e1 zvonkohra, ktor\u00e1 bola postaven\u00e1 v roku 1997.<\/p>\n<p>Prv\u00fdkr\u00e1t zaznela pri oslav\u00e1ch D\u0148a mesta Ko\u0161ice v roku 1997.<\/p>\n<p>Pozost\u00e1va z 22 zvonov, ktor\u00e9 symbolizuj\u00fa 22 mestsk\u00fdch \u010dast\u00ed mesta Ko\u0161ice.<\/p>\n<p>V reperto\u00e1ri m\u00e1 a\u017e 99 mel\u00f3di\u00ed.<\/p>\n<p>Zvonkohra hr\u00e1 zn\u00e1mu mel\u00f3diu ka\u017ed\u00fa hodinu na cel\u00fa.<\/p>\n<p>Autorom zvonkohry je ko\u0161ick\u00fd soch\u00e1r <strong>Peter Sceranka<\/strong>.<\/p>\n<h3><span style=\"color: #808000;\">Bl\u00edzke stredisko, turistick\u00e9 centrum, obec alebo mesto:<\/span><\/h3>\n<ul>\n<li><a href=\"https:\/\/www.keturist.sk\/info\/strediska-a-centra\/mc-stare-mesto\/\">Ko\u0161ice &#8211; M\u010c Star\u00e9 mesto (\u010d\u00edtaj viac&#8230;)<\/a><\/li>\n<\/ul>\n<h3><span style=\"color: #808000;\">Mapy<\/span><\/h3>\n<p><strong>Vrstvy: <\/strong>Turistick\u00e1 mapa, Automapa, Cyklomapa, Ly\u017eiarska mapa, Satelitn\u00e1 mapa a OpenStreetMap.<\/p>\n<p><strong>Kliknut\u00edm na logo &#8222;Freemap.sk&#8220; sa V\u00e1m mapa zobraz\u00ed na celej ploche obrazovky.<\/strong><\/p>\n<p><iframe style=\"width: 800px; height: 500px; border: 0;\" src=\"https:\/\/www.freemap.sk\/?map=15\/48.721072\/21.257805&amp;info-point=48.721072\/21.257805,Spievaj\u00faca font\u00e1na a zvonkohra&amp;layers=T&amp;embed=search\" allowfullscreen=\"allowfullscreen\"><span data-mce-type=\"bookmark\" style=\"display: inline-block; width: 0px; overflow: hidden; line-height: 0;\" class=\"mce_SELRES_start\">\ufeff<\/span><\/iframe><\/p>\n<h3><span style=\"color: #808000;\">Po\u010dasie<\/span><\/h3>\n<p><iframe style=\"width: 800px; height: 605px;\" src=\"https:\/\/www.meteoblue.com\/sk\/po%C4%8Dasie\/widget\/three\/ko%c5%a1ice_slovensk%c3%a1-republika_724443?geoloc=fixed&amp;nocurrent=0&amp;noforecast=0&amp;days=5&amp;tempunit=CELSIUS&amp;windunit=KILOMETER_PER_HOUR&amp;layout=image\" frameborder=\"0\" scrolling=\"NO\" sandbox=\"allow-same-origin allow-scripts allow-popups allow-popups-to-escape-sandbox\"><\/iframe><\/p>\n<div><!-- DO NOT REMOVE THIS LINK --><a href=\"https:\/\/www.meteoblue.com\/sk\/po%C4%8Dasie\/predpove%C4%8F\/t%C3%BD%C5%BEde%C5%88\/ko%c5%a1ice_slovensk%c3%a1-republika_724443?utm_source=weather_widget&amp;utm_medium=linkus&amp;utm_content=three&amp;utm_campaign=Weather%2BWidget\" target=\"_blank\" rel=\"noopener noreferrer\">meteoblue<\/a><\/div>\n","protected":false},"excerpt":{"rendered":"<p>Lokaliz\u00e1cia: Ko\u0161ice &#8211; M\u010c Star\u00e9 mesto V\u0161eobecn\u00e9 inform\u00e1cie Obe zauj\u00edmavosti sa nach\u00e1dzaj\u00fa v parku na Hlavnom n\u00e1mest\u00ed medzi D\u00f3mom sv. Al\u017ebety, Urbanovou ve\u017eou a \u0160t\u00e1tnym divadlom. Font\u00e1na je najstar\u0161ou spievaj\u00facou [&hellip;]<\/p>\n","protected":false},"author":1,"featured_media":0,"parent":260,"menu_order":0,"comment_status":"closed","ping_status":"closed","template":"","meta":{"_uag_custom_page_level_css":"","_monsterinsights_skip_tracking":false,"_monsterinsights_sitenote_active":false,"_monsterinsights_sitenote_note":"","_monsterinsights_sitenote_category":0,"footnotes":""},"class_list":["post-16599","page","type-page","status-publish","hentry"],"featured_image_src":"","featured_image_src_square":false,"rbea_author_info":{"display_name":"admin","author_link":"https:\/\/www.keturist.sk\/info\/author\/admin\/"},"rbea_excerpt_info":"Lokaliz\u00e1cia: Ko\u0161ice &#8211; M\u010c Star\u00e9 mesto V\u0161eobecn\u00e9 inform\u00e1cie Obe zauj\u00edmavosti sa nach\u00e1dzaj\u00fa v parku na Hlavnom n\u00e1mest\u00ed medzi D\u00f3mom sv. Al\u017ebety, Urbanovou ve\u017eou a \u0160t\u00e1tnym divadlom. Font\u00e1na je najstar\u0161ou spievaj\u00facou [&hellip;]","uagb_featured_image_src":{"full":false,"thumbnail":false,"medium":false,"medium_large":false,"large":false,"1536x1536":false,"2048x2048":false},"uagb_author_info":{"display_name":"admin","author_link":"https:\/\/www.keturist.sk\/info\/author\/admin\/"},"uagb_comment_info":0,"uagb_excerpt":"Lokaliz\u00e1cia: Ko\u0161ice &#8211; M\u010c Star\u00e9 mesto V\u0161eobecn\u00e9 inform\u00e1cie Obe zauj\u00edmavosti sa nach\u00e1dzaj\u00fa v parku na Hlavnom n\u00e1mest\u00ed medzi D\u00f3mom sv. Al\u017ebety, Urbanovou ve\u017eou a \u0160t\u00e1tnym divadlom. Font\u00e1na je najstar\u0161ou spievaj\u00facou [&hellip;]","_links":{"self":[{"href":"https:\/\/www.keturist.sk\/info\/wp-json\/wp\/v2\/pages\/16599","targetHints":{"allow":["GET"]}}],"collection":[{"href":"https:\/\/www.keturist.sk\/info\/wp-json\/wp\/v2\/pages"}],"about":[{"href":"https:\/\/www.keturist.sk\/info\/wp-json\/wp\/v2\/types\/page"}],"author":[{"embeddable":true,"href":"https:\/\/www.keturist.sk\/info\/wp-json\/wp\/v2\/users\/1"}],"replies":[{"embeddable":true,"href":"https:\/\/www.keturist.sk\/info\/wp-json\/wp\/v2\/comments?post=16599"}],"version-history":[{"count":8,"href":"https:\/\/www.keturist.sk\/info\/wp-json\/wp\/v2\/pages\/16599\/revisions"}],"predecessor-version":[{"id":43733,"href":"https:\/\/www.keturist.sk\/info\/wp-json\/wp\/v2\/pages\/16599\/revisions\/43733"}],"up":[{"embeddable":true,"href":"https:\/\/www.keturist.sk\/info\/wp-json\/wp\/v2\/pages\/260"}],"wp:attachment":[{"href":"https:\/\/www.keturist.sk\/info\/wp-json\/wp\/v2\/media?parent=16599"}],"curies":[{"name":"wp","href":"https:\/\/api.w.org\/{rel}","templated":true}]}}