{"id":16415,"date":"2016-06-11T06:06:53","date_gmt":"2016-06-11T04:06:53","guid":{"rendered":"https:\/\/www.keturist.sk\/info\/?page_id=16415"},"modified":"2026-04-06T04:55:14","modified_gmt":"2026-04-06T02:55:14","slug":"rozhladna-ceresenka","status":"publish","type":"page","link":"https:\/\/www.keturist.sk\/info\/zaujimavosti\/rozhladna-ceresenka\/","title":{"rendered":"Rozh\u013ead\u0148a \u010cere\u0161enka"},"content":{"rendered":"<a href=\"https:\/\/www.keturist.sk\/info\/\" class=\"su-button su-button-style-default\" style=\"color:#000000;background-color:#FFCF2F;border-color:#cca626;border-radius:5px\" target=\"_self\"><span style=\"color:#000000;padding:6px 16px;font-size:13px;line-height:20px;border-color:#ffde6e;border-radius:5px;text-shadow:none\"><i class=\"sui sui-arrow-right\" style=\"font-size:13px;color:#000000\"><\/i>  Spravodaj <\/span><\/a>\n<a href=\"https:\/\/www.keturist.sk\/info\/tipy-na-vylety\/\" class=\"su-button su-button-style-default\" style=\"color:#000000;background-color:#FFCF2F;border-color:#cca626;border-radius:5px\" target=\"_self\"><span style=\"color:#000000;padding:6px 16px;font-size:13px;line-height:20px;border-color:#ffde6e;border-radius:5px;text-shadow:none\"><i class=\"sui sui-arrow-right\" style=\"font-size:13px;color:#000000\"><\/i>  TIPY NA V\u00ddLETY <\/span><\/a>\n<a href=\"https:\/\/www.keturist.sk\/info\/rozhladne\/\" class=\"su-button su-button-style-default\" style=\"color:#000000;background-color:#FFCF2F;border-color:#cca626;border-radius:5px\" target=\"_self\"><span style=\"color:#000000;padding:6px 16px;font-size:13px;line-height:20px;border-color:#ffde6e;border-radius:5px;text-shadow:none\"><i class=\"sui sui-arrow-right\" style=\"font-size:13px;color:#000000\"><\/i>  Rozh\u013eadne <\/span><\/a>\n<div class=\"su-divider su-divider-style-default\" style=\"margin:15px 0;border-width:0px;border-color:#000000\"><\/div>\n<strong>Lokaliz\u00e1cia: <\/strong> <a href=\"https:\/\/www.keturist.sk\/info\/kam-do-prirody\/kosicka-kotlina\/\">Ko\u0161ick\u00e1 kotlina<\/a><\/p>\n<div class=\"su-divider su-divider-style-default\" style=\"margin:15px 0;border-width:2px;border-color:#000000\"><\/div>\n<figure id=\"attachment_74944\" aria-describedby=\"caption-attachment-74944\" style=\"width: 900px\" class=\"wp-caption aligncenter\"><a href=\"https:\/\/www.keturist.sk\/info\/wp-content\/uploads\/2026\/04\/ceresenka.jpeg\"><img loading=\"lazy\" decoding=\"async\" class=\"wp-image-74944\" src=\"https:\/\/www.keturist.sk\/info\/wp-content\/uploads\/2026\/04\/ceresenka-800x447.jpeg\" alt=\"Rozh\u013ead\u0148a \u010cere\u0161enka\" width=\"900\" height=\"502\" srcset=\"https:\/\/www.keturist.sk\/info\/wp-content\/uploads\/2026\/04\/ceresenka-800x447.jpeg 800w, https:\/\/www.keturist.sk\/info\/wp-content\/uploads\/2026\/04\/ceresenka-270x151.jpeg 270w, https:\/\/www.keturist.sk\/info\/wp-content\/uploads\/2026\/04\/ceresenka-768x429.jpeg 768w, https:\/\/www.keturist.sk\/info\/wp-content\/uploads\/2026\/04\/ceresenka.jpeg 1376w\" sizes=\"auto, (max-width: 900px) 100vw, 900px\" \/><\/a><figcaption id=\"caption-attachment-74944\" class=\"wp-caption-text\">Rozh\u013ead\u0148a \u010cere\u0161enka<\/figcaption><\/figure>\n<div class=\"su-divider su-divider-style-default\" style=\"margin:15px 0;border-width:2px;border-color:#000000\"><\/div>\n<h2 data-path-to-node=\"0\"><span style=\"color: #800000;\">Kde o\u017e\u00edva stredovek\u00e1 hist\u00f3ria a dychber\u00face v\u00fdh\u013eady na v\u00fdchodn\u00e9 Slovensko?<\/span><\/h2>\n<p data-path-to-node=\"1\"><b data-path-to-node=\"1\" data-index-in-node=\"0\">Rozh\u013ead\u0148a \u010cere\u0161enka<\/b> predstavuje unik\u00e1tne spojenie architekt\u00fary a dej\u00edn, ktor\u00e9 v\u00e1s prenesie priamo do centra niekdaj\u0161ieho kr\u00e1\u013eovsk\u00e9ho konfliktu. T\u00e1to <b data-path-to-node=\"1\" data-index-in-node=\"149\">pribli\u017ene 12-metrov\u00e1 kamenn\u00e1 rozh\u013ead\u0148a<\/b> sa majest\u00e1tne vyp\u00edna na rozhran\u00ed chot\u00e1rov obc\u00ed <b data-path-to-node=\"1\" data-index-in-node=\"235\">\u010ci\u017eatice<\/b>, <b data-path-to-node=\"1\" data-index-in-node=\"245\">Chrastn\u00e9<\/b> a <b data-path-to-node=\"1\" data-index-in-node=\"256\">Rozhanovce<\/b> v okrese <b data-path-to-node=\"1\" data-index-in-node=\"276\">Ko\u0161ice-okolie<\/b>, pri\u010dom od samotn\u00e9ho mesta <b data-path-to-node=\"1\" data-index-in-node=\"317\">Ko\u0161ice<\/b> je vzdialen\u00e1 len asi <b data-path-to-node=\"1\" data-index-in-node=\"345\">15 km<\/b>.<\/p>\n<h2 data-path-to-node=\"3\"><span style=\"color: #800000;\">Ak\u00fd je historick\u00fd v\u00fdznam a p\u00f4vod tejto kamennej ve\u017ee?<\/span><\/h2>\n<p data-path-to-node=\"4\">T\u00e1to <b data-path-to-node=\"4\" data-index-in-node=\"5\">vyhliadkov\u00e1 ve\u017ea<\/b> nebola postaven\u00e1 n\u00e1hodne; vzt\u00fd\u010dili ju pri pr\u00edle\u017eitosti <b data-path-to-node=\"4\" data-index-in-node=\"77\">700. v\u00fdro\u010dia bitky pri Rozhanovciach<\/b>, v\u010faka \u010domu sl\u00fa\u017ei z\u00e1rove\u0148 ako <b data-path-to-node=\"4\" data-index-in-node=\"144\">d\u00f4le\u017eit\u00e9 pam\u00e4tn\u00e9 miesto<\/b>. Spom\u00ednan\u00e1 <b data-path-to-node=\"4\" data-index-in-node=\"179\">bitka pri Rozhanovciach<\/b> sa odohrala <b data-path-to-node=\"4\" data-index-in-node=\"215\">15. j\u00fana 1312<\/b> v tesnej bl\u00edzkosti <b data-path-to-node=\"4\" data-index-in-node=\"248\">metropoly v\u00fdchodu<\/b> a stretli sa v nej <b data-path-to-node=\"4\" data-index-in-node=\"285\">vojsk\u00e1 kr\u00e1\u013ea Karola I. Roberta<\/b> s mocnou <b data-path-to-node=\"4\" data-index-in-node=\"325\">koal\u00edciou rodu Aba<\/b>. Udalos\u0165 sa nezmazate\u013ene zap\u00edsala do kron\u00edk ako jeden z <b data-path-to-node=\"4\" data-index-in-node=\"400\">rozhoduj\u00facich okamihov<\/b> v mocenskom z\u00e1pase o nadvl\u00e1du v <b data-path-to-node=\"4\" data-index-in-node=\"455\">stredovekom Uhorskom kr\u00e1\u013eovstve<\/b>.<\/p>\n<h2 data-path-to-node=\"6\"><span style=\"color: #800000;\">Pre\u010do sa toto v\u00ed\u0165azstvo pova\u017euje za k\u013e\u00fa\u010dov\u00fd historick\u00fd m\u00ed\u013enik?<\/span><\/h2>\n<p data-path-to-node=\"7\">Triumf <b data-path-to-node=\"7\" data-index-in-node=\"7\">panovn\u00edka Karola I.<\/b> priniesol z\u00e1sadn\u00fd zvrat, ke\u010f\u017ee v\u00fdrazne <b data-path-to-node=\"7\" data-index-in-node=\"66\">oslabil vplyv rodu Aba<\/b> v regi\u00f3ne v\u00fdchodn\u00e9ho Uhorska a sprostredkovane obmedzil aj mocensk\u00fd dosah <b data-path-to-node=\"7\" data-index-in-node=\"163\">Mat\u00fa\u0161a \u010c\u00e1ka Tren\u010dianskeho<\/b>. Dobov\u00e9 pramene a kroniky t\u00fato <b data-path-to-node=\"7\" data-index-in-node=\"220\">vojensk\u00fa konfront\u00e1ciu<\/b> opisuj\u00fa ako <b data-path-to-node=\"7\" data-index-in-node=\"254\">mimoriadne krvav\u00fd<\/b> a nesmierne <b data-path-to-node=\"7\" data-index-in-node=\"284\">tvrd\u00fd boj<\/b>.<\/p>\n<h2 data-path-to-node=\"9\"><span style=\"color: #800000;\">Ak\u00fa \u00falohu zohrali v tomto konflikte obyvatelia Ko\u0161\u00edc?<\/span><\/h2>\n<p data-path-to-node=\"10\">Pre celkov\u00fd v\u00fdsledok stretu bolo kriticky <b data-path-to-node=\"10\" data-index-in-node=\"42\">v\u00fdznamn\u00e9 zapojenie Ko\u0161i\u010danov<\/b>, ktor\u00ed bojovali odhodlane na <b data-path-to-node=\"10\" data-index-in-node=\"100\">strane kr\u00e1\u013ea<\/b>. Z tohto d\u00f4vodu sa <b data-path-to-node=\"10\" data-index-in-node=\"132\">rozhanovsk\u00e1 bitka<\/b> pravidelne spom\u00edna ako jedna z <b data-path-to-node=\"10\" data-index-in-node=\"181\">najd\u00f4le\u017eitej\u0161\u00edch udalost\u00ed<\/b> v bohat\u00fdch <b data-path-to-node=\"10\" data-index-in-node=\"218\">dejin\u00e1ch Ko\u0161\u00edc<\/b> a ich bl\u00edzkeho okolia.<\/p>\n<h2 data-path-to-node=\"12\"><span style=\"color: #800000;\">Ak\u00fa architektonick\u00fa podobu m\u00e1 Rozh\u013ead\u0148a \u010cere\u0161enka?<\/span><\/h2>\n<p data-path-to-node=\"13\">T\u00e1to <b data-path-to-node=\"13\" data-index-in-node=\"5\">kamenn\u00e1 stavba so strie\u0161kou<\/b> v\u00e1s zaujme svoj\u00edm dizajnom, ktor\u00fd m\u00e1 <b data-path-to-node=\"13\" data-index-in-node=\"70\">tvar jednoduch\u00e9ho hranolu<\/b>. Je doplnen\u00e1 \u0161pecifick\u00fdmi <b data-path-to-node=\"13\" data-index-in-node=\"122\">otvormi vo forme kr\u00ed\u017ea<\/b>, ktor\u00e9 maj\u00fa cielene <b data-path-to-node=\"13\" data-index-in-node=\"165\">evokova\u0165 vzh\u013ead stredovekej ve\u017ee<\/b>. Cel\u00e1 <b data-path-to-node=\"13\" data-index-in-node=\"204\">rozh\u013ead\u0148a<\/b> je citlivo osaden\u00e1 na <b data-path-to-node=\"13\" data-index-in-node=\"236\">stup\u0148ovitej podno\u017ei<\/b> nad okolit\u00fdm ter\u00e9nom, ktorej <b data-path-to-node=\"13\" data-index-in-node=\"285\">p\u00f4dorysn\u00e9 rozmery<\/b> dosahuj\u00fa pribli\u017ene <b data-path-to-node=\"13\" data-index-in-node=\"322\">16&#215;25 metrov<\/b>.<\/p>\n<h2 data-path-to-node=\"15\"><span style=\"color: #800000;\">Ktor\u00e9 pohoria a pr\u00edrodn\u00e9 scen\u00e9rie m\u00f4\u017eete z vrcholu ve\u017ee obdivova\u0165?<\/span><\/h2>\n<p data-path-to-node=\"16\"><b data-path-to-node=\"16\" data-index-in-node=\"0\">Ve\u017ea<\/b> n\u00e1v\u0161tevn\u00edkom otv\u00e1ra panoramatick\u00e9 <b data-path-to-node=\"16\" data-index-in-node=\"39\">v\u00fdh\u013eady na Slansk\u00e9 vrchy<\/b>, na ktor\u00e9 plynule nadv\u00e4zuj\u00fa <b data-path-to-node=\"16\" data-index-in-node=\"92\">Zempl\u00ednske vrchy<\/b> na \u00fazem\u00ed Ma\u010farska. Z vyhliadky uvid\u00edte aj <b data-path-to-node=\"16\" data-index-in-node=\"151\">v\u00fdchodn\u00fa \u010das\u0165 Volovsk\u00fdch vrchov<\/b> s dominantnou <b data-path-to-node=\"16\" data-index-in-node=\"197\">Koj\u0161ovskou ho\u013eou<\/b>, \u010falej <b data-path-to-node=\"16\" data-index-in-node=\"221\">Sopotnick\u00e9 vrchy<\/b>, <b data-path-to-node=\"16\" data-index-in-node=\"239\">Torysk\u00fa pahorkatinu<\/b> a malebn\u00e9 <b data-path-to-node=\"16\" data-index-in-node=\"269\">\u00fadolie rieky Torysa<\/b>.<\/p>\n<h2 data-path-to-node=\"18\"><span style=\"color: #800000;\">Ako sa najlep\u0161ie dostanete k Rozh\u013eadni \u010cere\u0161enka?<\/span><\/h2>\n<p data-path-to-node=\"19\">K objektu sa n\u00e1v\u0161tevn\u00edk m\u00f4\u017ee dosta\u0165 <b data-path-to-node=\"19\" data-index-in-node=\"36\">pe\u0161o alebo autom<\/b> z najvy\u0161\u0161ieho bodu <b data-path-to-node=\"19\" data-index-in-node=\"72\">\u00fa\u010delovej poloasfaltovej komunik\u00e1cie<\/b>, ktor\u00e1 vz\u00e1jomne <b data-path-to-node=\"19\" data-index-in-node=\"124\">prepojuje obce Chrastn\u00e9 a \u010ci\u017eatice<\/b>. Pre <b data-path-to-node=\"19\" data-index-in-node=\"164\">motorizovan\u00fdch n\u00e1v\u0161tevn\u00edkov<\/b> je k dispoz\u00edcii mo\u017enos\u0165 <b data-path-to-node=\"19\" data-index-in-node=\"216\">parkova\u0165 na najvy\u0161\u0161om mieste<\/b> tejto cesty, odkia\u013e cie\u013e dosiahnete pohodlnou <b data-path-to-node=\"19\" data-index-in-node=\"291\">pe\u0161ou ch\u00f4dzou<\/b> za pribli\u017ene <b data-path-to-node=\"19\" data-index-in-node=\"318\">300 metrov<\/b>.<\/p>\n<h2 data-path-to-node=\"21\"><span style=\"color: #800000;\">Objavte miesto, kde sa hist\u00f3ria dot\u00fdka horizontu<\/span><\/h2>\n<p data-path-to-node=\"22\"><em>N\u00e1v\u0161teva tohto miesta v\u00e1m pon\u00fakne nielen vizu\u00e1lny z\u00e1\u017eitok z krajiny, ale aj hlbok\u00e9 prepojenie s kore\u0148mi na\u0161ej hist\u00f3rie. Stojac na mieste star\u00e9ho bojiska lep\u0161ie pochop\u00edte silu strategick\u00fdch rozhodnut\u00ed, ktor\u00e9 formovali tv\u00e1r strednej Eur\u00f3py. <b data-path-to-node=\"22\" data-index-in-node=\"240\">Rozh\u013ead\u0148a \u010cere\u0161enka<\/b> je ide\u00e1lnym cie\u013eom pre rodinn\u00fd v\u00fdlet, kde sa vzdel\u00e1vanie sp\u00e1ja s akt\u00edvnym oddychom na \u010derstvom vzduchu. V\u010faka nen\u00e1ro\u010dn\u00e9mu pr\u00edstupu je t\u00e1to pamiatka dostupn\u00e1 skuto\u010dne pre ka\u017ed\u00e9ho, od mal\u00fdch det\u00ed a\u017e po seniorov. Odneste si odtia\u013eto fotografie, ktor\u00e9 zachyt\u00e1vaj\u00fa nielen kr\u00e1su okolit\u00fdch pohor\u00ed, ale aj ducha rytierskych \u010dias.<\/em><\/p>\n<h2 class=\"cdk-visually-hidden ng-star-inserted\"><span style=\"font-size: 24px; color: #800000;\">Po\u010dujete ozveny ocele v \u0161ume vetra nad poliami?<\/span><\/h2>\n<div class=\"container\">\n<div id=\"model-response-message-contentr_20b07ae787ecd2b3\" class=\"markdown markdown-main-panel stronger enable-updated-hr-color\" dir=\"ltr\" aria-live=\"polite\" aria-busy=\"false\">\n<p data-path-to-node=\"1\"><b data-path-to-node=\"1\" data-index-in-node=\"0\">Rozh\u013ead\u0148a \u010cere\u0161enka<\/b> nie je len oby\u010dajnou vyhliadkou, je to ml\u010danliv\u00fd svedok noci, kedy sa zem sfarbila krvou a odvaha oby\u010dajn\u00fdch \u013eud\u00ed prep\u00edsala mapu stredovekej Eur\u00f3py.<\/p>\n<h3 data-path-to-node=\"3\"><span style=\"color: #808000;\">Ak\u00e9 tajomstvo ukr\u00fdva Strieborn\u00fd k\u013e\u00fa\u010d vernosti pod z\u00e1kladmi ve\u017ee?<\/span><\/h3>\n<p data-path-to-node=\"4\">Pod kamenn\u00fdmi z\u00e1kladmi \u010cere\u0161enky, tam, kde sa korene tr\u00e1v prepletaj\u00fa s prachom d\u00e1vnych rytierov, sp\u00ed poves\u0165 o <b data-path-to-node=\"4\" data-index-in-node=\"110\">Striebornom k\u013e\u00fa\u010di vernosti<\/b>. Traduje sa, \u017ee v najtemnej\u0161ej hodine <b data-path-to-node=\"4\" data-index-in-node=\"175\">bitky pri Rozhanovciach<\/b>, ke\u010f u\u017e kr\u00e1\u013e Karol I. str\u00e1cal dych pod n\u00e1porom mocn\u00fdch Abovcov, zem sa pod kopytami kon\u00ed zachvela inak ne\u017e doposia\u013e. Neboli to len me\u010de, \u010do vtedy zablyslo na obzore, ale \u010dist\u00e1 odvaha <b data-path-to-node=\"4\" data-index-in-node=\"382\">Ko\u0161i\u010danov<\/b>, ktor\u00ed v hodine dvan\u00e1stej vyrazili spoza mestsk\u00fdch hradieb ako \u017eiv\u00fd \u0161t\u00edt.<\/p>\n<p data-path-to-node=\"5\">Hovor\u00ed sa, \u017ee ke\u010f me\u0161\u0165ania preklopili misky v\u00e1h a zachr\u00e1nili korunu, kr\u00e1\u013e na znak v\u010faky symbolicky vlo\u017eil osud okolitej zeme do r\u00fak ich vernosti. Od t\u00fdch \u010dias vraj vietor nad poliami ne\u0161um\u00ed len tak napr\u00e1zdno; ak prilo\u017e\u00edte ucho k chladn\u00e9mu kame\u0148u <b data-path-to-node=\"5\" data-index-in-node=\"246\">rozh\u013eadne<\/b>, za\u010dujete tich\u00fd \u0161epot o krvi, ktor\u00e1 vsiakla do br\u00e1zd, a o mene mesta, ktor\u00e9 sa v ten de\u0148 zap\u00edsalo do dej\u00edn zlat\u00fdm p\u00edsmom. Ten tich\u00fd hlas pripom\u00edna ka\u017ed\u00e9mu p\u00fatnikovi, \u017ee skuto\u010dn\u00e1 sila nepramen\u00ed len z ocele, ale z rozhodnutia st\u00e1\u0165 pevne vtedy, ke\u010f ostatn\u00ed c\u00favaj\u00fa.<\/p>\n<\/div>\n<\/div>\n<h2><span style=\"color: #800000;\">Fotogal\u00e9ria<\/span><\/h2>\n<style type=\"text\/css\">\n#foogallery-gallery-74943 .fg-image { width: 200px; }<\/style>\n\t\t\t<div class=\"foogallery foogallery-container foogallery-carousel foogallery-lightbox-foogallery fg-carousel fg-ready fg-light fg-border-medium fg-round-small fg-shadow-medium fg-loading-default fg-loaded-fade-in fg-hover-semi-zoomed fg-hover-fade fg-hover-circle-plus2\" id=\"foogallery-gallery-74943\" data-foogallery=\"{&quot;item&quot;:{&quot;showCaptionTitle&quot;:true,&quot;showCaptionDescription&quot;:true},&quot;lazy&quot;:true,&quot;template&quot;:{&quot;maxItems&quot;:5,&quot;scale&quot;:0.11999999999999999555910790149937383830547332763671875,&quot;gutter&quot;:{&quot;min&quot;:-40,&quot;max&quot;:-20,&quot;unit&quot;:&quot;%&quot;},&quot;autoplay&quot;:{&quot;time&quot;:0,&quot;interaction&quot;:&quot;pause&quot;},&quot;centerOnClick&quot;:true,&quot;align&quot;:&quot;center&quot;,&quot;activePosition&quot;:&quot;center&quot;}}\" data-foogallery-lightbox=\"{&quot;thumbs&quot;:&quot;bottom&quot;,&quot;thumbsCaptions&quot;:false,&quot;thumbsBestFit&quot;:false,&quot;thumbsSmall&quot;:false,&quot;thumbsCaptionsAlign&quot;:&quot;default&quot;,&quot;info&quot;:&quot;bottom&quot;,&quot;infoVisible&quot;:true,&quot;infoOverlay&quot;:true,&quot;infoAlign&quot;:&quot;default&quot;,&quot;transition&quot;:&quot;fade&quot;,&quot;hoverButtons&quot;:false,&quot;fitMedia&quot;:false,&quot;noScrollbars&quot;:true,&quot;preserveButtonSpace&quot;:true,&quot;buttons&quot;:{&quot;fullscreen&quot;:true,&quot;info&quot;:true,&quot;thumbs&quot;:false},&quot;video&quot;:{&quot;autoPlay&quot;:true}}\" style=\"--fg-title-line-clamp: 1; --fg-description-line-clamp: 2;\" >\n\t<button type=\"button\" class=\"fg-carousel-prev\" title=\"Previous\"><\/button>\n\t<div class=\"fg-carousel-inner\">\n\t\t<div class=\"fg-carousel-center\"><\/div>\n\t\t<div class=\"fg-item fg-type-image fg-idle\"><figure class=\"fg-item-inner\"><a href=\"https:\/\/www.keturist.sk\/info\/wp-content\/uploads\/2020\/12\/ceresenka.jpg\" data-caption-title=\"Rozh\u013ead\u0148a \u010cere\u0161enka\" data-attachment-id=\"37384\" data-type=\"image\" class=\"fg-thumb\"><span class=\"fg-image-wrap\"><img decoding=\"async\" alt=\"Rozh\u013ead\u0148a \u010cere\u0161enka\" title=\"Rozh\u013ead\u0148a \u010cere\u0161enka\" width=\"200\" height=\"200\" class=\"skip-lazy fg-image\" data-src-fg=\"https:\/\/www.keturist.sk\/info\/wp-content\/uploads\/cache\/2020\/12\/ceresenka\/2117869894.jpg\" src=\"data:image\/svg+xml,%3Csvg%20xmlns%3D%22http%3A%2F%2Fwww.w3.org%2F2000%2Fsvg%22%20width%3D%22200%22%20height%3D%22200%22%20viewBox%3D%220%200%20200%20200%22%3E%3C%2Fsvg%3E\" loading=\"eager\"><\/span><span class=\"fg-image-overlay\"><\/span><\/a><figcaption class=\"fg-caption\"><div class=\"fg-caption-inner\"><div class=\"fg-caption-title\">Rozh\u013ead\u0148a \u010cere\u0161enka<\/div><\/div><\/figcaption><\/figure><div class=\"fg-loader\"><\/div><\/div><div class=\"fg-item fg-type-image fg-idle\"><figure class=\"fg-item-inner\"><a href=\"https:\/\/www.keturist.sk\/info\/wp-content\/uploads\/2020\/08\/ceresenka2.jpg\" data-caption-title=\"Rozh\u013ead\u0148a \u010cere\u0161enka\" data-attachment-id=\"33745\" data-type=\"image\" class=\"fg-thumb\"><span class=\"fg-image-wrap\"><img decoding=\"async\" alt=\"Rozh\u013ead\u0148a \u010cere\u0161enka\" title=\"Rozh\u013ead\u0148a \u010cere\u0161enka\" width=\"200\" height=\"200\" class=\"skip-lazy fg-image\" data-src-fg=\"https:\/\/www.keturist.sk\/info\/wp-content\/uploads\/cache\/2020\/08\/ceresenka2\/287996414.jpg\" src=\"data:image\/svg+xml,%3Csvg%20xmlns%3D%22http%3A%2F%2Fwww.w3.org%2F2000%2Fsvg%22%20width%3D%22200%22%20height%3D%22200%22%20viewBox%3D%220%200%20200%20200%22%3E%3C%2Fsvg%3E\" loading=\"eager\"><\/span><span class=\"fg-image-overlay\"><\/span><\/a><figcaption class=\"fg-caption\"><div class=\"fg-caption-inner\"><div class=\"fg-caption-title\">Rozh\u013ead\u0148a \u010cere\u0161enka<\/div><\/div><\/figcaption><\/figure><div class=\"fg-loader\"><\/div><\/div><div class=\"fg-item fg-type-image fg-idle\"><figure class=\"fg-item-inner\"><a href=\"https:\/\/www.keturist.sk\/info\/wp-content\/uploads\/2020\/08\/ceresenka0.jpg\" data-caption-title=\"Rozh\u013ead\u0148a \u010cere\u0161enka\" data-attachment-id=\"33744\" data-type=\"image\" class=\"fg-thumb\"><span class=\"fg-image-wrap\"><img decoding=\"async\" alt=\"Rozh\u013ead\u0148a \u010cere\u0161enka\" title=\"Rozh\u013ead\u0148a \u010cere\u0161enka\" width=\"200\" height=\"200\" class=\"skip-lazy fg-image\" data-src-fg=\"https:\/\/www.keturist.sk\/info\/wp-content\/uploads\/cache\/2020\/08\/ceresenka0\/1275286110.jpg\" src=\"data:image\/svg+xml,%3Csvg%20xmlns%3D%22http%3A%2F%2Fwww.w3.org%2F2000%2Fsvg%22%20width%3D%22200%22%20height%3D%22200%22%20viewBox%3D%220%200%20200%20200%22%3E%3C%2Fsvg%3E\" loading=\"eager\"><\/span><span class=\"fg-image-overlay\"><\/span><\/a><figcaption class=\"fg-caption\"><div class=\"fg-caption-inner\"><div class=\"fg-caption-title\">Rozh\u013ead\u0148a \u010cere\u0161enka<\/div><\/div><\/figcaption><\/figure><div class=\"fg-loader\"><\/div><\/div><div class=\"fg-item fg-type-image fg-idle\"><figure class=\"fg-item-inner\"><a href=\"https:\/\/www.keturist.sk\/info\/wp-content\/uploads\/2020\/08\/ceresenka1.jpg\" data-caption-title=\"Rozh\u013ead\u0148a \u010cere\u0161enka\" data-attachment-id=\"33743\" data-type=\"image\" class=\"fg-thumb\"><span class=\"fg-image-wrap\"><img decoding=\"async\" alt=\"Rozh\u013ead\u0148a \u010cere\u0161enka\" title=\"Rozh\u013ead\u0148a \u010cere\u0161enka\" width=\"200\" height=\"200\" class=\"skip-lazy fg-image\" data-src-fg=\"https:\/\/www.keturist.sk\/info\/wp-content\/uploads\/cache\/2020\/08\/ceresenka1\/3717043411.jpg\" src=\"data:image\/svg+xml,%3Csvg%20xmlns%3D%22http%3A%2F%2Fwww.w3.org%2F2000%2Fsvg%22%20width%3D%22200%22%20height%3D%22200%22%20viewBox%3D%220%200%20200%20200%22%3E%3C%2Fsvg%3E\" loading=\"eager\"><\/span><span class=\"fg-image-overlay\"><\/span><\/a><figcaption class=\"fg-caption\"><div class=\"fg-caption-inner\"><div class=\"fg-caption-title\">Rozh\u013ead\u0148a \u010cere\u0161enka<\/div><\/div><\/figcaption><\/figure><div class=\"fg-loader\"><\/div><\/div>\t<\/div>\n\t<div class=\"fg-carousel-bottom\"><\/div>\n\t<div class=\"fg-carousel-progress\"><\/div>\n\t<button type=\"button\" class=\"fg-carousel-next\" title=\"Next\"><\/button>\n<\/div>\n<h2><span style=\"color: #800000;\">Mapa<\/span><\/h2>\n<p><strong>Vrstvy: <\/strong>Turistick\u00e1 mapa, Automapa, Cyklomapa, Ly\u017eiarska mapa, Satelitn\u00e1 mapa a OpenStreetMap.<\/p>\n<p><strong>Kliknut\u00edm na logo &#8222;Freemap.sk&#8220; sa V\u00e1m mapa zobraz\u00ed na celej ploche obrazovky.<\/strong><\/p>\n<p><iframe style=\"width: 900px; height: 500px; border: 0;\" src=\"https:\/\/www.freemap.sk\/?map=14\/48.791401\/21.374288&amp;info-point=48.791401\/21.374288,Rozh\u013ead\u0148a \u010cere\u0161enka&amp;layers=X&amp;embed=search\" allowfullscreen=\"allowfullscreen\"><span data-mce-type=\"bookmark\" style=\"display: inline-block; width: 0px; overflow: hidden; line-height: 0;\" class=\"mce_SELRES_start\">\ufeff<\/span><\/iframe><\/p>\n<h2><span style=\"color: #800000;\">Po\u010dasie<\/span><\/h2>\n<p><iframe style=\"width: 900px; height: 613px;\" src=\"https:\/\/www.meteoblue.com\/sk\/po%C4%8Dasie\/widget\/three\/chrastn%c3%a9_slovensk%c3%a1-republika_724954?geoloc=fixed&amp;nocurrent=0&amp;noforecast=0&amp;days=5&amp;tempunit=CELSIUS&amp;windunit=KILOMETER_PER_HOUR&amp;layout=image\" frameborder=\"0\" scrolling=\"NO\" sandbox=\"allow-same-origin allow-scripts allow-popups allow-popups-to-escape-sandbox\"><\/iframe><\/p>\n<div><!-- DO NOT REMOVE THIS LINK --><a href=\"https:\/\/www.meteoblue.com\/sk\/po%C4%8Dasie\/predpove%C4%8F\/t%C3%BD%C5%BEde%C5%88\/chrastn%c3%a9_slovensk%c3%a1-republika_724954?utm_source=weather_widget&amp;utm_medium=linkus&amp;utm_content=three&amp;utm_campaign=Weather%2BWidget\" target=\"_blank\" rel=\"noopener noreferrer\">meteoblue<\/a><\/div>\n<h2><span style=\"color: #800000;\">Vide\u00e1<\/span><\/h2>\n<p><iframe loading=\"lazy\" src=\"https:\/\/www.youtube.com\/embed\/CBVEXlHEfjQ\" width=\"900\" height=\"515\" frameborder=\"0\" allowfullscreen=\"allowfullscreen\"><span data-mce-type=\"bookmark\" style=\"display: inline-block; width: 0px; overflow: hidden; line-height: 0;\" class=\"mce_SELRES_start\">\ufeff<\/span><\/iframe><\/p>\n","protected":false},"excerpt":{"rendered":"<p>Lokaliz\u00e1cia: Ko\u0161ick\u00e1 kotlina Kde o\u017e\u00edva stredovek\u00e1 hist\u00f3ria a dychber\u00face v\u00fdh\u013eady na v\u00fdchodn\u00e9 Slovensko? Rozh\u013ead\u0148a \u010cere\u0161enka predstavuje unik\u00e1tne spojenie architekt\u00fary a dej\u00edn, ktor\u00e9 v\u00e1s prenesie priamo do centra niekdaj\u0161ieho kr\u00e1\u013eovsk\u00e9ho konfliktu. [&hellip;]<\/p>\n","protected":false},"author":1,"featured_media":74944,"parent":260,"menu_order":0,"comment_status":"closed","ping_status":"closed","template":"","meta":{"_uag_custom_page_level_css":"","_monsterinsights_skip_tracking":false,"_monsterinsights_sitenote_active":false,"_monsterinsights_sitenote_note":"","_monsterinsights_sitenote_category":0,"footnotes":""},"class_list":["post-16415","page","type-page","status-publish","has-post-thumbnail","hentry"],"featured_image_src":"https:\/\/www.keturist.sk\/info\/wp-content\/uploads\/2026\/04\/ceresenka.jpeg","featured_image_src_square":"https:\/\/www.keturist.sk\/info\/wp-content\/uploads\/2026\/04\/ceresenka.jpeg","rbea_author_info":{"display_name":"admin","author_link":"https:\/\/www.keturist.sk\/info\/author\/admin\/"},"rbea_excerpt_info":"Lokaliz\u00e1cia: Ko\u0161ick\u00e1 kotlina Kde o\u017e\u00edva stredovek\u00e1 hist\u00f3ria a dychber\u00face v\u00fdh\u013eady na v\u00fdchodn\u00e9 Slovensko? Rozh\u013ead\u0148a \u010cere\u0161enka predstavuje unik\u00e1tne spojenie architekt\u00fary a dej\u00edn, ktor\u00e9 v\u00e1s prenesie priamo do centra niekdaj\u0161ieho kr\u00e1\u013eovsk\u00e9ho konfliktu. [&hellip;]","uagb_featured_image_src":{"full":["https:\/\/www.keturist.sk\/info\/wp-content\/uploads\/2026\/04\/ceresenka.jpeg",1376,768,false],"thumbnail":["https:\/\/www.keturist.sk\/info\/wp-content\/uploads\/2026\/04\/ceresenka-270x151.jpeg",270,151,true],"medium":["https:\/\/www.keturist.sk\/info\/wp-content\/uploads\/2026\/04\/ceresenka-800x447.jpeg",800,447,true],"medium_large":["https:\/\/www.keturist.sk\/info\/wp-content\/uploads\/2026\/04\/ceresenka-768x429.jpeg",768,429,true],"large":["https:\/\/www.keturist.sk\/info\/wp-content\/uploads\/2026\/04\/ceresenka.jpeg",1376,768,false],"1536x1536":["https:\/\/www.keturist.sk\/info\/wp-content\/uploads\/2026\/04\/ceresenka.jpeg",1376,768,false],"2048x2048":["https:\/\/www.keturist.sk\/info\/wp-content\/uploads\/2026\/04\/ceresenka.jpeg",1376,768,false]},"uagb_author_info":{"display_name":"admin","author_link":"https:\/\/www.keturist.sk\/info\/author\/admin\/"},"uagb_comment_info":0,"uagb_excerpt":"Lokaliz\u00e1cia: Ko\u0161ick\u00e1 kotlina Kde o\u017e\u00edva stredovek\u00e1 hist\u00f3ria a dychber\u00face v\u00fdh\u013eady na v\u00fdchodn\u00e9 Slovensko? Rozh\u013ead\u0148a \u010cere\u0161enka predstavuje unik\u00e1tne spojenie architekt\u00fary a dej\u00edn, ktor\u00e9 v\u00e1s prenesie priamo do centra niekdaj\u0161ieho kr\u00e1\u013eovsk\u00e9ho konfliktu. [&hellip;]","_links":{"self":[{"href":"https:\/\/www.keturist.sk\/info\/wp-json\/wp\/v2\/pages\/16415","targetHints":{"allow":["GET"]}}],"collection":[{"href":"https:\/\/www.keturist.sk\/info\/wp-json\/wp\/v2\/pages"}],"about":[{"href":"https:\/\/www.keturist.sk\/info\/wp-json\/wp\/v2\/types\/page"}],"author":[{"embeddable":true,"href":"https:\/\/www.keturist.sk\/info\/wp-json\/wp\/v2\/users\/1"}],"replies":[{"embeddable":true,"href":"https:\/\/www.keturist.sk\/info\/wp-json\/wp\/v2\/comments?post=16415"}],"version-history":[{"count":15,"href":"https:\/\/www.keturist.sk\/info\/wp-json\/wp\/v2\/pages\/16415\/revisions"}],"predecessor-version":[{"id":74946,"href":"https:\/\/www.keturist.sk\/info\/wp-json\/wp\/v2\/pages\/16415\/revisions\/74946"}],"up":[{"embeddable":true,"href":"https:\/\/www.keturist.sk\/info\/wp-json\/wp\/v2\/pages\/260"}],"wp:featuredmedia":[{"embeddable":true,"href":"https:\/\/www.keturist.sk\/info\/wp-json\/wp\/v2\/media\/74944"}],"wp:attachment":[{"href":"https:\/\/www.keturist.sk\/info\/wp-json\/wp\/v2\/media?parent=16415"}],"curies":[{"name":"wp","href":"https:\/\/api.w.org\/{rel}","templated":true}]}}