{"id":14473,"date":"2015-12-12T15:13:41","date_gmt":"2015-12-12T14:13:41","guid":{"rendered":"https:\/\/www.keturist.sk\/info\/?page_id=14473"},"modified":"2020-12-29T11:38:37","modified_gmt":"2020-12-29T10:38:37","slug":"mesto-kosice","status":"publish","type":"page","link":"https:\/\/www.keturist.sk\/info\/vseobecne-informacie\/mesto-kosice\/","title":{"rendered":"Mesto Ko\u0161ice"},"content":{"rendered":"<a href=\"https:\/\/www.keturist.sk\/info\/\" class=\"su-button su-button-style-default\" style=\"color:#000000;background-color:#FFCF2F;border-color:#cca626;border-radius:5px\" target=\"_self\"><span style=\"color:#000000;padding:6px 16px;font-size:13px;line-height:20px;border-color:#ffde6e;border-radius:5px;text-shadow:none\"><i class=\"sui sui-arrow-right\" style=\"font-size:13px;color:#000000\"><\/i>  Spravodaj <\/span><\/a>\n<a href=\"https:\/\/www.keturist.sk\/info\/vseobecne-informacie\/\" class=\"su-button su-button-style-default\" style=\"color:#000000;background-color:#FFCF2F;border-color:#cca626;border-radius:5px\" target=\"_self\"><span style=\"color:#000000;padding:6px 16px;font-size:13px;line-height:20px;border-color:#ffde6e;border-radius:5px;text-shadow:none\"><i class=\"sui sui-arrow-right\" style=\"font-size:13px;color:#000000\"><\/i>  V\u0161eobecn\u00e9 inform\u00e1cie <\/span><\/a>\n<div class=\"su-divider su-divider-style-default\" style=\"margin:15px 0;border-width:2px;border-color:#000000\"><\/div>\n<h3><span style=\"color: #808000;\">V\u0161eobecn\u00e9 inform\u00e1cie<\/span><\/h3>\n<p>Mesto Ko\u0161ice je druh\u00fdm najv\u00e4\u010d\u0161\u00edm mestom na Slovensku.<\/p>\n<figure id=\"attachment_37308\" aria-describedby=\"caption-attachment-37308\" style=\"width: 800px\" class=\"wp-caption aligncenter\"><a href=\"https:\/\/www.keturist.sk\/info\/wp-content\/uploads\/2020\/12\/cenrum.jpg\"><img loading=\"lazy\" decoding=\"async\" class=\"wp-image-37308 size-full\" src=\"https:\/\/www.keturist.sk\/info\/wp-content\/uploads\/2020\/12\/cenrum.jpg\" alt=\"\" width=\"800\" height=\"524\" srcset=\"https:\/\/www.keturist.sk\/info\/wp-content\/uploads\/2020\/12\/cenrum.jpg 800w, https:\/\/www.keturist.sk\/info\/wp-content\/uploads\/2020\/12\/cenrum-270x177.jpg 270w, https:\/\/www.keturist.sk\/info\/wp-content\/uploads\/2020\/12\/cenrum-768x503.jpg 768w\" sizes=\"auto, (max-width: 800px) 100vw, 800px\" \/><\/a><figcaption id=\"caption-attachment-37308\" class=\"wp-caption-text\">Ko\u0161ice &#8211; historick\u00e9 centrum<\/figcaption><\/figure>\n<p>Nach\u00e1dza sa v <a href=\"https:\/\/www.keturist.sk\/info\/kam-do-prirody\/kosicka-kotlina\/\">Ko\u0161ickej kotline<\/a> v \u00fadol\u00ed rieky Horn\u00e1d, ktor\u00e1 pretek\u00e1 mestom.<\/p>\n<p>Na z\u00e1pade mesto ohrani\u010duj\u00fa horsk\u00e9 krajinn\u00e9 celky &#8211; <a href=\"https:\/\/www.keturist.sk\/info\/okolite-hory\/cierna-hora\/\">\u010cierna hora<\/a> a <a href=\"https:\/\/www.keturist.sk\/info\/okolite-hory\/volovske-vrchy\/\">Volovsk\u00e9 vrchy<\/a>.<\/p>\n<figure id=\"attachment_32855\" aria-describedby=\"caption-attachment-32855\" style=\"width: 800px\" class=\"wp-caption aligncenter\"><a href=\"https:\/\/www.keturist.sk\/info\/wp-content\/uploads\/2020\/04\/luka-podhradova2.jpg\"><img loading=\"lazy\" decoding=\"async\" class=\"wp-image-32855 size-medium\" src=\"https:\/\/www.keturist.sk\/info\/wp-content\/uploads\/2020\/04\/luka-podhradova2-800x600.jpg\" alt=\"\" width=\"800\" height=\"600\" srcset=\"https:\/\/www.keturist.sk\/info\/wp-content\/uploads\/2020\/04\/luka-podhradova2-800x600.jpg 800w, https:\/\/www.keturist.sk\/info\/wp-content\/uploads\/2020\/04\/luka-podhradova2-240x180.jpg 240w, https:\/\/www.keturist.sk\/info\/wp-content\/uploads\/2020\/04\/luka-podhradova2-768x576.jpg 768w, https:\/\/www.keturist.sk\/info\/wp-content\/uploads\/2020\/04\/luka-podhradova2.jpg 1000w\" sizes=\"auto, (max-width: 800px) 100vw, 800px\" \/><\/a><figcaption id=\"caption-attachment-32855\" class=\"wp-caption-text\">L\u00faka pod Hradovou<\/figcaption><\/figure>\n<p>Na v\u00fdchode mesto Ko\u0161ice a <a href=\"https:\/\/www.keturist.sk\/info\/kam-do-prirody\/kosicka-kotlina\/\">Ko\u0161ick\u00fa kotlinu<\/a> obklopuje horsk\u00fd krajinn\u00fd celok &#8211; <a href=\"https:\/\/www.keturist.sk\/info\/okolite-hory\/slanske-vrchy\/\">Slansk\u00e9 vrchy<\/a>.<\/p>\n<p>V meste sa nach\u00e1dza ve\u013ea <a href=\"https:\/\/www.keturist.sk\/info\/kam-za-pamiatkami\/kam-za-pamiatkami-smer-kosice\/\">turistick\u00fdch pamiatok<\/a>, l\u00e1kadiel a patr\u00ed medzi najvyh\u013ead\u00e1vanej\u0161ie stredisk\u00e1 cestovn\u00e9ho ruchu na Slovensku.<\/p>\n<p>V\u00e4\u010d\u0161ina z nich sa nach\u00e1dza v <a href=\"https:\/\/www.keturist.sk\/info\/strediska-a-centra\/mc-stare-mesto\/\">historickom centre<\/a> mesta, ktor\u00e9 patr\u00ed medzi najkraj\u0161ie mestsk\u00e9 pamiatkov\u00e9 z\u00f3ny na Slovensku.<\/p>\n<p>Centrum s po\u010detn\u00fdmi klenotmi gotickej, barokovej a klasicistickej architekt\u00fary.<\/p>\n<p>Dominantou je najv\u00e4\u010d\u0161ia gotick\u00e1 katedr\u00e1la na Slovensku, <a href=\"https:\/\/www.keturist.sk\/info\/strediska-a-centra\/mc-stare-mesto\/\">D\u00f3m sv\u00e4tej Al\u017ebety<\/a>.<\/p>\n<p>Hlavn\u00e1 ulica je lemovan\u00e1 pal\u00e1cov\u00fdmi a me\u0161tianskymi domami s re\u0161taur\u00e1ciami, obchod\u00edkmi a kaviar\u0148ami.<\/p>\n<p>Jadro mesta pret\u00edna \u0161o\u0161ovkovito roztiahnut\u00e9 <strong>n\u00e1mestie Hlavnej ulice<\/strong>, ktor\u00e1 je promen\u00e1dnym korzom mesta.<\/p>\n<p>Mesto je strediskom v\u00fdznamn\u00fdch kult\u00farnych in\u0161tit\u00faci\u00ed, medzi ktor\u00e9 patria \u0160t\u00e1tne divadlo Ko\u0161ice, B\u00e1bkov\u00e9 divadlo Ko\u0161ice, Divadlo Th\u00e1lia, Divadlo Romathan,Staromestsk\u00e9 divadlo, Divadlo Cassia Dance, \u0160t\u00e1tna vedeck\u00e1 kni\u017enica v Ko\u0161iciach, Verejn\u00e1 Kni\u017enica J\u00e1na Bocatia, \u0160t\u00e1tna filharm\u00f3nia Ko\u0161ice, Slovensk\u00e9 technick\u00e9 m\u00fazeum, V\u00fdchodoslovensk\u00e9 m\u00fazeum a V\u00fdchodoslovensk\u00e1 gal\u00e9ria.<\/p>\n<p>\u010eal\u0161ou v\u00fdznamnou ulicou v meste je <a href=\"https:\/\/www.keturist.sk\/info\/zaujimavosti\/ulicka-historickych-remesiel-hrnciarska-ulica\/\">Uli\u010dka historick\u00fdch remesiel na Hrn\u010diarskej ulici<\/a>, ktor\u00e1 le\u017e\u00ed pri <a href=\"https:\/\/www.keturist.sk\/info\/kam-za-pamiatkami\/miklusova-vaznica\/\">Miklu\u0161ovej v\u00e4znici<\/a> a <a href=\"https:\/\/www.keturist.sk\/info\/kam-za-pamiatkami\/kalvinsky-kostol\/\">Kalv\u00ednskom kostole<\/a>.<\/p>\n<p>N\u00e1v\u0161tevn\u00edk si tu m\u00f4\u017ee pozrie\u0165 svet <em>star\u00fdch remesiel<\/em>.<\/p>\n<p>Najvy\u0161\u0161\u00edm bodom mesta je <a href=\"https:\/\/www.keturist.sk\/info\/vrchy-skaly-a-sedla\/vrch-hradova-486-m-n-m\/\">vrch Hradov\u00e1 (466 m n. m.)<\/a>, ktor\u00fd patr\u00ed do horsk\u00e9ho krajinn\u00e9ho celku <a href=\"https:\/\/www.keturist.sk\/info\/okolite-hory\/cierna-hora\/\">\u010cierna hora<\/a>.<\/p>\n<p>V <strong>lokalite <a href=\"https:\/\/www.keturist.sk\/info\/turisticke-vychodiska\/strediska-a-centra\/stredisko-hradova\/\">Hradov\u00e1<\/a><\/strong> sa nach\u00e1dzaj\u00fa zvy\u0161ky <a href=\"https:\/\/www.keturist.sk\/info\/hrady-a-kastiele\/kosicky-hrad\/\">Ko\u0161ick\u00e9ho hradu<\/a> z 13. storo\u010dia a sie\u0165 turistick\u00fdch chodn\u00edkov, 4 trasy n\u00e1u\u010dn\u00fdch chodn\u00edkov ( Lesn\u00e9 dreviny, \u010clovek a les, o stop\u00e1ch Ko\u0161ick\u00e9ho hradu a Zvieratk\u00e1 v lese ) a oddychov\u00fdch miest.<\/p>\n<figure id=\"attachment_36300\" aria-describedby=\"caption-attachment-36300\" style=\"width: 800px\" class=\"wp-caption aligncenter\"><a href=\"https:\/\/www.keturist.sk\/info\/wp-content\/uploads\/2020\/12\/hradova-5.jpg\"><img loading=\"lazy\" decoding=\"async\" class=\"wp-image-36300 size-full\" src=\"https:\/\/www.keturist.sk\/info\/wp-content\/uploads\/2020\/12\/hradova-5.jpg\" alt=\"\" width=\"800\" height=\"600\" srcset=\"https:\/\/www.keturist.sk\/info\/wp-content\/uploads\/2020\/12\/hradova-5.jpg 800w, https:\/\/www.keturist.sk\/info\/wp-content\/uploads\/2020\/12\/hradova-5-240x180.jpg 240w, https:\/\/www.keturist.sk\/info\/wp-content\/uploads\/2020\/12\/hradova-5-768x576.jpg 768w\" sizes=\"auto, (max-width: 800px) 100vw, 800px\" \/><\/a><figcaption id=\"caption-attachment-36300\" class=\"wp-caption-text\">Ko\u0161ick\u00fd Hrad<\/figcaption><\/figure>\n<p>V okol\u00ed Ko\u0161\u00edc tvoria pe\u0161ia turistika a cykloturistika jedny z najv\u00fdznamnej\u0161\u00edch mo\u017enost\u00ed akt\u00edvneho \u0161portov\u00e9ho vy\u017eitia.<\/p>\n<p>Dobre vyzna\u010den\u00e9 turistick\u00e9 trasy v okol\u00ed mesta V\u00e1m umo\u017e\u0148uj\u00fa spozna\u0165 pr\u00edrodn\u00e9 kr\u00e1sy<strong> Ko\u0161ick\u00e9ho regi\u00f3nu<\/strong>.<br \/>\n<figure id=\"attachment_36299\" aria-describedby=\"caption-attachment-36299\" style=\"width: 800px\" class=\"wp-caption aligncenter\"><a href=\"https:\/\/www.keturist.sk\/info\/wp-content\/uploads\/2020\/12\/hradova4.jpg\"><img loading=\"lazy\" decoding=\"async\" class=\"wp-image-36299 size-full\" src=\"https:\/\/www.keturist.sk\/info\/wp-content\/uploads\/2020\/12\/hradova4.jpg\" alt=\"\" width=\"800\" height=\"600\" srcset=\"https:\/\/www.keturist.sk\/info\/wp-content\/uploads\/2020\/12\/hradova4.jpg 800w, https:\/\/www.keturist.sk\/info\/wp-content\/uploads\/2020\/12\/hradova4-240x180.jpg 240w, https:\/\/www.keturist.sk\/info\/wp-content\/uploads\/2020\/12\/hradova4-768x576.jpg 768w\" sizes=\"auto, (max-width: 800px) 100vw, 800px\" \/><\/a><figcaption id=\"caption-attachment-36299\" class=\"wp-caption-text\">vyhliadkov\u00e1 plo\u0161ina<\/figcaption><\/figure>\n<p>Mestom prech\u00e1dza aj najv\u00fdznamnej\u0161ia turistick\u00e1 trasa na Slovensku Cesta hrdinov SNP.<\/p>\n<p>Dobr\u00fdmi v\u00fdchodiskami do okolitej pr\u00edrody s\u00fa turistick\u00e9 oblasti, rekrea\u010dn\u00e9 stredisk\u00e1 a rekrea\u010dn\u00e9 oblasti mesta.<\/p>\n<p>Z najv\u00fdznamnej\u0161\u00edch pr\u00edrodn\u00fdch zauj\u00edmavost\u00ed sa na \u00fazem\u00ed mesta nach\u00e1dzaj\u00fa <a href=\"https:\/\/www.keturist.sk\/info\/ochrana-prirody\/prirodna-pamiatka-kavecianska-stran\/\">Pr\u00edrodn\u00e1 pamiatka Kave\u010dianska str\u00e1\u0148<\/a> a Botanick\u00e1 z\u00e1hrada.<\/p>\n<p>Podnebie Ko\u0161\u00edc je mierne s priemern\u00fdmi teplotami -3 \u00b0C v janu\u00e1ri a 19 \u00b0C v j\u00fali.<\/p>\n<p>Priemern\u00e1 ro\u010dn\u00e1 teplota sa pohybuje okolo 8,4 \u2013 8,7 \u00b0C.<\/p>\n<p>Priemern\u00fd ro\u010dn\u00fd \u00fahrn zr\u00e1\u017eok je asi 600 \u2013 650 mm.<\/p>\n","protected":false},"excerpt":{"rendered":"<p>V\u0161eobecn\u00e9 inform\u00e1cie Mesto Ko\u0161ice je druh\u00fdm najv\u00e4\u010d\u0161\u00edm mestom na Slovensku. Nach\u00e1dza sa v Ko\u0161ickej kotline v \u00fadol\u00ed rieky Horn\u00e1d, ktor\u00e1 pretek\u00e1 mestom. Na z\u00e1pade mesto ohrani\u010duj\u00fa horsk\u00e9 krajinn\u00e9 celky &#8211; [&hellip;]<\/p>\n","protected":false},"author":1,"featured_media":0,"parent":44,"menu_order":0,"comment_status":"closed","ping_status":"closed","template":"","meta":{"_uag_custom_page_level_css":"","_monsterinsights_skip_tracking":false,"_monsterinsights_sitenote_active":false,"_monsterinsights_sitenote_note":"","_monsterinsights_sitenote_category":0,"footnotes":""},"class_list":["post-14473","page","type-page","status-publish","hentry"],"featured_image_src":"","featured_image_src_square":false,"rbea_author_info":{"display_name":"admin","author_link":"https:\/\/www.keturist.sk\/info\/author\/admin\/"},"rbea_excerpt_info":"V\u0161eobecn\u00e9 inform\u00e1cie Mesto Ko\u0161ice je druh\u00fdm najv\u00e4\u010d\u0161\u00edm mestom na Slovensku. Nach\u00e1dza sa v Ko\u0161ickej kotline v \u00fadol\u00ed rieky Horn\u00e1d, ktor\u00e1 pretek\u00e1 mestom. Na z\u00e1pade mesto ohrani\u010duj\u00fa horsk\u00e9 krajinn\u00e9 celky &#8211; [&hellip;]","uagb_featured_image_src":{"full":false,"thumbnail":false,"medium":false,"medium_large":false,"large":false,"1536x1536":false,"2048x2048":false},"uagb_author_info":{"display_name":"admin","author_link":"https:\/\/www.keturist.sk\/info\/author\/admin\/"},"uagb_comment_info":0,"uagb_excerpt":"V\u0161eobecn\u00e9 inform\u00e1cie Mesto Ko\u0161ice je druh\u00fdm najv\u00e4\u010d\u0161\u00edm mestom na Slovensku. Nach\u00e1dza sa v Ko\u0161ickej kotline v \u00fadol\u00ed rieky Horn\u00e1d, ktor\u00e1 pretek\u00e1 mestom. Na z\u00e1pade mesto ohrani\u010duj\u00fa horsk\u00e9 krajinn\u00e9 celky &#8211; [&hellip;]","_links":{"self":[{"href":"https:\/\/www.keturist.sk\/info\/wp-json\/wp\/v2\/pages\/14473","targetHints":{"allow":["GET"]}}],"collection":[{"href":"https:\/\/www.keturist.sk\/info\/wp-json\/wp\/v2\/pages"}],"about":[{"href":"https:\/\/www.keturist.sk\/info\/wp-json\/wp\/v2\/types\/page"}],"author":[{"embeddable":true,"href":"https:\/\/www.keturist.sk\/info\/wp-json\/wp\/v2\/users\/1"}],"replies":[{"embeddable":true,"href":"https:\/\/www.keturist.sk\/info\/wp-json\/wp\/v2\/comments?post=14473"}],"version-history":[{"count":3,"href":"https:\/\/www.keturist.sk\/info\/wp-json\/wp\/v2\/pages\/14473\/revisions"}],"predecessor-version":[{"id":37311,"href":"https:\/\/www.keturist.sk\/info\/wp-json\/wp\/v2\/pages\/14473\/revisions\/37311"}],"up":[{"embeddable":true,"href":"https:\/\/www.keturist.sk\/info\/wp-json\/wp\/v2\/pages\/44"}],"wp:attachment":[{"href":"https:\/\/www.keturist.sk\/info\/wp-json\/wp\/v2\/media?parent=14473"}],"curies":[{"name":"wp","href":"https:\/\/api.w.org\/{rel}","templated":true}]}}