{"id":11936,"date":"2015-06-06T08:10:02","date_gmt":"2015-06-06T06:10:02","guid":{"rendered":"https:\/\/www.keturist.sk\/info\/?page_id=11936"},"modified":"2022-07-18T06:14:57","modified_gmt":"2022-07-18T04:14:57","slug":"kalendar-akcii-a-podujati","status":"publish","type":"page","link":"https:\/\/www.keturist.sk\/info\/kalendar-akcii-a-podujati\/","title":{"rendered":"Kalend\u00e1r podujat\u00ed"},"content":{"rendered":"<a href=\"https:\/\/www.keturist.sk\/info\/\" class=\"su-button su-button-style-default\" style=\"color:#000000;background-color:#FFCF2F;border-color:#cca626;border-radius:5px\" target=\"_self\"><span style=\"color:#000000;padding:6px 16px;font-size:13px;line-height:20px;border-color:#ffde6e;border-radius:5px;text-shadow:none\"><i class=\"sui sui-arrow-right\" style=\"font-size:13px;color:#000000\"><\/i>  Spravodaj <\/span><\/a> <a href=\"https:\/\/www.keturist.sk\/info\/kalendar-akcii-a-podujati\/\" class=\"su-button su-button-style-default\" style=\"color:#000000;background-color:#FFCF2F;border-color:#cca626;border-radius:5px\" target=\"_self\"><span style=\"color:#000000;padding:6px 16px;font-size:13px;line-height:20px;border-color:#ffde6e;border-radius:5px;text-shadow:none\"><i class=\"sui sui-arrow-right\" style=\"font-size:13px;color:#000000\"><\/i>  Kalend\u00e1r akci\u00ed a podujat\u00ed <\/span><\/a>\n<div class=\"su-divider su-divider-style-default\" style=\"margin:15px 0;border-width:2px;border-color:#000000\"><\/div>\n<a href=\"https:\/\/www.slovensky-kras.eu\/info\/kalendar-akcii-a-podujati\/\" class=\"su-button su-button-style-default\" style=\"color:#000000;background-color:#7FFFD4;border-color:#66ccaa;border-radius:5px\" target=\"_blank\" rel=\"noopener noreferrer\"><span style=\"color:#000000;padding:6px 16px;font-size:13px;line-height:20px;border-color:#a6ffe1;border-radius:5px;text-shadow:none\"><i class=\"sui sui-arrow-right\" style=\"font-size:13px;color:#000000\"><\/i>  Taktie\u017e si pozrite <strong>: Kalend\u00e1r akci\u00ed a podujat\u00ed v NP Slovensk\u00fd kras <\/strong> <\/span><\/a>\n<div class=\"su-divider su-divider-style-default\" style=\"margin:15px 0;border-width:2px;border-color:#000000\"><\/div>\n<p><script src=\"https:\/\/events.timely.fun\/embed.js\" data-src=\"https:\/\/events.timely.fun\/yqnr1n6u\/\" data-max-height=\"0\" id=\"timely_script\" class=\"timely-script\"><\/script><\/p>\n","protected":false},"excerpt":{"rendered":"","protected":false},"author":1,"featured_media":0,"parent":0,"menu_order":0,"comment_status":"closed","ping_status":"closed","template":"","meta":{"_uag_custom_page_level_css":"","_monsterinsights_skip_tracking":false,"_monsterinsights_sitenote_active":false,"_monsterinsights_sitenote_note":"","_monsterinsights_sitenote_category":0,"footnotes":""},"class_list":["post-11936","page","type-page","status-publish","hentry"],"featured_image_src":"","featured_image_src_square":false,"rbea_author_info":{"display_name":"admin","author_link":"https:\/\/www.keturist.sk\/info\/author\/admin\/"},"rbea_excerpt_info":null,"uagb_featured_image_src":{"full":false,"thumbnail":false,"medium":false,"medium_large":false,"large":false,"1536x1536":false,"2048x2048":false},"uagb_author_info":{"display_name":"admin","author_link":"https:\/\/www.keturist.sk\/info\/author\/admin\/"},"uagb_comment_info":0,"uagb_excerpt":null,"_links":{"self":[{"href":"https:\/\/www.keturist.sk\/info\/wp-json\/wp\/v2\/pages\/11936","targetHints":{"allow":["GET"]}}],"collection":[{"href":"https:\/\/www.keturist.sk\/info\/wp-json\/wp\/v2\/pages"}],"about":[{"href":"https:\/\/www.keturist.sk\/info\/wp-json\/wp\/v2\/types\/page"}],"author":[{"embeddable":true,"href":"https:\/\/www.keturist.sk\/info\/wp-json\/wp\/v2\/users\/1"}],"replies":[{"embeddable":true,"href":"https:\/\/www.keturist.sk\/info\/wp-json\/wp\/v2\/comments?post=11936"}],"version-history":[{"count":23,"href":"https:\/\/www.keturist.sk\/info\/wp-json\/wp\/v2\/pages\/11936\/revisions"}],"predecessor-version":[{"id":49974,"href":"https:\/\/www.keturist.sk\/info\/wp-json\/wp\/v2\/pages\/11936\/revisions\/49974"}],"wp:attachment":[{"href":"https:\/\/www.keturist.sk\/info\/wp-json\/wp\/v2\/media?parent=11936"}],"curies":[{"name":"wp","href":"https:\/\/api.w.org\/{rel}","templated":true}]}}